{"id":4091,"date":"2026-01-29T15:51:24","date_gmt":"2026-01-29T14:51:24","guid":{"rendered":"https:\/\/consmonacodibaviera.esteri.it\/?page_id=4091"},"modified":"2026-03-18T12:08:16","modified_gmt":"2026-03-18T11:08:16","slug":"matrimonio-in-germania","status":"publish","type":"page","link":"https:\/\/consmonacodibaviera.esteri.it\/it\/servizi-consolari-e-visti\/servizi-per-il-cittadino-italiano\/stato-civile\/matrimonio-unione-civile\/matrimonio-in-germania\/","title":{"rendered":"Matrimonio in Germania"},"content":{"rendered":"<h4>Matrimonio civile<\/h4>\n<p>Il cittadino italiano, residente in questa circoscrizione consolare e regolarmente iscritto all\u2019AIRE con stato civile aggiornato (nubile\/celibe, divorziata\/o, vedova\/o), che desidera celebrare il matrimonio in Germania, non \u00e8 soggetto alle pubblicazioni di matrimonio in Italia.<\/p>\n<p>Per poter contrarre matrimonio, le Autorit\u00e0 tedesche richiedono ai cittadini italiani il <strong>certificato di capacit\u00e0 matrimoniale<\/strong> (<em>Ehef\u00e4higkeitszeugnis<\/em>).<br \/>\n<em>[per matrimoni tra persone dello stesso sesso, vedere invece l&#8217;apposita <a href=\"#nota\">sezione<\/a>]<\/em><\/p>\n<p>L\u2019<strong><em>Ehef\u00e4higkeitszeugnis<\/em><\/strong> viene rilasciato da questo Consolato Generale presentando la seguente documentazione da spedire per posta ordinaria:<\/p>\n<ol>\n<li style=\"list-style-type: none;\">\n<ol>\n<li><a href=\"https:\/\/consmonacodibaviera.esteri.it\/wp-content\/uploads\/2023\/06\/20170207_modulo_richesta_appunt_certif_capac_matrim.pdf\" target=\"_blank\" rel=\"noopener\"><strong>Richiesta del certificato di capacit\u00e0 matrimoniale<\/strong><\/a>, compilata e sottoscritta <strong>in originale;<\/strong><\/li>\n<li><a href=\"https:\/\/consmonacodibaviera.esteri.it\/wp-content\/uploads\/2026\/01\/RICHIESTA-spedizione-certificati.pdf\" target=\"_blank\" rel=\"noopener\"><strong>Richiesta di spedizione per posta di certificati<\/strong><\/a>, compilata e sottoscritta <strong>in originale<\/strong>;<\/li>\n<li>Copia del passaporto (oppure -per i soli cittadini di Paese UE-\u00a0della carta d&#8217;identit\u00e0) in corso di validit\u00e0 di entrambi i nubendi;<\/li>\n<li>Copia dell&#8217;<em>erweiterte Meldebescheinigung<\/em> rilasciata dal Comune di residenza con indicazione della cittadinanza, residenza e stato civile di entrambi i nubendi. Il certificato non deve essere anteriore a 6 mesi.<br \/>\n<em>Nota:<\/em><br \/>\n&#8211; per nubendi divorziati \u00e8 necessario che ci sia la dicitura \u201c<em>geschieden<\/em>\u201d. Allegare inoltre la copia dell&#8217;atto di matrimonio con annotazione del divorzio, con data di \u201cpassato in giudicato\u201d (&#8220;<em>Datum der Rechtskr\u00e4ftigkeit&#8221;<\/em>);<br \/>\n&#8211; per nubendi vedovi \u00e8 necessario che ci sia la dicitura \u201c<em>verwitwet<\/em>\u201d. Allegare inoltre le copie dell\u2019atto di matrimonio e dell&#8217;atto di morte del coniuge;<\/li>\n<\/ol>\n<\/li>\n<\/ol>\n<p style=\"padding-left: 40px;\">Inoltre, per i soli nubendi <em>non cittadini italiani<\/em>, aggiungere:<\/p>\n<ol>\n<li style=\"list-style-type: none;\">\n<ol start=\"5\">\n<li>se nato in Germania, copia del <em>Geburtsurkunde;<\/em> altrimenti, copia dell&#8217;atto di nascita e, se prodotto in lingua diversa dal tedesco, copia della relativa traduzione in lingua tedesca o italiana;<\/li>\n<li>se cittadino non tedesco:\n<ol start=\"a\" type=\"a\">\n<li>copia del certificato dello stato civile, con copia dell&#8217;eventuale traduzione in lingua tedesca, rilasciato dalle autorit\u00e0 consolari del Paese di provenienza o altro ufficio competente del Paese di provenienza;<\/li>\n<li>copie di tutti gli ulteriori documenti richiesti dallo Standesamt, con copie delle eventuali traduzioni in lingua tedesca<\/li>\n<\/ol>\n<\/li>\n<\/ol>\n<\/li>\n<\/ol>\n<p style=\"padding-left: 40px;\">Aggiungere inoltre alla documentazione:<\/p>\n<ul>\n<li style=\"list-style-type: none;\">\n<ul>\n<li>busta adeguatamente preaffrancata e compilata con nominativo e indirizzo di destinazione;<\/li>\n<li>prova dell&#8217;avvenuto pagamento della tariffa consolare pari a \u20ac 6,00 da effettuarsi con bonifico bancario come segue:<\/li>\n<\/ul>\n<\/li>\n<\/ul>\n<p style=\"padding-left: 80px;\">Empf\u00e4ngername: Consolato Generale d&#8217;Italia Monaco di Baviera<br \/>\nIBAN: <strong>DE86700202700010177870<\/strong><br \/>\nSWIFT: HYVEDEMMXXX<br \/>\nBetrag: <strong>Euro 6,00<\/strong><br \/>\nVerwendungszweck: &lt;<em><strong>cognome<\/strong><\/em>&gt; &lt;<em><strong>nome<\/strong><\/em>&gt; &lt;<em><strong>data di nascita<\/strong><\/em>&gt; \u2013 &#8220;<strong>Ehef\u00e4higkeitszeugnis<\/strong>&#8220;<\/p>\n<p>Tutta la documentazione sopra elencata andr\u00e0 spedita al seguente indirizzo:<\/p>\n<p style=\"padding-left: 40px;\">Ufficio Stato Civile &#8211; Matrimoni<br \/>\nConsolato Generale d&#8217;Italia<br \/>\nM\u00f6hlstr. 3 &#8211; 81675 M\u00fcnchen<\/p>\n<p>Alla ricezione della documentazione l\u2019ufficio valuter\u00e0 la richiesta e provveder\u00e0 all\u2019invio per posta dell\u2019<em>Ehef\u00e4higkeitszeugnis<\/em> (certificato di capacit\u00e0 matrimoniale) utilizzando la busta da voi allegata.<br \/>\nLa richiesta verr\u00e0 trattata rispettando l\u2019ordine di arrivo e solo se la documentazione spedita \u00e8 completa. Qualora fossero necessari chiarimenti, gli interessati verranno contattati per email o telefono.<\/p>\n<p>ATTENZIONE: La documentazione inviata erroneamente in originale non verr\u00e0 restituita!<\/p>\n<blockquote><p><strong>La normativa italiana non consente il cambio del cognome in ragione del matrimonio.<\/strong><br \/>\nSi suggerisce pertanto di valutare attentamente la possibilit\u00e0 di assumere il cognome di famiglia (coniuge) come da prassi in Germania, per evitare di incorrere in una doppia identit\u00e0 tra i dati registrati nell\u2019anagrafe italiana ed in quella tedesca.<\/p><\/blockquote>\n<h5 id=\"nota\">Matrimonio tra persone dello stesso sesso<\/h5>\n<p>In caso di matrimonio tra persone dello stesso sesso, per le Autorit\u00e0 tedesche \u00e8 sufficiente il certificato cumulativo. Tale documento pu\u00f2 essere richiesto a questo Consolato Generale seguendo le relative <a href=\"https:\/\/consmonacodibaviera.esteri.it\/it\/servizi-consolari-e-visti\/servizi-per-il-cittadino-italiano\/stato-civile\/certificati\/#cumulativo\">indicazioni<\/a>.<\/p>\n<hr \/>\n<h4><\/h4>\n<h4><\/h4>\n<h4>Trascrizione in Italia di atti di matrimonio celebrati in Germania<\/h4>\n<p><strong>Il cittadino italiano<\/strong> che ha contratto matrimonio all\u2019estero, secondo la legge locale (anche con persona dello stesso sesso), <strong>ha l\u2019obbligo di provvedere alla trascrizione in Italia del provvedimento straniero.<\/strong><\/p>\n<p>Gli interessati debbono quindi chiedere la trascrizione del provvedimento tedesco formato nella circoscrizione consolare di Monaco di Baviera direttamente al Comune italiano competente oppure tramite lo stesso Consolato Generale. Per trascrivere il matrimonio celebrato in Germania \u00e8 necessario spedire all\u2019Ufficio Consolare l\u2019<strong>atto di matrimonio<\/strong>, redatto su <strong>modello internazionale plurilingue <\/strong>(Convenzione di Vienna 1976),<strong> in originale<\/strong>.<\/p>\n<p>Il documento deve essere spedito via posta ordinaria o raccomandata a questo indirizzo:<\/p>\n<p style=\"padding-left: 40px;\">Ufficio Stato Civile &#8211; Matrimoni<br \/>\nConsolato Generale d&#8217;Italia<br \/>\nM\u00f6hlstr. 3 &#8211; 81675 M\u00fcnchen<\/p>\n<p>ATTENZIONE: Fotocopie o scansioni dell\u2019atto originale spedite o inviate per posta elettronica non sono accettabili e verranno ignorate.<\/p>\n<p>&nbsp;<\/p>\n<p>&nbsp;<\/p>\n","protected":false},"excerpt":{"rendered":"Matrimonio civile Il cittadino italiano, residente in questa circoscrizione consolare e regolarmente iscritto all\u2019AIRE con stato civile aggiornato (nubile\/celibe, divorziata\/o, vedova\/o), che desidera celebrare il matrimonio in Germania, non \u00e8 soggetto alle pubblicazioni di matrimonio in Italia. Per poter contrarre matrimonio, le Autorit\u00e0 tedesche richiedono ai cittadini italiani il certificato di capacit\u00e0 matrimoniale (Ehef\u00e4higkeitszeugnis). [per [&hellip;]","protected":false},"author":8,"featured_media":0,"parent":3807,"menu_order":10,"comment_status":"closed","ping_status":"closed","template":"","meta":{"footnotes":""},"class_list":["post-4091","page","type-page","status-publish","hentry"],"_links":{"self":[{"href":"https:\/\/consmonacodibaviera.esteri.it\/it\/wp-json\/wp\/v2\/pages\/4091","targetHints":{"allow":["GET"]}}],"collection":[{"href":"https:\/\/consmonacodibaviera.esteri.it\/it\/wp-json\/wp\/v2\/pages"}],"about":[{"href":"https:\/\/consmonacodibaviera.esteri.it\/it\/wp-json\/wp\/v2\/types\/page"}],"author":[{"embeddable":true,"href":"https:\/\/consmonacodibaviera.esteri.it\/it\/wp-json\/wp\/v2\/users\/8"}],"replies":[{"embeddable":true,"href":"https:\/\/consmonacodibaviera.esteri.it\/it\/wp-json\/wp\/v2\/comments?post=4091"}],"version-history":[{"count":6,"href":"https:\/\/consmonacodibaviera.esteri.it\/it\/wp-json\/wp\/v2\/pages\/4091\/revisions"}],"predecessor-version":[{"id":4224,"href":"https:\/\/consmonacodibaviera.esteri.it\/it\/wp-json\/wp\/v2\/pages\/4091\/revisions\/4224"}],"up":[{"embeddable":true,"href":"https:\/\/consmonacodibaviera.esteri.it\/it\/wp-json\/wp\/v2\/pages\/3807"}],"wp:attachment":[{"href":"https:\/\/consmonacodibaviera.esteri.it\/it\/wp-json\/wp\/v2\/media?parent=4091"}],"curies":[{"name":"wp","href":"https:\/\/api.w.org\/{rel}","templated":true}]}}