{"id":398,"date":"2023-06-04T09:14:44","date_gmt":"2023-06-04T07:14:44","guid":{"rendered":"https:\/\/consmonacodibaviera.esteri.it\/?page_id=398"},"modified":"2025-09-16T16:42:23","modified_gmt":"2025-09-16T14:42:23","slug":"oktoberfest","status":"publish","type":"page","link":"https:\/\/consmonacodibaviera.esteri.it\/it\/servizi-consolari-e-visti\/servizi-per-il-cittadino-italiano\/altri-servizi\/oktoberfest\/","title":{"rendered":"Oktoberfest"},"content":{"rendered":"<h3><strong>Edizione 2025 (da sabato 20 settembre fino a domenica 5 ottobre)<br \/>\n<\/strong><\/h3>\n<p>&nbsp;<\/p>\n<h4><strong>Informazioni logistiche<\/strong><\/h4>\n<p>Luogo di svolgimento: Theresienwiese<\/p>\n<p><a href=\"https:\/\/www.oktoberfest.de\/en\/map\" target=\"_blank\" rel=\"noopener\">Mappa panoramica<\/a><\/p>\n<p><a href=\"https:\/\/www.oktoberfest.de\/en\/information\/oktoberfest-opening-times\/opening-hours-munich-oktoberfest\" target=\"_blank\" rel=\"noopener\">Orari di apertura<\/a><\/p>\n<p>Altre informazioni utili in italiano direttamente sul <a href=\"https:\/\/www.muenchen.de\/it\/eventi\/oktoberfest-monaco-di-baviera\" target=\"_blank\" rel=\"noopener\">sito della citt\u00e0 di Monaco di Baviera<\/a><\/p>\n<p>&nbsp;<\/p>\n<h4><span style=\"color: #ff0000;\"><strong>Avvertenze<\/strong><\/span><\/h4>\n<p>\u00c8 consentito accedere all&#8217;aerea dell\u2019Oktoberfest solo con borse e zaini della capienza massima di 3 litri o di dimensioni non superiori a 20 cm \u00d7 15 cm \u00d7 10 cm.<br \/>\nPer borse e zaini di dimensioni maggiori potranno essere utilizzati i servizi di deposito bagaglio (a pagamento, costo: 5,00 euro) presenti presso i punti di accesso P1, P 5, P8 e P10 (v. <a href=\"https:\/\/www.oktoberfest.de\/en\/map\" target=\"_blank\" rel=\"noopener\">mappa<\/a>).<br \/>\n\u00c8 consentita l&#8217;introduzione di bevande (non in bottiglie di vetro) da consumarsi negli spazi all&#8217;aperto (l&#8217;introduzione di bevande nei tendoni \u00e8 vietata).<br \/>\n\u00c8 vietato anche introdurre bombolette spray contenenti materiale dannoso, irritante o colorante cos\u00ec come oggetti utilizzabili come armi da taglio, punta e contundenti.<\/p>\n<p>L\u2019Oktoberfest attira anche i borseggiatori. Fare attenzione quindi alle proprie borse e\/o portafogli. Si raccomanda di munirsi preventivamente della fotocopia dei documenti (passaporto, carta d\u2019identit\u00e0, patente, ecc.).<\/p>\n<p>Evitare di rispondere o reagire alle provocazioni e di farsi coinvolgere in risse.<\/p>\n<p>Sull\u2019intera aerea dell\u2019Oktoberfest \u00e8 inoltre vietato il consumo di cannabis.<\/p>\n<p>Ricordiamo che la birra dell&#8217;Oktoberfest ha una gradazione alcolica molto pi\u00f9 elevata di quella italiana. Con un solo boccale (Mass) si supera il limite consentito dalla legge ed \u00e8 pertanto assolutamente vietato guidare un autoveicolo. A partire da una concentrazione alcolica nel fiato pari o superiore a 0,25 mg\/l \u00e8 vietato mettersi alla guida di un veicolo. Per i neo-patentati e persone minori di 22 anni esiste il divieto assoluto di guida in caso di consumo di alcol (tasso alcolico ammissibile = 0).<br \/>\nI trasgressori sono puniti con l&#8217;arresto, a seconda della gravit\u00e0 del fatto, con l&#8217;arresto, sequestro dell&#8217;autoveicolo, ritiro della patente e pagamento di una elevata cauzione, in attesa del procedimento penale e per garantirne lo svolgimento.<br \/>\nSi raccomanda pertanto di privilegiare i mezzi pubblici.<\/p>\n<p>Si fa presente che le molestie a sfondo sessuale sono perseguite a norma del Codice penale tedesco.<br \/>\nAnche la sottrazione dei boccali (Mass) dai luoghi di consumo, considerata come furto, viene perseguita penalmente.<\/p>\n<p>In caso di fermo o arresto, evitare di polemizzare o di esprimersi in termini sprezzanti con gli agenti di polizia.<br \/>\nChiedere che sia avvertito del provvedimento il Consolato Generale d\u2019Italia. In genere, i reati di minore gravit\u00e0 si risolvono con il pagamento di una multa e il rilascio a piede libero. In casi pi\u00f9 gravi, che\u00a0 tuttavia non comportino la misura dell&#8217;arresto e della custodia tutelare in carcere, viene richiesto, di norma, il pagamento di una cauzione, che comporta il rilascio dell\u2019interessato, in attesa del processo penale e per garantirne lo svolgimento.<\/p>\n<p><a title=\"Vai alla pagina con i link\" href=\"https:\/\/consmonacodibaviera.esteri.it\/it\/servizi-consolari-e-visti\/servizi-per-il-cittadino-italiano\/elenchi-e-link-utili\/\">Liste di avvocati con conoscenza della lingua italiana e di traduttori ed interpreti<\/a><\/p>\n<p>&nbsp;<\/p>\n<h4><strong>Indirizzi utili<\/strong><\/h4>\n<p><strong>Consolato Generale d&#8217;Italia<br \/>\n<\/strong>M\u00f6hlstrasse 3 &#8211; 81675 M\u00fcnchen<br \/>\nTel.: 0049 (0) 89 4180030<\/p>\n<p>Orari di apertura del Consolato:<\/p>\n<ul>\n<li>luned\u00ec\u00a0 \u00a0 \u00a0 \u00a0 \u00a09:00 \u2013 13:00<\/li>\n<li>marted\u00ec\u00a0 \u00a0 \u00a0 9:00 \u2013 12:00; 13:30 \u2013 16:00<\/li>\n<li>mercoled\u00ec\u00a0 9:00 \u2013 13:00<\/li>\n<li>gioved\u00ec\u00a0 \u00a0 \u00a0 \u00a09:00 \u2013 12:00; 13:30 \u2013 16:00<\/li>\n<li>venerd\u00ec\u00a0 \u00a0 \u00a0 \u00a09:00 \u2013 12:30<\/li>\n<\/ul>\n<p>Durante il periodo dell\u2019Oktoberfest \u00e8 inoltre attivo il servizio di reperibilit\u00e0 telefonica, dedicato esclusivamente ai casi di emergenza, raggiungibile al numero 00491728332099, nei seguenti orari:<\/p>\n<ul>\n<li>dal luned\u00ec al venerd\u00ec, dalle ore 18 alle ore 24<\/li>\n<li>sabato e festivi, dalle ore 9 alle ore 24<\/li>\n<\/ul>\n<p>&nbsp;<\/p>\n<p>&nbsp;<\/p>\n<p><strong>Pronto Soccorso Oktoberfest<\/strong><br \/>\nLe postazioni di pronto soccorso si trovano in prossimit\u00e0 degli ingressi\u00a0 P5, P8, P12 e P13. In caso di interventi medico-sanitari (necessari e\/o urgenti) esibire la TEAM\/Tessera europea di assicurazione malattia, rilasciata dall\u2019ASL competente in Italia, oppure il certificato sostitutivo provvisorio della TEAM.<\/p>\n<p>&nbsp;<\/p>\n<p><strong>Pronto Intervento della Polizia all\u2019Oktoberfest<\/strong>: tel. 110.<br \/>\nLa stazione di Polizia presso l\u2019Oktoberfest si trova nei pressi del monumento \u201cBavaria\u201d, ingresso P13.<\/p>\n<p>&nbsp;<\/p>\n<p><strong>Safe-Space per le donne<br \/>\n<\/strong>Assistenza alle donne presso il Servicezentrum (nei pressi del monumento \u201cBavaria\u201d, accanto al Pronto Soccorso e alla Stazione di Polizia, ingresso P13). Orari di apertura: luned\u00ec, marted\u00ec, mercoled\u00ec, gioved\u00ec e domenica dalle 18.00 alle 01.00, venerd\u00ec e sabato dalle 15:00 alle 01:00, tel.: 0049 (0) 89 \/ 890 57 45 188.<br \/>\n<a href=\"http:\/\/www.oktoberfest.de\/en\/information\/service-for-visitors\/safe-wiesn\" target=\"_blank\" rel=\"noopener\">Ulteriori informazioni<\/a><\/p>\n<p><strong><br \/>\nFurto o smarrimento del documento di riconoscimento<br \/>\n<\/strong>Presentarsi al Consolato muniti di due fototessere e della denuncia di smarrimento o furto (Verlust-\/Diebstahlanzeige), effettuata presso un comando di Polizia (Polizeiinspektion).<br \/>\n\u00c8 comunque possibile rientrare in Italia (via terra) con la sola dichiarazione di denuncia di smarrimento.<\/p>\n<p>&nbsp;<\/p>\n<p><strong>Raccomandazioni per gli automobilisti<\/strong><\/p>\n<p>I certificati medici italiani che prolungano la validit\u00e0 di una patente italiana non sono riconosciuti in Germania.<\/p>\n<p>Le zone centrali di Monaco di Baviera sono a traffico limitato e in esse \u00e8 vietato l\u2019ingresso ai veicoli con un\u2019elevata emissione di sostanze inquinanti.<\/p>\n<p>Vi \u00e8 consentito l\u2019accesso soltanto ai veicoli provvisti dell\u2019apposito bollino, che pu\u00f2 essere ottenuto in Germania presso gli uffici di immatricolazione, T\u00dcV, Dekra e officine autorizzate, oppure richiesto via Internet al seguente <a href=\"http:\/\/www.umwelt-plakette.de\/it\/\" target=\"_blank\" rel=\"noopener\">sito<\/a>. Al fine del rilascio del gi\u00e0 menzionato bollino \u00e8 necessario presentare la propria carta di circolazione, dalla quale risulti la conformit\u00e0 con le normative europee in materia di emissioni.<\/p>\n<p>Per raccomandazioni su come arrivare all&#8217;Oktoberfest in auto, per informazioni sui parcheggi e sul trasporto urbano, si consiglia di leggere la seguente <a href=\"http:\/\/www.muenchen.de\/it\/eventi\/oktoberfest-monaco-di-baviera\" target=\"_blank\" rel=\"noopener\">pagina<\/a>.<\/p>\n<p>Per chi decide di muoversi in camper, si rimanda al seguente <a href=\"http:\/\/www.muenchen.de\/it\/turismo\/oktoberfest-camping-monaco-riem\" target=\"_blank\" rel=\"noopener\">sito<\/a>.<\/p>\n<p>&nbsp;<\/p>\n<p><strong>Rimozione dell&#8217;auto<\/strong><\/p>\n<p>Rivolgersi all\u2019Ufficio di Polizia 14\/Polizeiinspektion 14, Beethovenstrasse 5, 80336 M\u00fcnchen (nelle vicinanze dell\u2019Oktoberfest), tel.: 54332-0, oppure all\u2019Ufficio di Polizia pi\u00f9 vicino, dove potr\u00e0 essere pagata la multa.<br \/>\nL\u2019automobile potr\u00e0 essere in seguito ritirata presso la KFZ-Verwahrungsstelle, Thomas-Hauser-Str. 19, 81829 Muenchen \u2013 Zona Trudering, Tel. 0049 (0) 89 429301 (raggiungibile con la metropolitana S5 oppure S6 fino alla fermata di Berg am Laim e l\u00ec prendere l\u2019autobus n. 192 in direzione Trudering scendendo alla seconda fermata).<br \/>\nCosto per il ritiro dell\u2019auto: a partire da \u20ac 200,00, esclusa la multa. Per ulteriori informazioni visita questa <a href=\"http:\/\/stadt.muenchen.de\/service\/en-GB\/info\/kfz-verwahrstelle-der-polizei\/10428403\/\" target=\"_blank\" rel=\"noopener\">pagina<\/a>.<\/p>\n<p>&nbsp;<\/p>\n<p><strong>Spedizione denaro dall&#8217;Italia<\/strong><\/p>\n<p>Un modo rapido per ricevere il denaro dall&#8217;Italia \u00e8 tramite Poste Italiane\/Western Union.<br \/>\nQui di seguito i punti Western Union situati nella zona centrale di Monaco di Baviera e vicini all\u2019Oktoberfest:<\/p>\n<ul>\n<li>SOF X GMBH<br \/>\nArnulfstrasse 4, 80335 M\u00fcnchen<br \/>\nTel.: (0049) 1795221460<\/li>\n<\/ul>\n<ul>\n<li>UCAMBIO EXCHANGE AND MONEY TRANSFER<br \/>\nBahnhofplatz 5, 80335 M\u00fcnchen<br \/>\nTel.: (0049) 89-54328932<\/li>\n<\/ul>\n<ul>\n<li>REISEBANK AG<br \/>\nBahnhofplatz 2,<br \/>\nMUENCHEN HAUPTBAHNHOF 3, 80335 M\u00fcnchen<br \/>\nTel.: (0049) 89-51114643<\/li>\n<\/ul>\n<ul>\n<li>HUDA FASTTRACK 1<br \/>\nSenefelder Strasse 1, 80336 M\u00fcnchen<br \/>\nTel.: (0049) 17663399886<\/li>\n<\/ul>\n<ul>\n<li>REKODA VERWALTUNGS &#8211; GMBH<br \/>\nSchillerstr. 5, 80336 M\u00fcnchen<br \/>\nTel.: (0049) 89-591725<\/li>\n<\/ul>\n<ul>\n<li>BAYERS BOARDINGHOUSE AND HOTEL<br \/>\nSchwanthalerstr 45, 80336 M\u00fcnchen<br \/>\nTel.: (0049) 08954809450<\/li>\n<\/ul>\n<ul>\n<li>HAPPY KIOSK<br \/>\nSchwanthalerstrasse 22, 80336 M\u00fcnchen<br \/>\nTel.: (0049) 00800-20010001<\/li>\n<\/ul>\n<ul>\n<li>KABUL REISEBURO<br \/>\nSchillerstrasse 18, 80336 M\u00fcnchen<br \/>\nTel.: (0049) 15777777081<\/li>\n<\/ul>\n<ul>\n<li>UCAMBIO EXCHANGE AND MONEY TRANSFER<br \/>\nLandwehrstr 43, 80336 M\u00fcnchen<br \/>\nTel.: (0049) 89-59989043<\/li>\n<\/ul>\n<ul>\n<li>BABYLON CALLSHOP<br \/>\nSchwanthalerstr 10, 80336 M\u00fcnchen<br \/>\nTel.: (0049) 89-59043888<\/li>\n<\/ul>\n<ul>\n<li>MSP MOBILE SERVICE POINT<br \/>\nKarlsplatz 1, 80333 M\u00fcnchen<br \/>\nTel.: (0049) 89-37979119<\/li>\n<\/ul>\n<ul>\n<li>HABIBI KIOSK<br \/>\nLandwehrstr. 17, 80336 M\u00fcnchen<br \/>\nTel.: (0049) 1799662461<\/li>\n<\/ul>\n<p>&nbsp;<\/p>\n","protected":false},"excerpt":{"rendered":"Edizione 2025 (da sabato 20 settembre fino a domenica 5 ottobre) &nbsp; Informazioni logistiche Luogo di svolgimento: Theresienwiese Mappa panoramica Orari di apertura Altre informazioni utili in italiano direttamente sul sito della citt\u00e0 di Monaco di Baviera &nbsp; Avvertenze \u00c8 consentito accedere all&#8217;aerea dell\u2019Oktoberfest solo con borse e zaini della capienza massima di 3 litri [&hellip;]","protected":false},"author":5,"featured_media":0,"parent":208,"menu_order":0,"comment_status":"closed","ping_status":"closed","template":"","meta":{"footnotes":""},"class_list":["post-398","page","type-page","status-publish","hentry"],"_links":{"self":[{"href":"https:\/\/consmonacodibaviera.esteri.it\/it\/wp-json\/wp\/v2\/pages\/398","targetHints":{"allow":["GET"]}}],"collection":[{"href":"https:\/\/consmonacodibaviera.esteri.it\/it\/wp-json\/wp\/v2\/pages"}],"about":[{"href":"https:\/\/consmonacodibaviera.esteri.it\/it\/wp-json\/wp\/v2\/types\/page"}],"author":[{"embeddable":true,"href":"https:\/\/consmonacodibaviera.esteri.it\/it\/wp-json\/wp\/v2\/users\/5"}],"replies":[{"embeddable":true,"href":"https:\/\/consmonacodibaviera.esteri.it\/it\/wp-json\/wp\/v2\/comments?post=398"}],"version-history":[{"count":6,"href":"https:\/\/consmonacodibaviera.esteri.it\/it\/wp-json\/wp\/v2\/pages\/398\/revisions"}],"predecessor-version":[{"id":3375,"href":"https:\/\/consmonacodibaviera.esteri.it\/it\/wp-json\/wp\/v2\/pages\/398\/revisions\/3375"}],"up":[{"embeddable":true,"href":"https:\/\/consmonacodibaviera.esteri.it\/it\/wp-json\/wp\/v2\/pages\/208"}],"wp:attachment":[{"href":"https:\/\/consmonacodibaviera.esteri.it\/it\/wp-json\/wp\/v2\/media?parent=398"}],"curies":[{"name":"wp","href":"https:\/\/api.w.org\/{rel}","templated":true}]}}