{"id":369,"date":"2023-06-04T01:02:41","date_gmt":"2023-06-03T23:02:41","guid":{"rendered":"https:\/\/consmonacodibaviera.esteri.it\/?page_id=369"},"modified":"2025-03-25T11:35:10","modified_gmt":"2025-03-25T10:35:10","slug":"codici-fiscali","status":"publish","type":"page","link":"https:\/\/consmonacodibaviera.esteri.it\/it\/servizi-consolari-e-visti\/servizi-per-il-cittadino-italiano\/codici-fiscali\/","title":{"rendered":"Codice fiscale"},"content":{"rendered":"<h5><em>Informazioni sulla richiesta di attribuzione del codice fiscale italiano <strong>per i cittadini italiani con residenza stabile all&#8217;estero\/iscritti all&#8217;AIRE<\/strong><\/em><\/h5>\n<hr \/>\n<p>&nbsp;<\/p>\n<h4>Richiesta di attribuzione del codice fiscale italiano e\/o di rilascio del certificato di attribuzione del codice fiscale<\/h4>\n<p>La richiesta si effettua tramite il portale <a href=\"https:\/\/serviziconsolari.esteri.it\" target=\"_blank\" rel=\"noopener\"><strong>Fast-it <\/strong><\/a>(registrazione online, con indicazione dell&#8217;ufficio consolare competente per la propria localit\u00e0 di residenza).<\/p>\n<p>Ulteriori informazioni al riguardo sono disponibili sul <a href=\"https:\/\/www.esteri.it\/it\/servizi-consolari-e-visti\/italiani-all-estero\/codice_fiscale\/\" target=\"_blank\" rel=\"noopener\">sito del <strong>Ministero degli affari esteri e della cooperazione internazionale<\/strong><\/a>.<\/p>\n<hr \/>\n<p>&nbsp;<\/p>\n<h4>Richiesta del tesserino del codice fiscale<\/h4>\n<p>I <strong>cittadini italiani residenti nella circoscrizione consolare di Monaco di Baviera<\/strong> (territorio della Baviera, ad esclusione della Bassa Franconia*) e <strong>gi\u00e0 in possesso di un codice fiscale italiano<\/strong> possono richiedere il rilascio del tesserino plastificato del codice fiscale per il tramite di questo Consolato Generale. A tal fine \u00e8 necessario inviare a:<\/p>\n<p style=\"padding-left: 40px;\">Consolato Generale d&#8217;Italia<br \/>\nUfficio codici fiscali<br \/>\nM\u00f6hlstr. 3<br \/>\n81675 M\u00fcnchen<\/p>\n<p>i seguenti documenti:<\/p>\n<ol>\n<li>il <strong><a href=\"https:\/\/consmonacodibaviera.esteri.it\/wp-content\/uploads\/2025\/03\/modulo-rich.-tesserino-CF.pdf\" target=\"_blank\" rel=\"noopener\">modulo di domanda<\/a><\/strong> compilato e firmato;<\/li>\n<li><strong>una copia fronte e retro del documento d\u2019identit\u00e0 del richiedente<\/strong>. Se la domanda \u00e8 presentata per conto di un terzo (minore o persona priva di capacit\u00e0 giuridica), \u00e8 necessario allegare una copia del documento d&#8217;identit\u00e0 del richiedente (genitore\/tutore\/curatore) e una copia del documento d&#8217;identit\u00e0 dell\u2019interessato;<\/li>\n<li><strong>una copia del certificato di residenza<\/strong>;<\/li>\n<li><strong>una busta preindirizzata e affrancata<\/strong> (0,95 euro), per l&#8217;invio del tesserino del codice fiscale.<\/li>\n<\/ol>\n<p>La domanda deve essere presentata <strong>esclusivamente per posta<\/strong>.<\/p>\n<hr \/>\n<p><strong>Note:<\/strong><\/p>\n<ul>\n<li>Il tesserino del codice fiscale viene rilasciato direttamente dall&#8217;Agenzia delle Entrate e successivamente inviato al Consolato. I tempi di elaborazione per il rilascio e l&#8217;invio del tesserino del codice fiscale possono essere di diversi mesi. Il consolato non ha modo di verificare lo stato di lavorazione della domanda.<\/li>\n<li>Le domande incomplete o che non rientrassero nella nostra area di competenza non saranno trattate.<\/li>\n<\/ul>\n<p>&nbsp;<\/p>\n<p><em>*Per i richiedenti residenti nella Bassa Franconia \u00e8 competente il Consolato Generale d\u2019Italia di Francoforte sul Meno.<\/em><\/p>\n<p>&nbsp;<\/p>\n<p>&nbsp;<\/p>\n","protected":false},"excerpt":{"rendered":"Informazioni sulla richiesta di attribuzione del codice fiscale italiano per i cittadini italiani con residenza stabile all&#8217;estero\/iscritti all&#8217;AIRE &nbsp; Richiesta di attribuzione del codice fiscale italiano e\/o di rilascio del certificato di attribuzione del codice fiscale La richiesta si effettua tramite il portale Fast-it (registrazione online, con indicazione dell&#8217;ufficio consolare competente per la propria localit\u00e0 [&hellip;]","protected":false},"author":5,"featured_media":0,"parent":193,"menu_order":5,"comment_status":"closed","ping_status":"closed","template":"","meta":{"footnotes":""},"class_list":["post-369","page","type-page","status-publish","hentry"],"_links":{"self":[{"href":"https:\/\/consmonacodibaviera.esteri.it\/it\/wp-json\/wp\/v2\/pages\/369","targetHints":{"allow":["GET"]}}],"collection":[{"href":"https:\/\/consmonacodibaviera.esteri.it\/it\/wp-json\/wp\/v2\/pages"}],"about":[{"href":"https:\/\/consmonacodibaviera.esteri.it\/it\/wp-json\/wp\/v2\/types\/page"}],"author":[{"embeddable":true,"href":"https:\/\/consmonacodibaviera.esteri.it\/it\/wp-json\/wp\/v2\/users\/5"}],"replies":[{"embeddable":true,"href":"https:\/\/consmonacodibaviera.esteri.it\/it\/wp-json\/wp\/v2\/comments?post=369"}],"version-history":[{"count":6,"href":"https:\/\/consmonacodibaviera.esteri.it\/it\/wp-json\/wp\/v2\/pages\/369\/revisions"}],"predecessor-version":[{"id":2619,"href":"https:\/\/consmonacodibaviera.esteri.it\/it\/wp-json\/wp\/v2\/pages\/369\/revisions\/2619"}],"up":[{"embeddable":true,"href":"https:\/\/consmonacodibaviera.esteri.it\/it\/wp-json\/wp\/v2\/pages\/193"}],"wp:attachment":[{"href":"https:\/\/consmonacodibaviera.esteri.it\/it\/wp-json\/wp\/v2\/media?parent=369"}],"curies":[{"name":"wp","href":"https:\/\/api.w.org\/{rel}","templated":true}]}}