{"id":335,"date":"2023-06-03T23:57:09","date_gmt":"2023-06-03T21:57:09","guid":{"rendered":"https:\/\/consmonacodibaviera.esteri.it\/?page_id=335"},"modified":"2024-12-09T18:36:44","modified_gmt":"2024-12-09T17:36:44","slug":"carta-di-identita-elettronica","status":"publish","type":"page","link":"https:\/\/consmonacodibaviera.esteri.it\/it\/servizi-consolari-e-visti\/servizi-per-il-cittadino-italiano\/carta-di-identita-elettronica\/","title":{"rendered":"Carta di identit\u00e0 elettronica"},"content":{"rendered":"<div>\n<p>A partire dal 1\u00b0 ottobre 2020, il Consolato Generale d\u2019Italia a Monaco di Baviera rilascia la <strong>Carta di d\u2019identit\u00e0 elettronica<\/strong> o <strong>CIE<\/strong> (formato tessera plastificata).<\/p>\n<p>&#8212;&#8212;&#8212;&#8212;&#8212;&#8212;&#8212;&#8212;&#8212;&#8212;&#8212;&#8212;&#8212;&#8212;&#8212;&#8212;&#8212;&#8211;<\/p>\n<ol>\n<li><strong>Che cos&#8217;\u00e8 la carta d&#8217;identit\u00e0 elettronica?<\/strong><br \/>\nLa carta d&#8217;identit\u00e0 \u00e8 un documento personale di riconoscimento valido per identificarsi e circolare nell\u2019Unione Europea, in alcuni Stati aderenti all&#8217;accordo di Schengen (ad es. Islanda, Norvegia e Svizzera) e in altri Stati con cui sono stati raggiunti accordi bilaterali (vedasi le singole \u201cschede Paese\u201d sul sito <a href=\"http:\/\/www.viaggiaresicuri.it)\">www.viaggiaresicuri.it)<\/a>.<br \/>\n<strong>La carta d\u2019identit\u00e0 elettronica (CIE) \u00e8 la nuova carta d\u2019identit\u00e0 in formato tessera<\/strong>; oltre a svolgere le stesse funzioni di quella cartacea, consente di accedere ai servizi online delle Pubbliche Amministrazioni italiane.<\/li>\n<li><strong>A chi pu\u00f2 essere rilasciata la carta d\u2019identit\u00e0 elettronica?<br \/>\n<\/strong>Il Consolato Generale d\u2019Italia a Monaco di Baviera pu\u00f2 rilasciare la carta d&#8217;identit\u00e0 <strong>esclusivamente ai cittadini italiani regolarmente residenti nella propria circoscrizione consolare<\/strong>, registrati nello schedario consolare e i cui <strong>dati anagrafici siano gi\u00e0 presenti nel registro A.I.R.E.<\/strong> (Anagrafe degli Italiani Residenti all&#8217;Estero) del Ministero dell&#8217;Interno.<br \/>\nSalvo casi eccezionali,<strong> la CIE viene rilasciata unicamente a chi non sia in possesso di un&#8217;altra carta d\u2019identit\u00e0 valida, a chi abbia la carta d&#8217;identit\u00e0 in scadenza (a partire da 6 mesi prima della scadenza) o in caso di furto, smarrimento o deterioramento<\/strong> della carta precedente.<br \/>\n<strong>Chi non \u00e8 registrato all\u2019A.I.R.E. dovr\u00e0 prima regolarizzare la propria iscrizione anagrafica tramite il <a href=\"https:\/\/serviziconsolarionline.esteri.it\/ScoFE\/index.sco\" target=\"_blank\" rel=\"noopener\">portale FAST IT<\/a><\/strong> ed attendere, prima di poter far domanda, di essere inserito in tale registro da parte del Comune italiano competente (per i cittadini non iscritti all\u2019A.I.R.E., la competenza al rilascio della carta d&#8217;identit\u00e0 rimane al Comune di residenza).<br \/>\nAi fini della registrazione nella banca dati A.I.R.E. \u00e8 indispensabile, per i cittadini italiani nati all\u2019estero, che l\u2019atto di nascita risulti gi\u00e0 trascritto nei registri di Stato Civile del Comune di riferimento.<br \/>\n<strong>Nel caso si sia cambiato indirizzo di residenza<\/strong> (rispetto a quello comunicato all\u2019Ufficio consolare), <strong>\u00e8 necessario chiedere la variazione di indirizzo tramite il <a href=\"https:\/\/serviziconsolarionline.esteri.it\/ScoFE\/index.sco\" target=\"_blank\" rel=\"noopener\">portale FAST IT<\/a><\/strong>.<br \/>\nInoltre, per ottenere la CIE \u00e8 indispensabile possedere il codice fiscale validato dall\u2019Agenzia delle Entrate. Qualora il connazionale non sia in possesso di un codice fiscale o quest\u2019ultimo non sia stato validato, sar\u00e0 cura del Consolato Generale richiederlo tramite l\u2019Agenzia delle Entrate.<\/li>\n<li><strong><strong>A partire da quando \u00e8 possibile richiedere la carta d\u2019identit\u00e0 elettronica (CIE)?<br \/>\n<\/strong><\/strong>Si pu\u00f2 fare richiesta di appuntamento per il rilascio della carta d\u2019identit\u00e0 elettronica a partire dal 10 settembre 2020.<\/li>\n<li><strong>Come si richiede la carta d\u2019identit\u00e0 elettronica (CIE)?<br \/>\n<\/strong>La richiesta della carta d\u2019identit\u00e0 elettronica deve essere presentata utilizzando esclusivamente la piattaforma <a href=\"https:\/\/prenotami.esteri.it\/\"><strong>Prenot@mi<\/strong><\/a> [<a href=\"https:\/\/prenotami.esteri.it\">https:\/\/prenotami.esteri.it<\/a>]<br \/>\nA partire dal 1\u00b0 gennaio 2025, i connazionali che abbiano compiuto il settantesimo anno di et\u00e0 possono rivolgersi ogni <strong>luned\u00ec dalle ore 09:00 alle ore 11:00<\/strong> al seguente numero telefonico al fine di concordare un appuntamento per il rilascio della carta di identit\u00e0 elettronica: 0162 4578821<\/li>\n<li><strong>Come si prende un appuntamento sulla piattaforma Prenota on line?<br \/>\n<\/strong>Se Lei \u00e8 <strong>un utente gi\u00e0 registrato<\/strong> sulla piattaforma Prenota on line, dovr\u00e0 cliccare sulla casella &#8220;login utente gi\u00e0 registrato&#8221; ed immettere le sue credenziali:<br \/>\nUser name: <em>il suo indirizzo email<\/em><br \/>\nPassword: <em>quella che ha indicato all&#8217;atto della registrazione<\/em><br \/>\nAcceder\u00e0 cos\u00ec alla pagina dei servizi attivati, selezioner\u00e0 il servizio Carta di Identit\u00e0 e compiler\u00e0 la pagina <strong>inserendo i dati della persona che deve ottenere la carta<\/strong> (il cosiddetto \u201crichiedente\u201d). Pertanto, se l\u2019appuntamento \u00e8 per rinnovare la carta di un bambino, anche se colui che materialmente prenota l\u2019appuntamento \u00e8 il genitore, nei dati dell\u2019appuntamento bisogner\u00e0 indicare i dati del bambino.<br \/>\nLei acceder\u00e0 poi al calendario degli appuntamenti e potr\u00e0 selezionare una data a lei utile.<br \/>\nAttenzione: se l&#8217;utente \u00e8 gi\u00e0 registrato ma presso un altro Consolato, prima di procedere con la richiesta di appuntamento dovr\u00e0 effettuare il cambio sede, selezionando l\u2019apposito comando <strong>\u201ccambia sede\u201d<\/strong> presente sulla prima pagina a sinistra, una volta fatto accesso col proprio account.<strong><br \/>\n<\/strong>Se Lei \u00e8 <strong>un nuovo utente<\/strong>\u00a0dovr\u00e0 prima procedere alla registrazione sul portale, cliccando su \u201cRegistrazione nuovo utente\u201d. Una volta completata la registrazione, dovr\u00e0 rientrare sul sistema di prenotazione e, inserendo le sue credenziali, potr\u00e0 accedere alla pagina dei servizi offerti e procedere come sopra indicato.Dal momento della richiesta alla data dell\u2019appuntamento <strong>trascorrono almeno quindici giorni<\/strong>, necessari per consentire al Consolato Generale di effettuare il controllo dei dati anagrafici, risolvere eventuali disallineamenti tra i dati presenti nello schedario consolare e quelli presenti nello schedario del Comune italiano, e verificare che non sussistano cause ostative al rilascio del documento.<br \/>\n<strong><strong>ATTENZIONE: Nel caso in cui, a seguito delle verifiche, emergessero elementi che impedissero (temporaneamente o meno) il rilascio della CIE, il connazionale sar\u00e0 contattato dalla Sede consolare per la cancellazione dell\u2019appuntamento.<\/strong><\/strong><\/li>\n<li><strong>\u00c8 possibile chiedere l\u2019appuntamento per un\u2019altra persona?<br \/>\n<\/strong>S\u00ed, \u00e8 possibile. Tuttavia, al fine di consentire le necessarie verifiche, \u00e8 necessario che al momento della richiesta dell\u2019appuntamento <strong>siano forniti i dati di tutte le persone che devono ottenere la CIE <\/strong>(richiedenti)<strong>. Se si presenteranno allo\u00a0sportello persone i cui dati non erano stati inseriti nel sistema al momento della prenotazione dell\u2019appuntamento, non sar\u00e0 possibile procedere con la richiesta di CIE<\/strong>.<br \/>\nNel caso di figli minori il genitore pu\u00f2, dal proprio account, far domanda di appuntamento per il figlio. In tal caso nella scheda da compilare per l\u2019appuntamento dovr\u00e0 rispondere alla prima domanda \u201c<em>L\u2019appuntamento \u00e8 per<\/em>\u201d indicando \u201c<em>mio figlio\/a<\/em>\u201d e poi inserire i dati del bambino e non del genitore che sta compilando il formulario.<br \/>\nAllo stesso modo, se si intende prenotare un appuntamento per un altro familiare, si potr\u00e0 accedere col proprio account, selezionare nel campo \u201c<em>L&#8217;appuntamento \u00e8 per\u201d \u201cun altro familiare<\/em>\u201d e quindi procedere con l\u2019inserimento di tutti i dati relativi al familiare stesso (che sar\u00e0 appunto il richiedente).<br \/>\nIl sistema permette anche di prenotare un appuntamento multiplo, ossia nella stessa data per s\u00e9 stesso ed altri. In tal caso il formulario da compilare preveder\u00e0 pi\u00f9 parti (\u00e8 necessario scorrere la schermata in basso) e richieder\u00e0 di riempire una scheda dati per ogni persona che desidera un appuntamento nella stessa data, cio\u00e8 per il primo richiedente e poi per ciascun altro richiedente.<\/li>\n<li><strong>Qual \u00e8 la documentazione necessaria da portare con s\u00e9 al momento dell\u2019appuntamento per richiedere la CIE?<br \/>\n<\/strong>Si invitano i richiedenti a presentarsi all&#8217;appuntamento con tutta la documentazione necessaria.Per una veloce conclusione della pratica, si raccomanda di regolarizzare precedentemente la situazione anagrafica (iscrizione AIRE e variazioni di indirizzo) attraverso il portale FAST-IT.<\/p>\n<ul>\n<li><strong>Una (1) foto frontale in formato tessera<\/strong>\u00a0a colori su sfondo bianco, recente (non pi\u00f9 vecchia di sei mesi) e con caratteristiche biometriche (standard ICAO &#8211;\u00a03,5 cm x 4,5 cm).<\/li>\n<\/ul>\n<ul>\n<li>La\u00a0<strong>precedente carta di identit\u00e0 e\/o passaporto<\/strong>\u00a0<strong>in originale e in fotocopia<\/strong>; se sprovvisto, altro documento di riconoscimento, anche straniero, sempre in originale e fotocopia.<\/li>\n<\/ul>\n<p>In caso di deterioramento, \u00e8 necessario portare con s\u00e9 anche la carta d\u2019identit\u00e0 deteriorata.<\/p>\n<p>In caso di smarrimento o furto del passaporto e\/o della carta d\u2019identit\u00e0, \u00e8 necessario presentare copia della denuncia sporta presso le Autorit\u00e0 di Polizia locale, portare con s\u00e9 due (2) ulteriori foto ed essere accompagnato da due (2) testimoni muniti di documenti di riconoscimento in corso di validit\u00e0 e relative fotocopie, ai fini dell\u2019identificazione del richiedente.<\/p>\n<p>Dichiarazione sostitutiva atto di notoriet\u00e0, scaricabile <a href=\"https:\/\/consmonacodibaviera.esteri.it\/wp-content\/uploads\/2023\/10\/Dichiarazione-sostitutiva-nuova-1.pdf\">qui<\/a><\/p>\n<ul>\n<li>Copia cartacea della ricevuta del\u00a0<strong>pagamento<\/strong>\u00a0di euro 21,95 per il primo rilascio.<\/li>\n<\/ul>\n<p>Se la precedente carta \u00e8 in formato cartaceo, \u00e8 comunque sempre dovuto l\u2019importo per il primo rilascio ovvero euro 21,95.<\/p>\n<p>Euro 27,11 in caso di duplicato (nuova carta elettronica emessa prima di 180 giorni dalla scadenza della precedente per furto, smarrimento o deterioramento)<\/p>\n<p>Il pagamento deve essere effettuato almeno\u00a0<strong>cinque<\/strong>\u00a0<strong>(5) giorni prima dell\u2019appuntamento<\/strong>\u00a0tramite bonifico bancario sul c\/c intestato a:<\/p>\n<p>Consolato Generale d\u2019Italia Monaco di Baviera<\/p>\n<p>Hypovereinsbank<\/p>\n<p>IBAN: DE86700202700010177870<\/p>\n<p>SWIFT: HYVEDEMMXXX<\/p>\n<p>Causale: Carta d\u2019Identit\u00e0 \u2026\u2026\u2026.. (nome, cognome e data di nascita);<\/p>\n<ul>\n<li>Fotocopia del\u00a0<strong>certificato di residenza (<em>Meldebescheinigung<\/em>)<\/strong>\u00a0dell\u2019intero nucleo familiare.<\/li>\n<\/ul>\n<ul>\n<li>Se la richiesta \u00e8 per un minore \u00e8 necessario l\u2019<strong>ATTO DI ASSENSO AL RILASCIO DELLA CARTA D\u2019IDENTIT\u00c0 VALIDA PER L\u2019ESPATRIO\u00a0E\/O DEL PASSAPORTO AL FIGLIO MINORE<\/strong>, sottoscritto da entrambi i genitori, scaricabile\u00a0<a href=\"https:\/\/consmonacodibaviera.esteri.it\/wp-content\/uploads\/2023\/06\/Atto-dassenso-per-figlio-MINORE_pass.pdf\">qui<\/a><a href=\"https:\/\/consmonacodibaviera.esteri.it\/consolato_monacodibaviera\/resource\/doc\/2020\/09\/20200903_assenso_figlio_minore.pdf\">.<\/a><\/li>\n<\/ul>\n<p><strong>All\u2019appuntamento deve essere presente il minore stesso<\/strong> accompagnato da\u00a0almeno uno dei due genitori.\u00a0Tuttavia, in caso di emissione di primo documento \u00e8 necessaria la presenza di entrambi i genitori muniti di un documento di identit\u00e0 in corso di validit\u00e0, per l\u2019identificazione del minore.<\/li>\n<li><strong>Quali sono le operazioni che saranno effettuate il giorno dell\u2019appuntamento?<br \/>\n<\/strong>Il giorno dell\u2019appuntamento, l\u2019operatore consolare acquisisce la documentazione indicata al punto precedente, effettua il riconoscimento e la verifica della foto ed acquisisce le impronte digitali e la firma (salvo per i minori di anni 12).<br \/>\nAnche i minori di et\u00e0 inferiore ai 12 anni devono essere presenti, perch\u00e9 \u00e8 necessaria la loro identificazione da parte del funzionario dell&#8217;ufficio. I minori devono essere sempre accompagnati da uno dei genitori o comunque dal titolare della responsabilit\u00e0 genitoriale.<\/li>\n<li><strong>Come si riceve la Carta d&#8217;identit\u00e0 elettronica?<br \/>\n<\/strong>La CIE \u00e8 emessa dal Ministero dell\u2019Interno e prodotta dall&#8217;Istituto Poligrafico e Zecca dello Stato, che la spedisce, a mezzo posta<br \/>\nraccomandata, all\u2019indirizzo di residenza (o recapito) dichiarato dal richiedente. Salvo casi particolari, la CIE dovrebbe arrivare per posta <strong>entro 15 giorni<\/strong> dal giorno dell&#8217;appuntamento (il connazionale potr\u00e0 seguire la raccomandata autonomamente online, attraverso il codice di tracciamento).<br \/>\nIn caso di mancata consegna, scaduto il termine di giacenza presso l&#8217;ufficio postale il plico viene restituito all&#8217;Ufficio consolare per ulteriori tentativi di consegna.<\/li>\n<li><strong>Quanto tempo vale la carta d&#8217;identit\u00e0?<br \/>\n<\/strong>La validit\u00e0 della carta d\u2019identit\u00e0 varia a seconda dell&#8217;et\u00e0 del titolare ed \u00e8 di:<br \/>\n\u2022 3 anni per i minori di et\u00e0 compresa tra 0 e 3 anni;<br \/>\n\u2022 5 anni per i minori di et\u00e0 compresa tra 3 anni e il raggiungimento della maggiore et\u00e0 (18 anni);<br \/>\n\u2022 10 anni dai 18 anni di et\u00e0.<\/li>\n<li><strong>Cos&#8217;\u00e8 l&#8217;atto di assenso?<br \/>\n<\/strong>L&#8217;atto di assenso \u00e8 una dichiarazione personale prevista dalla legge italiana, che il genitore pu\u00f2 sottoscrivere utilizzando l&#8217;apposito modulo atto di assenso o redigendo una dichiarazione sostitutiva di certificazione; all&#8217;atto di assenso va allegata una fotocopia del proprio documento di identit\u00e0.<br \/>\nSe l&#8217;altro genitore non \u00e8 cittadino dell&#8217;Unione Europea, la sua firma va autenticata personalmente dall\u2019Ufficio consolare o dal<br \/>\nComune tedesco di residenza o altra autorit\u00e0 competente (notaio).<br \/>\nAl fine di verificare la correttezza dell\u2019atto di assenso presentato \u00e8 necessario che il minore sia iscritto in anagrafe o che sia presentato originale del certificato di nascita da cui si evincano maternit\u00e0 e paternit\u00e0 del minore.<br \/>\nIn caso di decesso di uno dei genitori, \u00e8 necessario presentare l&#8217;atto di morte dello stesso.<\/li>\n<li><strong>\u00c8 possibile modificare la mia carta d&#8217;identit\u00e0?<br \/>\n<\/strong>No. La carta d\u2019identit\u00e0 \u00e8 un documento di identit\u00e0 e non di residenza o di stato civile. Non \u00e8 possibile aggiornare l\u2019indirizzo sulla carta. In caso di modifica dell\u2019indirizzo, il connazionale potr\u00e0 portare con s\u00e9 una copia del certificato di residenza rilasciato dalle autorit\u00e0 tedesche (Anmeldebest\u00e4tigung oppure Meldebescheinigung).<\/li>\n<li><strong>\u00c8 possibile per le donne sposate inserire il cognome del marito?<br \/>\n<\/strong>No, purtroppo non \u00e8 possibile.<\/li>\n<\/ol>\n<p>&nbsp;<\/p>\n<p>Contatti dell&#8217;Ufficio Carte d&#8217;identit\u00e0:<\/p>\n<p>Indirizzo mail: <a href=\"mailto:ci_conmoba@esteri.it\">cgmonacodibaviera.cie@esteri.it<\/a><\/p>\n<\/div>\n","protected":false},"excerpt":{"rendered":"A partire dal 1\u00b0 ottobre 2020, il Consolato Generale d\u2019Italia a Monaco di Baviera rilascia la Carta di d\u2019identit\u00e0 elettronica o CIE (formato tessera plastificata). &#8212;&#8212;&#8212;&#8212;&#8212;&#8212;&#8212;&#8212;&#8212;&#8212;&#8212;&#8212;&#8212;&#8212;&#8212;&#8212;&#8212;&#8211; Che cos&#8217;\u00e8 la carta d&#8217;identit\u00e0 elettronica? La carta d&#8217;identit\u00e0 \u00e8 un documento personale di riconoscimento valido per identificarsi e circolare nell\u2019Unione Europea, in alcuni Stati aderenti all&#8217;accordo di Schengen [&hellip;]","protected":false},"author":5,"featured_media":0,"parent":193,"menu_order":4,"comment_status":"closed","ping_status":"closed","template":"","meta":{"footnotes":""},"class_list":["post-335","page","type-page","status-publish","hentry"],"_links":{"self":[{"href":"https:\/\/consmonacodibaviera.esteri.it\/it\/wp-json\/wp\/v2\/pages\/335","targetHints":{"allow":["GET"]}}],"collection":[{"href":"https:\/\/consmonacodibaviera.esteri.it\/it\/wp-json\/wp\/v2\/pages"}],"about":[{"href":"https:\/\/consmonacodibaviera.esteri.it\/it\/wp-json\/wp\/v2\/types\/page"}],"author":[{"embeddable":true,"href":"https:\/\/consmonacodibaviera.esteri.it\/it\/wp-json\/wp\/v2\/users\/5"}],"replies":[{"embeddable":true,"href":"https:\/\/consmonacodibaviera.esteri.it\/it\/wp-json\/wp\/v2\/comments?post=335"}],"version-history":[{"count":6,"href":"https:\/\/consmonacodibaviera.esteri.it\/it\/wp-json\/wp\/v2\/pages\/335\/revisions"}],"predecessor-version":[{"id":2391,"href":"https:\/\/consmonacodibaviera.esteri.it\/it\/wp-json\/wp\/v2\/pages\/335\/revisions\/2391"}],"up":[{"embeddable":true,"href":"https:\/\/consmonacodibaviera.esteri.it\/it\/wp-json\/wp\/v2\/pages\/193"}],"wp:attachment":[{"href":"https:\/\/consmonacodibaviera.esteri.it\/it\/wp-json\/wp\/v2\/media?parent=335"}],"curies":[{"name":"wp","href":"https:\/\/api.w.org\/{rel}","templated":true}]}}