{"id":330,"date":"2023-06-03T23:55:28","date_gmt":"2023-06-03T21:55:28","guid":{"rendered":"https:\/\/consmonacodibaviera.esteri.it\/?page_id=330"},"modified":"2025-11-20T17:18:56","modified_gmt":"2025-11-20T16:18:56","slug":"passaporti","status":"publish","type":"page","link":"https:\/\/consmonacodibaviera.esteri.it\/it\/servizi-consolari-e-visti\/servizi-per-il-cittadino-italiano\/passaporti\/","title":{"rendered":"Passaporto"},"content":{"rendered":"<p>Il Consolato Generale d\u2019Italia a Monaco di Baviera rilascia i passaporti <strong>ai cittadini italiani regolarmente residenti nella propria circoscrizione consolare ed iscritti all&#8217;Anagrafe degli Italiani Residenti all\u2019Estero (<a href=\"https:\/\/consmonacodibaviera.esteri.it\/it\/servizi-consolari-e-visti\/servizi-per-il-cittadino-italiano\/anagrafe-a-i-r-e\/\">AIRE<\/a>)<\/strong>.<\/p>\n<p>&nbsp;<\/p>\n<h3><strong>Prenotazione dell&#8217;appuntamento\u00a0<\/strong><\/h3>\n<p>L&#8217;ufficio riceve le richieste di rilascio del passaporto <strong>solo per appuntamento<\/strong>. Per ottenere l\u2019appuntamento i connazionali devono autonomamente prenotarsi tramite il portale <a href=\"https:\/\/prenotami.esteri.it\/\">Prenot@mi<\/a>\u00a0[<a href=\"https:\/\/prenotami.esteri.it\">https:\/\/prenotami.esteri.it<\/a>].<br \/>\nI connazionali che abbiano compiuto il 70\u00b0 anno di et\u00e0 possono, in alternativa, concordare un appuntamento per il rilascio del passaporto telefonando <span style=\"color: #000080;\">il <strong>luned\u00ec dalle ore 09:00 alle ore 11:00<\/strong><\/span>\u00a0al numero 0162 4578821<\/p>\n<p><span style=\"color: #000080;\"><strong>Non saranno accettate richieste di appuntamento pervenute per posta, e-mail, fax o a mano<\/strong><\/span><\/p>\n<blockquote><p><em>Si fa presente che il passaporto potr\u00e0 essere rilasciato solo se i dati presenti nella scheda anagrafica del dichiarante sono uniformi a quelli presentati\/dichiarati dall&#8217;interessato durante l&#8217;appuntamento in presenza. Ogni eventuale discordanza dovr\u00e0 essere regolarizzata attraverso l&#8217;utilizzo di servizi consolari di <a href=\"https:\/\/consmonacodibaviera.esteri.it\/it\/servizi-consolari-e-visti\/servizi-per-il-cittadino-italiano\/anagrafe-a-i-r-e\/\">anagrafe<\/a> o di <a href=\"https:\/\/consmonacodibaviera.esteri.it\/it\/servizi-consolari-e-visti\/servizi-per-il-cittadino-italiano\/stato-civile\/\">stato civile<\/a>. Si raccomanda pertanto di <strong>regolarizzare la propria situazione anagrafica<\/strong> (iscrizione AIRE, variazioni di stato civile, variazioni di indirizzo, etc..) <strong>prima della richiesta del documento<\/strong>.<\/em><\/p><\/blockquote>\n<p>L&#8217;utente che riceva l&#8217;email di conferma dell&#8217;appuntamento dovr\u00e0 presentarsi all&#8217;ora e nel giorno comunicati (si raccomanda di rispettare l&#8217;orario dell&#8217;appuntamento), con tutta la documentazione necessaria. Se impossibilitato a presentarsi, \u00e8 necessario che annulli l&#8217;appuntamento, sempre attraverso il portale <a href=\"https:\/\/prenotami.esteri.it\/\" target=\"_blank\" rel=\"noopener\">Prenot@mi<\/a> (dal menu, scegliere &#8220;I miei appuntamenti&#8221; e poi cliccare &#8220;Annulla prenotazione&#8221;).<\/p>\n<p>La validit\u00e0 del passaporto (per maggiorenni) \u00e8 di 10 anni dalla data di emissione.<\/p>\n<p>&nbsp;<\/p>\n<h3><\/h3>\n<h3><strong>Documentazione da presentare per il rilascio del passaporto<\/strong><\/h3>\n<p>All&#8217;appuntamento \u00e8 necessario presentarsi con la seguente documentazione:<\/p>\n<ol>\n<li>il precedente <strong>passaporto o anche carta d\u2019identit\u00e0 in originale<\/strong>; se sprovvisti, altro documento di riconoscimento, anche straniero, sempre in originale (ad esempio:\u00a0 patente di guida). In caso di smarrimento o furto del passaporto o anche della carta d\u2019identit\u00e0 (ancora in corso di validit\u00e0), \u00e8 necessario presentare copia della denuncia sporta presso le Autorit\u00e0 di Polizia locale;<br \/>\n<blockquote><p><em>Se completamente sprovvisti di qualsiasi documento di riconoscimento, portare con s\u00e9 due (2) ulteriori foto ed essere accompagnato da due testimoni muniti di documenti di riconoscimento in corso di validit\u00e0 e relative fotocopie, ai fini dell\u2019identificazione del richiedente<\/em><\/p><\/blockquote>\n<\/li>\n<li><strong>una (1) foto frontale in formato tessera<\/strong> a colori su sfondo bianco, recente (non pi\u00f9 vecchia di sei mesi) e con caratteristiche biometriche (standard ICAO &#8211; 3,5 cm x 4,5 cm);<\/li>\n<li><strong>copia del certificato di residenza<\/strong> (<em>Meldebescheinigung<\/em>) dell\u2019intero nucleo familiare;<\/li>\n<li><strong>ricevuta del pagamento <\/strong>dell\u2019importo di<strong> 116,20 Euro <\/strong>per passaporto rilasciato<strong> dal 01\/12\/2025<\/strong> (116,00 Euro per passaporto rilasciato fino al 30\/11\/2025), da effettuarsi <strong>almeno 3 giorni lavorativi prima della data dell\u2019appuntamento <\/strong>tramite <strong>bonifico bancario<\/strong>, sul seguente conto corrente:<\/li>\n<\/ol>\n<p style=\"margin-left: 30px; padding-left: 40px;\"><strong>Consolato Generale d\u2019Italia Monaco di Baviera<\/strong><br \/>\nHypovereinsbank<br \/>\nIBAN: <strong>DE86700202700010177870<\/strong><br \/>\nSWIFT: HYVEDEMMXXX<br \/>\nCausale: <strong>Passaporto \u00ab<em>Cognome\u00bb<\/em> \u00ab<em>Nome\u00bb<\/em> \u00ab<em>Data di nascita\u00bb<\/em><\/strong><\/p>\n<blockquote>\n<p style=\"margin-left: 30px;\"><span style=\"color: #000000;\"><em>Solo nel caso di prenotazione avvenuta <strong>nei 2 giorni lavorativi precedenti alla data dell&#8217;appuntamento<\/strong>, il pagamento andr\u00e0 effettuato direttamente presso la cassa del Consolato con carta di debito tedesca (EC-Karte) o in contanti.<\/em><\/span><\/p>\n<\/blockquote>\n<hr \/>\n<h3><\/h3>\n<h3><strong>Informazioni aggiuntive per minorenni<\/strong><\/h3>\n<h5><strong>Richiesta di passaporto<\/strong><\/h5>\n<p>La richiesta del passaporto per minorenne necessita della firma di entrambi (*) i genitori e va corredata di tutta la necessaria documentazione, indicata ai punti da 1. a 4. del paragrafo precedente, relativa al minore.<\/p>\n<blockquote><p><em>Nel caso la richiesta riguardi il rilascio del primo documento del minorenne, e quindi <strong>non si dispone di alcun precedente documento di identificazione<\/strong>, la sua identit\u00e0 dovr\u00e0 essere accertata per mezzo di due testimoni, muniti di documento di identificazione in corso di validit\u00e0 (in originale), che dovranno essere presenti all\u2019appuntamento (potranno essere i genitori stessi o anche terze persone)<\/em><em>\u00a0<\/em><\/p><\/blockquote>\n<p>La validit\u00e0 del passaporto per minorenni \u00e8 di<br \/>\n\u2022 3 anni (fino ai 3 anni di et\u00e0);<br \/>\n\u2022 5 anni (dai 3 ai 18 anni di et\u00e0);<br \/>\ndalla data di emissione.<\/p>\n<p>&nbsp;<\/p>\n<h5><\/h5>\n<h5><strong>Modalit\u00e0 di presentazione e casi particolari<\/strong><\/h5>\n<p>All\u2019appuntamento devono essere presenti il minore ed entrambi (*) i genitori (ciascuno con un proprio documento di identit\u00e0, in originale).<\/p>\n<p style=\"padding-left: 40px;\">(*)\u00a0Nel caso all\u2019appuntamento siano presenti il minorenne ed un solo un genitore (con un proprio documento di identit\u00e0, in originale), per accogliere la richiesta \u00e8 necessario consegnare allo sportello anche l\u2019<a href=\"https:\/\/consmonacodibaviera.esteri.it\/wp-content\/uploads\/2023\/06\/Atto-dassenso-per-figlio-MINORE_pass.pdf\"><strong>atto di assenso<\/strong><\/a>, gi\u00e0 <strong>compilato e firmato dal genitore assente<\/strong>, secondo una delle modalit\u00e0 di seguito descritte:<\/p>\n<ul>\n<li style=\"list-style-type: none;\">\n<ul>\n<li>se il genitore assente <strong>\u00e8 cittadino<\/strong> di uno Stato dell\u2019<strong>Unione Europea<\/strong>, \u00e8 sufficiente <strong>allegare una copia di un documento d\u2019identit\u00e0<\/strong>;<\/li>\n<li>se il genitore assente <strong>non \u00e8 cittadino<\/strong> di uno Stato dell\u2019<strong>Unione Europea<\/strong>, l<strong>a firma dell\u2019atto d\u2019assenso dovr\u00e0 essere autenticata<\/strong> da un notaio o dall\u2019ufficiale comunale in Germania.<\/li>\n<\/ul>\n<\/li>\n<\/ul>\n<blockquote><p><em>In caso di <strong>mancanza dell&#8217;atto di assenso dell&#8217;altro genitore<\/strong>, occorrer\u00e0 presentare una istanza al Giudice Tutelare competente territorialmente secondo la vigente normativa italiana sulla base della residenza del minore, <strong>corredata di tutta la documentazione menzionata nell\u2019istanza stessa<\/strong>. Per l&#8217;eventuale successiva emissione del relativo Decreto Consolare \u00e8 previsto il pagamento della somma di 11,00 Euro.<\/em><br \/>\n<em>Si informa che in tal caso l\u2019istruttoria della pratica richieder\u00e0 tempi sensibilmente pi\u00f9 lunghi.<\/em><\/p><\/blockquote>\n<p>&nbsp;<\/p>\n","protected":false},"excerpt":{"rendered":"Il Consolato Generale d\u2019Italia a Monaco di Baviera rilascia i passaporti ai cittadini italiani regolarmente residenti nella propria circoscrizione consolare ed iscritti all&#8217;Anagrafe degli Italiani Residenti all\u2019Estero (AIRE). &nbsp; Prenotazione dell&#8217;appuntamento\u00a0 L&#8217;ufficio riceve le richieste di rilascio del passaporto solo per appuntamento. Per ottenere l\u2019appuntamento i connazionali devono autonomamente prenotarsi tramite il portale Prenot@mi\u00a0[https:\/\/prenotami.esteri.it]. I [&hellip;]","protected":false},"author":5,"featured_media":0,"parent":193,"menu_order":3,"comment_status":"closed","ping_status":"closed","template":"","meta":{"footnotes":""},"class_list":["post-330","page","type-page","status-publish","hentry"],"_links":{"self":[{"href":"https:\/\/consmonacodibaviera.esteri.it\/it\/wp-json\/wp\/v2\/pages\/330","targetHints":{"allow":["GET"]}}],"collection":[{"href":"https:\/\/consmonacodibaviera.esteri.it\/it\/wp-json\/wp\/v2\/pages"}],"about":[{"href":"https:\/\/consmonacodibaviera.esteri.it\/it\/wp-json\/wp\/v2\/types\/page"}],"author":[{"embeddable":true,"href":"https:\/\/consmonacodibaviera.esteri.it\/it\/wp-json\/wp\/v2\/users\/5"}],"replies":[{"embeddable":true,"href":"https:\/\/consmonacodibaviera.esteri.it\/it\/wp-json\/wp\/v2\/comments?post=330"}],"version-history":[{"count":6,"href":"https:\/\/consmonacodibaviera.esteri.it\/it\/wp-json\/wp\/v2\/pages\/330\/revisions"}],"predecessor-version":[{"id":3725,"href":"https:\/\/consmonacodibaviera.esteri.it\/it\/wp-json\/wp\/v2\/pages\/330\/revisions\/3725"}],"up":[{"embeddable":true,"href":"https:\/\/consmonacodibaviera.esteri.it\/it\/wp-json\/wp\/v2\/pages\/193"}],"wp:attachment":[{"href":"https:\/\/consmonacodibaviera.esteri.it\/it\/wp-json\/wp\/v2\/media?parent=330"}],"curies":[{"name":"wp","href":"https:\/\/api.w.org\/{rel}","templated":true}]}}