{"id":2633,"date":"2025-03-21T14:58:45","date_gmt":"2025-03-21T13:58:45","guid":{"rendered":"https:\/\/consmonacodibaviera.esteri.it\/?page_id=2633"},"modified":"2025-06-13T09:37:26","modified_gmt":"2025-06-13T07:37:26","slug":"codice-fiscale","status":"publish","type":"page","link":"https:\/\/consmonacodibaviera.esteri.it\/it\/servizi-consolari-e-visti\/servizi-per-il-cittadino-straniero\/codice-fiscale\/","title":{"rendered":"Codice Fiscale"},"content":{"rendered":"<h5><em>Informazioni sulla richiesta del codice fiscale italiano<strong> per gli stranieri non residenti in Italia<\/strong><\/em><\/h5>\n<h6><em>(per i cittadini italiani, consultare l&#8217;apposita <a href=\"https:\/\/consmonacodibaviera.esteri.it\/it\/servizi-consolari-e-visti\/servizi-per-il-cittadino-italiano\/codici-fiscali\/\">pagina<\/a> nella sezione <\/em>Servizi per il cittadino italiano<em>)<\/em><\/h6>\n<hr \/>\n<p>&nbsp;<\/p>\n<h4>Richiesta di attribuzione del codice fiscale <strong>per compravendite immobiliari e altri negozi giuridici<\/strong><\/h4>\n<p>La richiesta deve essere presentata personalmente o da una persona delegata (notaio, avvocato, commercialista, agenzia immobiliare, etc.) presso qualsiasi ufficio dell&#8217;<a href=\"https:\/\/www.agenziaentrate.gov.it\/portale\/lista-uffici\" target=\"_blank\" rel=\"noopener\">Agenzia delle Entrate<\/a>.<\/p>\n<hr \/>\n<p>&nbsp;<\/p>\n<h4>Richiesta di attribuzione del codice fiscale <strong>per motivi di studio<\/strong><\/h4>\n<p><strong>Gli studenti cittadini UE\/SEE non necessitano del codice fiscale per studiare in Italia<\/strong>. Se dovessero necessitare del codice fiscale per altri motivi, potranno farne richiesta presso un qualsiasi ufficio dell\u2019<a href=\"https:\/\/www.agenziaentrate.gov.it\/portale\/lista-uffici\" target=\"_blank\" rel=\"noopener\">Agenzia delle Entrate<\/a>.<br \/>\nDiversi atenei italiani offrono agli studenti stranieri supporto per la richiesta del codice fiscale (per informazioni pi\u00f9 dettagliate si invita a contattare l\u2019ateneo d\u2019interesse).<\/p>\n<blockquote><p>L&#8217;Agenzia delle Entrate, con la <a href=\"https:\/\/www.agenziaentrate.gov.it\/portale\/documents\/20143\/4988606\/Risoluzione+registrazione+atti+soggetti+esteri+privi+di+CF+pub.pdf\/6995eec2-66a1-0b6c-0361-296ed2d0a3a1?t=1676396860960\" target=\"_blank\" rel=\"noopener\">Risoluzione del 14\/02\/2023 n. 5<\/a>, ha precisato che\u00a0 i soggetti non residenti nel territorio italiano non necessitano del codice fiscale ai fini della registrazione di un contratto di affitto o di altri atti privati.<\/p><\/blockquote>\n<p>Agli studenti non cittadini UE\/SEE il codice fiscale viene attribuito d\u2019ufficio in sede di rilascio del permesso di soggiorno per motivi di studio.<\/p>\n<p>&nbsp;<\/p>\n<hr \/>\n<h4><\/h4>\n<h4>Richiesta di attribuzione del codice fiscale italiano o di rilascio del certificato di attribuzione del codice fiscale per pratiche pensionistiche o procedure on-line<\/h4>\n<p>I <strong>cittadini stranieri residenti<\/strong> <strong>residenti nella circoscrizione consolare di Monaco di Baviera<\/strong> (territorio della Baviera, ad esclusione della Bassa Franconia*), che necessitino del codice fiscale <strong>esclusivamente per pratiche di pensione o procedure on-line<\/strong>, possono farne richiesta presso questo ufficio consolare. A tal fine \u00e8 necessario inviare a<\/p>\n<p style=\"padding-left: 40px;\">Consolato Generale d&#8217;Italia<br \/>\nUfficio codici fiscali<br \/>\nM\u00f6hlstr. 3<br \/>\n81675 M\u00fcnchen<\/p>\n<p>i seguenti documenti:<\/p>\n<ol>\n<li>il <strong><a href=\"https:\/\/consmonacodibaviera.esteri.it\/wp-content\/uploads\/2025\/06\/modulo-rich.-cert.-CF.pdf\" target=\"_blank\" rel=\"noopener\">modulo di domanda<\/a><\/strong> compilato e firmato;<\/li>\n<li><strong>documentazione<\/strong> probante il motivo della richiesta;<\/li>\n<li><strong>una copia fronte e retro del documento d\u2019identit\u00e0 del richiedente<\/strong>. Se la domanda \u00e8 presentata per conto di un terzo (minore o persona priva di capacit\u00e0 giuridica), \u00e8 necessario allegare una copia del documento d&#8217;identit\u00e0 del richiedente (genitore\/tutore\/curatore) e una copia del documento d&#8217;identit\u00e0 dell\u2019interessato;<\/li>\n<li><strong>una copia del certificato di residenza<\/strong>;<\/li>\n<li><strong>una busta preindirizzata e affrancata<\/strong> (\u20ac0,95 busta standard), per l&#8217;invio del certificato di attribuzione del codice fiscale.<\/li>\n<\/ol>\n<p>La domanda deve essere presentata <strong>esclusivamente per posta<\/strong>.<\/p>\n<p><strong>Note:<\/strong><\/p>\n<ul>\n<li>I tempi di trattazione della richiesta di attribuzione del codice fiscale e dell&#8217;emissione del relativo certificato variano da 4 a 6 settimane.<\/li>\n<li>Le domande incomplete o che non rientrassero nella nostra area di competenza non saranno trattate.<\/li>\n<\/ul>\n<p><em>*Per i richiedenti residenti nella Bassa Franconia \u00e8 competente il Consolato Generale d\u2019Italia di Francoforte sul Meno.<\/em><\/p>\n<hr \/>\n<p>Ulteriori informazioni al riguardo sono disponibili sul <a href=\"https:\/\/www.esteri.it\/it\/servizi-consolari-e-visti\/italiani-all-estero\/codice_fiscale\/\" target=\"_blank\" rel=\"noopener\">sito del <strong>Ministero degli affari esteri e della cooperazione internazionale<\/strong><\/a>.<\/p>\n","protected":false},"excerpt":{"rendered":"Informazioni sulla richiesta del codice fiscale italiano per gli stranieri non residenti in Italia (per i cittadini italiani, consultare l&#8217;apposita pagina nella sezione Servizi per il cittadino italiano) &nbsp; Richiesta di attribuzione del codice fiscale per compravendite immobiliari e altri negozi giuridici La richiesta deve essere presentata personalmente o da una persona delegata (notaio, avvocato, [&hellip;]","protected":false},"author":8,"featured_media":0,"parent":191,"menu_order":2,"comment_status":"closed","ping_status":"closed","template":"","meta":{"footnotes":""},"class_list":["post-2633","page","type-page","status-publish","hentry"],"_links":{"self":[{"href":"https:\/\/consmonacodibaviera.esteri.it\/it\/wp-json\/wp\/v2\/pages\/2633","targetHints":{"allow":["GET"]}}],"collection":[{"href":"https:\/\/consmonacodibaviera.esteri.it\/it\/wp-json\/wp\/v2\/pages"}],"about":[{"href":"https:\/\/consmonacodibaviera.esteri.it\/it\/wp-json\/wp\/v2\/types\/page"}],"author":[{"embeddable":true,"href":"https:\/\/consmonacodibaviera.esteri.it\/it\/wp-json\/wp\/v2\/users\/8"}],"replies":[{"embeddable":true,"href":"https:\/\/consmonacodibaviera.esteri.it\/it\/wp-json\/wp\/v2\/comments?post=2633"}],"version-history":[{"count":6,"href":"https:\/\/consmonacodibaviera.esteri.it\/it\/wp-json\/wp\/v2\/pages\/2633\/revisions"}],"predecessor-version":[{"id":3086,"href":"https:\/\/consmonacodibaviera.esteri.it\/it\/wp-json\/wp\/v2\/pages\/2633\/revisions\/3086"}],"up":[{"embeddable":true,"href":"https:\/\/consmonacodibaviera.esteri.it\/it\/wp-json\/wp\/v2\/pages\/191"}],"wp:attachment":[{"href":"https:\/\/consmonacodibaviera.esteri.it\/it\/wp-json\/wp\/v2\/media?parent=2633"}],"curies":[{"name":"wp","href":"https:\/\/api.w.org\/{rel}","templated":true}]}}