{"id":194,"date":"2023-02-06T12:47:17","date_gmt":"2023-02-06T11:47:17","guid":{"rendered":"https:\/\/consmonacodibaviera.esteri.it\/?page_id=194"},"modified":"2023-06-04T09:20:50","modified_gmt":"2023-06-04T07:20:50","slug":"diplomazia-economica","status":"publish","type":"page","link":"https:\/\/consmonacodibaviera.esteri.it\/it\/italia-e-germania\/diplomazia-economica\/","title":{"rendered":"Diplomazia economica"},"content":{"rendered":"<div class=\"entry-content\">\n<div class=\"entry-content\">\n<p style=\"text-align: justify;\">Italia e Germania sono entrambi Paesi fondatori dell\u2019Unione Europea e condividono la comune appartenenza all\u2019Eurozona. Il legame transatlantico della NATO ha storicamente fornito ulteriori importanti motivi di cooperazione. Gli incontri e la collaborazione fra i Governi dei due Paesi e fra le loro istituzioni sono molto intensi e registrano ampie convergenze di vedute su numerose tematiche.<br \/>\nDa un punto di vista economico, la Germania \u00e8 il primo partner commerciale per il nostro Paese, sia come mercato di sbocco dell\u2019export italiano, sia come Paese di provenienza dell\u2019import in Italia. Rispetto alla Germania, l\u2019Italia \u00e8 il sesto mercato di destinazione dell\u2019export tedesco e il sesto fornitore.<br \/>\nI principali comparti delle esportazioni italiane in Germania sono, nell\u2019ordine: siderurgia, macchinari, chimico\/farmaceutico, mezzi di trasporto e alimentare. I principali comparti delle esportazioni tedesche in Italia sono: chimico\/farmaceutico, automotive, elettrotecnica ed elettronica, macchinari e siderurgia.<\/p>\n<p style=\"text-align: justify;\">Secondo i dati ISTAT, il volume dell\u2019interscambio della Germania con l\u2019Italia nel 2021 \u00e8 stato pari a circa 142,5 miliardi di euro, di cui 66,90 miliardi di euro in esportazioni e 75,67 miliardi di euro in importazioni.<br \/>\nI dati riguardanti il primo semestre del 2022 mostrano un interscambio con l\u2019Italia di 85,75 miliardi di euro, con un export di 39,53 miliardi di euro e un import di 46,21 miliardi di euro. Questo primo semestre del 2022 mostra una crescita del 23,3% rispetto ai valori raggiunti il primo semestre del 2021.<br \/>\nAnche dal punto di vista dei rapporti fra le due societ\u00e0 civili, le relazioni bilaterali sono molto intense e si nutrono di una consistente e ben integrata comunit\u00e0 italiana in Germania, di contatti e rapporti di elevatissima qualit\u00e0, sia a livello culturale che accademico.<br \/>\nLe aziende italiane interessate a sviluppare con la Germania rapporti di affari solidi e duraturi dispongono dunque di un contesto e di condizioni di partenza fortemente favorevoli, cos\u00ec come per le imprese gi\u00e0 consolidate e per le start up italiane, sempre pi\u00f9 presenti sul mercato tedesco.<\/p>\n<p style=\"text-align: justify;\">Per maggiori informazioni consulta questa pagina di <a href=\"https:\/\/www.infomercatiesteri.it\/paese.php?id_paesi=69\" target=\"_blank\" rel=\"noopener\">Info MercatiEsteri<\/a>.<br \/>\n<a href=\"https:\/\/www.mef.gov.it\/\" target=\"_blank\" rel=\"noopener\">Principali dati economici strutturali dal sito del Ministero dell\u2019Economia e delle Finanze<\/a><br \/>\n<a href=\"https:\/\/www.bancaditalia.it\/pubblicazioni\/bollettino-economico\/index.html?com.dotmarketing.htmlpage.language=102\" target=\"_blank\" rel=\"noopener\">Bollettino Economico della Banca d\u2019Italia<\/a><\/p>\n<\/div>\n<\/div>\n<p>&nbsp;<\/p>\n","protected":false},"excerpt":{"rendered":"Italia e Germania sono entrambi Paesi fondatori dell\u2019Unione Europea e condividono la comune appartenenza all\u2019Eurozona. Il legame transatlantico della NATO ha storicamente fornito ulteriori importanti motivi di cooperazione. Gli incontri e la collaborazione fra i Governi dei due Paesi e fra le loro istituzioni sono molto intensi e registrano ampie convergenze di vedute su numerose [&hellip;]","protected":false},"author":3,"featured_media":0,"parent":13,"menu_order":0,"comment_status":"closed","ping_status":"closed","template":"","meta":{"footnotes":""},"class_list":["post-194","page","type-page","status-publish","hentry"],"_links":{"self":[{"href":"https:\/\/consmonacodibaviera.esteri.it\/it\/wp-json\/wp\/v2\/pages\/194","targetHints":{"allow":["GET"]}}],"collection":[{"href":"https:\/\/consmonacodibaviera.esteri.it\/it\/wp-json\/wp\/v2\/pages"}],"about":[{"href":"https:\/\/consmonacodibaviera.esteri.it\/it\/wp-json\/wp\/v2\/types\/page"}],"author":[{"embeddable":true,"href":"https:\/\/consmonacodibaviera.esteri.it\/it\/wp-json\/wp\/v2\/users\/3"}],"replies":[{"embeddable":true,"href":"https:\/\/consmonacodibaviera.esteri.it\/it\/wp-json\/wp\/v2\/comments?post=194"}],"version-history":[{"count":0,"href":"https:\/\/consmonacodibaviera.esteri.it\/it\/wp-json\/wp\/v2\/pages\/194\/revisions"}],"up":[{"embeddable":true,"href":"https:\/\/consmonacodibaviera.esteri.it\/it\/wp-json\/wp\/v2\/pages\/13"}],"wp:attachment":[{"href":"https:\/\/consmonacodibaviera.esteri.it\/it\/wp-json\/wp\/v2\/media?parent=194"}],"curies":[{"name":"wp","href":"https:\/\/api.w.org\/{rel}","templated":true}]}}