{"id":185,"date":"2023-02-06T12:45:35","date_gmt":"2023-02-06T11:45:35","guid":{"rendered":"https:\/\/consmonacodibaviera.esteri.it\/?page_id=185"},"modified":"2024-05-21T16:03:26","modified_gmt":"2024-05-21T14:03:26","slug":"contatti","status":"publish","type":"page","link":"https:\/\/consmonacodibaviera.esteri.it\/it\/chi-siamo\/contatti\/","title":{"rendered":"Contatti"},"content":{"rendered":"<div>\n<p>Gli Uffici del Consolato Generale ricevono per appuntamento.<\/p>\n<p>&gt; <a href=\"https:\/\/prenotami.esteri.it\/\">Prenota on-line un appuntamento al Consolato<\/a><\/p>\n<\/div>\n<p>&nbsp;<\/p>\n<p><strong>Ufficio AIRE<\/strong><\/p>\n<div>\n<p>E-Mail: <a href=\"mailto:aire.monacobaviera@esteri.it\">aire.monacobaviera@esteri.it<\/a><br \/>\nPEC: <a href=\"mailto:con.monacodibaviera.anagrafe@cert.esteri.it\">con.monacodibaviera.anagrafe@cert.esteri.it<\/a> \u00a0&#8211; indirizzo abilitato esclusivamente alla ricezione di posta elettronica certificata (PEC)<\/p>\n<p><strong>Ufficio Amministrativo<\/strong><br \/>\nFax +49 (0)89 473134<br \/>\nE-Mail: <a href=\"mailto:amministrazione.monacobaviera@esteri.it\">amministrazione.monacobaviera@esteri.it<\/a><br \/>\nPEC: <a href=\"mailto:con.monacodibaviera@cert.esteri.it\">con.monacodibaviera@cert.esteri.it<\/a> \u00a0&#8211; indirizzo abilitato esclusivamente alla ricezione di posta elettronica certificata (PEC)<\/p>\n<p><strong>Ufficio Carte d&#8217;Identit\u00e0<\/strong><br \/>\nE-Mail: <a href=\"mailto:ci_conmoba@esteri.it\">ci_conmoba@esteri.it<\/a><br \/>\nPEC: <a href=\"mailto:con.monacodibaviera.pass@cert.esteri.it\">con.monacodibaviera.pass@cert.esteri.it<\/a> \u00a0&#8211; indirizzo abilitato esclusivamente alla ricezione di posta elettronica certificata (PEC)<\/p>\n<p><strong>Ufficio Cittadinanza<\/strong><br \/>\nE-Mail: <a href=\"mailto:cittadinanza.monacobaviera@esteri.it\">cittadinanza.monacobaviera@esteri.it<\/a><br \/>\nPEC: <a href=\"mailto:con.monacodibaviera.anagrafe@cert.esteri.it\">con.monacodibaviera.anagrafe@cert.esteri.it<\/a> \u00a0&#8211; indirizzo abilitato esclusivamente alla ricezione di posta elettronica certificata (PEC)<\/p>\n<p><strong>Ufficio Elettorale<\/strong><br \/>\nEmail: <a href=\"mailto:monacobaviera.elettorale@esteri.it\">monacobaviera.elettorale@esteri.it<\/a><br \/>\nPEC: <a href=\"mailto:con.monacodibaviera.anagrafe@cert.esteri.it\">con.monacodibaviera.anagrafe@cert.esteri.it<\/a> \u00a0&#8211; indirizzo abilitato esclusivamente alla ricezione di posta elettronica certificata (PEC)<\/p>\n<p><strong>Ufficio Passaporti<\/strong><br \/>\nE-Mail: <a href=\"mailto:passaporti.monacobaviera@esteri.it\">passaporti.monacobaviera@esteri.it<\/a><br \/>\nPEC: <a href=\"mailto:con.monacodibaviera.pass@cert.esteri.it\">con.monacodibaviera.pass@cert.esteri.it<\/a> \u00a0&#8211; indirizzo abilitato esclusivamente alla ricezione di posta elettronica certificata (PEC)<\/p>\n<p><strong>Ufficio Scolastico<\/strong><br \/>\nDirigente scolastica Prof.ssa Maria Andreina Le Foche<br \/>\nInformazioni per i Corsi di Lingua e cultura italiana, consulenza scolastica, orientamento scolastico<br \/>\nTel. +49 (0)89 4180030 (orario telefonico: marted\u00ec, mercoled\u00ec e venerd\u00ec dalle ore 9:30 alle ore 12:00)<br \/>\nEmail: <a href=\"mailto:scuola.monacobaviera@esteri.it\">scuola.monacobaviera@esteri.it<\/a><br \/>\nPEC: con.monacodibaviera@cert.esteri.it &#8211; indirizzo abilitato esclusivamente alla ricezione di posta elettronica certificata (PEC)<br \/>\n<em>L&#8217;Ufficio scuola riceve previo appuntamento da chiedere via email<\/em><\/p>\n<p><strong>Ufficio Sociale<\/strong><br \/>\nTel +49 (0)89 4180030 (tutti i giorni lavorativi dalle ore 09:00 alle ore 13:00)<br \/>\nE-Mail: <a href=\"mailto:sociale.monacobaviera@esteri.it\">sociale.monacobaviera@esteri.it<\/a><br \/>\nPEC: <a href=\"mailto:con.monacodibaviera@cert.esteri.it\">con.monacodibaviera@cert.esteri.it<\/a> \u00a0&#8211; indirizzo abilitato esclusivamente alla ricezione di posta elettronica certificata (PEC)<\/p>\n<p><strong>Ufficio Stato Civile<\/strong><br \/>\nE-Mail: <a href=\"mailto:monacobaviera.statocivile@esteri.it\">monacobaviera.statocivile@esteri.it<\/a><br \/>\nPEC: <a href=\"mailto:con.monacodibaviera.statocivile@cert.esteri.it\">con.monacodibaviera.statocivile@cert.esteri.it<\/a>\u00a0 &#8211; indirizzo abilitato esclusivamente alla ricezione di posta elettronica certificata (PEC)<\/p>\n<p><strong>Segreteria del Console Generale<br \/>\n<\/strong>E-Mail: <a href=\"mailto:segreteria.monacobaviera@esteri.it\">segreteria.monacobaviera@esteri.it<\/a><\/p>\n<\/div>\n<p>&nbsp;<\/p>\n<p><strong>Centralino<\/strong><br \/>\n<em>Si prega di telefonare solo dopo aver consultato le informazioni presenti nelle pagine di questo sito!<\/em><\/p>\n<p>Tel. : <strong>+49 (0)89 4180030<\/strong><\/p>\n<p>&nbsp;<\/p>\n<p>***<\/p>\n<div>\n<p><strong>Istituto Italiano di Cultura<\/strong><br \/>\nTel. +49.(0)89.7463210<br \/>\nFax. +49.(0)89.74632130<br \/>\nWeb: <a href=\"http:\/\/iicmonaco.esteri.it\" target=\"_blank\" rel=\"noopener\">iicmonaco.esteri.it<\/a><br \/>\nE-Mail: <a href=\"mailto:info.iicmonaco@esteri.it\">info.iicmonaco@esteri.it<\/a><\/p>\n<\/div>\n","protected":false},"excerpt":{"rendered":"Gli Uffici del Consolato Generale ricevono per appuntamento. &gt; Prenota on-line un appuntamento al Consolato &nbsp; Ufficio AIRE E-Mail: aire.monacobaviera@esteri.it PEC: con.monacodibaviera.anagrafe@cert.esteri.it \u00a0&#8211; indirizzo abilitato esclusivamente alla ricezione di posta elettronica certificata (PEC) Ufficio Amministrativo Fax +49 (0)89 473134 E-Mail: amministrazione.monacobaviera@esteri.it PEC: con.monacodibaviera@cert.esteri.it \u00a0&#8211; indirizzo abilitato esclusivamente alla ricezione di posta elettronica certificata (PEC) Ufficio [&hellip;]","protected":false},"author":3,"featured_media":0,"parent":9,"menu_order":6,"comment_status":"closed","ping_status":"closed","template":"","meta":{"footnotes":""},"class_list":["post-185","page","type-page","status-publish","hentry"],"_links":{"self":[{"href":"https:\/\/consmonacodibaviera.esteri.it\/it\/wp-json\/wp\/v2\/pages\/185","targetHints":{"allow":["GET"]}}],"collection":[{"href":"https:\/\/consmonacodibaviera.esteri.it\/it\/wp-json\/wp\/v2\/pages"}],"about":[{"href":"https:\/\/consmonacodibaviera.esteri.it\/it\/wp-json\/wp\/v2\/types\/page"}],"author":[{"embeddable":true,"href":"https:\/\/consmonacodibaviera.esteri.it\/it\/wp-json\/wp\/v2\/users\/3"}],"replies":[{"embeddable":true,"href":"https:\/\/consmonacodibaviera.esteri.it\/it\/wp-json\/wp\/v2\/comments?post=185"}],"version-history":[{"count":6,"href":"https:\/\/consmonacodibaviera.esteri.it\/it\/wp-json\/wp\/v2\/pages\/185\/revisions"}],"predecessor-version":[{"id":1847,"href":"https:\/\/consmonacodibaviera.esteri.it\/it\/wp-json\/wp\/v2\/pages\/185\/revisions\/1847"}],"up":[{"embeddable":true,"href":"https:\/\/consmonacodibaviera.esteri.it\/it\/wp-json\/wp\/v2\/pages\/9"}],"wp:attachment":[{"href":"https:\/\/consmonacodibaviera.esteri.it\/it\/wp-json\/wp\/v2\/media?parent=185"}],"curies":[{"name":"wp","href":"https:\/\/api.w.org\/{rel}","templated":true}]}}