{"id":181,"date":"2023-02-06T12:46:16","date_gmt":"2023-02-06T11:46:16","guid":{"rendered":"https:\/\/consmonacodibaviera.esteri.it\/?page_id=181"},"modified":"2023-06-03T23:10:11","modified_gmt":"2023-06-03T21:10:11","slug":"numeri-di-emergenza","status":"publish","type":"page","link":"https:\/\/consmonacodibaviera.esteri.it\/it\/chi-siamo\/numeri-di-emergenza\/","title":{"rendered":"Numeri di emergenza"},"content":{"rendered":"<div class=\"entry-content\">\n<p><strong>Servizio di reperibilit\u00e0<br \/>\n<\/strong>Il servizio di reperibilit\u00e0 del Consolato Generale d&#8217;Italia a Monaco di Baviera \u00e8 riservato a interventi di emergenza riguardanti il L\u00e4nde della Baviera che non possano essere rimandati al normale orario di apertura degli uffici.<br \/>\nIl servizio di reperibilit\u00e0 per la circoscrizione consolare della Baviera, disponibile componendo il numero di rete fissa tedesca <strong>T +49 (0)1728332099<\/strong>, \u00e8 attivo nei seguenti orari:<br \/>\n\u2013 nei giorni infrasettimanali (dal lunedi al venerd\u00ec) dalle <strong>ore 18:00 alle 22:00<\/strong><br \/>\n\u2013 nei fine settimana e nei giorni festivi dalle <strong>ore 09:00 alle 22:00<\/strong>.<\/p>\n<p><strong>ATTENZIONE<\/strong>: Per i casi di emergenza in altre regioni o Stati federati tedeschi (L\u00e4nder) si prega di contattare direttamente il numero del proprio Consolato di riferimento:<br \/>\n<a href=\"https:\/\/ambberlino.esteri.it\/wp-content\/uploads\/2023\/03\/numero_di_emergenza_consolati_in_germania.pdf\" target=\"_blank\" rel=\"noopener\"><strong>&gt; ELENCO DEI CONSOLATI ITALIANI IN GERMANIA CON NUMERO DI EMERGENZA<\/strong><\/a><br \/>\n<a href=\"https:\/\/serviziconsolari.esteri.it\/ScoFE\/services\/consulate\/find-consulate.sco\" target=\"_blank\" rel=\"noopener\"><strong>&gt; RICERCA DEL CONSOLATO DI RIFERIMENTO<\/strong><\/a><\/p>\n<p>In caso di\u00a0<strong>ASSOLUTA EMERGENZA<\/strong>\u00a0in orari diversi da quelli di apertura degli uffici o di reperibilit\u00e0, \u00e8 possibile contattare i due seguenti numeri del Ministero degli Affari Esteri e della Cooperazione Internazionale:<br \/>\n\u2013 funzionario di turno del Ministero degli Affari Esteri e della Cooperazione Internazionale: <strong>T +39 06 3691 2666<\/strong><br \/>\n\u2013 Unit\u00e0 di Crisi: <strong>T<\/strong> <strong>+39 06 36225<\/strong>.<\/p>\n<p><a href=\"https:\/\/ambberlino.esteri.it\/wp-content\/uploads\/2023\/03\/numeri_emergenze_pagina_web-12.docx\" target=\"_blank\" rel=\"noopener\">Informazioni, contatti e numeri utili<\/a><br \/>\n<a href=\"https:\/\/ambberlino.esteri.it\/wp-content\/uploads\/2023\/03\/furto_o_smarrimento.pdf\" target=\"_blank\" rel=\"noopener\">Furto o smarrimento di documenti di identit\u00e0\u00a0<\/a><br \/>\n<a href=\"https:\/\/ambberlino.esteri.it\/wp-content\/uploads\/2023\/01\/Stazioni-di-polizia-nella-circoscrizione-consolare-di-Berlino.pdf\" target=\"_blank\" rel=\"noopener\">Elenco dei principali commissariati di polizia nella circoscrizione consolare di Berlino<\/a><\/p>\n<\/div>\n","protected":false},"excerpt":{"rendered":"Servizio di reperibilit\u00e0 Il servizio di reperibilit\u00e0 del Consolato Generale d&#8217;Italia a Monaco di Baviera \u00e8 riservato a interventi di emergenza riguardanti il L\u00e4nde della Baviera che non possano essere rimandati al normale orario di apertura degli uffici. Il servizio di reperibilit\u00e0 per la circoscrizione consolare della Baviera, disponibile componendo il numero di rete fissa [&hellip;]","protected":false},"author":3,"featured_media":0,"parent":9,"menu_order":8,"comment_status":"closed","ping_status":"closed","template":"","meta":{"footnotes":""},"class_list":["post-181","page","type-page","status-publish","hentry"],"_links":{"self":[{"href":"https:\/\/consmonacodibaviera.esteri.it\/it\/wp-json\/wp\/v2\/pages\/181","targetHints":{"allow":["GET"]}}],"collection":[{"href":"https:\/\/consmonacodibaviera.esteri.it\/it\/wp-json\/wp\/v2\/pages"}],"about":[{"href":"https:\/\/consmonacodibaviera.esteri.it\/it\/wp-json\/wp\/v2\/types\/page"}],"author":[{"embeddable":true,"href":"https:\/\/consmonacodibaviera.esteri.it\/it\/wp-json\/wp\/v2\/users\/3"}],"replies":[{"embeddable":true,"href":"https:\/\/consmonacodibaviera.esteri.it\/it\/wp-json\/wp\/v2\/comments?post=181"}],"version-history":[{"count":0,"href":"https:\/\/consmonacodibaviera.esteri.it\/it\/wp-json\/wp\/v2\/pages\/181\/revisions"}],"up":[{"embeddable":true,"href":"https:\/\/consmonacodibaviera.esteri.it\/it\/wp-json\/wp\/v2\/pages\/9"}],"wp:attachment":[{"href":"https:\/\/consmonacodibaviera.esteri.it\/it\/wp-json\/wp\/v2\/media?parent=181"}],"curies":[{"name":"wp","href":"https:\/\/api.w.org\/{rel}","templated":true}]}}