{"id":13,"date":"2023-02-03T15:43:05","date_gmt":"2023-02-03T14:43:05","guid":{"rendered":"https:\/\/consmonacodibaviera.esteri.it\/?page_id=13"},"modified":"2023-06-04T01:12:21","modified_gmt":"2023-06-03T23:12:21","slug":"italia-e-germania","status":"publish","type":"page","link":"https:\/\/consmonacodibaviera.esteri.it\/it\/italia-e-germania\/","title":{"rendered":"Italia e Germania"},"content":{"rendered":"<p style=\"text-align: justify;\">Le relazioni italo-tedesche sono molto intense in ogni settore della cooperazione bilaterale \u2013 politica, economia e commercio, scienza, cultura. \u00a0\u00a0Questa condizione \u00e8 il risultato della vicinanza storica, politica e culturale dei due Paesi, ma anche \u00a0del rapporto straordinariamente intenso tra le economie e i rispettivi sistemi produttivi e del legame speciale tra le societ\u00e0 civili.<\/p>\n<p style=\"text-align: justify;\">Gli incontri istituzionali \u2013 a livello di Capi di Stato, nell\u2019interazione tra i Governi e tra le rappresentanze parlamentari \u2013 sono proporzionali alla robustezza e alla vivacit\u00e0 di tali relazioni.<\/p>\n<p style=\"text-align: justify;\">In politica estera si registrano tradizionali sintonie sulle principali questioni internazionali e su un approccio che privilegia la mediazione politica nei tentativi di ricomposizione delle principali crisi regionali. Su molti temi Italia e Germania lavorano sulla base di una tangibile vicinanza di vedute e obiettivi, dal sostegno all\u2019Ucraina, alla collaborazione con i Paesi del Vicinato meridionale, fino all\u2019avvicinamento alla UE dei Balcani Occidentali. La salvaguardia dell\u2019ordine multilaterale basato sulle regole ed il rafforzamento dell\u2019autonomia strategica europea sono ulteriore punto di contatto e percorso di collaborazione tra i due Paesi, cos\u00ec come la comune, convinta appartenenza alla NATO.<\/p>\n<p style=\"text-align: justify;\">Molto importante \u00e8 anche l\u2019impulso garantito dai Capi di Stato, che hanno mantenuto negli anni una proficua continuit\u00e0 nei contatti. Nel settembre 2020 \u00e8 stato istituito il \u201cPremio dei Presidenti\u201d, riservato a Comuni italiani e tedeschi che, con progetti di partenariato e gemellaggio, contribuiscono al rapporto tra i due popoli. Il premio \u00e8 stato conferito per la prima volta nell\u2019ottobre 2021, in occasione della visita a Berlino del Presidente Mattarella.<\/p>\n<p style=\"text-align: justify;\">Frequente e articolata \u00e8 anche l\u2019interazione a livello parlamentare, che pu\u00f2 contare tra l\u2019altro su dedicati \u201cgruppi di amicizia\u201d bilaterale presenti nei Parlamenti dei due Paesi.<\/p>\n<p style=\"text-align: justify;\">\u00c8 infine intenso anche il dialogo a livello di societ\u00e0 civile, promosso da istituzioni ed enti dei due Paesi a ci\u00f2 dedicate, come il Centro italo-tedesco di \u201cVilla Vigoni\u201d, che promuove la cooperazione bilaterale nei settori della cultura, della ricerca scientifica e socio-politica, della formazione. A settembre 2021 \u00e8 stato lanciato il \u201cGerman-Italian Youth Forum\u201d o Forum Spinelli, che riunisce giovani dei due Paesi in dibattiti sul futuro dell\u2019integrazione europea.<\/p>\n<p style=\"text-align: justify;\"><strong>Accordi conclusi tra l\u2019Italia e la Germania<\/strong><br \/>\nTutti gli accordi e i trattati conclusi fra l\u2019Italia e la Germania sono disponibili nell\u2019<a href=\"https:\/\/itra.esteri.it\/\" target=\"_blank\" rel=\"noopener\">Archivio dei Trattati internazionali del Ministero degli Affari Esteri italiano.<\/a><\/p>\n<p>&nbsp;<\/p>\n","protected":false},"excerpt":{"rendered":"Le relazioni italo-tedesche sono molto intense in ogni settore della cooperazione bilaterale \u2013 politica, economia e commercio, scienza, cultura. \u00a0\u00a0Questa condizione \u00e8 il risultato della vicinanza storica, politica e culturale dei due Paesi, ma anche \u00a0del rapporto straordinariamente intenso tra le economie e i rispettivi sistemi produttivi e del legame speciale tra le societ\u00e0 civili. [&hellip;]","protected":false},"author":1,"featured_media":0,"parent":0,"menu_order":0,"comment_status":"closed","ping_status":"closed","template":"","meta":{"footnotes":""},"class_list":["post-13","page","type-page","status-publish","hentry"],"_links":{"self":[{"href":"https:\/\/consmonacodibaviera.esteri.it\/it\/wp-json\/wp\/v2\/pages\/13","targetHints":{"allow":["GET"]}}],"collection":[{"href":"https:\/\/consmonacodibaviera.esteri.it\/it\/wp-json\/wp\/v2\/pages"}],"about":[{"href":"https:\/\/consmonacodibaviera.esteri.it\/it\/wp-json\/wp\/v2\/types\/page"}],"author":[{"embeddable":true,"href":"https:\/\/consmonacodibaviera.esteri.it\/it\/wp-json\/wp\/v2\/users\/1"}],"replies":[{"embeddable":true,"href":"https:\/\/consmonacodibaviera.esteri.it\/it\/wp-json\/wp\/v2\/comments?post=13"}],"version-history":[{"count":0,"href":"https:\/\/consmonacodibaviera.esteri.it\/it\/wp-json\/wp\/v2\/pages\/13\/revisions"}],"wp:attachment":[{"href":"https:\/\/consmonacodibaviera.esteri.it\/it\/wp-json\/wp\/v2\/media?parent=13"}],"curies":[{"name":"wp","href":"https:\/\/api.w.org\/{rel}","templated":true}]}}