{"id":1011,"date":"2023-06-06T09:40:12","date_gmt":"2023-06-06T07:40:12","guid":{"rendered":"https:\/\/consmonacodibaviera.esteri.it\/?page_id=1011"},"modified":"2023-06-06T09:40:12","modified_gmt":"2023-06-06T07:40:12","slug":"infomercatiesteri","status":"publish","type":"page","link":"https:\/\/consmonacodibaviera.esteri.it\/it\/italia-e-germania\/diplomazia-economica\/fare-affari-in-germania\/infomercatiesteri\/","title":{"rendered":"InfoMercatiEsteri"},"content":{"rendered":"<p align=\"justify\">Con <strong><a href=\"https:\/\/www.infomercatiesteri.it\/paese.php?id_paesi=69#\" target=\"_blank\" rel=\"noopener\">infoMercatiEsteri<\/a><\/strong> il sito della Farnesina si arricchisce di una piattaforma altamente innovativa e completamente gratuita, ideata e realizzata dalla Direzione Generale per la Promozione del Sistema Paese, per soddisfare la richiesta di informazioni sui mercati esteri proveniente dagli operatori economici nazionali.<\/p>\n<p align=\"justify\">Grazie al costante lavoro di analisi delle Ambasciate e dei Consolati, con la collaborazione delle Unit\u00e0 dell\u2019Agenzia ICE in essi integrate, e ai contributi dell\u2019ENIT e delle Camere di Commercio italiane all\u2019estero, InfoMercatiEsteri mette a disposizione del sistema produttivo italiano uno strumento ricco di informazioni utili per le scelte di internazionalizzazione.<\/p>\n<p align=\"justify\">Scegliendo il percorso di accesso geografico, per ciascun Paese \u00e8 possibile ottenere informazioni su:<\/p>\n<ul>\n<li>\n<div align=\"justify\"><a title=\"outlook economico e politico;\" href=\"http:\/\/www.infomercatiesteri.it\/quadro_macroeconomico.php?id_paesi=69\" target=\"_blank\" rel=\"noopener\">outlook economico e politico;<\/a><\/div>\n<\/li>\n<li>\n<div align=\"justify\"><a title=\"opportunit\u00e0 di mercato e possibilit\u00e0 di partnership con aziende locali e\/o italiane;\" href=\"http:\/\/www.infomercatiesteri.it\/perchepaese.php?id_paesi=69\" target=\"_blank\" rel=\"noopener\">opportunit\u00e0 di mercato e possibilit\u00e0 di partnership con aziende locali e\/o italiane;<\/a><\/div>\n<\/li>\n<li>\n<div align=\"justify\"><a title=\"prossime iniziative promozionali;\" href=\"http:\/\/www.infomercatiesteri.it\/attivita_promozionali.php?id_paesi=69\" target=\"_blank\" rel=\"noopener\">prossime iniziative promozionali;<\/a><\/div>\n<\/li>\n<li>\n<div align=\"justify\"><a href=\"http:\/\/www.infomercatiesteri.it\/rischi_economici.php?id_paesi=69\" target=\"_blank\" rel=\"noopener\">ostacoli agli scambi, criticit\u00e0 negli investimenti e possibili rischi<\/a>;<\/div>\n<\/li>\n<li>\n<div align=\"justify\"><a title=\"accesso al credito\" href=\"http:\/\/www.infomercatiesteri.it\/accesso_credito_oss.php?id_paesi=69\" target=\"_blank\" rel=\"noopener\">accesso al credito;<\/a><\/div>\n<\/li>\n<li>\n<div align=\"justify\"><a title=\"quadro delle presenze italiane e dei rapporti bilaterali\" href=\"http:\/\/www.infomercatiesteri.it\/overview.php?id_paesi=69\" target=\"_blank\" rel=\"noopener\">quadro delle presenze italiane e dei rapporti bilaterali.<\/a><\/div>\n<\/li>\n<\/ul>\n<p>Alternativamente, scegliendo la modalit\u00e0 di accesso settoriale, \u00e8 possibile acquisire informazioni sul settore prescelto, nonch\u00e9 suggerimenti sui Paesi di prioritario interesse in quel settore secondo criteri personalizzabili relativi al commercio, agli investimenti, alle caratteristiche del mercato e alle segnalazioni provenienti dalle Sedi all\u2019estero.<\/p>\n","protected":false},"excerpt":{"rendered":"Con infoMercatiEsteri il sito della Farnesina si arricchisce di una piattaforma altamente innovativa e completamente gratuita, ideata e realizzata dalla Direzione Generale per la Promozione del Sistema Paese, per soddisfare la richiesta di informazioni sui mercati esteri proveniente dagli operatori economici nazionali. Grazie al costante lavoro di analisi delle Ambasciate e dei Consolati, con la [&hellip;]","protected":false},"author":5,"featured_media":0,"parent":409,"menu_order":0,"comment_status":"closed","ping_status":"closed","template":"","meta":{"footnotes":""},"class_list":["post-1011","page","type-page","status-publish","hentry"],"_links":{"self":[{"href":"https:\/\/consmonacodibaviera.esteri.it\/it\/wp-json\/wp\/v2\/pages\/1011","targetHints":{"allow":["GET"]}}],"collection":[{"href":"https:\/\/consmonacodibaviera.esteri.it\/it\/wp-json\/wp\/v2\/pages"}],"about":[{"href":"https:\/\/consmonacodibaviera.esteri.it\/it\/wp-json\/wp\/v2\/types\/page"}],"author":[{"embeddable":true,"href":"https:\/\/consmonacodibaviera.esteri.it\/it\/wp-json\/wp\/v2\/users\/5"}],"replies":[{"embeddable":true,"href":"https:\/\/consmonacodibaviera.esteri.it\/it\/wp-json\/wp\/v2\/comments?post=1011"}],"version-history":[{"count":0,"href":"https:\/\/consmonacodibaviera.esteri.it\/it\/wp-json\/wp\/v2\/pages\/1011\/revisions"}],"up":[{"embeddable":true,"href":"https:\/\/consmonacodibaviera.esteri.it\/it\/wp-json\/wp\/v2\/pages\/409"}],"wp:attachment":[{"href":"https:\/\/consmonacodibaviera.esteri.it\/it\/wp-json\/wp\/v2\/media?parent=1011"}],"curies":[{"name":"wp","href":"https:\/\/api.w.org\/{rel}","templated":true}]}}