{"id":1009,"date":"2023-06-06T09:37:05","date_gmt":"2023-06-06T07:37:05","guid":{"rendered":"https:\/\/consmonacodibaviera.esteri.it\/?page_id=1009"},"modified":"2023-06-06T09:38:41","modified_gmt":"2023-06-06T07:38:41","slug":"enti-di-promozione-italiani-presenti-in-germania","status":"publish","type":"page","link":"https:\/\/consmonacodibaviera.esteri.it\/it\/italia-e-germania\/diplomazia-economica\/fare-affari-in-germania\/enti-di-promozione-italiani-presenti-in-germania\/","title":{"rendered":"Enti di promozione italiani presenti in Germania"},"content":{"rendered":"<div class=\"entry-content\">\n<p><strong>ICE \u2013 Agenzia per la promozione all\u2019estero e l\u2019internazionalizzazione delle imprese italiane<\/strong>\u00a0ha in Germania un Ufficio a Berlino integrato nella rete diplomatico-consolare quale \u201cSezione per la promozione degli scambi\u201d dell\u2019Ambasciata d\u2019Italia a Berlino.<\/p>\n<p><strong>ICE \u2013 Agenzia per la promozione all\u2019estero<\/strong><br \/>\nSchl\u00fcterstrasse 39<br \/>\n10629 Berlin<br \/>\nTel.: +49 (0)30 884403-0<br \/>\nFax: +49 (0)30 884403-10<br \/>\nE-mail:\u00a0<a href=\"mailto:berlino@ice.it\">berlino@ice.it<\/a><a><br \/>\n<\/a>Sito web:\u00a0<a href=\"http:\/\/www.ice.it\/it\/mercati\/germania\/berlino\" target=\"_blank\" rel=\"noopener\">www.ice.it\/it\/mercati\/germania\/berlino<\/a><\/p>\n<\/div>\n<p>&nbsp;<\/p>\n<p><strong>Camere di Commercio italo-tedesche<br \/>\n<\/strong>In Germania sono attive due Camere di Commercio italo-tedesche riconosciute ai sensi della legge 1\u00b0 luglio 1970, n. 518<\/p>\n<p><strong>1. ITKAM \u2013 Camera di Commercio italiana per la Germania<br \/>\n<\/strong>Sede centrale di Francoforte sul Meno<br \/>\nPresidente: Dott. Emanuele Gatti<br \/>\nSegretario Generale: Dott. Eliomaria Narducci<br \/>\nCorneliusstr. 18<br \/>\nD-60325 Frankfurt am Main<br \/>\nTel.: +49 (0)69 97145-210<br \/>\nE-mail: <a href=\"mailto:info@itkam.org\">info@itkam.org<\/a><br \/>\n<a href=\"http:\/\/www.itkam.org\" target=\"_blank\" rel=\"noopener\">www.itkam.org<\/a><br \/>\n<a href=\"http:\/\/www.itkam.org\"><br \/>\n<\/a><strong>Uffici Regionali \u2013 sede di Berlino<\/strong><br \/>\nc\/o Rent 24 COWORKING<br \/>\nOberwallstra\u00dfe 6<br \/>\n10117 Berlin<br \/>\nTel.: +49 (0)30 243104-0<br \/>\nE-mail: <a href=\"https:\/\/ambberlino.esteri.it\/ambasciata_berlino\/berlin@itkam.org\">berlin@itkam.org<\/a><\/p>\n<div>\n<p><strong>Uffici Regionali \u2013 sede di Lipsia<\/strong><br \/>\nGoerdelerring 5<br \/>\nD-04109 Leipzig<br \/>\nTel.: +49 (0)341 98972511<br \/>\nE-mail: l<a href=\"mailto:info@itkam.org\">eipzig@itkam.org<\/a><\/p>\n<p><strong><br \/>\n2. ITALCAM \u2013 Camera di Commercio Italo-Tedesca<\/strong><\/p>\n<p><strong>Italienische Handelskammer M\u00fcnchen-Stuttgart<\/strong><br \/>\nPresidente: Dott.ssa Anna Maria Andretta<br \/>\nSegretario Generale: Dott. Alessandro Marino<br \/>\nLandaubogen 10<br \/>\nD-81373 M\u00fcnchen<br \/>\nTel.: +49 (0)89 961661-70<br \/>\nE-Mail: <a href=\"mailto:info@italcam.de\">info@italcam.de<\/a><br \/>\n<a href=\"http:\/\/www.italcam.de\" target=\"_blank\" rel=\"noopener\">www.italcam.de<\/a><\/p>\n<p><strong>Ufficio di Stoccarda\/Regionalb\u00fcro f\u00fcr Baden-W\u00fcrttemberg<\/strong><br \/>\nDirettore: Dott. Alessandro Marino<br \/>\nLenzhalde 69<br \/>\nD-70192 Stuttgart<br \/>\nTel.: +49 (0)711 22680-42<br \/>\nE-Mail: <a href=\"mailto:stuttgart@italcam.de\">stuttgart@italcam.de<\/a><\/p>\n<\/div>\n<p><strong><br \/>\nENIT locale<\/strong><\/p>\n<div>\n<p><strong>Sede ENIT Francoforte sul Meno<br \/>\n<\/strong>Schaumainkai 87<br \/>\n60596 Frankfurt am Main<br \/>\nTel. +49 (0)69 686047<br \/>\nE-Mail: <a href=\"mailto:frankfurt@enit.it\">frankfurt@enit.it<\/a><br \/>\n<a href=\"https:\/\/www.enit.it\/wwwenit\/it\/sediestere\/europa\/francoforte-sul-meno\/la-sede.html\" target=\"_blank\" rel=\"noopener\">https:\/\/www.enit.it\/it\/francoforte-sul-meno<\/a><\/p>\n<p><strong>Ufficio di rappresentanza di Monaco<\/strong><br \/>\nc\/o Italienisches Kulturinstitut<br \/>\nHermann-Schmid-Stra\u00dfe 8<br \/>\n80336 M\u00fcnchen<br \/>\nTel. +49 (0)89 746321\u201321<br \/>\nEmail: <a href=\"mailto:monaco@enit.it\">monaco@enit.it<\/a><br \/>\n<a href=\"https:\/\/www.enit.it\/wwwenit\/it\/sediestere\/europa\/monaco.html\" target=\"_blank\" rel=\"noopener\">https:\/\/www.enit.it\/it\/monaco<\/a><\/p>\n<\/div>\n","protected":false},"excerpt":{"rendered":"ICE \u2013 Agenzia per la promozione all\u2019estero e l\u2019internazionalizzazione delle imprese italiane\u00a0ha in Germania un Ufficio a Berlino integrato nella rete diplomatico-consolare quale \u201cSezione per la promozione degli scambi\u201d dell\u2019Ambasciata d\u2019Italia a Berlino. ICE \u2013 Agenzia per la promozione all\u2019estero Schl\u00fcterstrasse 39 10629 Berlin Tel.: +49 (0)30 884403-0 Fax: +49 (0)30 884403-10 E-mail:\u00a0berlino@ice.it Sito web:\u00a0www.ice.it\/it\/mercati\/germania\/berlino [&hellip;]","protected":false},"author":5,"featured_media":0,"parent":409,"menu_order":0,"comment_status":"closed","ping_status":"closed","template":"","meta":{"footnotes":""},"class_list":["post-1009","page","type-page","status-publish","hentry"],"_links":{"self":[{"href":"https:\/\/consmonacodibaviera.esteri.it\/it\/wp-json\/wp\/v2\/pages\/1009","targetHints":{"allow":["GET"]}}],"collection":[{"href":"https:\/\/consmonacodibaviera.esteri.it\/it\/wp-json\/wp\/v2\/pages"}],"about":[{"href":"https:\/\/consmonacodibaviera.esteri.it\/it\/wp-json\/wp\/v2\/types\/page"}],"author":[{"embeddable":true,"href":"https:\/\/consmonacodibaviera.esteri.it\/it\/wp-json\/wp\/v2\/users\/5"}],"replies":[{"embeddable":true,"href":"https:\/\/consmonacodibaviera.esteri.it\/it\/wp-json\/wp\/v2\/comments?post=1009"}],"version-history":[{"count":0,"href":"https:\/\/consmonacodibaviera.esteri.it\/it\/wp-json\/wp\/v2\/pages\/1009\/revisions"}],"up":[{"embeddable":true,"href":"https:\/\/consmonacodibaviera.esteri.it\/it\/wp-json\/wp\/v2\/pages\/409"}],"wp:attachment":[{"href":"https:\/\/consmonacodibaviera.esteri.it\/it\/wp-json\/wp\/v2\/media?parent=1009"}],"curies":[{"name":"wp","href":"https:\/\/api.w.org\/{rel}","templated":true}]}}