{"id":986,"date":"2023-06-06T09:19:10","date_gmt":"2023-06-06T07:19:10","guid":{"rendered":"https:\/\/consmonacodibaviera.esteri.it\/?page_id=986"},"modified":"2023-06-06T09:19:52","modified_gmt":"2023-06-06T07:19:52","slug":"nuetzliche-links","status":"publish","type":"page","link":"https:\/\/consmonacodibaviera.esteri.it\/de\/italia-e-germania\/diplomazia-economica\/investieren-in-italien\/nuetzliche-links\/","title":{"rendered":"N\u00fctzliche Links"},"content":{"rendered":"<div class=\"entry-content\">\n<div>\n<div>\n<p><a href=\"http:\/\/www.invitalia.it\/site\/new\/home.html\"><strong>Invitalia<\/strong><\/a>, die nationale Agentur f\u00fcr die Anwerbung von Investitionen und Unternehmensentwicklung handelt im Auftrag der Regierung, um die Wettbewerbsf\u00fchigkeit des Landes, besonders S\u00fcditaliens, zu st\u00e4rken und entwicklungsstrategische Bereiche zu unterst\u00fctzen. Sie verfolgt vorrangig folgende Ziele: F\u00f6rderung von Investitionen aus dem Ausland, Unterst\u00fctzung von Innovation und Wachstum des Produktionssystems, Aussch\u00f6pfen der Kapazit\u00e4ten der verschiedenen Regionen.<\/p>\n<p><strong><a href=\"http:\/\/www.unioncamere.gov.it\/\">Unioncamere \u2013 Italienischer Verband der Industrie-, Handels- und Handwerkskammern<\/a>: <\/strong>Der Verband pflegt und vertritt die allgemeinen Interessen der Handelskammern als Ansprechpartner der gewerblichen Wirtschaft lokal wie auch national und international. Zudem f\u00f6rdert, realisiert und gestaltet er direkt oder \u00fcber eigene Fachagenturen Dienstleistungen und Aktivit\u00e4ten im Interesse der Handelskammern und der Wirtschaftsbereiche. Er setzt sich f\u00fcr die Konsolidierung und Entwicklung der Zusammenarbeit mit dem Netz der Industrie- und Handelskammern ein und erleichtert mit Hilfe fortschrittlicher Technologien den Zugang zu EU-Initiativen und \u2013Programmen. Er f\u00f6rdert internationale Abkommen, um Italien weltweit voranzubringen.<\/p>\n<p><a href=\"https:\/\/www.ice.it\/it\/mercati\/germania\/berlino\"><strong>ICE \u2013 Italienische Agentur f\u00fcr Au\u00dfenhandel <\/strong><\/a>ist eine \u00f6ffentlich-rechtliche K\u00f6rperschaft. Sie hat die Aufgabe, die italienischen Wirtschafts- und Handelsbeziehungen im Ausland zu entwickeln, zu erleichtern und zu f\u00f6rdern. Besonderes Augenmerk gilt dabei den Bed\u00fcrfnissen kleiner und mittlerer Unternehmen, ihrer Konsortien und Zusammenschl\u00fcsse.<br \/>\nDas weltweite ICE-Netz bietet italienischen Unternehmen mit 79 B\u00fcros Hilfe und Beratung an.<br \/>\nDie T\u00e4tigkeit dieser ICE-Auslandsb\u00fcros ist darauf ausgerichtet, Hilfs- und Beratungsdienstleistungen anzubieten, Werbeaktionen f\u00fcr einzelne Unternehmen und den Standort Italien zu entwickeln, Informationen \u00fcber das Land, Gesch\u00e4ftschancen, internationale Ausschreibungen und Investitionen nach und aus Italien zu erstellen.<\/p>\n<p><a href=\"https:\/\/www.assocamerestero.it\/\"><strong>ASSOCAMERESTERO<\/strong><\/a> vertritt als Verband die italienischen Auslandshandelskammern und Unioncamere. Im Mittelpunkt seiner st\u00e4ndigen Arbeit steht die strategische Ausrichtung der weltweiten Aktivit\u00e4ten der Italienischen Handelskammern im Dienste der internationalen Ausrichtung mittelst\u00e4ndischer Unternehmen und der Werbung f\u00fcr das Made in Italy. Zu diesem Zweck bietet er gezielte organisatorische und projektbezogene Unterst\u00fctzung an.<\/p>\n<p><a href=\"http:\/\/www.confindustria.it\/wps\/portal\/EN\/siteEN\"><strong>Confindustria \u2013 Italienischer Industrieverband<\/strong><\/a>: Der 1910 gegr\u00fcndete Industrieverband Confindustria ist die f\u00fchrende Interessenvertretung der Verarbeitungsindustrie und Dienstleistungsunternehmen in Italien.<br \/>\nAls freiwillige Mitglieder geh\u00f6ren ihm 147.000 Unternehmen aller Gr\u00f6\u00dfen mit insgesamt rund 5.416.777 Mitarbeitern an.<br \/>\nZu den satzungsm\u00e4\u00dfigen Aufgaben der Confindustria z\u00e4hlt es, gemeinsam mit den politischen Institutionen und den wirtschaftlichen, sozialen und kulturellen, nationalen und internationalen Organisationen zum Wirtschaftswachstum und zum sozialen Fortschritt des Landes beizutragen.<\/p>\n<p><strong>Regionen <\/strong>(Webseiten auf Italienisch)<strong>:<\/strong><\/p>\n<ul>\n<li><a href=\"http:\/\/www.regione.abruzzo.it\/\">ABRUZZEN<\/a><\/li>\n<li><a href=\"http:\/\/www.regione.basilicata.it\/giunta\/site\/giunta\/home.jsp\">BASILIKATA<\/a><\/li>\n<li><a href=\"http:\/\/www.regione.calabria.it\/\">KALABRIEN<\/a><\/li>\n<li><a href=\"http:\/\/www.regione.campania.it\/\">KAMPANIEN<\/a><\/li>\n<li><a href=\"http:\/\/www.regione.emilia-romagna.it\/\">EMILIA-ROMAGNA<\/a><\/li>\n<li><a href=\"http:\/\/www.regione.fvg.it\/rafvg\/cms\/RAFVG\/\">FRIAUL JULISCH VENETIEN <\/a><\/li>\n<li><a href=\"https:\/\/www.regione.lazio.it\/\">LATIUM<\/a><\/li>\n<li><a href=\"http:\/\/www.regione.liguria.it\/\">LIGURIEN<\/a><\/li>\n<li><a href=\"http:\/\/www.regione.lombardia.it\/cs\/Satellite?c=Page&amp;childpagename=HomeSPRL\/HomePageLayout&amp;cid=1194454760265&amp;pagename=HMSPRLWrapper&amp;rendermode=live\">LOMBARDEI<\/a><\/li>\n<li><a href=\"http:\/\/www.regione.marche.it\/\">MARKEN<\/a><\/li>\n<li><a href=\"http:\/\/www3.regione.molise.it\/flex\/cm\/pages\/ServeBLOB.php\/L\/IT\/IDPagina\/1\">MOLISE<\/a><\/li>\n<li><a href=\"http:\/\/www.regione.piemonte.it\/\">PIEMONT<\/a><\/li>\n<li><a class=\"focus--mouse\" href=\"http:\/\/www.regione.puglia.it\/\" data-focus-mouse=\"true\">APULIEN<\/a><\/li>\n<li><a href=\"http:\/\/www.regione.sardegna.it\/\">SARDINIEN<\/a><\/li>\n<li><a href=\"http:\/\/pti.regione.sicilia.it\/portal\/page\/portal\/PIR_PORTALE\">SIZILIEN<\/a><\/li>\n<li><a href=\"http:\/\/www.regione.toscana.it\/\">TOSKANA<\/a><\/li>\n<li><a href=\"http:\/\/www.regione.taa.it\/\">TRENTINO-S\u00dcDTIROL<\/a><\/li>\n<li><a href=\"http:\/\/www.regione.umbria.it\/home\">UMBRIEN<\/a><\/li>\n<li><a href=\"http:\/\/www.regione.vda.it\/\">AOSTATAL<\/a><\/li>\n<li><a href=\"http:\/\/www.regione.veneto.it\/web\/guest\">VENETIEN<\/a><\/li>\n<\/ul>\n<\/div>\n<\/div>\n<\/div>\n","protected":false},"excerpt":{"rendered":"Invitalia, die nationale Agentur f\u00fcr die Anwerbung von Investitionen und Unternehmensentwicklung handelt im Auftrag der Regierung, um die Wettbewerbsf\u00fchigkeit des Landes, besonders S\u00fcditaliens, zu st\u00e4rken und entwicklungsstrategische Bereiche zu unterst\u00fctzen. Sie verfolgt vorrangig folgende Ziele: F\u00f6rderung von Investitionen aus dem Ausland, Unterst\u00fctzung von Innovation und Wachstum des Produktionssystems, Aussch\u00f6pfen der Kapazit\u00e4ten der verschiedenen Regionen. Unioncamere [&hellip;]","protected":false},"author":5,"featured_media":0,"parent":406,"menu_order":0,"comment_status":"closed","ping_status":"closed","template":"","meta":{"footnotes":""},"class_list":["post-986","page","type-page","status-publish","hentry"],"_links":{"self":[{"href":"https:\/\/consmonacodibaviera.esteri.it\/de\/wp-json\/wp\/v2\/pages\/986","targetHints":{"allow":["GET"]}}],"collection":[{"href":"https:\/\/consmonacodibaviera.esteri.it\/de\/wp-json\/wp\/v2\/pages"}],"about":[{"href":"https:\/\/consmonacodibaviera.esteri.it\/de\/wp-json\/wp\/v2\/types\/page"}],"author":[{"embeddable":true,"href":"https:\/\/consmonacodibaviera.esteri.it\/de\/wp-json\/wp\/v2\/users\/5"}],"replies":[{"embeddable":true,"href":"https:\/\/consmonacodibaviera.esteri.it\/de\/wp-json\/wp\/v2\/comments?post=986"}],"version-history":[{"count":0,"href":"https:\/\/consmonacodibaviera.esteri.it\/de\/wp-json\/wp\/v2\/pages\/986\/revisions"}],"up":[{"embeddable":true,"href":"https:\/\/consmonacodibaviera.esteri.it\/de\/wp-json\/wp\/v2\/pages\/406"}],"wp:attachment":[{"href":"https:\/\/consmonacodibaviera.esteri.it\/de\/wp-json\/wp\/v2\/media?parent=986"}],"curies":[{"name":"wp","href":"https:\/\/api.w.org\/{rel}","templated":true}]}}