{"id":981,"date":"2023-06-06T09:16:32","date_gmt":"2023-06-06T07:16:32","guid":{"rendered":"https:\/\/consmonacodibaviera.esteri.it\/?page_id=981"},"modified":"2023-06-06T09:17:07","modified_gmt":"2023-06-06T07:17:07","slug":"volkswirtschaftliche-rahmenbedingungen","status":"publish","type":"page","link":"https:\/\/consmonacodibaviera.esteri.it\/de\/italia-e-germania\/diplomazia-economica\/investieren-in-italien\/volkswirtschaftliche-rahmenbedingungen\/","title":{"rendered":"Volkswirtschaftliche Rahmenbedingungen"},"content":{"rendered":"<div class=\"entry-content\">\n<p><strong>Aktuelle Daten \u00fcber die italienische Wirtschaftsentwicklung sind bei den unten aufgef\u00fchrten Quellen zu finden.<\/strong><\/p>\n<p><strong>Banca d\u2019Italia<\/strong><br \/>\nAuf der\u00a0<a href=\"http:\/\/www.bancaditalia.it\/homepage\/index.html?com.dotmarketing.htmlpage.language=1\" target=\"_blank\" rel=\"noopener\"><strong>Webseite der<\/strong>\u00a0<strong>Banca d\u2019Italia<\/strong><\/a>\u00a0gibt es einen Link zum Bereich Ver\u00f6ffentlichungen (unter \u201epubblicazioni\u201c). Dar\u00fcber hat man Zugang zu Wirtschafts- und Statistikdiensten und Informationen \u00fcber die W\u00e4hrungspolitik in Italien. Von besonderem Interesse f\u00fcr eine akkurate und aktuelle Analyse des Wirtschaftsumfelds in Italien ist in dieser Rubrik das Wirtschaftsbulletin (Bollettino Economico), das im November und M\u00e4rz jedes Jahres aktualisiert wird.<\/p>\n<p><strong>ISTAT<\/strong><br \/>\n<a href=\"http:\/\/www.istat.it\/en\/\" target=\"_blank\" rel=\"noopener\"><strong>Das Nationale Statistikinstitut<\/strong><\/a>\u00a0liefert aggregierte Daten zu allen Wirtschaftsindikatoren des Landes.<\/p>\n<p><strong>Eurostat<\/strong><br \/>\n<a href=\"http:\/\/ec.europa.eu\/eurostat\" target=\"_blank\" rel=\"noopener\"><strong>Das Europ\u00e4ische Statistikinstitut<\/strong><\/a>\u00a0liefert aktuelle Daten zu den wichtigsten Wirtschaftsindikatoren der EU-Staaten.<\/p>\n<p><strong>OECD Countries Italy<\/strong><br \/>\n<a href=\"http:\/\/www.oecd.org\/italy\/\" target=\"_blank\" rel=\"noopener\"><strong>Webseite der<\/strong> <strong>Organisation f\u00fcr wirtschaftliche Zusammenarbeit und Entwicklung (OECD)<\/strong><\/a>, die sich mit Italien befasst und regelm\u00e4\u00dfig Berichte \u00fcber die Entwicklung des Landes liefert, die von eigenen Analysten erstellt werden.<\/p>\n<\/div>\n","protected":false},"excerpt":{"rendered":"Aktuelle Daten \u00fcber die italienische Wirtschaftsentwicklung sind bei den unten aufgef\u00fchrten Quellen zu finden. Banca d\u2019Italia Auf der\u00a0Webseite der\u00a0Banca d\u2019Italia\u00a0gibt es einen Link zum Bereich Ver\u00f6ffentlichungen (unter \u201epubblicazioni\u201c). Dar\u00fcber hat man Zugang zu Wirtschafts- und Statistikdiensten und Informationen \u00fcber die W\u00e4hrungspolitik in Italien. Von besonderem Interesse f\u00fcr eine akkurate und aktuelle Analyse des Wirtschaftsumfelds in [&hellip;]","protected":false},"author":5,"featured_media":0,"parent":406,"menu_order":0,"comment_status":"closed","ping_status":"closed","template":"","meta":{"footnotes":""},"class_list":["post-981","page","type-page","status-publish","hentry"],"_links":{"self":[{"href":"https:\/\/consmonacodibaviera.esteri.it\/de\/wp-json\/wp\/v2\/pages\/981","targetHints":{"allow":["GET"]}}],"collection":[{"href":"https:\/\/consmonacodibaviera.esteri.it\/de\/wp-json\/wp\/v2\/pages"}],"about":[{"href":"https:\/\/consmonacodibaviera.esteri.it\/de\/wp-json\/wp\/v2\/types\/page"}],"author":[{"embeddable":true,"href":"https:\/\/consmonacodibaviera.esteri.it\/de\/wp-json\/wp\/v2\/users\/5"}],"replies":[{"embeddable":true,"href":"https:\/\/consmonacodibaviera.esteri.it\/de\/wp-json\/wp\/v2\/comments?post=981"}],"version-history":[{"count":0,"href":"https:\/\/consmonacodibaviera.esteri.it\/de\/wp-json\/wp\/v2\/pages\/981\/revisions"}],"up":[{"embeddable":true,"href":"https:\/\/consmonacodibaviera.esteri.it\/de\/wp-json\/wp\/v2\/pages\/406"}],"wp:attachment":[{"href":"https:\/\/consmonacodibaviera.esteri.it\/de\/wp-json\/wp\/v2\/media?parent=981"}],"curies":[{"name":"wp","href":"https:\/\/api.w.org\/{rel}","templated":true}]}}