{"id":976,"date":"2023-06-06T09:15:06","date_gmt":"2023-06-06T07:15:06","guid":{"rendered":"https:\/\/consmonacodibaviera.esteri.it\/?page_id=976"},"modified":"2023-06-06T09:15:35","modified_gmt":"2023-06-06T07:15:35","slug":"investitionsmoeglichkeiten","status":"publish","type":"page","link":"https:\/\/consmonacodibaviera.esteri.it\/de\/italia-e-germania\/diplomazia-economica\/investieren-in-italien\/investitionsmoeglichkeiten\/","title":{"rendered":"Investitionsm\u00f6glichkeiten"},"content":{"rendered":"<p><a href=\"https:\/\/www.invitalia.it\/eng\" target=\"_blank\" rel=\"noopener\"><strong>InvestInItaly<\/strong><\/a> ist eine institutionelle Agentur zur F\u00f6rderung ausl\u00e4ndischer Investitionen in Italien. Nur dort sind kostenlose Beratungsdienstleistungen zu finden, die ausl\u00e4ndischen Investoren die Aufnahme von Verbindungen mit Italien erleichtern sollen. Ausl\u00e4ndische Investoren k\u00f6nnen diese Internetseite f\u00fcr alle ben\u00f6tigten Informationen \u00fcber die vorteilhaftesten Investitionschancen bei der Gr\u00fcndung oder Expansion ihrer Unternehmen in Italien nutzen.<\/p>\n","protected":false},"excerpt":{"rendered":"InvestInItaly ist eine institutionelle Agentur zur F\u00f6rderung ausl\u00e4ndischer Investitionen in Italien. Nur dort sind kostenlose Beratungsdienstleistungen zu finden, die ausl\u00e4ndischen Investoren die Aufnahme von Verbindungen mit Italien erleichtern sollen. Ausl\u00e4ndische Investoren k\u00f6nnen diese Internetseite f\u00fcr alle ben\u00f6tigten Informationen \u00fcber die vorteilhaftesten Investitionschancen bei der Gr\u00fcndung oder Expansion ihrer Unternehmen in Italien nutzen.","protected":false},"author":5,"featured_media":0,"parent":406,"menu_order":0,"comment_status":"closed","ping_status":"closed","template":"","meta":{"footnotes":""},"class_list":["post-976","page","type-page","status-publish","hentry"],"_links":{"self":[{"href":"https:\/\/consmonacodibaviera.esteri.it\/de\/wp-json\/wp\/v2\/pages\/976","targetHints":{"allow":["GET"]}}],"collection":[{"href":"https:\/\/consmonacodibaviera.esteri.it\/de\/wp-json\/wp\/v2\/pages"}],"about":[{"href":"https:\/\/consmonacodibaviera.esteri.it\/de\/wp-json\/wp\/v2\/types\/page"}],"author":[{"embeddable":true,"href":"https:\/\/consmonacodibaviera.esteri.it\/de\/wp-json\/wp\/v2\/users\/5"}],"replies":[{"embeddable":true,"href":"https:\/\/consmonacodibaviera.esteri.it\/de\/wp-json\/wp\/v2\/comments?post=976"}],"version-history":[{"count":0,"href":"https:\/\/consmonacodibaviera.esteri.it\/de\/wp-json\/wp\/v2\/pages\/976\/revisions"}],"up":[{"embeddable":true,"href":"https:\/\/consmonacodibaviera.esteri.it\/de\/wp-json\/wp\/v2\/pages\/406"}],"wp:attachment":[{"href":"https:\/\/consmonacodibaviera.esteri.it\/de\/wp-json\/wp\/v2\/media?parent=976"}],"curies":[{"name":"wp","href":"https:\/\/api.w.org\/{rel}","templated":true}]}}