{"id":971,"date":"2023-06-06T09:12:48","date_gmt":"2023-06-06T07:12:48","guid":{"rendered":"https:\/\/consmonacodibaviera.esteri.it\/?page_id=971"},"modified":"2023-06-06T09:13:17","modified_gmt":"2023-06-06T07:13:17","slug":"geschaeftsmoeglichkeiten","status":"publish","type":"page","link":"https:\/\/consmonacodibaviera.esteri.it\/de\/italia-e-germania\/diplomazia-economica\/investieren-in-italien\/geschaeftsmoeglichkeiten\/","title":{"rendered":"Gesch\u00e4ftsm\u00f6glichkeiten"},"content":{"rendered":"<p>Die Beschaffung von Informationen \u00fcber den italienischen Markt und die dortigen Gesch\u00e4ftsaussichten sind der erste Schritt f\u00fcr ausl\u00e4ndische Unternehmen auf der Suche nach Investitionsm\u00f6glichkeiten in Italien.<\/p>\n<p>Ausk\u00fcnfte unter folgenden Links:<br \/>\n\u2013 <a href=\"http:\/\/investinitaly.com\/it\/perche-investire-in-italia\">\u201eWhy Invest in Italy\u201c<\/a><br \/>\n\u2013 <a href=\"http:\/\/italiastartupvisa.mise.gov.it\/\">Italia Startup Visa<\/a><\/p>\n","protected":false},"excerpt":{"rendered":"Die Beschaffung von Informationen \u00fcber den italienischen Markt und die dortigen Gesch\u00e4ftsaussichten sind der erste Schritt f\u00fcr ausl\u00e4ndische Unternehmen auf der Suche nach Investitionsm\u00f6glichkeiten in Italien. Ausk\u00fcnfte unter folgenden Links: \u2013 \u201eWhy Invest in Italy\u201c \u2013 Italia Startup Visa","protected":false},"author":5,"featured_media":0,"parent":406,"menu_order":0,"comment_status":"closed","ping_status":"closed","template":"","meta":{"footnotes":""},"class_list":["post-971","page","type-page","status-publish","hentry"],"_links":{"self":[{"href":"https:\/\/consmonacodibaviera.esteri.it\/de\/wp-json\/wp\/v2\/pages\/971","targetHints":{"allow":["GET"]}}],"collection":[{"href":"https:\/\/consmonacodibaviera.esteri.it\/de\/wp-json\/wp\/v2\/pages"}],"about":[{"href":"https:\/\/consmonacodibaviera.esteri.it\/de\/wp-json\/wp\/v2\/types\/page"}],"author":[{"embeddable":true,"href":"https:\/\/consmonacodibaviera.esteri.it\/de\/wp-json\/wp\/v2\/users\/5"}],"replies":[{"embeddable":true,"href":"https:\/\/consmonacodibaviera.esteri.it\/de\/wp-json\/wp\/v2\/comments?post=971"}],"version-history":[{"count":0,"href":"https:\/\/consmonacodibaviera.esteri.it\/de\/wp-json\/wp\/v2\/pages\/971\/revisions"}],"up":[{"embeddable":true,"href":"https:\/\/consmonacodibaviera.esteri.it\/de\/wp-json\/wp\/v2\/pages\/406"}],"wp:attachment":[{"href":"https:\/\/consmonacodibaviera.esteri.it\/de\/wp-json\/wp\/v2\/media?parent=971"}],"curies":[{"name":"wp","href":"https:\/\/api.w.org\/{rel}","templated":true}]}}