{"id":511,"date":"2023-06-04T10:37:57","date_gmt":"2023-06-04T08:37:57","guid":{"rendered":"https:\/\/consmonacodibaviera.esteri.it\/?page_id=511"},"modified":"2023-06-04T10:38:44","modified_gmt":"2023-06-04T08:38:44","slug":"universitaeten","status":"publish","type":"page","link":"https:\/\/consmonacodibaviera.esteri.it\/de\/servizi-consolari-e-visti\/servizi-per-il-cittadino-italiano\/schulabteilung-muenchen\/universitaeten\/","title":{"rendered":"Universit\u00e4ten"},"content":{"rendered":"<p><strong>Studieren in Italien<\/strong><\/p>\n<p>Studienbewerber\/innen, die ihren (Hoch-)Schulabschluss im Ausland erworben haben, ben\u00f6tigen f\u00fcr die Einschreibung an den italienischen Universit\u00e4ten in der Regel eine sogenannte <strong>Wertigkeitserkl\u00e4rung<\/strong> (<strong>dichiarazione di valore<\/strong>) \u00fcber ihre(n) im Ausland erworbene(n) Hochschulreife\/Studienabschluss.<\/p>\n<p><strong>Informieren Sie sich bitte direkt bei der jeweiligen Universit\u00e4t \u00fcber die zur Einschreibung ben\u00f6tigten Dokumente!<\/strong><\/p>\n<p>Weitere Informationen \u00fcber das Studium in Italien finden Sie auch auf der Internetseite der Italienischen Botschaft in Berlin:<\/p>\n<p><a href=\"http:\/\/www.ambberlino.esteri.it\/ambasciata_berlino\/de\/informazioni_e_servizi\/studiare_in_italia\/opportunita_di_studio\">www.ambberlino.esteri.it\/ambasciata_berlino\/de\/informazioni_e_servizi\/studiare_in_italia\/opportunita_di_studio<\/a><\/p>\n<p>\u00a0<\/p>\n<p><strong>Universit\u00e4ten in Italien<\/strong><\/p>\n<p>Informationen von allgemeinem Interesse zur Organisation und zum Funktionieren des italienischen Universit\u00e4tssystems befinden sich auf der Internetseite des <a href=\"http:\/\/www.miur.it\/0002Univer\/index_cf2.htm\">Ministeriums f\u00fcr Bildung, Universit\u00e4t und Forschung<\/a>.<\/p>\n<p>Vollst\u00e4ndige Listen der Universit\u00e4ten k\u00f6nnen mit Hilfe des speziellen <a href=\"http:\/\/www.cineca.it\/index.htm\">Suchmodus CINECA<\/a> eingesehen werden.<\/p>\n<p>Es gibt auch eine den Universit\u00e4ten gewidmete Seite auf der Homepage der &#8222;<a href=\"http:\/\/www.crui.it\/\">CRUI &#8211; Conferenza dei Rettori delle Universit\u00e0 Italiane<\/a>&#8220; (Konferenz der Rektoren italienischer Universit\u00e4ten).<\/p>\n<p>Ausl\u00e4ndische Studenten, die an einem Studium an einer italienischen Universit\u00e4t interessiert sind, finden n\u00fctzliche Informationen zu ihnen reservierten Pl\u00e4tzen auf der Homepage des MIUR im <a href=\"http:\/\/offertaformativa.miur.it\/studenti\/\">Bereich des Bildungsangebots<\/a>.<\/p>\n","protected":false},"excerpt":{"rendered":"Studieren in Italien Studienbewerber\/innen, die ihren (Hoch-)Schulabschluss im Ausland erworben haben, ben\u00f6tigen f\u00fcr die Einschreibung an den italienischen Universit\u00e4ten in der Regel eine sogenannte Wertigkeitserkl\u00e4rung (dichiarazione di valore) \u00fcber ihre(n) im Ausland erworbene(n) Hochschulreife\/Studienabschluss. Informieren Sie sich bitte direkt bei der jeweiligen Universit\u00e4t \u00fcber die zur Einschreibung ben\u00f6tigten Dokumente! Weitere Informationen \u00fcber das Studium in [&hellip;]","protected":false},"author":5,"featured_media":0,"parent":381,"menu_order":0,"comment_status":"closed","ping_status":"closed","template":"","meta":{"footnotes":""},"class_list":["post-511","page","type-page","status-publish","hentry"],"_links":{"self":[{"href":"https:\/\/consmonacodibaviera.esteri.it\/de\/wp-json\/wp\/v2\/pages\/511","targetHints":{"allow":["GET"]}}],"collection":[{"href":"https:\/\/consmonacodibaviera.esteri.it\/de\/wp-json\/wp\/v2\/pages"}],"about":[{"href":"https:\/\/consmonacodibaviera.esteri.it\/de\/wp-json\/wp\/v2\/types\/page"}],"author":[{"embeddable":true,"href":"https:\/\/consmonacodibaviera.esteri.it\/de\/wp-json\/wp\/v2\/users\/5"}],"replies":[{"embeddable":true,"href":"https:\/\/consmonacodibaviera.esteri.it\/de\/wp-json\/wp\/v2\/comments?post=511"}],"version-history":[{"count":0,"href":"https:\/\/consmonacodibaviera.esteri.it\/de\/wp-json\/wp\/v2\/pages\/511\/revisions"}],"up":[{"embeddable":true,"href":"https:\/\/consmonacodibaviera.esteri.it\/de\/wp-json\/wp\/v2\/pages\/381"}],"wp:attachment":[{"href":"https:\/\/consmonacodibaviera.esteri.it\/de\/wp-json\/wp\/v2\/media?parent=511"}],"curies":[{"name":"wp","href":"https:\/\/api.w.org\/{rel}","templated":true}]}}