{"id":502,"date":"2023-06-04T10:33:48","date_gmt":"2023-06-04T08:33:48","guid":{"rendered":"https:\/\/consmonacodibaviera.esteri.it\/?page_id=502"},"modified":"2023-06-04T23:24:37","modified_gmt":"2023-06-04T21:24:37","slug":"sprachkurse","status":"publish","type":"page","link":"https:\/\/consmonacodibaviera.esteri.it\/de\/servizi-consolari-e-visti\/servizi-per-il-cittadino-italiano\/schulabteilung-muenchen\/sprachkurse\/","title":{"rendered":"Sprachkurse"},"content":{"rendered":"<p class=\"AlignRight\"><strong>Konsularischer Erg\u00e4nzungsunterricht<\/strong><\/p>\n<p>&gt; <a href=\"https:\/\/consmonacodibaviera.esteri.it\/wp-content\/uploads\/2023\/06\/11022021_italienischesprachundkulturkurse_2021_2022.pdf\">Allgemeine Informationen<\/a><\/p>\n<p class=\"AlignRight\">&gt; <a href=\"https:\/\/consmonacodibaviera.esteri.it\/wp-content\/uploads\/2023\/06\/modulo_iscrizione-_anmeldeformular_2022_23.pdf\">Anmeldeformular<\/a><\/p>\n<p class=\"AlignRight\">&gt; <a href=\"https:\/\/consmonacodibaviera.esteri.it\/wp-content\/uploads\/2023\/06\/corsi_ita_ep_as_2020-21.pdf\">Liste der italienischen Sprach- und Kulturkurse im Schuljahr 2020-2021<\/a><\/p>\n<p>&nbsp;<\/p>\n<p><strong>Italienische Sprach- und Kulturkurse in Bayern<\/strong><\/p>\n<p>F\u00fcr die \u00dcbersendung der ausgef\u00fcllten Anmeldeformulare und\/oder detaillierte Ausk\u00fcnfte wenden Sie sich bitte an:<\/p>\n<p><strong>AS.SC.IT e.V.<\/strong><br \/>\n<strong>F\u00fcr die Gebiete Unterfranken, Oberfranken, Mittelfranken, Regensburg (Oberpfalz), Ingolstadt, Pfaffenhofen a.d. Ilm (Oberbayern),<\/strong><br \/>\n<strong>M\u00fchlhausen<\/strong><br \/>\nAllersbergerstrasse 185\/A7 \u2013 90461 N\u00fcrnberg; Tel. 0911 47895860; E-Mail: <a href=\"mailto:asscit_nbg@gmx.de\">asscit_nbg@gmx.de<\/a>; homepage: <a href=\"http:\/\/www.asscit-nbg.de\">www.asscit-nbg.de<\/a><\/p>\n<p><strong>Caritas<\/strong><br \/>\n<strong>F\u00fcr Stadt M\u00fcnchen und Umgebung<\/strong><br \/>\nLandwehrstr. 66\/EG-2.OG, 80336 M\u00fcnchen; Tel. 089 55169831; E-mail: <a href=\"mailto:norma.mattarei@caritasmuenchen.de\">norma.mattarei@caritasmuenchen.de<\/a>; homepage: <a href=\"http:\/\/www.caritas-naham-n\u00e4chsten.de\/Ausbildung\">www.caritas-naham-n\u00e4chsten.de\/Ausbildung<\/a><\/p>\n<p><strong>IAL-CISL<\/strong><br \/>\n<strong>F\u00fcr Schwaben, Oberbayern, Niederbayern<\/strong><br \/>\nCharlottenstr. 25, 70182 Stuttgart; Tel. 0711 244929; E-mail: <a href=\"mailto:Amministrazione@ialcisl.de\">Amministrazione@ialcisl.de<\/a>; homepage: <a href=\"http:\/\/www.ialcisl.de\">www.ialcisl.de<\/a><\/p>\n<p><strong>F\u00f6rderstunden<br \/>\n<\/strong><\/p>\n<p>Das Generalkonsulat bietet F\u00f6rderstunden in den F\u00e4chern Deutsch und Mathematik f\u00fcr Sch\u00fclerinnen und Sch\u00fcler italienischer Herkunft an. Die Ma\u00dfnahme richtet sich insbesondere an alle diejenigen, die h\u00f6chstens drei Jahre Schulbesuch nachweisen. Der F\u00f6rderunterricht ist vor allem f\u00fcr Sch\u00fcler des dritten und vierten Jahrgangs gedacht. Je nach Unterrichtsart, ob Einzeln- oder Gruppenkurse, wird ein kleiner finanzieller Beitrag erhoben. Mit der Organisation des F\u00f6rderunterrichts sind italienische Bildungsanstalten beauftragt.<\/p>\n<p>Antragsformular auf F\u00f6rderstunden:<\/p>\n<ul>\n<li><a href=\"https:\/\/consmonacodibaviera.esteri.it\/wp-content\/uploads\/2023\/06\/asscit_11022021antrag_auf_frderstunden_fr_das_schuljahr________________.pdf\">Unterfranken, Oberfranken, Mittelfranken, Regensburg (Oberpfalz), Ingolstadt, Pfaffenhofen a.d. Ilm (Oberbayern), M\u00fchlhausenUnterfranken, Oberfranken, Mittelfranken, Regensburg (Oberpfalz), Ingolstadt, Pfaffenhofen a.d. Ilm (Oberbayern), M\u00fchlhausen<\/a>; Bildungstr\u00e4ger:\u00a0<strong>AS.SC.IT e.V.<\/strong><\/li>\n<li>Stadt <a href=\"https:\/\/consmonacodibaviera.esteri.it\/wp-content\/uploads\/2023\/06\/20161128_mod_rich_sostegno_caritas.pdf\">M\u00fcnchen und Umgebung<\/a>; Bildungstr\u00e4ger: <strong>Caritas Zentrum<\/strong><\/li>\n<li><a href=\"https:\/\/consmonacodibaviera.esteri.it\/wp-content\/uploads\/2023\/06\/20161128_mod_rich_sostegno_ialcisl.pdf\">Schwaben , Oberbayern, NiederbayernSchwaben , Oberbayern, Niederbayern<\/a>; Bildungstr\u00e4ger: <strong>Ial-Cisl<\/strong><\/li>\n<\/ul>\n","protected":false},"excerpt":{"rendered":"Konsularischer Erg\u00e4nzungsunterricht &gt; Allgemeine Informationen &gt; Anmeldeformular &gt; Liste der italienischen Sprach- und Kulturkurse im Schuljahr 2020-2021 &nbsp; Italienische Sprach- und Kulturkurse in Bayern F\u00fcr die \u00dcbersendung der ausgef\u00fcllten Anmeldeformulare und\/oder detaillierte Ausk\u00fcnfte wenden Sie sich bitte an: AS.SC.IT e.V. F\u00fcr die Gebiete Unterfranken, Oberfranken, Mittelfranken, Regensburg (Oberpfalz), Ingolstadt, Pfaffenhofen a.d. Ilm (Oberbayern), M\u00fchlhausen Allersbergerstrasse [&hellip;]","protected":false},"author":5,"featured_media":0,"parent":381,"menu_order":0,"comment_status":"closed","ping_status":"closed","template":"","meta":{"footnotes":""},"class_list":["post-502","page","type-page","status-publish","hentry"],"_links":{"self":[{"href":"https:\/\/consmonacodibaviera.esteri.it\/de\/wp-json\/wp\/v2\/pages\/502","targetHints":{"allow":["GET"]}}],"collection":[{"href":"https:\/\/consmonacodibaviera.esteri.it\/de\/wp-json\/wp\/v2\/pages"}],"about":[{"href":"https:\/\/consmonacodibaviera.esteri.it\/de\/wp-json\/wp\/v2\/types\/page"}],"author":[{"embeddable":true,"href":"https:\/\/consmonacodibaviera.esteri.it\/de\/wp-json\/wp\/v2\/users\/5"}],"replies":[{"embeddable":true,"href":"https:\/\/consmonacodibaviera.esteri.it\/de\/wp-json\/wp\/v2\/comments?post=502"}],"version-history":[{"count":0,"href":"https:\/\/consmonacodibaviera.esteri.it\/de\/wp-json\/wp\/v2\/pages\/502\/revisions"}],"up":[{"embeddable":true,"href":"https:\/\/consmonacodibaviera.esteri.it\/de\/wp-json\/wp\/v2\/pages\/381"}],"wp:attachment":[{"href":"https:\/\/consmonacodibaviera.esteri.it\/de\/wp-json\/wp\/v2\/media?parent=502"}],"curies":[{"name":"wp","href":"https:\/\/api.w.org\/{rel}","templated":true}]}}