{"id":468,"date":"2023-06-04T09:59:19","date_gmt":"2023-06-04T07:59:19","guid":{"rendered":"https:\/\/consmonacodibaviera.esteri.it\/?page_id=468"},"modified":"2023-06-06T08:59:59","modified_gmt":"2023-06-06T06:59:59","slug":"rentenangelegenheiten","status":"publish","type":"page","link":"https:\/\/consmonacodibaviera.esteri.it\/de\/servizi-consolari-e-visti\/servizi-per-il-cittadino-italiano\/altri-servizi\/rentenangelegenheiten\/","title":{"rendered":"Rentenangelegenheiten"},"content":{"rendered":"<div>\n<h2>Soziale Sicherheit<\/h2>\n<p>Unter \u201csozialer Sicherheit\u201d versteht man die Gesamtheit aller Eingriffe\/Dienste, die auf die G\u00fcter- und Dienstleistungsversorgung bed\u00fcrftiger B\u00fcrger gerichtet sind; hierbei handelt es sich um die kostenlose Pflege Bed\u00fcrftiger, um die Vorbereitung und Integration von Einrichtungen, die arbeitunf\u00e4higen und mittellosen B\u00fcrgern Unterhalt und Sozialhilfe zusichern und Arbeitern im Fall eines Unfalls, im Fall von Krankheit oder Invalidit\u00e4t, im Alter oder im Fall ungewollter Arbeitslosigkeit die lebensnotwendigen Mittel bereitstellen.<br \/>\nDie soziale Sicherheit umfasst folgende Bereiche:<\/p>\n<ul>\n<li>Soziale F\u00fcrsorge, die im Rahmen der M\u00f6glichkeiten der Versorgungseinrichtungen ihrer allgemeinen Aufgabe des Schutzes von Bed\u00fcrftigen nachkommt;<\/li>\n<li>Sozialversicherung, die ihrer besonderen Aufgabe, dem Schutz der Arbeiter, nachgeht.<\/li>\n<\/ul>\n<\/div>\n","protected":false},"excerpt":{"rendered":"Soziale Sicherheit Unter \u201csozialer Sicherheit\u201d versteht man die Gesamtheit aller Eingriffe\/Dienste, die auf die G\u00fcter- und Dienstleistungsversorgung bed\u00fcrftiger B\u00fcrger gerichtet sind; hierbei handelt es sich um die kostenlose Pflege Bed\u00fcrftiger, um die Vorbereitung und Integration von Einrichtungen, die arbeitunf\u00e4higen und mittellosen B\u00fcrgern Unterhalt und Sozialhilfe zusichern und Arbeitern im Fall eines Unfalls, im Fall von [&hellip;]","protected":false},"author":5,"featured_media":0,"parent":226,"menu_order":0,"comment_status":"closed","ping_status":"closed","template":"","meta":{"footnotes":""},"class_list":["post-468","page","type-page","status-publish","hentry"],"_links":{"self":[{"href":"https:\/\/consmonacodibaviera.esteri.it\/de\/wp-json\/wp\/v2\/pages\/468","targetHints":{"allow":["GET"]}}],"collection":[{"href":"https:\/\/consmonacodibaviera.esteri.it\/de\/wp-json\/wp\/v2\/pages"}],"about":[{"href":"https:\/\/consmonacodibaviera.esteri.it\/de\/wp-json\/wp\/v2\/types\/page"}],"author":[{"embeddable":true,"href":"https:\/\/consmonacodibaviera.esteri.it\/de\/wp-json\/wp\/v2\/users\/5"}],"replies":[{"embeddable":true,"href":"https:\/\/consmonacodibaviera.esteri.it\/de\/wp-json\/wp\/v2\/comments?post=468"}],"version-history":[{"count":0,"href":"https:\/\/consmonacodibaviera.esteri.it\/de\/wp-json\/wp\/v2\/pages\/468\/revisions"}],"up":[{"embeddable":true,"href":"https:\/\/consmonacodibaviera.esteri.it\/de\/wp-json\/wp\/v2\/pages\/226"}],"wp:attachment":[{"href":"https:\/\/consmonacodibaviera.esteri.it\/de\/wp-json\/wp\/v2\/media?parent=468"}],"curies":[{"name":"wp","href":"https:\/\/api.w.org\/{rel}","templated":true}]}}