{"id":453,"date":"2023-06-04T09:50:54","date_gmt":"2023-06-04T07:50:54","guid":{"rendered":"https:\/\/consmonacodibaviera.esteri.it\/?page_id=453"},"modified":"2023-06-04T09:51:24","modified_gmt":"2023-06-04T07:51:24","slug":"wehrdienst","status":"publish","type":"page","link":"https:\/\/consmonacodibaviera.esteri.it\/de\/servizi-consolari-e-visti\/servizi-per-il-cittadino-italiano\/altri-servizi\/wehrdienst\/","title":{"rendered":"Wehrdienst"},"content":{"rendered":"<div>\n<p>Das Gesetz vom 23. August 2004, Nr. 226 (G.U. (italienisches Amtsblatt entsprechend dem Gesetzblatt) Nr. 204 vom 31.8.2004), veranlasst die vorzeitige Aufhebung des verpflichtenden Wehrdienstes und die Einf\u00fchrung des Dienstes als Berufssoldat.<\/p>\n<p>Italienische Staatsb\u00fcrger, die beabsichtigen f\u00fcr den freiwilligen Wehrdienst in ihre Heimat zur\u00fcckzukehren, k\u00f6nnen nicht von den vom Gesetz 433\/66, welches eine R\u00fcckkehr in die Heimat auf Kosten des Staates ausschlie\u00dflich aus Gr\u00fcnden der Wehrpflicht vorsieht, vorgesehenen Vorteilen profitieren.<\/p>\n<p>F\u00fcr die in diesem Konsulatsbezirk ans\u00e4ssigen Staatsb\u00fcrger, die in der Vergangenheit ihre milit\u00e4rische Position nicht gesetzlich geregelt haben und somit f\u00fcr Wehrdienstverweigerer erkl\u00e4rt wurden, ist es jetzt m\u00f6glich durch pers\u00f6nliches Erscheinen im Konsulat die Prozedur zur Streichung der Wehrdienstverweigerung ins Laufen zu bringen.<\/p>\n<\/div>\n","protected":false},"excerpt":{"rendered":"Das Gesetz vom 23. August 2004, Nr. 226 (G.U. (italienisches Amtsblatt entsprechend dem Gesetzblatt) Nr. 204 vom 31.8.2004), veranlasst die vorzeitige Aufhebung des verpflichtenden Wehrdienstes und die Einf\u00fchrung des Dienstes als Berufssoldat. Italienische Staatsb\u00fcrger, die beabsichtigen f\u00fcr den freiwilligen Wehrdienst in ihre Heimat zur\u00fcckzukehren, k\u00f6nnen nicht von den vom Gesetz 433\/66, welches eine R\u00fcckkehr in [&hellip;]","protected":false},"author":5,"featured_media":0,"parent":226,"menu_order":0,"comment_status":"closed","ping_status":"closed","template":"","meta":{"footnotes":""},"class_list":["post-453","page","type-page","status-publish","hentry"],"_links":{"self":[{"href":"https:\/\/consmonacodibaviera.esteri.it\/de\/wp-json\/wp\/v2\/pages\/453","targetHints":{"allow":["GET"]}}],"collection":[{"href":"https:\/\/consmonacodibaviera.esteri.it\/de\/wp-json\/wp\/v2\/pages"}],"about":[{"href":"https:\/\/consmonacodibaviera.esteri.it\/de\/wp-json\/wp\/v2\/types\/page"}],"author":[{"embeddable":true,"href":"https:\/\/consmonacodibaviera.esteri.it\/de\/wp-json\/wp\/v2\/users\/5"}],"replies":[{"embeddable":true,"href":"https:\/\/consmonacodibaviera.esteri.it\/de\/wp-json\/wp\/v2\/comments?post=453"}],"version-history":[{"count":0,"href":"https:\/\/consmonacodibaviera.esteri.it\/de\/wp-json\/wp\/v2\/pages\/453\/revisions"}],"up":[{"embeddable":true,"href":"https:\/\/consmonacodibaviera.esteri.it\/de\/wp-json\/wp\/v2\/pages\/226"}],"wp:attachment":[{"href":"https:\/\/consmonacodibaviera.esteri.it\/de\/wp-json\/wp\/v2\/media?parent=453"}],"curies":[{"name":"wp","href":"https:\/\/api.w.org\/{rel}","templated":true}]}}