{"id":447,"date":"2023-06-04T09:49:07","date_gmt":"2023-06-04T07:49:07","guid":{"rendered":"https:\/\/consmonacodibaviera.esteri.it\/?page_id=447"},"modified":"2025-01-06T16:07:55","modified_gmt":"2025-01-06T15:07:55","slug":"italienische-staatsbuergerschaft","status":"publish","type":"page","link":"https:\/\/consmonacodibaviera.esteri.it\/de\/servizi-consolari-e-visti\/servizi-per-il-cittadino-straniero\/italienische-staatsbuergerschaft\/","title":{"rendered":"Italienische Staatsb\u00fcrgerschaft"},"content":{"rendered":"<div>\n<p><strong>ALLGEMEINE GRUNDS\u00c4TZE<\/strong><\/p>\n<p>Die italienische Staatsangeh\u00f6rigkeit basiert auf dem Prinzip des ius sanguinis (nach Abstammung), demzufolge das Kind eines italienischen Vaters oder einer italienischen Mutter ebenfalls die italienische Staatsangeh\u00f6rigkeit hat. Es ist jedoch zu beachten, dass die Mutter die Staatsb\u00fcrgerschaft ihren Kindern erst seit dem 1. 1. 1948 aufgrund eines spezifischen Urteils des Verfassungsgerichtshofes \u00fcbertr\u00e4gt.<\/p>\n<p>Die italienische Staatsangeh\u00f6rigkeit wird derzeit durch das am 16. August 1992 in Kraft getretene Gesetz Nr. 91 vom 5. Februar 1992 geregelt, das im Gegensatz zum vorherigen Gesetz das Gewicht des individuellen Willens beim Erwerb und Verlust der Staatsb\u00fcrgerschaft neu bewertet und das Recht auf den gleichzeitigen Besitz mehrerer Staatsangehoerigkeiten anerkennt, sofern dies in einzelnen internationalen Abkommen nicht anderes geregelt ist.<\/p>\n<p><strong>ACHTUNG<\/strong><\/p>\n<p><strong>Ab dem 5. Oktober 2018 betr\u00e4gt &#8211; gem\u00e4\u00df Art. 14 der Gesetzesverordnung Nr. 113 vom 4. Oktober 2018 \u2013 der Beitrag, f\u00fcr Antr\u00e4ge oder Erkl\u00e4rungen auf Wahl, Annahme, Wiederannahme, Verzicht oder Konzession der italienischen Staatsb\u00fcrgerschaft, 250 Euro.<\/strong><\/p>\n<p><strong>Die Frist f\u00fcr den Abschluss der in den Artikeln 5 und 9 des Gesetzes 91\/92 genannten Verfahren betr\u00e4gt 48 Monate ab dem Zeitpunkt der Antragstellung, sofern alle erforderlichen Unterlagen richtig und vollst\u00e4ndig sind. Werden erforderliche Unterlagen nachgereicht, so gilt diese Frist ab dem Datum des Nachreichens.<\/strong><\/p>\n<p>Angesichts der Komplexit\u00e4t der Angelegenheit und des Verfahrens, das in einigen F\u00e4llen das Innenministerium (Staatsb\u00fcrgerschaft durch Heirat) betrifft, wird im Interesse der Antragsteller selbst empfohlen, einen Termin per E-Mail an: <a href=\"mailto:cittadinanza.monacobaviera@esteri.it\">cittadinanza.monacobaviera@esteri.it<\/a> zu vereinbaren, um die dem Antrag auf Staatsb\u00fcrgerschaft beigef\u00fcgten Unterlagen vorab zu pr\u00fcfen, bevor der offizielle Online-Antrag gestellt wird.<\/p>\n<p>Au\u00dfer durch Abstammung kann die italienische Staatsangeh\u00f6rigkeit nach geltendem Recht auch unter bestimmten anderen Umst\u00e4nden erworben werden:<\/p>\n<ol>\n<li><a href=\"https:\/\/consmonacodibaviera.esteri.it\/wp-content\/uploads\/2025\/01\/Cittadinanza-per-matrimonio_monacodibaviera_2025-01.pdf\" target=\"_blank\" rel=\"noopener\">ERWERB DER STAATSANGEH\u00d6RIGKEIT WEGEN EHESCHLIESSUNG<\/a><\/li>\n<li><a title=\"STAATSANGEH\u00d6RIGKEIT DURCH ABSTAMMUNG (IURE SANGUINIS)\" href=\"https:\/\/consmonacodibaviera.esteri.it\/de\/servizi-consolari-e-visti\/servizi-per-il-cittadino-straniero\/italienische-staatsbuergerschaft\/cittadinanza-per-discendenza\/\" target=\"_blank\" rel=\"noopener\">STAATSANGEH\u00d6RIGKEIT DURCH ABSTAMMUNG (IURE SANGUINIS)<\/a><\/li>\n<\/ol>\n<p>SETZEN SIE SICH IN VERBINDUNG MIT:<\/p>\n<p>Consolato Generale d\u2019Italia Monaco di Baviera<br \/>\nUfficio Cittadinanza<br \/>\nMoehlstr. 3 \u2013 81675 Muenchen<br \/>\nemail: <a href=\"mailto:cittadinanza.monacobaviera@esteri.it\">cittadinanza.monacobaviera@esteri.it<\/a><\/p>\n<\/div>\n","protected":false},"excerpt":{"rendered":"ALLGEMEINE GRUNDS\u00c4TZE Die italienische Staatsangeh\u00f6rigkeit basiert auf dem Prinzip des ius sanguinis (nach Abstammung), demzufolge das Kind eines italienischen Vaters oder einer italienischen Mutter ebenfalls die italienische Staatsangeh\u00f6rigkeit hat. Es ist jedoch zu beachten, dass die Mutter die Staatsb\u00fcrgerschaft ihren Kindern erst seit dem 1. 1. 1948 aufgrund eines spezifischen Urteils des Verfassungsgerichtshofes \u00fcbertr\u00e4gt. Die [&hellip;]","protected":false},"author":5,"featured_media":0,"parent":245,"menu_order":0,"comment_status":"closed","ping_status":"closed","template":"","meta":{"footnotes":""},"class_list":["post-447","page","type-page","status-publish","hentry"],"_links":{"self":[{"href":"https:\/\/consmonacodibaviera.esteri.it\/de\/wp-json\/wp\/v2\/pages\/447","targetHints":{"allow":["GET"]}}],"collection":[{"href":"https:\/\/consmonacodibaviera.esteri.it\/de\/wp-json\/wp\/v2\/pages"}],"about":[{"href":"https:\/\/consmonacodibaviera.esteri.it\/de\/wp-json\/wp\/v2\/types\/page"}],"author":[{"embeddable":true,"href":"https:\/\/consmonacodibaviera.esteri.it\/de\/wp-json\/wp\/v2\/users\/5"}],"replies":[{"embeddable":true,"href":"https:\/\/consmonacodibaviera.esteri.it\/de\/wp-json\/wp\/v2\/comments?post=447"}],"version-history":[{"count":1,"href":"https:\/\/consmonacodibaviera.esteri.it\/de\/wp-json\/wp\/v2\/pages\/447\/revisions"}],"predecessor-version":[{"id":2428,"href":"https:\/\/consmonacodibaviera.esteri.it\/de\/wp-json\/wp\/v2\/pages\/447\/revisions\/2428"}],"up":[{"embeddable":true,"href":"https:\/\/consmonacodibaviera.esteri.it\/de\/wp-json\/wp\/v2\/pages\/245"}],"wp:attachment":[{"href":"https:\/\/consmonacodibaviera.esteri.it\/de\/wp-json\/wp\/v2\/media?parent=447"}],"curies":[{"name":"wp","href":"https:\/\/api.w.org\/{rel}","templated":true}]}}