{"id":442,"date":"2023-06-04T09:43:18","date_gmt":"2023-06-04T07:43:18","guid":{"rendered":"https:\/\/consmonacodibaviera.esteri.it\/?page_id=442"},"modified":"2023-06-06T09:08:35","modified_gmt":"2023-06-06T07:08:35","slug":"konsularischer-schutz","status":"publish","type":"page","link":"https:\/\/consmonacodibaviera.esteri.it\/de\/servizi-consolari-e-visti\/servizi-per-il-cittadino-italiano\/sozialabteilung\/konsularischer-schutz\/","title":{"rendered":"Konsularischer Schutz"},"content":{"rendered":"<p>Im Bereich der konsularischen Hilfe und des konsularischen Schutzes betreffen zahlreiche Eingriffe die Staatsb\u00fcrger, die in Schwierigkeiten mit der \u00f6rtlichen Justiz geraten oder in Unf\u00e4lle verwickelt werden; die \u00dcberf\u00fchrung von Verstorbenen; die Suche nach Landsleuten, die sich nicht mehr melden; die Unterst\u00fctzung von italienischen Eltern, denen der ausl\u00e4ndische Ehepartner oder<\/p>\n<p>Ehepartner mit doppelter Staatsb\u00fcrgerschaft ein Kind entzogen hat, indem er es mit sich ins Ausland genommen hat.<br \/>\nBei im Ausland geschehenen Unf\u00e4llen vergewissert sich die diplomatisch-konsularische Vertretung, dass die Staatsb\u00fcrger angemessene \u00e4rztliche Behandlung an Ort und Stelle erhalten, dass die Angeh\u00f6rigen beizeiten informiert werden und jede m\u00f6gliche Hilfe im Bedarfsfall einer R\u00fcckkehr nach Italien geleistet wird.<\/p>\n<p>Falls ein Landsmann im Ausland verhaftet wurde, hat das Konsulat folgende M\u00f6glichkeiten:<\/p>\n<ul>\n<li>Dem Inhaftierten konsularische Besuche abstatten;<\/li>\n<li>Einen m\u00f6glichen Anwalt nennen;<\/li>\n<li>Die Verbindung mit den Angeh\u00f6rigen in Italien pflegen;<\/li>\n<li>Sich um die Versicherung des Inhaftierten k\u00fcmmern, falls es notwendig und nach den \u00f6rtlichen Gesetzen zul\u00e4ssig ist, \u00e4rztliche Hilfe, Lebensmittel, B\u00fccher und Zeitungen;<\/li>\n<li>Sich f\u00fcr eine R\u00fcckkehr nach Italien einsetzen, falls der Landsmann in einem Land inhaftiert ist, das an die Stra\u03b2burger Konvention zur \u00dcberf\u00fchrung von H\u00e4ftlingen oder an zweiseitige Abkommen, die zu diesem Zweck geschlossen wurden, gebunden ist;<\/li>\n<li>In besonderen F\u00e4llen, aus humanit\u00e4ren Gr\u00fcnden, ein Gnadengesuch unterst\u00fctzen.<\/li>\n<\/ul>\n<p>Hingegen kann das Konsulat nicht:<\/p>\n<ul>\n<li>Im Namen des Landsmannes vor Gericht f\u00fcr ihn eintreten;<\/li>\n<li>Die Gerichtskosten des H\u00e4ftlings \u00fcbernehmen.<\/li>\n<\/ul>\n<p>&nbsp;<\/p>\n<p><strong>Internationale Kindesentziehung von Minderj\u00e4hrigen<\/strong><\/p>\n<p>Die Problematik der internationalen Kindesentziehung von Minderj\u00e4hrigen hat in letzter Zeit eine gr\u00f6\u03b2ere Rilevanz erlangt, einerseits als Folge der Zunahme von Scheidungen zwischen Personen mit verschiedener oder doppelter Staatsb\u00fcrgerschaft, andererseits durch die gr\u00f6\u03b2ere Sensibilit\u00e4t, mit der das Problem in Italien wahrgenommen wird.<\/p>\n<p>Das einzige Druckmittel, das dem italienischen Elternteil zur Verf\u00fcgung steht, um das Minderj\u00e4hrige wiederzubekommen, ist die Aja-Konvention vom 25.10.1980 (Zentrale Autorit\u00e4t f\u00fcr Italien ist das Jugendgericht im Justizministerium). Sollte die Konvention nicht anwendbar sein, f\u00fchrt das Ministerium seine institutionellen Funktionen g\u00e4nzlich aus, indem es die Eingriffe an den jeweiligen Fall anpasst.<\/p>\n<p>&nbsp;<\/p>\n<p><strong>Suche nach Landsleuten im Ausland<\/strong><\/p>\n<p>Gem\u00e4\u03b2 des Gesetzes 675\/96 \u00fcber den Datenschutz darf keine \u00f6ffentliche Einrichtung ohne die Erlaubnis des Betroffenen Informationen \u00fcber Personen an Privatpersonen weitergeben.<\/p>\n<p>Daher erfragt das Au\u03b2enministerium, sobald es die gesuchte Person ermittelt hat, das Einverst\u00e4ndnis des Betroffenen, die Person zu informieren, die eine Suche in Auftrag gegeben hat.<\/p>\n<p>In einigen L\u00e4ndern, wie beispielsweise den USA, erlaubt es das \u00f6rtliche Gesetz zur Diskretion nicht, Informationen \u00fcber Personen preiszugeben. Daher ist es erforderlich, sich von Fall zu Fall zu vergewissern, dass das Gesetz anwendbar ist.<\/p>\n<p>In diesem gesetzlichen Rahmen kann eine Suche auf folgende Weise in Gang gesetzt werden:<\/p>\n<ul>\n<li>Mit einem Fax an das Amt IV der italienischen Generaldirektion im Ausland unter den Nummern 06 36 91 86 09 oder 06 36 91 86 28;<\/li>\n<li>Mit einem Fax an das \u00f6rtlich zust\u00e4ndige Konsulat;<\/li>\n<li>Mit einem Anruf unter 06 36 91 29 30 von 9:30 bis 16:00 Uhr, wobei die pers\u00f6nlichen Daten, die der gesuchten Person und der Grund der Nachforschung angegeben werden m\u00fcssen.<\/li>\n<\/ul>\n","protected":false},"excerpt":{"rendered":"Im Bereich der konsularischen Hilfe und des konsularischen Schutzes betreffen zahlreiche Eingriffe die Staatsb\u00fcrger, die in Schwierigkeiten mit der \u00f6rtlichen Justiz geraten oder in Unf\u00e4lle verwickelt werden; die \u00dcberf\u00fchrung von Verstorbenen; die Suche nach Landsleuten, die sich nicht mehr melden; die Unterst\u00fctzung von italienischen Eltern, denen der ausl\u00e4ndische Ehepartner oder Ehepartner mit doppelter Staatsb\u00fcrgerschaft ein [&hellip;]","protected":false},"author":5,"featured_media":0,"parent":421,"menu_order":0,"comment_status":"closed","ping_status":"closed","template":"","meta":{"footnotes":""},"class_list":["post-442","page","type-page","status-publish","hentry"],"_links":{"self":[{"href":"https:\/\/consmonacodibaviera.esteri.it\/de\/wp-json\/wp\/v2\/pages\/442","targetHints":{"allow":["GET"]}}],"collection":[{"href":"https:\/\/consmonacodibaviera.esteri.it\/de\/wp-json\/wp\/v2\/pages"}],"about":[{"href":"https:\/\/consmonacodibaviera.esteri.it\/de\/wp-json\/wp\/v2\/types\/page"}],"author":[{"embeddable":true,"href":"https:\/\/consmonacodibaviera.esteri.it\/de\/wp-json\/wp\/v2\/users\/5"}],"replies":[{"embeddable":true,"href":"https:\/\/consmonacodibaviera.esteri.it\/de\/wp-json\/wp\/v2\/comments?post=442"}],"version-history":[{"count":0,"href":"https:\/\/consmonacodibaviera.esteri.it\/de\/wp-json\/wp\/v2\/pages\/442\/revisions"}],"up":[{"embeddable":true,"href":"https:\/\/consmonacodibaviera.esteri.it\/de\/wp-json\/wp\/v2\/pages\/421"}],"wp:attachment":[{"href":"https:\/\/consmonacodibaviera.esteri.it\/de\/wp-json\/wp\/v2\/media?parent=442"}],"curies":[{"name":"wp","href":"https:\/\/api.w.org\/{rel}","templated":true}]}}