{"id":436,"date":"2023-06-04T09:41:24","date_gmt":"2023-06-04T07:41:24","guid":{"rendered":"https:\/\/consmonacodibaviera.esteri.it\/?page_id=436"},"modified":"2023-06-04T09:42:05","modified_gmt":"2023-06-04T07:42:05","slug":"zwangsweise-rueckkehr-nach-italien","status":"publish","type":"page","link":"https:\/\/consmonacodibaviera.esteri.it\/de\/servizi-consolari-e-visti\/servizi-per-il-cittadino-italiano\/sozialabteilung\/zwangsweise-rueckkehr-nach-italien\/","title":{"rendered":"Zwangsweise R\u00fcckkehr nach Italien"},"content":{"rendered":"<div>\n<p><strong>Heimschaffung nach Italien aus gesundheitlichen und finanziellen Gr\u00fcnden<\/strong><\/p>\n<p>Eine besonders heikle Aufgabe bei der Unterst\u00fctzung von italienischen Staatsb\u00fcrgern im Ausland ist die Heimschaffung der Landsleute, die sich im Ausland in schwierigen Situationen befinden, die nicht an Ort und Stelle \u00fcberwunden werden k\u00f6nnen. Die Unterst\u00fctzung seitens des italienischen Au\u03b2enministeriums, das mit den \u00f6rtlich zust\u00e4ndigen Einrichtungen (Pr\u00e4fektur, Polizeipr\u00e4sidium, Kommunen, \u00f6rtliche Gesundheitseinrichtungen, Sozialdienste) zusammenarbeitet, betrifft:<\/p>\n<ul style=\"list-style-type: disc;\">\n<li>Nach Deutschland ausgewanderte italienische Staatsb\u00fcrger, die sich aus wirtschaftlichen oder gesundheitlichen Gr\u00fcnden gezwungen sehen, wieder nach Italien zur\u00fcckzuziehen;<\/li>\n<li>Stark vernachl\u00e4ssigte bzw. auf sich alleine gestellte Minderj\u00e4hrige;<\/li>\n<li>Geisteskranke (das Verfahren ist in diesem Fall ziemlich komplex. Es bedarf n\u00e4mlich nicht nur der Anwesenheit eines oder mehrerer Pfleger, sondern es muss auch eine entsprechende Klinik gefunden werden);<\/li>\n<li>Italienische Staatsb\u00fcrger nach einer Haftentlassung oder im Falle einer Ausweisung aus Deutschland;<\/li>\n<li>Alleinstehende Senioren, f\u00fcr die eine Aufnahme in ein Altersheim in Italien gew\u00fcnscht wird;<\/li>\n<li>Schwerkranke, die nicht an Ort und Stelle behandelt werden k\u00f6nnen, aufgrund mangelnder geeigneter Einrichtungen.<\/li>\n<\/ul>\n<p>Die \u00dcberf\u00fchrungen auf Staatskosten sind beschr\u00e4nkt auf die von dem diplomatisch-konsularischen Netz verifizierten Notf\u00e4lle. In allen anderen F\u00e4llen wird f\u00fcr die \u00dcberf\u00fchrung, nach vorheriger Unterschrift mit dem Versprechen der Zur\u00fcckzahlung an den Staat, ein Darlehen gew\u00e4hrt.<\/p>\n<\/div>\n","protected":false},"excerpt":{"rendered":"Heimschaffung nach Italien aus gesundheitlichen und finanziellen Gr\u00fcnden Eine besonders heikle Aufgabe bei der Unterst\u00fctzung von italienischen Staatsb\u00fcrgern im Ausland ist die Heimschaffung der Landsleute, die sich im Ausland in schwierigen Situationen befinden, die nicht an Ort und Stelle \u00fcberwunden werden k\u00f6nnen. Die Unterst\u00fctzung seitens des italienischen Au\u03b2enministeriums, das mit den \u00f6rtlich zust\u00e4ndigen Einrichtungen (Pr\u00e4fektur, [&hellip;]","protected":false},"author":5,"featured_media":0,"parent":421,"menu_order":0,"comment_status":"closed","ping_status":"closed","template":"","meta":{"footnotes":""},"class_list":["post-436","page","type-page","status-publish","hentry"],"_links":{"self":[{"href":"https:\/\/consmonacodibaviera.esteri.it\/de\/wp-json\/wp\/v2\/pages\/436","targetHints":{"allow":["GET"]}}],"collection":[{"href":"https:\/\/consmonacodibaviera.esteri.it\/de\/wp-json\/wp\/v2\/pages"}],"about":[{"href":"https:\/\/consmonacodibaviera.esteri.it\/de\/wp-json\/wp\/v2\/types\/page"}],"author":[{"embeddable":true,"href":"https:\/\/consmonacodibaviera.esteri.it\/de\/wp-json\/wp\/v2\/users\/5"}],"replies":[{"embeddable":true,"href":"https:\/\/consmonacodibaviera.esteri.it\/de\/wp-json\/wp\/v2\/comments?post=436"}],"version-history":[{"count":0,"href":"https:\/\/consmonacodibaviera.esteri.it\/de\/wp-json\/wp\/v2\/pages\/436\/revisions"}],"up":[{"embeddable":true,"href":"https:\/\/consmonacodibaviera.esteri.it\/de\/wp-json\/wp\/v2\/pages\/421"}],"wp:attachment":[{"href":"https:\/\/consmonacodibaviera.esteri.it\/de\/wp-json\/wp\/v2\/media?parent=436"}],"curies":[{"name":"wp","href":"https:\/\/api.w.org\/{rel}","templated":true}]}}