{"id":431,"date":"2023-06-04T09:39:37","date_gmt":"2023-06-04T07:39:37","guid":{"rendered":"https:\/\/consmonacodibaviera.esteri.it\/?page_id=431"},"modified":"2023-06-04T09:40:09","modified_gmt":"2023-06-04T07:40:09","slug":"rueckkehr-nach-italien","status":"publish","type":"page","link":"https:\/\/consmonacodibaviera.esteri.it\/de\/servizi-consolari-e-visti\/servizi-per-il-cittadino-italiano\/sozialabteilung\/rueckkehr-nach-italien\/","title":{"rendered":"R\u00fcckkehr nach Italien"},"content":{"rendered":"<div>\n<h2>\u00dcberf\u00fchrung von Verstorbenen<\/h2>\n<p>Einen geliebten Menschen zu verlieren ist immer ein Anlass zu gro\u03b2er Trauer, doch wenn sich ein Todesfall im Ausland zutr\u00e4gt, muss man zus\u00e4tzlich noch einige praktische Probleme l\u00f6sen.<br \/>\nIm Folgenden sollen einige Hinweise zur L\u00f6sung solcher Probleme gegeben werden.<br \/>\nSobald die italienische Vertretung im Ausland kontaktiert wurde, wird f\u00fcr die \u00dcberf\u00fchrung des Verstorbenen eine Anfrage an die zust\u00e4ndige italienische Kommune geschickt, um die \u201eAmtliche Genehmigung (nulla osta) f\u00fcr die Einf\u00fchrung des Verstorbenen\u201c zu erhalten. Wenn das Bestattungsinstitut die \u201eamtliche Genehmigung\u201c erhalten hat, kann es handeln und die \u00dcberf\u00fchrung im Auftrag der Familienangeh\u00f6rigen auf eigene Kosten durchf\u00fchren.<br \/>\nEs ist au\u03b2erdem m\u00f6glich, sich an die Regionen und lokale Einrichtungen zu wenden zwecks eventueller Erstattungen oder Zusch\u00fcsse.<br \/>\nBei Ableben im Ausland wohnhafter Landsleute, deren Notsituation erwiesen ist, k\u00f6nnen das kontaktierte Konsulat oder die Botschaft den im Ausland wohnhaften Angeh\u00f6rigen in der Notsituation Hilfe leisten, indem sie die ordnungsgem\u00e4\u03b2 dokumentierten \u00dcberf\u00fchrungskosten ganz oder teilweise erstatten.<\/p>\n<\/div>\n","protected":false},"excerpt":{"rendered":"\u00dcberf\u00fchrung von Verstorbenen Einen geliebten Menschen zu verlieren ist immer ein Anlass zu gro\u03b2er Trauer, doch wenn sich ein Todesfall im Ausland zutr\u00e4gt, muss man zus\u00e4tzlich noch einige praktische Probleme l\u00f6sen. Im Folgenden sollen einige Hinweise zur L\u00f6sung solcher Probleme gegeben werden. Sobald die italienische Vertretung im Ausland kontaktiert wurde, wird f\u00fcr die \u00dcberf\u00fchrung des [&hellip;]","protected":false},"author":5,"featured_media":0,"parent":421,"menu_order":0,"comment_status":"closed","ping_status":"closed","template":"","meta":{"footnotes":""},"class_list":["post-431","page","type-page","status-publish","hentry"],"_links":{"self":[{"href":"https:\/\/consmonacodibaviera.esteri.it\/de\/wp-json\/wp\/v2\/pages\/431","targetHints":{"allow":["GET"]}}],"collection":[{"href":"https:\/\/consmonacodibaviera.esteri.it\/de\/wp-json\/wp\/v2\/pages"}],"about":[{"href":"https:\/\/consmonacodibaviera.esteri.it\/de\/wp-json\/wp\/v2\/types\/page"}],"author":[{"embeddable":true,"href":"https:\/\/consmonacodibaviera.esteri.it\/de\/wp-json\/wp\/v2\/users\/5"}],"replies":[{"embeddable":true,"href":"https:\/\/consmonacodibaviera.esteri.it\/de\/wp-json\/wp\/v2\/comments?post=431"}],"version-history":[{"count":0,"href":"https:\/\/consmonacodibaviera.esteri.it\/de\/wp-json\/wp\/v2\/pages\/431\/revisions"}],"up":[{"embeddable":true,"href":"https:\/\/consmonacodibaviera.esteri.it\/de\/wp-json\/wp\/v2\/pages\/421"}],"wp:attachment":[{"href":"https:\/\/consmonacodibaviera.esteri.it\/de\/wp-json\/wp\/v2\/media?parent=431"}],"curies":[{"name":"wp","href":"https:\/\/api.w.org\/{rel}","templated":true}]}}