{"id":4262,"date":"2026-01-29T15:51:24","date_gmt":"2026-01-29T14:51:24","guid":{"rendered":"https:\/\/consmonacodibaviera.esteri.it\/?page_id=4262"},"modified":"2026-03-19T14:23:43","modified_gmt":"2026-03-19T13:23:43","slug":"eheschliessung-in-deutschland-zivile-eheschliessung-italienische-staatsbuerger-die-in-diesem-konsularsbezirk-wohnen-und-ordnungsgemaess-im-aire-mit-aktuellem-familienstand-ledig-geschieden-verwitw","status":"publish","type":"page","link":"https:\/\/consmonacodibaviera.esteri.it\/de\/servizi-consolari-e-visti\/servizi-per-il-cittadino-italiano\/stato-civile-2\/eheschliessung-eingetragene-lebensgemeinschaft\/eheschliessung-in-deutschland-zivile-eheschliessung-italienische-staatsbuerger-die-in-diesem-konsularsbezirk-wohnen-und-ordnungsgemaess-im-aire-mit-aktuellem-familienstand-ledig-geschieden-verwitw\/","title":{"rendered":"Eheschliessung in Deutschland"},"content":{"rendered":"<h4><strong>Zivile Eheschliessung<\/strong><\/h4>\n<p>Italienische Staatsb\u00fcrger, die in diesem Konsularsbezirk wohnen und ordnungsgem\u00e4\u00df im AIRE mit aktuellem Familienstand (ledig, geschieden, verwitwet) eingetragen sind und in Deutschland heiraten m\u00f6chten, unterliegen nicht der Aufgebotspflicht in Italien.<\/p>\n<p>Um eine Ehe schlie\u00dfen zu k\u00f6nnen, verlangen die deutschen Beh\u00f6rden von italienischen Staatsb\u00fcrgern das <strong>Ehef\u00e4higkeitszeugnis<\/strong> (<em>Ehef\u00e4higkeitszeugnis<\/em>).<\/p>\n<p><em>[F\u00fcr Eheschlie\u00dfungen zwischen Personen gleichen Geschlechts siehe stattdessen den entsprechenden <\/em><a href=\"https:\/\/consmonacodibaviera.esteri.it\/de\/servizi-consolari-e-visti\/servizi-per-il-cittadino-italiano\/stato-civile-2\/eheschliessung-eingetragene-lebensgemeinschaft\/eheschliessung-in-deutschland-zivile-eheschliessung-italienische-staatsbuerger-die-in-diesem-konsularsbezirk-wohnen-und-ordnungsgemaess-im-aire-mit-aktuellem-familienstand-ledig-geschieden-verwitw\/#nota\"><em>Abschnitt<\/em><\/a><em>]<\/em><\/p>\n<p>Das <strong><em>Ehef\u00e4higkeitszeugnis<\/em><\/strong> wird von diesem Generalkonsulat ausgestellt, wenn folgende Unterlagen per Post eingereicht werden:<\/p>\n<ol>\n<li style=\"list-style-type: none;\">\n<ol>\n<li><a href=\"https:\/\/consmonacodibaviera.esteri.it\/wp-content\/uploads\/2023\/06\/20170207_modulo_richesta_appunt_certif_capac_matrim.pdf\"><strong>Antrag auf Ausstellung eines Ehef\u00e4higkeitszeugnisses<\/strong><\/a>, ausgef\u00fcllt und unterschrieben <strong>im Original;<\/strong><\/li>\n<li><a href=\"https:\/\/consmonacodibaviera.esteri.it\/wp-content\/uploads\/2026\/01\/RICHIESTA-spedizione-certificati.pdf\"><strong>Antrag auf postalischen Versand von Urkunden<\/strong><\/a>, ausgef\u00fcllt und unterschrieben <strong>im Original<\/strong>;<\/li>\n<li>Kopie des g\u00fcltigen Reisepasses (oder \u2013 nur f\u00fcr EU-B\u00fcrger \u2013 des Personalausweises) beider Ehepartner;<\/li>\n<li>Kopie der von der Wohnsitzgemeinde ausgestellten <em>erweiterten Meldebescheinigung<\/em> mit Angabe der Staatsangeh\u00f6rigkeit, des Wohnsitzes und des Familienstands beider Ehepartner. Die Bescheinigung darf nicht \u00e4lter als 6 Monate sein.<br \/>\n<em>Hinweis:<br \/>\n<\/em>\u2013 Bei geschiedenen Ehepartnern muss der Vermerk \u201e<em>geschieden<\/em>\u201c vorhanden sein. F\u00fcgen Sie au\u00dferdem eine Kopie der Heiratsurkunde mit Vermerk der Scheidung und Angabe des Datums der Rechtskraft (\u201e<em>Datum der Rechtskr\u00e4ftigkeit<\/em>\u201c) bei;<br \/>\n\u2013 Bei verwitweten Ehepartnern muss der Vermerk \u201e<em>verwitwet<\/em>\u201c vorhanden sein. F\u00fcgen Sie au\u00dferdem Kopien der Heiratsurkunde und der Sterbeurkunde des Ehepartners bei;<\/li>\n<\/ol>\n<\/li>\n<\/ol>\n<p>Dar\u00fcber hinaus sind f\u00fcr <em>nicht italienische Staatsb\u00fcrger<\/em> zus\u00e4tzlich beizuf\u00fcgen:<\/p>\n<p>&nbsp;<\/p>\n<p style=\"padding-left: 80px;\">5. bei Geburt in Deutschland eine Kopie der <em>Geburtsurkunde;<\/em> andernfalls eine Kopie der Geburtsurkunde und, falls diese in einer anderen Sprache als Deutsch ausgestellt ist, eine Kopie der entsprechenden \u00dcbersetzung ins Deutsche oder Italienische;<\/p>\n<p style=\"padding-left: 80px;\">6. falls nicht deutscher Staatsb\u00fcrger:<\/p>\n<p style=\"padding-left: 120px;\">a. Kopie des Personenstandsnachweises, gegebenenfalls mit einer \u00dcbersetzung ins Deutsche, ausgestellt von den konsularischen Beh\u00f6rden des Herkunftslandes oder einer anderen zust\u00e4ndigen Stelle des Herkunftslandes;<\/p>\n<p style=\"padding-left: 120px;\">b. Kopien aller weiteren vom Standesamt angeforderten Dokumente, gegebenenfalls mit \u00dcbersetzungen ins Deutsche<\/p>\n<p>F\u00fcgen Sie den Unterlagen au\u00dferdem bei:<\/p>\n<ul>\n<li style=\"list-style-type: none;\">\n<ul>\n<li>einen ausreichend frankierten und mit Name und Empf\u00e4ngeradresse beschrifteten R\u00fcckumschlag;<\/li>\n<li>Nachweis \u00fcber die Zahlung der Konsulargeb\u00fchr in H\u00f6he von 6,00 \u20ac, die per Bank\u00fcberweisung wie folgt zu leisten ist:<\/li>\n<\/ul>\n<\/li>\n<\/ul>\n<p>Empf\u00e4ngername: Italienisches Generalkonsulat M\u00fcnchen<\/p>\n<p style=\"padding-left: 40px;\">IBAN: <strong>DE86700202700010177870<br \/>\n<\/strong>SWIFT: HYVEDEMMXXX<br \/>\nBetrag: <strong>6,00 Euro<br \/>\n<\/strong>Verwendungszweck: &lt;Nachname&gt; &lt;Vorname&gt; &lt;Geburtsdatum&gt; \u2013 \u201e<strong>Ehef\u00e4higkeitszeugnis<\/strong>\u201c<\/p>\n<p>Alle oben aufgef\u00fchrten Unterlagen sind an folgende Adresse zu senden:<\/p>\n<p style=\"padding-left: 40px;\">Ufficio Stato Civile \u2013 Matrimoni<br \/>\nConsolato Generale d\u2019Italia<br \/>\nM\u00f6hlstr. 3 \u2013 81675 M\u00fcnchen<\/p>\n<p>Nach Eingang der Unterlagen pr\u00fcft das Amt den Antrag und versendet das <em>Ehef\u00e4higkeitszeugnis<\/em> per Post unter Verwendung des von Ihnen beigelegten Umschlags.<\/p>\n<p>Der Antrag wird in der Reihenfolge seines Eingangs bearbeitet und nur, wenn die eingesandten Unterlagen vollst\u00e4ndig sind. Sollten R\u00fcckfragen erforderlich sein, werden die Betroffenen per E-Mail oder Telefon kontaktiert.<\/p>\n<p>ACHTUNG: F\u00e4lschlicherweise im Original eingereichte Unterlagen werden nicht zur\u00fcckgesandt!<\/p>\n<blockquote><p><strong>Die italienische Gesetzgebung erlaubt keine \u00c4nderung des Nachnamens aufgrund der Eheschlie\u00dfung.<\/strong><\/p>\n<p>Es wird daher empfohlen, die M\u00f6glichkeit der Annahme des Familiennamens (des Ehepartners) gem\u00e4\u00df der in Deutschland \u00fcblichen Praxis sorgf\u00e4ltig zu \u00fcberdenken, um eine doppelte Identit\u00e4t zwischen den im italienischen und im deutschen Melderegister eingetragenen Daten zu vermeiden.<\/p><\/blockquote>\n<h5><strong>Ehe zwischen Personen gleichen Geschlechts<\/strong><\/h5>\n<p>Im Falle einer Eheschlie\u00dfung zwischen Personen gleichen Geschlechts reicht f\u00fcr die deutschen Beh\u00f6rden die Sammelurkunde aus. Dieses Dokument kann bei diesem Generalkonsulat unter Befolgung der entsprechenden <a href=\"https:\/\/consmonacodibaviera.esteri.it\/de\/servizi-consolari-e-visti\/servizi-per-il-cittadino-italiano\/stato-civile-2\/bescheinigungen\/#cumulativo\">Anweisungen<\/a> (*) angefordert werden.<\/p>\n<hr \/>\n<h4><strong>Eintragung von in Deutschland geschlossenen Ehen in Italien<\/strong><\/h4>\n<p><strong>Der italienische Staatsb\u00fcrger<\/strong>, der im Ausland nach lokalem Recht eine Ehe geschlossen hat (auch mit einer Person gleichen Geschlechts), <strong>ist verpflichtet, die Eintragung der ausl\u00e4ndischen Urkunde in Italien zu veranlassen.<\/strong><\/p>\n<p>Die Betroffenen m\u00fcssen daher die Eintragung der im Konsularbezirk M\u00fcnchen ausgestellten deutschen Urkunde direkt bei der italienischen Wohnsitzgemeinde oder \u00fcber das Generalkonsulat beantragen. Zur Eintragung der in Deutschland geschlossenen Ehe ist es erforderlich, die Heiratsurkunde, die nach dem mehrsprachigen internationalen Muster (Wiener \u00dcbereinkommen von 1976) erstellt wurde, <strong>im Original<\/strong> an das Konsulat zu senden.<\/p>\n<p>Das Dokument muss per Post oder Einschreiben an folgende Adresse gesendet werden:<\/p>\n<p style=\"padding-left: 40px;\">Ufficio Stato Civile \u2013 Matrimoni<br \/>\nConsolato Generale d\u2019Italia<br \/>\nM\u00f6hlstr. 3 \u2013 81675 M\u00fcnchen<\/p>\n<p>ACHTUNG: Fotokopien oder Scans der Originalurkunde, die per Post oder E-Mail gesendet werden, sind nicht zul\u00e4ssig und werden ignoriert.<\/p>\n","protected":false},"excerpt":{"rendered":"Zivile Eheschliessung Italienische Staatsb\u00fcrger, die in diesem Konsularsbezirk wohnen und ordnungsgem\u00e4\u00df im AIRE mit aktuellem Familienstand (ledig, geschieden, verwitwet) eingetragen sind und in Deutschland heiraten m\u00f6chten, unterliegen nicht der Aufgebotspflicht in Italien. Um eine Ehe schlie\u00dfen zu k\u00f6nnen, verlangen die deutschen Beh\u00f6rden von italienischen Staatsb\u00fcrgern das Ehef\u00e4higkeitszeugnis (Ehef\u00e4higkeitszeugnis). [F\u00fcr Eheschlie\u00dfungen zwischen Personen gleichen Geschlechts siehe [&hellip;]","protected":false},"author":8,"featured_media":0,"parent":4247,"menu_order":10,"comment_status":"closed","ping_status":"closed","template":"","meta":{"footnotes":""},"class_list":["post-4262","page","type-page","status-publish","hentry"],"_links":{"self":[{"href":"https:\/\/consmonacodibaviera.esteri.it\/de\/wp-json\/wp\/v2\/pages\/4262","targetHints":{"allow":["GET"]}}],"collection":[{"href":"https:\/\/consmonacodibaviera.esteri.it\/de\/wp-json\/wp\/v2\/pages"}],"about":[{"href":"https:\/\/consmonacodibaviera.esteri.it\/de\/wp-json\/wp\/v2\/types\/page"}],"author":[{"embeddable":true,"href":"https:\/\/consmonacodibaviera.esteri.it\/de\/wp-json\/wp\/v2\/users\/8"}],"replies":[{"embeddable":true,"href":"https:\/\/consmonacodibaviera.esteri.it\/de\/wp-json\/wp\/v2\/comments?post=4262"}],"version-history":[{"count":4,"href":"https:\/\/consmonacodibaviera.esteri.it\/de\/wp-json\/wp\/v2\/pages\/4262\/revisions"}],"predecessor-version":[{"id":4274,"href":"https:\/\/consmonacodibaviera.esteri.it\/de\/wp-json\/wp\/v2\/pages\/4262\/revisions\/4274"}],"up":[{"embeddable":true,"href":"https:\/\/consmonacodibaviera.esteri.it\/de\/wp-json\/wp\/v2\/pages\/4247"}],"wp:attachment":[{"href":"https:\/\/consmonacodibaviera.esteri.it\/de\/wp-json\/wp\/v2\/media?parent=4262"}],"curies":[{"name":"wp","href":"https:\/\/api.w.org\/{rel}","templated":true}]}}