{"id":426,"date":"2023-06-04T09:38:01","date_gmt":"2023-06-04T07:38:01","guid":{"rendered":"https:\/\/consmonacodibaviera.esteri.it\/?page_id=426"},"modified":"2023-06-04T09:38:32","modified_gmt":"2023-06-04T07:38:32","slug":"gesundheitsfuersorge","status":"publish","type":"page","link":"https:\/\/consmonacodibaviera.esteri.it\/de\/servizi-consolari-e-visti\/servizi-per-il-cittadino-italiano\/sozialabteilung\/gesundheitsfuersorge\/","title":{"rendered":"Gesundheitsf\u00fcrsorge"},"content":{"rendered":"<p>Gem\u00e4\u03b2 der Vereinbarungen, die von den Konsulaten mit Krankenh\u00e4usern und anderen Institutionen getroffen wurden, haben die bed\u00fcrftigen italienischen Staatsb\u00fcrger, die im Zust\u00e4ndigkeitsbereich des M\u00fcnchener Generalkonsulats wohnen, die M\u00f6glichkeit, ambulante und station\u00e4re Behandlung im Krankenhaus und medizinische Hilfe in Anspruch zu nehmen.<br \/>\nZu diesem Zweck k\u00f6nnen Abmachungen mit Institutionen getroffen werden, die sich um \u00e4ltere und bed\u00fcrftige italienische Staatsangeh\u00f6rige k\u00fcmmern, die nicht selbstst\u00e4ndig und somit rund um die Uhr auf medizinische und psychologische Betreuung angewiesen sind.<\/p>\n","protected":false},"excerpt":{"rendered":"Gem\u00e4\u03b2 der Vereinbarungen, die von den Konsulaten mit Krankenh\u00e4usern und anderen Institutionen getroffen wurden, haben die bed\u00fcrftigen italienischen Staatsb\u00fcrger, die im Zust\u00e4ndigkeitsbereich des M\u00fcnchener Generalkonsulats wohnen, die M\u00f6glichkeit, ambulante und station\u00e4re Behandlung im Krankenhaus und medizinische Hilfe in Anspruch zu nehmen. Zu diesem Zweck k\u00f6nnen Abmachungen mit Institutionen getroffen werden, die sich um \u00e4ltere und [&hellip;]","protected":false},"author":5,"featured_media":0,"parent":421,"menu_order":0,"comment_status":"closed","ping_status":"closed","template":"","meta":{"footnotes":""},"class_list":["post-426","page","type-page","status-publish","hentry"],"_links":{"self":[{"href":"https:\/\/consmonacodibaviera.esteri.it\/de\/wp-json\/wp\/v2\/pages\/426","targetHints":{"allow":["GET"]}}],"collection":[{"href":"https:\/\/consmonacodibaviera.esteri.it\/de\/wp-json\/wp\/v2\/pages"}],"about":[{"href":"https:\/\/consmonacodibaviera.esteri.it\/de\/wp-json\/wp\/v2\/types\/page"}],"author":[{"embeddable":true,"href":"https:\/\/consmonacodibaviera.esteri.it\/de\/wp-json\/wp\/v2\/users\/5"}],"replies":[{"embeddable":true,"href":"https:\/\/consmonacodibaviera.esteri.it\/de\/wp-json\/wp\/v2\/comments?post=426"}],"version-history":[{"count":0,"href":"https:\/\/consmonacodibaviera.esteri.it\/de\/wp-json\/wp\/v2\/pages\/426\/revisions"}],"up":[{"embeddable":true,"href":"https:\/\/consmonacodibaviera.esteri.it\/de\/wp-json\/wp\/v2\/pages\/421"}],"wp:attachment":[{"href":"https:\/\/consmonacodibaviera.esteri.it\/de\/wp-json\/wp\/v2\/media?parent=426"}],"curies":[{"name":"wp","href":"https:\/\/api.w.org\/{rel}","templated":true}]}}