{"id":4247,"date":"2026-01-29T15:49:16","date_gmt":"2026-01-29T14:49:16","guid":{"rendered":"https:\/\/consmonacodibaviera.esteri.it\/?page_id=4247"},"modified":"2026-03-19T13:50:02","modified_gmt":"2026-03-19T12:50:02","slug":"eheschliessung-eingetragene-lebensgemeinschaft","status":"publish","type":"page","link":"https:\/\/consmonacodibaviera.esteri.it\/de\/servizi-consolari-e-visti\/servizi-per-il-cittadino-italiano\/stato-civile-2\/eheschliessung-eingetragene-lebensgemeinschaft\/","title":{"rendered":"Eheschlie\u00dfung \/ Eingetragene Lebensgemeinschaft"},"content":{"rendered":"<h5><a href=\"https:\/\/consmonacodibaviera.esteri.it\/it\/italia-e-germania\/diplomazia-scientifica\/accordi-di-cooperazione\/matrimonio-unione-civile\/matrimonio-in-germania\/\"><strong>Eheschlie\u00dfung in Deutschland<\/strong><\/a><\/h5>\n<hr \/>\n<h5><a href=\"https:\/\/consmonacodibaviera.esteri.it\/it\/italia-e-germania\/diplomazia-scientifica\/accordi-di-cooperazione\/matrimonio-unione-civile\/matrimonio-in-italia\/\"><strong>Eheschlie\u00dfung in Italien<\/strong><\/a><\/h5>\n<hr \/>\n<h5><\/h5>\n<h5><strong>Eheschliessung in anderen L\u00e4ndern<\/strong><\/h5>\n<p>Wenn Sie beabsichtigen, eine Ehe (oder eine gleichwertige Lebensform) in einem anderen Land als Deutschland oder Italien einzugehen, empfehlen wir Ihnen, sich mit den zust\u00e4ndigen italienischen Konsularbeh\u00f6rden im Gebiet der Eheschlie\u00dfung in Verbindung zu setzen und sich sowohl \u00fcber die f\u00fcr die Eheschlie\u00dfung erforderlichen Unterlagen als auch \u00fcber die vor Ort vorzulegenden Unterlagen zu informieren, die f\u00fcr die Eintragung in Italien notwendig sind.<\/p>\n<p>B\u00fcrger, die im Konsularbezirk M\u00fcnchen ans\u00e4ssig und ordnungsgem\u00e4\u00df im AIRE eingetragen sind, k\u00f6nnen bei diesem Generalkonsulat die f\u00fcr die Eheschlie\u00dfung erforderlichen Dokumente beantragen.<\/p>\n<p>Ebenso m\u00fcssen sie nach der Eheschlie\u00dfung die Eintragung der im Ausland geschlossenen Ehe in Italien beantragen, indem sie die entsprechenden Unterlagen (im Original) an dieses Generalkonsulat unter folgender Adresse senden:<\/p>\n<p style=\"padding-left: 40px;\">Ufficio Stato Civile &#8211; Matrimoni<br \/>\nConsolato Generale d&#8217;Italia<br \/>\nM\u00f6hlstr. 3 &#8211; 81675 M\u00fcnchen<\/p>\n","protected":false},"excerpt":{"rendered":"Eheschlie\u00dfung in Deutschland Eheschlie\u00dfung in Italien Eheschliessung in anderen L\u00e4ndern Wenn Sie beabsichtigen, eine Ehe (oder eine gleichwertige Lebensform) in einem anderen Land als Deutschland oder Italien einzugehen, empfehlen wir Ihnen, sich mit den zust\u00e4ndigen italienischen Konsularbeh\u00f6rden im Gebiet der Eheschlie\u00dfung in Verbindung zu setzen und sich sowohl \u00fcber die f\u00fcr die Eheschlie\u00dfung erforderlichen Unterlagen [&hellip;]","protected":false},"author":8,"featured_media":0,"parent":2277,"menu_order":20,"comment_status":"closed","ping_status":"closed","template":"","meta":{"footnotes":""},"class_list":["post-4247","page","type-page","status-publish","hentry"],"_links":{"self":[{"href":"https:\/\/consmonacodibaviera.esteri.it\/de\/wp-json\/wp\/v2\/pages\/4247","targetHints":{"allow":["GET"]}}],"collection":[{"href":"https:\/\/consmonacodibaviera.esteri.it\/de\/wp-json\/wp\/v2\/pages"}],"about":[{"href":"https:\/\/consmonacodibaviera.esteri.it\/de\/wp-json\/wp\/v2\/types\/page"}],"author":[{"embeddable":true,"href":"https:\/\/consmonacodibaviera.esteri.it\/de\/wp-json\/wp\/v2\/users\/8"}],"replies":[{"embeddable":true,"href":"https:\/\/consmonacodibaviera.esteri.it\/de\/wp-json\/wp\/v2\/comments?post=4247"}],"version-history":[{"count":4,"href":"https:\/\/consmonacodibaviera.esteri.it\/de\/wp-json\/wp\/v2\/pages\/4247\/revisions"}],"predecessor-version":[{"id":4255,"href":"https:\/\/consmonacodibaviera.esteri.it\/de\/wp-json\/wp\/v2\/pages\/4247\/revisions\/4255"}],"up":[{"embeddable":true,"href":"https:\/\/consmonacodibaviera.esteri.it\/de\/wp-json\/wp\/v2\/pages\/2277"}],"wp:attachment":[{"href":"https:\/\/consmonacodibaviera.esteri.it\/de\/wp-json\/wp\/v2\/media?parent=4247"}],"curies":[{"name":"wp","href":"https:\/\/api.w.org\/{rel}","templated":true}]}}