{"id":421,"date":"2023-06-04T09:36:23","date_gmt":"2023-06-04T07:36:23","guid":{"rendered":"https:\/\/consmonacodibaviera.esteri.it\/?page_id=421"},"modified":"2023-06-04T09:36:56","modified_gmt":"2023-06-04T07:36:56","slug":"sozialabteilung","status":"publish","type":"page","link":"https:\/\/consmonacodibaviera.esteri.it\/de\/servizi-consolari-e-visti\/servizi-per-il-cittadino-italiano\/sozialabteilung\/","title":{"rendered":"Sozialabteilung"},"content":{"rendered":"<p class=\"AlignRight\">Der Dienst des sozialen Beistands ist f\u00fcr italienische Staatsb\u00fcrger bestimmt, die sich in einer Notsituation befinden. Die italienischen B\u00fcrger k\u00f6nnen vom Konsulat eine finanzielle oder andere Unterst\u00fctzung bekommen, um die vor\u00fcbergehende schwierige Situation zu \u00fcberbr\u00fccken.<br \/>\nDie Sozialabteilung befasst sich mit F\u00e4llen verschiedener Art, die besondere Situationen betreffen, und zwar die Familie, die Beziehungen zwischen italienischen Staatsb\u00fcrgern und \u00f6rtlichen Beh\u00f6rden, und das Gesundheitswesen.<\/p>\n<p class=\"AlignRight\">&gt; <a title=\"Die Sozialabteilung bietet folgende Dienste an\" href=\"https:\/\/consmonacodibaviera.esteri.it\/consolato_monacodibaviera\/resource\/doc\/2018\/04\/20180426_tabella_servizi_sociali.pdf\" target=\"_blank\" rel=\"noopener\">Die Sozialabteilung bietet folgende Dienste an<\/a><\/p>\n","protected":false},"excerpt":{"rendered":"Der Dienst des sozialen Beistands ist f\u00fcr italienische Staatsb\u00fcrger bestimmt, die sich in einer Notsituation befinden. Die italienischen B\u00fcrger k\u00f6nnen vom Konsulat eine finanzielle oder andere Unterst\u00fctzung bekommen, um die vor\u00fcbergehende schwierige Situation zu \u00fcberbr\u00fccken. Die Sozialabteilung befasst sich mit F\u00e4llen verschiedener Art, die besondere Situationen betreffen, und zwar die Familie, die Beziehungen zwischen italienischen [&hellip;]","protected":false},"author":5,"featured_media":0,"parent":224,"menu_order":6,"comment_status":"closed","ping_status":"closed","template":"","meta":{"footnotes":""},"class_list":["post-421","page","type-page","status-publish","hentry"],"_links":{"self":[{"href":"https:\/\/consmonacodibaviera.esteri.it\/de\/wp-json\/wp\/v2\/pages\/421","targetHints":{"allow":["GET"]}}],"collection":[{"href":"https:\/\/consmonacodibaviera.esteri.it\/de\/wp-json\/wp\/v2\/pages"}],"about":[{"href":"https:\/\/consmonacodibaviera.esteri.it\/de\/wp-json\/wp\/v2\/types\/page"}],"author":[{"embeddable":true,"href":"https:\/\/consmonacodibaviera.esteri.it\/de\/wp-json\/wp\/v2\/users\/5"}],"replies":[{"embeddable":true,"href":"https:\/\/consmonacodibaviera.esteri.it\/de\/wp-json\/wp\/v2\/comments?post=421"}],"version-history":[{"count":0,"href":"https:\/\/consmonacodibaviera.esteri.it\/de\/wp-json\/wp\/v2\/pages\/421\/revisions"}],"up":[{"embeddable":true,"href":"https:\/\/consmonacodibaviera.esteri.it\/de\/wp-json\/wp\/v2\/pages\/224"}],"wp:attachment":[{"href":"https:\/\/consmonacodibaviera.esteri.it\/de\/wp-json\/wp\/v2\/media?parent=421"}],"curies":[{"name":"wp","href":"https:\/\/api.w.org\/{rel}","templated":true}]}}