{"id":411,"date":"2023-06-04T09:28:05","date_gmt":"2023-06-04T07:28:05","guid":{"rendered":"https:\/\/consmonacodibaviera.esteri.it\/?page_id=411"},"modified":"2023-06-06T09:45:48","modified_gmt":"2023-06-06T07:45:48","slug":"wirtschaftsfoerderung-italiens-in-deutschland","status":"publish","type":"page","link":"https:\/\/consmonacodibaviera.esteri.it\/de\/italia-e-germania\/diplomazia-economica\/wirtschaftsfoerderung-italiens-in-deutschland\/","title":{"rendered":"Wirtschaftsf\u00f6rderung Italiens in Deutschland"},"content":{"rendered":"<div class=\"entry-content\">\n<p><span lang=\"DE\"><a href=\"http:\/\/www.italtrade.com\/\" target=\"_blank\" rel=\"noopener\">ICE \u2013 Italienische Agentur f\u00fcr Au\u00dfenhandel<\/a>\u00a0[in englischer Sprache] unterh\u00e4lt in Deutschland ein B\u00fcro, die als Handelsf\u00f6rderungsabteilung in das diplomatisch-konsularische Netz der Italienischen Botschaft in Berlin integriert ist.<\/span><\/p>\n<p><a href=\"https:\/\/www.ice.it\/it\/mercati\/germania\/berlino\" target=\"_blank\" rel=\"noopener\">Das ICE-B\u00fcro in Berlin<\/a>\u00a0 (auf Italienisch) bearbeitet folgende Warengruppen:<span id=\"more-136\"><\/span><\/p>\n<p><strong>KONSUMG\u00dcTER<\/strong><br \/>\nBrillen, Parfum und Kosmetik, Sportartikel, Elektromedizin und Medizinprodukte, Arzneimittel, M\u00f6bel, Contract, elektrische Haushaltsger\u00e4te und Gastst\u00e4ttentechnik<br \/>\nTextilien, Bekleidung, Schuhe und Lederwaren, Schmuck, Musikinstrumente, Spielwaren, Einrichtungsgegenst\u00e4nde, Bad und Sanit\u00e4r, Fliesen, Geschenkartikel, Papierwaren<br \/>\nItalienisches Verlagswesen, italienischer Film und Funk<\/p>\n<p><strong>LEBENSMITTEL UND WEINE<br \/>\n<\/strong>Obst und Gem\u00fcse, gastronomische Spezialit\u00e4ten, Lebensmittel, Pflanzen, Tierprodukte, Lebensmittel, Weine und Getr\u00e4nke, Normen\/Vorschriften im Lebensmittelbereich<\/p>\n<p><strong>INDUSTRIE UND TECHNOLOGIEN<\/strong><br \/>\nInvestitionsf\u00f6rderung, Territorialmarketing<br \/>\nLogistik, Terti\u00e4rsektor, Technologietransfer, Bio- und Nanotechnologie, Flug- und Raumfahrt, ICT<br \/>\nElektrotechnik und Elektronik, Mess- und Regeltechnik, High-Tech, Industrieautomation, Umwelt und Energie, Recycling<br \/>\nArchitektur (u. a. Stadtbau\/Stadtmobiliar) und Bauwesen (Baumaschinen und -materialien, Heizungs- und Klimatechnik, zugeh\u00f6rige Dienstleistungen)<br \/>\nBoots- und Schiffsbau, Kunststoff und Gummi, Verpackungen, Grafik und Druck<br \/>\nZulieferindustrie<br \/>\nMaschinen und Anlagen, Chemie, Transportmittel: Auto und \u2013zubeh\u00f6r, Werkstattausr\u00fcstungen und Ersatzteile, Motorr\u00e4der, Eisenbahntechnik.<\/p>\n<p>Es gibt zwei durch das Gesetz Nr. 518 vom 1. Juli 1970 legge 1\u00b0 luglio 1970, n. 518 anerkannte deutsch-italienische Handelskammern: die Italienische Handelskammer f\u00fcr Deutschland\u00a0\u00a0<a href=\"http:\/\/itkam.org\/?lang=de\" target=\"_blank\" rel=\"noopener\">Camera di Commercio Italiana per la Germania<\/a>\u00a0 hat ihren Hauptsitz in Frankfurt a.M. und drei B\u00fcros in Berlin, K\u00f6ln und Leipzig. Die Italienische Handelskammer M\u00fcnchen\u00a0\u00a0<a href=\"http:\/\/www.italcam.de\/index.php\/home.html\" target=\"_blank\" rel=\"noopener\">Camera di Commercio Italiana Monaco di Baviera<\/a>\u00a0 hat ihren Hauptsitz in M\u00fcnchen und ein Korrespondenzb\u00fcro in Stuttgart, das f\u00fcr Baden-W\u00fcrttemberg zust\u00e4ndig ist.<\/p>\n<p>Die F\u00f6rderung des Tourismus in Italien obliegt dem\u00a0<a href=\"http:\/\/www.enit-italia.de\/\" target=\"_blank\" rel=\"noopener\">ENIT<\/a>, das \u00fcber ein B\u00fcro in Frankfurt a.M. verf\u00fcgt.<\/p>\n<\/div>\n","protected":false},"excerpt":{"rendered":"ICE \u2013 Italienische Agentur f\u00fcr Au\u00dfenhandel\u00a0[in englischer Sprache] unterh\u00e4lt in Deutschland ein B\u00fcro, die als Handelsf\u00f6rderungsabteilung in das diplomatisch-konsularische Netz der Italienischen Botschaft in Berlin integriert ist. Das ICE-B\u00fcro in Berlin\u00a0 (auf Italienisch) bearbeitet folgende Warengruppen: KONSUMG\u00dcTER Brillen, Parfum und Kosmetik, Sportartikel, Elektromedizin und Medizinprodukte, Arzneimittel, M\u00f6bel, Contract, elektrische Haushaltsger\u00e4te und Gastst\u00e4ttentechnik Textilien, Bekleidung, Schuhe [&hellip;]","protected":false},"author":5,"featured_media":0,"parent":220,"menu_order":0,"comment_status":"closed","ping_status":"closed","template":"","meta":{"footnotes":""},"class_list":["post-411","page","type-page","status-publish","hentry"],"_links":{"self":[{"href":"https:\/\/consmonacodibaviera.esteri.it\/de\/wp-json\/wp\/v2\/pages\/411","targetHints":{"allow":["GET"]}}],"collection":[{"href":"https:\/\/consmonacodibaviera.esteri.it\/de\/wp-json\/wp\/v2\/pages"}],"about":[{"href":"https:\/\/consmonacodibaviera.esteri.it\/de\/wp-json\/wp\/v2\/types\/page"}],"author":[{"embeddable":true,"href":"https:\/\/consmonacodibaviera.esteri.it\/de\/wp-json\/wp\/v2\/users\/5"}],"replies":[{"embeddable":true,"href":"https:\/\/consmonacodibaviera.esteri.it\/de\/wp-json\/wp\/v2\/comments?post=411"}],"version-history":[{"count":0,"href":"https:\/\/consmonacodibaviera.esteri.it\/de\/wp-json\/wp\/v2\/pages\/411\/revisions"}],"up":[{"embeddable":true,"href":"https:\/\/consmonacodibaviera.esteri.it\/de\/wp-json\/wp\/v2\/pages\/220"}],"wp:attachment":[{"href":"https:\/\/consmonacodibaviera.esteri.it\/de\/wp-json\/wp\/v2\/media?parent=411"}],"curies":[{"name":"wp","href":"https:\/\/api.w.org\/{rel}","templated":true}]}}