{"id":4064,"date":"2026-01-23T16:32:26","date_gmt":"2026-01-23T15:32:26","guid":{"rendered":"https:\/\/consmonacodibaviera.esteri.it\/?page_id=4064"},"modified":"2026-01-26T16:02:45","modified_gmt":"2026-01-26T15:02:45","slug":"bescheinigungen","status":"publish","type":"page","link":"https:\/\/consmonacodibaviera.esteri.it\/de\/servizi-consolari-e-visti\/servizi-per-il-cittadino-italiano\/stato-civile-2\/bescheinigungen\/","title":{"rendered":"Bescheinigungen"},"content":{"rendered":"<h5>Bescheinigungen, die ausschlie\u00dflich zur Vorlage bei ausl\u00e4ndischen Beh\u00f6rden oder Privatpersonen (Bank, Notar usw.) ausgestellt werden k\u00f6nnen<\/h5>\n<p><strong><em>Sie k\u00f6nnen nicht zur Vorlage bei anderen Beh\u00f6rden des italienischen Staates ausgestellt werden.<\/em><\/strong><\/p>\n<ul>\n<li>Bescheinigung \u00fcber die Eintragung in das Konsularregister mit Angabe der Adresse, nach Vorlage einer <em>Erweiterten Meldebescheinigung<\/em>, die nicht \u00e4lter als sechs Monate ist<\/li>\n<li><a href=\"#Personenstand\">Ledigkeitsbescheinigung<\/a>, nach Vorlage einer <em>Erweiterten Meldebescheinigung<\/em>, die nicht \u00e4lter als sechs Monate ist<\/li>\n<li><a href=\"#Sammel\">Erweiterte Meldebescheinigung<\/a><\/li>\n<li>Staatsangeh\u00f6rigkeitsbescheinigung<\/li>\n<\/ul>\n<h5>Bescheinigungen, die ausschlie\u00dflich von italienischen Gemeinden ausgestellt werden k\u00f6nnen:<\/h5>\n<ul>\n<li>Familienstandsbescheinigung<\/li>\n<li>Geburtsurkunde oder Auszug aus dem Geburtenregister<\/li>\n<li>Heiratsurkunde oder Auszug aus dem Heiratsregister<\/li>\n<li>Sterbeurkunde oder Auszug aus dem Sterberegister<\/li>\n<li>Bescheinigung \u00fcber die Eintragung in das AIRE<\/li>\n<\/ul>\n<h5>Bescheinigungen, die ausschlie\u00dflich von italienischen Gerichten ausgestellt werden k\u00f6nnen:<\/h5>\n<ul>\n<li>F\u00fchrungszeugnis und Strafregisterauszug<\/li>\n<li>Rechtskr\u00e4ftiges Scheidungsurteil<\/li>\n<\/ul>\n<hr \/>\n<p>&nbsp;<\/p>\n<h4 id=\"Sammel\"><strong>Sammelbescheinigung\/kontextuelles Zertifikat<\/strong><\/h4>\n<p>Um eine Sammelbescheinigung\/kontextuelles Zertifikat mit Angabe des Familienstands, des Wohnsitzes und der Staatsangeh\u00f6rigkeit zu erhalten, muss der Staatsangeh\u00f6rige die unten aufgef\u00fchrten Unterlagen per Post oder Einschreiben an das Standesamt dieses Generalkonsulats senden und die unten aufgef\u00fchrten Formulare vollst\u00e4ndig ausf\u00fcllen.<\/p>\n<p>Zu versendende Unterlagen:<\/p>\n<ol>\n<li><a href=\"https:\/\/consmonacodibaviera.esteri.it\/wp-content\/uploads\/2026\/01\/RICHIESTA-certificato-CUMULATIVO.pdf\">Antrag auf eine<\/a><a href=\"https:\/\/consmonacodibaviera.esteri.it\/wp-content\/uploads\/2026\/01\/RICHIESTA-certificato-CUMULATIVO.pdf\"><u> Sammelbescheinigung<\/u><\/a>, ausgef\u00fcllt und vom Antragsteller unterzeichnet<\/li>\n<li>Kopie eines g\u00fcltigen italienischen Ausweises des Antragstellers<\/li>\n<li><a href=\"https:\/\/consmonacodibaviera.esteri.it\/wp-content\/uploads\/2026\/01\/RICHIESTA-spedizione-certificati.pdf\">Antrag auf Versand der Bescheinigung per Post<\/a>, vom Antragsteller unterzeichnet<\/li>\n<li>Kopie der <em>erweiterten Meldebescheinigung<\/em> mit Angabe des Wohnsitzes, der Staatsangeh\u00f6rigkeit und des Familienstands des Antragstellers, nicht \u00e4lter als sechs Monate<\/li>\n<li>Vorfrankierter Umschlag mit einer f\u00fcr den Versand geeigneten Briefmarke unter Angabe des Nachnamens, Vornamens und der vollst\u00e4ndigen Anschrift des Empf\u00e4ngers<\/li>\n<li>Nachweis \u00fcber die \u00dcberweisung von 17,00 \u20ac auf das Konto des Generalkonsulats in M\u00fcnchen:<\/li>\n<\/ol>\n<p style=\"padding-left: 40px;\">Empf\u00e4ngername: Consolato Generale d\u2019Italia Monaco di Baviera<br \/>\nIBAN: <strong>DE86700202700010177870<br \/>\n<\/strong>SWIFT: HYVEDEMMXXX<br \/>\nBetrag: <strong>17,00 Euro<br \/>\n<\/strong>Verwendungszweck: &lt;<strong><em>Nachname<\/em><\/strong>&gt; &lt;<strong><em>Vorname<\/em><\/strong>&gt; &lt;<strong><em>Geburtsdatum<\/em><\/strong>&gt; \u2013 \u201e<strong>Certificato cumulativo<\/strong>\u201c<\/p>\n<p>Versandadresse:<\/p>\n<p style=\"padding-left: 40px;\">Standesamt<br \/>\nItalienisches Konsulat in M\u00fcnchen<br \/>\nM\u00f6hlstra\u00dfe 3 \u2013 81675 M\u00fcnchen<\/p>\n<p>&nbsp;<\/p>\n<h4 id=\"Personenstand\"><strong>Personenstandsbescheinigung<\/strong><\/h4>\n<p>Um eine <strong>Bescheinigung \u00fcber den Familienstand mit Angabe des Wohnsitzes und des Personenstands <\/strong>zu erhalten, muss der Staatsangeh\u00f6rige die unten aufgef\u00fchrten Unterlagen per Post oder Einschreiben an das Standesamt dieses Generalkonsulats senden und die unten aufgef\u00fchrten Formulare vollst\u00e4ndig ausf\u00fcllen.<\/p>\n<p>Zu versendende Unterlagen:<\/p>\n<ol>\n<li><a href=\"https:\/\/consmonacodibaviera.esteri.it\/wp-content\/uploads\/2026\/01\/RICHIESTA-certificato-STATO-CIVILE.pdf\">Antrag auf Ausstellung einer Personenstandsurkunde<\/a>, ausgef\u00fcllt und vom Antragsteller unterzeichnet<\/li>\n<li>Kopie eines g\u00fcltigen italienischen Ausweises des Antragstellers<\/li>\n<li><a href=\"https:\/\/consmonacodibaviera.esteri.it\/wp-content\/uploads\/2026\/01\/RICHIESTA-spedizione-certificati.pdf\">Antrag auf Versand der Bescheinigung per Post<\/a>, vom Antragsteller unterzeichnet<\/li>\n<li>Kopie der<em> erweiterten Meldebescheinigung<\/em> mit Angabe des Wohnsitzes, der Staatsangeh\u00f6rigkeit und des Familienstands des Antragstellers, nicht \u00e4lter als sechs Monate<\/li>\n<li>Vorfrankierter Umschlag mit einer f\u00fcr den Versand geeigneten Briefmarke und Angabe des Nachnamens, Vornamens und der vollst\u00e4ndigen Anschrift des Empf\u00e4ngers<\/li>\n<li>Nachweis \u00fcber die \u00dcberweisung von 6,00 \u20ac auf das Konto des Generalkonsulats in M\u00fcnchen:<\/li>\n<\/ol>\n<p style=\"padding-left: 40px;\">Empf\u00e4ngername: Consolato Generale d\u2019Italia Monaco di Baviera<br \/>\nIBAN: <strong>DE86700202700010177870<br \/>\n<\/strong>SWIFT: HYVEDEMMXXX<br \/>\nBetrag: <strong>6,00 Euro<br \/>\n<\/strong>Verwendungszweck: &lt;<strong><em>Nachname<\/em><\/strong>&gt; &lt;<strong><em>Vorname<\/em><\/strong>&gt; &lt;<strong><em>Geburtsdatum<\/em><\/strong>&gt; \u2013 \u201e<strong>Certificato di stato civile<\/strong>\u201c<\/p>\n<p>Versandadresse:<\/p>\n<p style=\"padding-left: 40px;\">Standesamt<br \/>\nItalienisches Konsulat in M\u00fcnchen<br \/>\nM\u00f6hlstra\u00dfe 3 \u2013 81675 M\u00fcnchen<\/p>\n","protected":false},"excerpt":{"rendered":"Bescheinigungen, die ausschlie\u00dflich zur Vorlage bei ausl\u00e4ndischen Beh\u00f6rden oder Privatpersonen (Bank, Notar usw.) ausgestellt werden k\u00f6nnen Sie k\u00f6nnen nicht zur Vorlage bei anderen Beh\u00f6rden des italienischen Staates ausgestellt werden. Bescheinigung \u00fcber die Eintragung in das Konsularregister mit Angabe der Adresse, nach Vorlage einer Erweiterten Meldebescheinigung, die nicht \u00e4lter als sechs Monate ist Ledigkeitsbescheinigung, nach Vorlage [&hellip;]","protected":false},"author":8,"featured_media":0,"parent":2277,"menu_order":40,"comment_status":"closed","ping_status":"closed","template":"","meta":{"footnotes":""},"class_list":["post-4064","page","type-page","status-publish","hentry"],"_links":{"self":[{"href":"https:\/\/consmonacodibaviera.esteri.it\/de\/wp-json\/wp\/v2\/pages\/4064","targetHints":{"allow":["GET"]}}],"collection":[{"href":"https:\/\/consmonacodibaviera.esteri.it\/de\/wp-json\/wp\/v2\/pages"}],"about":[{"href":"https:\/\/consmonacodibaviera.esteri.it\/de\/wp-json\/wp\/v2\/types\/page"}],"author":[{"embeddable":true,"href":"https:\/\/consmonacodibaviera.esteri.it\/de\/wp-json\/wp\/v2\/users\/8"}],"replies":[{"embeddable":true,"href":"https:\/\/consmonacodibaviera.esteri.it\/de\/wp-json\/wp\/v2\/comments?post=4064"}],"version-history":[{"count":5,"href":"https:\/\/consmonacodibaviera.esteri.it\/de\/wp-json\/wp\/v2\/pages\/4064\/revisions"}],"predecessor-version":[{"id":4073,"href":"https:\/\/consmonacodibaviera.esteri.it\/de\/wp-json\/wp\/v2\/pages\/4064\/revisions\/4073"}],"up":[{"embeddable":true,"href":"https:\/\/consmonacodibaviera.esteri.it\/de\/wp-json\/wp\/v2\/pages\/2277"}],"wp:attachment":[{"href":"https:\/\/consmonacodibaviera.esteri.it\/de\/wp-json\/wp\/v2\/media?parent=4064"}],"curies":[{"name":"wp","href":"https:\/\/api.w.org\/{rel}","templated":true}]}}