{"id":406,"date":"2023-06-04T09:25:44","date_gmt":"2023-06-04T07:25:44","guid":{"rendered":"https:\/\/consmonacodibaviera.esteri.it\/?page_id=406"},"modified":"2023-06-06T09:25:49","modified_gmt":"2023-06-06T07:25:49","slug":"investieren-in-italien","status":"publish","type":"page","link":"https:\/\/consmonacodibaviera.esteri.it\/de\/italia-e-germania\/diplomazia-economica\/investieren-in-italien\/","title":{"rendered":"Investieren in Italien"},"content":{"rendered":"<div class=\"entry-content\">\n<ul>\n<li><a href=\"https:\/\/consmonacodibaviera.esteri.it\/de\/italia-e-germania\/diplomazia-economica\/investieren-in-italien\/geschaeftsmoeglichkeiten\/\">Gesch\u00e4ftsm\u00f6glichkeiten<\/a><\/li>\n<li><a href=\"https:\/\/consmonacodibaviera.esteri.it\/de\/italia-e-germania\/diplomazia-economica\/investieren-in-italien\/investitionsmoeglichkeiten\/\">Investitionsm\u00f6glichkeiten<\/a><\/li>\n<li><a href=\"https:\/\/consmonacodibaviera.esteri.it\/de\/italia-e-germania\/diplomazia-economica\/investieren-in-italien\/volkswirtschaftliche-rahmenbedingungen\/\">Volkswirtschaftliche Rahmenbedingungen<\/a><\/li>\n<li><a href=\"https:\/\/consmonacodibaviera.esteri.it\/de\/italia-e-germania\/diplomazia-economica\/investieren-in-italien\/nuetzliche-links\/\">N\u00fctzliche Links<\/a><\/li>\n<\/ul>\n<\/div>\n","protected":false},"excerpt":{"rendered":"Gesch\u00e4ftsm\u00f6glichkeiten Investitionsm\u00f6glichkeiten Volkswirtschaftliche Rahmenbedingungen N\u00fctzliche Links","protected":false},"author":5,"featured_media":0,"parent":220,"menu_order":0,"comment_status":"closed","ping_status":"closed","template":"","meta":{"footnotes":""},"class_list":["post-406","page","type-page","status-publish","hentry"],"_links":{"self":[{"href":"https:\/\/consmonacodibaviera.esteri.it\/de\/wp-json\/wp\/v2\/pages\/406","targetHints":{"allow":["GET"]}}],"collection":[{"href":"https:\/\/consmonacodibaviera.esteri.it\/de\/wp-json\/wp\/v2\/pages"}],"about":[{"href":"https:\/\/consmonacodibaviera.esteri.it\/de\/wp-json\/wp\/v2\/types\/page"}],"author":[{"embeddable":true,"href":"https:\/\/consmonacodibaviera.esteri.it\/de\/wp-json\/wp\/v2\/users\/5"}],"replies":[{"embeddable":true,"href":"https:\/\/consmonacodibaviera.esteri.it\/de\/wp-json\/wp\/v2\/comments?post=406"}],"version-history":[{"count":0,"href":"https:\/\/consmonacodibaviera.esteri.it\/de\/wp-json\/wp\/v2\/pages\/406\/revisions"}],"up":[{"embeddable":true,"href":"https:\/\/consmonacodibaviera.esteri.it\/de\/wp-json\/wp\/v2\/pages\/220"}],"wp:attachment":[{"href":"https:\/\/consmonacodibaviera.esteri.it\/de\/wp-json\/wp\/v2\/media?parent=406"}],"curies":[{"name":"wp","href":"https:\/\/api.w.org\/{rel}","templated":true}]}}