{"id":400,"date":"2023-06-04T09:14:44","date_gmt":"2023-06-04T07:14:44","guid":{"rendered":"https:\/\/consmonacodibaviera.esteri.it\/?page_id=400"},"modified":"2024-09-27T15:29:11","modified_gmt":"2024-09-27T13:29:11","slug":"oktoberfest","status":"publish","type":"page","link":"https:\/\/consmonacodibaviera.esteri.it\/de\/servizi-consolari-e-visti\/servizi-per-il-cittadino-italiano\/altri-servizi\/oktoberfest\/","title":{"rendered":"Oktoberfest"},"content":{"rendered":"<h4><strong>189. Oktoberfest (vom 21. September bis 6. Oktober 2024)<\/strong><\/h4>\n<p><strong>Veranstaltungsort und \u00d6ffnungszeiten <\/strong><\/p>\n<p>Veranstaltungsort: Theresienwiese<\/p>\n<p><a href=\"https:\/\/www.oktoberfest.de\/gelaendeplan\">\u00dcbersichtskarte<\/a><\/p>\n<p><a href=\"https:\/\/www.oktoberfest.de\/informationen\/die-oeffnungszeiten-des-oktoberfests\">Die \u00d6ffnungszeiten<\/a><\/p>\n<p>Weitere n\u00fctzliche Informationen auf der <a href=\"https:\/\/www.muenchen.de\/veranstaltungen\/oktoberfest\" target=\"_blank\" rel=\"noopener\">Website der Stadt M\u00fcnchen<\/a><\/p>\n<p>&nbsp;<\/p>\n<p><span style=\"color: #ff0000;\"><strong>Wichtige Hinweise<\/strong><\/span><\/p>\n<p>Das Oktoberfestgel\u00e4nde darf nur mit Taschen und Rucks\u00e4cken betreten werden, die ein maximales Fassungsverm\u00f6gen von 3 Litern haben oder nicht gr\u00f6\u00dfer als 20 cm \u00d7 15 cm \u00d7 10 cm sind.<\/p>\n<p>Gr\u00f6\u00dfere Taschen und Rucks\u00e4cke k\u00f6nnen an den Eing\u00e4ngen P1, P5, P8 und P10 (S. <a href=\"https:\/\/www.oktoberfest.de\/gelaendeplan\">\u00dcbersichtsplan<\/a>) gegen Geb\u00fchr in H\u00f6he von 5 Euro bei der Gep\u00e4ckaufbewahrung abgegeben werden.<\/p>\n<p>Das Mitnehmen von Getr\u00e4nken auf die Festwiese ist erlaubt, jedoch nicht in die Zelte\/Bierg\u00e4rten und nicht in\u00a0Glasflaschen.<\/p>\n<p>Nicht erlaubt sind Gasspr\u00fchdosen, die sch\u00e4dliche, reizende oder f\u00e4rbende Stoffe enthalten, sowie Gegenst\u00e4nde, die als Hieb-, Stich- und Sto\u00dfwaffen verwendet werden k\u00f6nnen.<\/p>\n<p>Das Oktoberfest bietet Taschendieben eine gute Gelegenheit. Behalten Sie Ihr Hab und Gut immer im Blick.\u00a0 Fotokopien Ihrer Dokumente (Reisepass, Personalausweis, F\u00fchrerschein usw.) sollten Sie daher im voraus anfertigen und gut aufbewahren.<\/p>\n<p>Reagieren Sie nicht auf Provokationen und lassen Sie sich nicht in Schl\u00e4gereien verwickeln.<\/p>\n<p>Der Konsum von Cannabis ist auf dem gesamten Oktoberfestgel\u00e4nde ebenfalls verboten.<\/p>\n<p>Denken Sie daran, dass Oktoberfestbier einen viel h\u00f6heren Alkoholgehalt hat als italienisches Bier. Mit nur einem Ma\u00df Bier \u00fcberschreitet man die gesetzlich zul\u00e4ssige Grenze und darf daher auf keinen Fall ein Kraftfahrzeug f\u00fchren. Ab einer Atemalkoholkonzentration von 0,25 mg\/l ist es verboten, ein Fahrzeug zu f\u00fchren. F\u00fcr Fahranf\u00e4nger und Personen unter 22 Jahren gilt ein absolutes Fahrverbot unter Alkoholeinfluss (zul\u00e4ssige Alkoholkonzentration = 0). Zuwiderhandlungen werden, je nach Schwere der Tat, mit der Festnahme, der Beschlagnahme des Fahrzeugs, der Einziehung des F\u00fchrerscheins und der Zahlung einer hohen Sicherheitsleistung zur Sicherstellung der Durchf\u00fchrung des Strafverfahrens geahndet.<\/p>\n<p>Es wird daher empfohlen, die \u00f6ffentlichen Verkehrsmittel zu benutzen.<\/p>\n<p>Bitte beachten Sie, dass sexuelle Bel\u00e4stigung ein Strafbestand ist und nach dem deutschen Strafgesetzbuch strafrechtlich verfolgt wird.<\/p>\n<p>Das Mitnehmen eines Ma\u00dfkruges aus den Festzelten\/Bierg\u00e4rten gilt als Diebstahl und wird strafrechtlich verfolgt.<\/p>\n<p>Vermeiden Sie im Falle einer Festnahme oder Verhaftung eine Auseinandersetzung oder abf\u00e4llige \u00c4u\u00dferungen gegen\u00fcber den Polizeibeamten. Im Falle einer Festnahme oder Verhaftung k\u00f6nnen sie verlangen, dass das italienische Generalkonsulat dar\u00fcber informiert wird. In der Regel werden geringf\u00fcgige Vergehen mit der Zahlung einer Geldstrafe und der Freilassung auf freiem Fu\u00df geregelt. Bei Straftaten, bei den die Voraussetzungen eines Haftbefehls nicht vorliegen, wird in der Regel eine Sicherheitsleistung verlangt, um die Durchf\u00fchrung des Strafverfahrens sicher zu stellen.<\/p>\n<p>&nbsp;<\/p>\n<p><a href=\"https:\/\/consmonacodibaviera.esteri.it\/de\/servizi-consolari-e-visti\/servizi-per-il-cittadino-italiano\/nuetzliche-verzeichnisse-und-links\/\">Verzeichnisse von Rechtsanw\u00e4lten mit Italienischkenntnissen sowie von \u00dcbersetzern und Dolmetschern<\/a><\/p>\n<p>&nbsp;<\/p>\n<p><strong>N\u00fctzliche Adressen<\/strong><\/p>\n<p>Generalkonsulat der Italienischen Republik<\/p>\n<p>M\u00f6hlstrasse 3 &#8211; 81675 M\u00fcnchen<br \/>\nTel.: 0049 (0) 89 4180030<\/p>\n<p>\u00d6ffnungszeiten des Konsulats<\/p>\n<p>&#8211; Montags\u00a0 \u00a0 \u00a0 \u00a0 9:00 &#8211; 13:00<br \/>\n&#8211; Dienstags\u00a0 \u00a0 \u00a0 9:00 &#8211; 12:00; 13:30 &#8211; 16:00<br \/>\n&#8211; Mittwochs\u00a0 \u00a0 \u00a09:00 &#8211; 13:00<br \/>\n&#8211; Donnerstags 9:00 &#8211; 12:00; 13:30 &#8211; 16:00<br \/>\n&#8211; Freitags\u00a0 \u00a0 \u00a0 \u00a0 \u00a09:00 &#8211; 12:30<\/p>\n<p>W\u00e4hrend der Oktoberfestzeit gibt es au\u00dferdem einen telefonischen Bereitschaftsdienst, der ausschlie\u00dflich f\u00fcr Notf\u00e4lle zust\u00e4ndig ist und unter 00491728332099 zu folgenden Zeiten erreichbar ist:<\/p>\n<p>&#8211; Montag bis Freitag, 18.00 Uhr bis Mitternacht<br \/>\n&#8211; Samstags, Sonntags und an Feiertagen von 9 Uhr bis Mitternacht<\/p>\n<p>&nbsp;<\/p>\n<p><strong>Erste Hilfe Oktoberfest<\/strong><\/p>\n<p>Erste-Hilfe-Stationen befinden sich in der N\u00e4he der Eing\u00e4nge P5, P8, P12 und P13.<br \/>\nIm Falle eines medizinischen Notfalls legen Sie bitte Ihre Europ\u00e4ische Krankenversicherungskarte oder die provisorische Ersatzbescheinigung der EHIC vor.<\/p>\n<p>&nbsp;<\/p>\n<p><strong>Notdienst der Polizei auf dem Oktoberfest: Tel. 110.<\/strong><\/p>\n<p>Die Polizeiwache auf dem Oktoberfest befindet sich in der N\u00e4he der Bavaria-Statue, Eingang P13.<\/p>\n<p><strong>\u00a0<\/strong><\/p>\n<p><strong>Safe-Space f\u00fcr Frauen<\/strong><\/p>\n<p>Hilfe f\u00fcr Frauen im Servicezentrum (in der N\u00e4he der Bavaria-Statue, neben der Erste-Hilfe-Station und der Polizeiwache, Eingang P13).<br \/>\n\u00d6ffnungszeiten: montags, dienstags, mittwochs, donnerstags und sonntags von 18.00 bis 01.00 Uhr, freitags und samstags von 15.00 bis 01.00 Uhr.<br \/>\nTel.: 0049 (0) 89 \/ 890 57 45 188.<\/p>\n<p><strong>\u00a0<\/strong><\/p>\n<p><strong>Diebstahl oder Verlust von Ausweispapieren<\/strong><\/p>\n<p>Begeben Sie sich zum Konsulat mit zwei Passfotos und der Verlust-\/Diebstahlanzeige, die bei einer Polizeidienststelle erstattet wurde. Bei Verlust oder Diebstahl Ihres Ausweisdokuments ist die R\u00fcckreise nach Italien auf dem Landweg in der Regel auch mit der von der Polizei ausgestellten Verlust- bzw. Diebstahlsanzeige m\u00f6glich.<\/p>\n<p>&nbsp;<\/p>\n<p><strong>Hinweise f\u00fcr Autofahrer<\/strong><\/p>\n<p>Italienische \u00e4rztliche Bescheinigungen, die die G\u00fcltigkeit eines italienischen F\u00fchrerscheins verl\u00e4ngern, werden in Deutschland nicht anerkannt.<\/p>\n<p>Die M\u00fcnchner Umweltzone ist verkehrsberuhigt und darf von Fahrzeugen mit hohem Schadstoffaussto\u00df nicht befahren werden. Um die M\u00fcnchner Umweltzone befahren zu d\u00fcrfen, muss das Fahrzeug mit einer entsprechenden Umweltplakette ausgestattet sein, die in Deutschland bei den Zulassungsstellen, dem T\u00dcV, der Dekra und den Vertragswerkst\u00e4tten erh\u00e4ltlich ist oder \u00fcber das Internet auf der <a href=\"https:\/\/www.umwelt-plakette.de\/de\/\" target=\"_blank\" rel=\"noopener\">folgenden Seite<\/a> angefordert werden kann.<br \/>\nZur Ausstellung einer Umweltplakette m\u00fcssen Sie die Zulassungsbescheinigung Teil I vorlegen, aus der hervorgeht, dass das Fahrzeug die europ\u00e4ischen Emissionsvorschriften erf\u00fcllt.<\/p>\n<p>Tipps zur Anreise zum Oktoberfest mit Auto und \u00f6ffentlichem Nahverkehr finden Sie auf der <a href=\"http:\/\/www.muenchen.de\/veranstaltungen\/oktoberfest\/besucher-service\/anreise\" target=\"_blank\" rel=\"noopener\">folgenden Seite<\/a>.<\/p>\n<p>F\u00fcr diejenigen, die mit einem Wohnwagen anreisen m\u00f6chten, lesen Sie bitte die <a href=\"http:\/\/www.oktoberfest-camping.com\/de\/home\/\" target=\"_blank\" rel=\"noopener\">folgende Seite<\/a>.<\/p>\n<p>&nbsp;<\/p>\n<p><strong>Abgeschlepptes Fahrzeug<\/strong><\/p>\n<p>Wenden Sie sich bitte an die Polizeiinspektion 14, Beethovenstra\u00dfe 5, 80336 M\u00fcnchen (in der N\u00e4he des Oktoberfestes), Tel.: 54332-0, oder an die n\u00e4chstgelegene Polizeidienststelle, bei der das Bu\u00dfgeld bezahlt werden kann.<\/p>\n<p>Das Fahrzeug kann dann bei der KFZ-Verwahrungsstelle, Thomas-Hauser-Str. 19, 81829 M\u00fcnchen &#8211; Raum Trudering, Tel. 0049 (0) 89 429301 abgeholt werden (erreichbar mit der U-Bahn S5 oder S6 bis Haltestelle Berg am Laim und dort in den Bus Nr. 192 Richtung Trudering umsteigen und an der zweiten Haltestelle aussteigen).<\/p>\n<p>Kosten f\u00fcr die Abholung des Autos: ab 200,00 \u20ac, ausschl. Bu\u00dfgeld. F\u00fcr weitere Informationen besuchen Sie <a href=\"https:\/\/stadt.muenchen.de\/service\/info\/kfz-verwahrstelle-der-polizei\/1081220\/\" target=\"_blank\" rel=\"noopener\">diese Seite<\/a>.<\/p>\n<p>&nbsp;<\/p>\n<p><strong>Geld aus Italien senden<\/strong><\/p>\n<p>Ein schneller Weg, um Geld aus Italien zu empfangen, ist \u00fcber Poste Italiane\/Western Union.<\/p>\n<p>Nachfolgend finden Sie die Western Union Standorte in der Stadtmitte und in der N\u00e4he des Oktoberfestes:<\/p>\n<ul>\n<li>SOF X GMBH<br \/>\nArnulfstrasse 4, 80335 M\u00fcnchen<br \/>\nTel.: (0049) 1795221460<\/li>\n<\/ul>\n<ul>\n<li>UCAMBIO EXCHANGE AND MONEY TRANSFER<br \/>\nBahnhofplatz 5, 80335 M\u00fcnchen<br \/>\nTel.: (0049) 89-54328932<\/li>\n<\/ul>\n<ul>\n<li>REISEBANK AG<br \/>\nBahnhofplatz 2,<br \/>\nM\u00dcNCHEN HAUPTBAHNHOF 3, 80335 M\u00fcnchen<br \/>\nTel.: (0049) 89-51114643<\/li>\n<\/ul>\n<ul>\n<li>HUDA FASTTRACK 1<br \/>\nSenefelder Strasse 1, 80336 M\u00fcnchen<br \/>\nTel.: (0049) 17663399886<\/li>\n<\/ul>\n<ul>\n<li>REKODA VERWALTUNGS \u2013 GMBH<br \/>\nSchillerstr. 5, 80336 M\u00fcnchen<br \/>\nTel.: (0049) 89-591725<\/li>\n<\/ul>\n<ul>\n<li>BAYERS BOARDINGHOUSE AND HOTEL<br \/>\nSchwanthalerstr 45, 80336 M\u00fcnchen<br \/>\nTel.: (0049) 08954809450<\/li>\n<\/ul>\n<ul>\n<li>HAPPY KIOSK<br \/>\nSchwanthalerstrasse 22, 80336 M\u00fcnchen<br \/>\nTel.: (0049) 00800-20010001<\/li>\n<\/ul>\n<ul>\n<li>KABUL REISEBURO<br \/>\nSchillerstrasse 18, 80336 M\u00fcnchen<br \/>\nTel.: (0049) 15777777081<\/li>\n<\/ul>\n<ul>\n<li>UCAMBIO EXCHANGE AND MONEY TRANSFER<br \/>\nLandwehrstr 43, 80336 M\u00fcnchen<br \/>\nTel.: (0049) 89-59989043<\/li>\n<\/ul>\n<ul>\n<li>BABYLON CALLSHOP<br \/>\nSchwanthalerstr 10, 80336 M\u00fcnchen<br \/>\nTel.: (0049) 89-59043888<\/li>\n<\/ul>\n<ul>\n<li>MSP MOBILE SERVICE POINT<br \/>\nKarlsplatz 1, 80333 M\u00fcnchen<br \/>\nTel.: (0049) 89-37979119<\/li>\n<\/ul>\n<ul>\n<li>HABIBI KIOSK<br \/>\nLandwehrstr. 17, 80336 M\u00fcnchen<br \/>\nTel.: (0049) 1799662461<\/li>\n<\/ul>\n","protected":false},"excerpt":{"rendered":"189. Oktoberfest (vom 21. September bis 6. Oktober 2024) Veranstaltungsort und \u00d6ffnungszeiten Veranstaltungsort: Theresienwiese \u00dcbersichtskarte Die \u00d6ffnungszeiten Weitere n\u00fctzliche Informationen auf der Website der Stadt M\u00fcnchen &nbsp; Wichtige Hinweise Das Oktoberfestgel\u00e4nde darf nur mit Taschen und Rucks\u00e4cken betreten werden, die ein maximales Fassungsverm\u00f6gen von 3 Litern haben oder nicht gr\u00f6\u00dfer als 20 cm \u00d7 15 [&hellip;]","protected":false},"author":5,"featured_media":0,"parent":226,"menu_order":0,"comment_status":"closed","ping_status":"closed","template":"","meta":{"footnotes":""},"class_list":["post-400","page","type-page","status-publish","hentry"],"_links":{"self":[{"href":"https:\/\/consmonacodibaviera.esteri.it\/de\/wp-json\/wp\/v2\/pages\/400","targetHints":{"allow":["GET"]}}],"collection":[{"href":"https:\/\/consmonacodibaviera.esteri.it\/de\/wp-json\/wp\/v2\/pages"}],"about":[{"href":"https:\/\/consmonacodibaviera.esteri.it\/de\/wp-json\/wp\/v2\/types\/page"}],"author":[{"embeddable":true,"href":"https:\/\/consmonacodibaviera.esteri.it\/de\/wp-json\/wp\/v2\/users\/5"}],"replies":[{"embeddable":true,"href":"https:\/\/consmonacodibaviera.esteri.it\/de\/wp-json\/wp\/v2\/comments?post=400"}],"version-history":[{"count":6,"href":"https:\/\/consmonacodibaviera.esteri.it\/de\/wp-json\/wp\/v2\/pages\/400\/revisions"}],"predecessor-version":[{"id":2115,"href":"https:\/\/consmonacodibaviera.esteri.it\/de\/wp-json\/wp\/v2\/pages\/400\/revisions\/2115"}],"up":[{"embeddable":true,"href":"https:\/\/consmonacodibaviera.esteri.it\/de\/wp-json\/wp\/v2\/pages\/226"}],"wp:attachment":[{"href":"https:\/\/consmonacodibaviera.esteri.it\/de\/wp-json\/wp\/v2\/media?parent=400"}],"curies":[{"name":"wp","href":"https:\/\/api.w.org\/{rel}","templated":true}]}}