{"id":390,"date":"2023-06-03T22:56:55","date_gmt":"2023-06-03T20:56:55","guid":{"rendered":"https:\/\/consmonacodibaviera.esteri.it\/?page_id=390"},"modified":"2023-06-04T09:00:26","modified_gmt":"2023-06-04T07:00:26","slug":"spid-identitaetsnachweis-fuer-italienische-staatsangehoerige-mit-wohnsitz-im-ausland-fristverlaengerung","status":"publish","type":"page","link":"https:\/\/consmonacodibaviera.esteri.it\/de\/servizi-consolari-e-visti\/servizi-per-il-cittadino-italiano\/altri-servizi\/spid-identitaetsnachweis-fuer-italienische-staatsangehoerige-mit-wohnsitz-im-ausland-fristverlaengerung\/","title":{"rendered":"SPID-Identit\u00e4tsnachweis f\u00fcr italienische Staatsangeh\u00f6rige mit Wohnsitz im Ausland \u2013 Fristverl\u00e4ngerung"},"content":{"rendered":"<p>Mit dem Gesetz zur Umwandlung des Gesetzesdekrets Nr. 198 vom 29. Dezember 2022 (sog. \u201eDecreto Milleproroghe\u201c) erfolgt eine weitere Verl\u00e4ngerung der Frist, nach welcher die konsularischen Vertretungen f\u00fcr die Identifizierung von italienischen Staatsangeh\u00f6rigen mit Wohnsitz im Ausland, die auf Verwaltungsdienste im Internet zugreifen, ausschlie\u00dflich digitale Identit\u00e4tsinstrumente verwenden d\u00fcrfen (<strong>SPID \u2013 \u00d6ffentliches System f\u00fcr die digitale Identit\u00e4t<\/strong>, CIE \u2013 Elektronischer Personalausweis, CNS \u2013 Nationale Dienstleistungskarte). Dieser Stichtag ist nun der 31. Dezember 2025. <strong>Ab dem 31. Dezember 2025 sind daher SPID-Zugangsdaten<\/strong> (oder CIE \u2013 Elektronischer Personalausweis oder CNS \u2013 Nationale Dienstleistungskarte) <strong>erforderlich<\/strong>, um konsularische Online-Dienstleistungen zu nutzen (zum Beispiel FastIt und Prenotami).<\/p>\n<p>Andere als die oben genannten digitalen Zugangsdaten zu Online-Dienstleistungen k\u00f6nnen bis zum 31. Dezember 2025 f\u00fcr italienische Staatsangeh\u00f6rige ausgestellt und bis zum 31. M\u00e4rz 2026 von diesen genutzt werden.<\/p>\n<p>Um rechtzeitig \u00fcber den digitalen Identit\u00e4tsnachweis f\u00fcr den Zugang zu Internetseiten der italienischen \u00f6ffentlichen Verwaltung sowie der konsularischen Auslandsvertretungen zu verf\u00fcgen, <strong>wird empfohlen, bereits jetzt die pers\u00f6nlichen SPID-Zugangsdaten zu beantragen.<\/strong><\/p>\n<p><strong>Die SPID-Zugangsdaten k\u00f6nnen \u00fcber einen Identity Provider beantragt werden<\/strong>. Die Konsularkanzlei ist kein solcher Identity Provider und kann daher <strong>KEINE<\/strong> SPID-Zugangsdaten ausstellen.<\/p>\n<p>N\u00e4here Informationen sowie eine Anleitung f\u00fcr die Beantragung der pers\u00f6nlichen Zugangsdaten finden Sie auf folgenden Webseiten:<br \/>\n\u2013 <a href=\"https:\/\/www.esteri.it\/it\/servizi-consolari-e-visti\/italiani-all-estero\/spid\/\">Seite des Ministeriums f\u00fcr Ausw\u00e4rtige Angelegenheiten zu SPID<\/a> (auf Italienisch)<br \/>\n\u2013 <a href=\"https:\/\/www.spid.gov.it\/de\/haeufig-gestellte-fragen\/\">FAQ-Seite der Agentur f\u00fcr das digitale Italien<\/a><\/p>\n","protected":false},"excerpt":{"rendered":"Mit dem Gesetz zur Umwandlung des Gesetzesdekrets Nr. 198 vom 29. Dezember 2022 (sog. \u201eDecreto Milleproroghe\u201c) erfolgt eine weitere Verl\u00e4ngerung der Frist, nach welcher die konsularischen Vertretungen f\u00fcr die Identifizierung von italienischen Staatsangeh\u00f6rigen mit Wohnsitz im Ausland, die auf Verwaltungsdienste im Internet zugreifen, ausschlie\u00dflich digitale Identit\u00e4tsinstrumente verwenden d\u00fcrfen (SPID \u2013 \u00d6ffentliches System f\u00fcr die digitale [&hellip;]","protected":false},"author":5,"featured_media":0,"parent":226,"menu_order":27,"comment_status":"closed","ping_status":"closed","template":"","meta":{"footnotes":""},"class_list":["post-390","page","type-page","status-publish","hentry"],"_links":{"self":[{"href":"https:\/\/consmonacodibaviera.esteri.it\/de\/wp-json\/wp\/v2\/pages\/390","targetHints":{"allow":["GET"]}}],"collection":[{"href":"https:\/\/consmonacodibaviera.esteri.it\/de\/wp-json\/wp\/v2\/pages"}],"about":[{"href":"https:\/\/consmonacodibaviera.esteri.it\/de\/wp-json\/wp\/v2\/types\/page"}],"author":[{"embeddable":true,"href":"https:\/\/consmonacodibaviera.esteri.it\/de\/wp-json\/wp\/v2\/users\/5"}],"replies":[{"embeddable":true,"href":"https:\/\/consmonacodibaviera.esteri.it\/de\/wp-json\/wp\/v2\/comments?post=390"}],"version-history":[{"count":0,"href":"https:\/\/consmonacodibaviera.esteri.it\/de\/wp-json\/wp\/v2\/pages\/390\/revisions"}],"up":[{"embeddable":true,"href":"https:\/\/consmonacodibaviera.esteri.it\/de\/wp-json\/wp\/v2\/pages\/226"}],"wp:attachment":[{"href":"https:\/\/consmonacodibaviera.esteri.it\/de\/wp-json\/wp\/v2\/media?parent=390"}],"curies":[{"name":"wp","href":"https:\/\/api.w.org\/{rel}","templated":true}]}}