{"id":371,"date":"2023-06-04T01:02:41","date_gmt":"2023-06-03T23:02:41","guid":{"rendered":"https:\/\/consmonacodibaviera.esteri.it\/?page_id=371"},"modified":"2025-06-13T14:47:04","modified_gmt":"2025-06-13T12:47:04","slug":"italienische-steuernummer","status":"publish","type":"page","link":"https:\/\/consmonacodibaviera.esteri.it\/de\/servizi-consolari-e-visti\/servizi-per-il-cittadino-italiano\/italienische-steuernummer\/","title":{"rendered":"Italienische Steuernummer (Codice Fiscale)"},"content":{"rendered":"<h5><em>Informationen zur Beantragung eines Codice Fiscale f<strong>\u00fcr italienische Staatsb\u00fcrger mit ordentlichem Wohnsitz im Ausland und AIRE-Registrierung<\/strong>.<\/em><\/h5>\n<h6><em>(Ausl\u00e4ndische Staatsb\u00fcrger ohne Wohnsitz in Italien werden auf die entsprechende <a href=\"https:\/\/consmonacodibaviera.esteri.it\/de\/servizi-consolari-e-visti\/servizi-per-il-cittadino-straniero\/codice-fiscale\/\" target=\"_blank\" rel=\"noopener\">Seite<\/a> im Abschnitt <\/em>Dienstleistungen f\u00fcr den ausl\u00e4ndischen B\u00fcrger<em> verwiesen).<\/em><\/h6>\n<hr \/>\n<h4>Antrag auf Zuweisung einer italienischen Codice Fiscale und Ausstellung einer Steuernummer-Bescheinigung\/Certificato del codice fiscale<\/h4>\n<p>Der Antrag erfolgt \u00fcber das <a href=\"https:\/\/serviziconsolari.esteri.it\/\" target=\"_blank\" rel=\"noopener\">Fast-It<\/a> Portal. Weitere Informationen (auf Englisch) finden Sie unter: <a href=\"https:\/\/www.esteri.it\/en\/servizi-consolari-e-visti\/italiani-all-estero\/codice_fiscale\/\">https:\/\/www.esteri.it\/en\/servizi-consolari-e-visti\/italiani-all-estero\/codice_fiscale\/<\/a><\/p>\n<p>&nbsp;<\/p>\n<h4>Antrag auf Ausstellung einer Steuernummer-Plastikkarte\/tesserino plastificato del codice fiscale<\/h4>\n<p><strong>Italienische Staatsb\u00fcrger, die in Bayern (Unterfranken ausgeschlossen*) ans\u00e4ssig<\/strong> und <strong>bereits im Besitz eines codice fiscale sind<\/strong>, k\u00f6nnen die Ausstellung und Zusendung einer Steuernummer-Plastikkarte bei diesem Generalkonsulat beantragen. Hierf\u00fcr senden Sie bitte an<\/p>\n<p style=\"padding-left: 40px;\">Consolato Generale d\u2019Italia<br \/>\nCodici Fiscali Abt.<br \/>\nM\u00f6hlstr. 3<br \/>\n81675 M\u00fcnchen<\/p>\n<p>folgende Unterlagen:<\/p>\n<ol>\n<li>Ausgef\u00fclltes und unterschriebenes <strong><a href=\"https:\/\/consmonacodibaviera.esteri.it\/wp-content\/uploads\/2025\/03\/modulo-rich.-tesserino-CF.pdf\" target=\"_blank\" rel=\"noopener\">Antragsformular<\/a><\/strong>;<\/li>\n<li><strong>Kopie der Vorder- und R\u00fcckseite des Ausweises des Antragsstellers<\/strong>. Wird der Antrag f\u00fcr einen Dritten (minderj\u00e4hrige bzw. nicht gesch\u00e4ftsf\u00e4hige Person) gestellt, so ist eine Kopie des Ausweises des Antragsstellers (Elternteil\/Vormund\/Betreuer) sowie eine des Dritten beizuf\u00fcgen;<\/li>\n<li><strong>Kopie der Meldebescheinigung<\/strong>;<\/li>\n<li><strong>Ein voradressierter und ausreichend frankierter Briefumschlag<\/strong> (0,95 Euro, Standardbrief) f\u00fcr die Zusendung der Steuernummer-Plastikkarte.<\/li>\n<\/ol>\n<p>Der Antrag ist <strong>ausschlie\u00dflich per Post einzureichen<\/strong>.<\/p>\n<p>&nbsp;<\/p>\n<p><strong>Hinweis: <\/strong><\/p>\n<ul>\n<li>Die Steuernummer-Plastikkarte wird direkt von der Agenzia delle Entrate (Amt f\u00fcr Steuer) ausgestellt und anschlie\u00dfend an das Konsulat gesandt. Die Bearbeitungszeiten zur Ausstellung und Zusendung der Plastikkarte k\u00f6nnen auch mehrere Monate in Anspruch nehmen. Das Konsulat hat diesbez\u00fcglich keine M\u00f6glichkeit den Bearbeitungsstatus des Antrags zu pr\u00fcfen.<\/li>\n<li>Unvollst\u00e4ndige bzw. nicht in unserem Zust\u00e4ndigkeitsbereich liegenden Antr\u00e4ge werden nicht ber\u00fccksichtigt.<\/li>\n<\/ul>\n<p>&nbsp;<\/p>\n<p><em>*F\u00fcr Anwohner:innen in Unterfranken ist das Generalkonsulat der Italienischen Republik in Frankfurt am Main zust\u00e4ndig<\/em><\/p>\n","protected":false},"excerpt":{"rendered":"Informationen zur Beantragung eines Codice Fiscale f\u00fcr italienische Staatsb\u00fcrger mit ordentlichem Wohnsitz im Ausland und AIRE-Registrierung. (Ausl\u00e4ndische Staatsb\u00fcrger ohne Wohnsitz in Italien werden auf die entsprechende Seite im Abschnitt Dienstleistungen f\u00fcr den ausl\u00e4ndischen B\u00fcrger verwiesen). Antrag auf Zuweisung einer italienischen Codice Fiscale und Ausstellung einer Steuernummer-Bescheinigung\/Certificato del codice fiscale Der Antrag erfolgt \u00fcber das Fast-It [&hellip;]","protected":false},"author":5,"featured_media":0,"parent":224,"menu_order":5,"comment_status":"closed","ping_status":"closed","template":"","meta":{"footnotes":""},"class_list":["post-371","page","type-page","status-publish","hentry"],"_links":{"self":[{"href":"https:\/\/consmonacodibaviera.esteri.it\/de\/wp-json\/wp\/v2\/pages\/371","targetHints":{"allow":["GET"]}}],"collection":[{"href":"https:\/\/consmonacodibaviera.esteri.it\/de\/wp-json\/wp\/v2\/pages"}],"about":[{"href":"https:\/\/consmonacodibaviera.esteri.it\/de\/wp-json\/wp\/v2\/types\/page"}],"author":[{"embeddable":true,"href":"https:\/\/consmonacodibaviera.esteri.it\/de\/wp-json\/wp\/v2\/users\/5"}],"replies":[{"embeddable":true,"href":"https:\/\/consmonacodibaviera.esteri.it\/de\/wp-json\/wp\/v2\/comments?post=371"}],"version-history":[{"count":4,"href":"https:\/\/consmonacodibaviera.esteri.it\/de\/wp-json\/wp\/v2\/pages\/371\/revisions"}],"predecessor-version":[{"id":3096,"href":"https:\/\/consmonacodibaviera.esteri.it\/de\/wp-json\/wp\/v2\/pages\/371\/revisions\/3096"}],"up":[{"embeddable":true,"href":"https:\/\/consmonacodibaviera.esteri.it\/de\/wp-json\/wp\/v2\/pages\/224"}],"wp:attachment":[{"href":"https:\/\/consmonacodibaviera.esteri.it\/de\/wp-json\/wp\/v2\/media?parent=371"}],"curies":[{"name":"wp","href":"https:\/\/api.w.org\/{rel}","templated":true}]}}