{"id":364,"date":"2023-06-04T00:56:43","date_gmt":"2023-06-03T22:56:43","guid":{"rendered":"https:\/\/consmonacodibaviera.esteri.it\/?page_id=364"},"modified":"2023-06-04T00:59:32","modified_gmt":"2023-06-03T22:59:32","slug":"emergency-travel-documents-etd","status":"publish","type":"page","link":"https:\/\/consmonacodibaviera.esteri.it\/de\/servizi-consolari-e-visti\/servizi-per-il-cittadino-italiano\/altri-servizi\/emergency-travel-documents-etd\/","title":{"rendered":"Emergency Travel Documents (ETD)"},"content":{"rendered":"<div class=\"entry-content\">\n<p><strong>WAS IST EIN EMERGENCY TRAVEL DOCUMENT (ETD)?<\/strong><\/p>\n<p>Das ETD ist ein Ausweisdokument mit kurzer G\u00fcltigkeit und\u00a0<strong>ausschlie\u00dflich<\/strong>\u00a0f\u00fcr die einfache R\u00fcckreise nach Italien bzw. zum Wohnort im Ausland geeignet.<\/p>\n<p>Das ETD kann auch f\u00fcr Minderj\u00e4hrige ausgestellt werden, allerdings nur unter Vorlage der von beiden Eltern unterschriebenen Einwilligungserkl\u00e4rung sowie dem Nachweis der Elternschaft.<\/p>\n<p>Die Beantragung des ETDs erfolgt vor Ort im Generalkonsulat unter Vorlage folgender Dokumente:<\/p>\n<ul>\n<li>Eigene Erkl\u00e4rung mit polizeilicher Verlustanzeige bzw. Diebstahlanzeige;<\/li>\n<li><strong>Zwei biometrische Passbilder<\/strong>\u00a04,5 x 3,5 cm (aktuell, identisch, frontal und farbig);<\/li>\n<li>G\u00fcltiges Flugticket\/Busticket mit Abreisedatum.<\/li>\n<\/ul>\n<p>Die Kosten f\u00fcr das ETD belaufen sich auf 1,55 \u20ac und werden vor Ort bezahlt.<\/p>\n<p><strong>Informationen zur Einreise in die Vereinigten Staaten von Amerika (USA)<\/strong><\/p>\n<p>Wir weisen unsere Staatsb\u00fcrger darauf hin, dass das Generalkonsulat keine Einreiseinformationen sowie Informationen bez\u00fcglich der Visaausstellungen f\u00fcr die USA erteilt. Wir verweisen hierf\u00fcr auf die zust\u00e4ndigen Internetseiten des Consulate General of the United States in M\u00fcnchen, des <a href=\"http:\/\/www.state.gov\/\">U.S. Department of State<\/a>\u00a0und des\u00a0<a href=\"https:\/\/esta.cbp.dhs.gov\/esta\/\">ESTA \u2013 Electronic System for Travel Authorization<\/a>.<br \/>\nEin g\u00fcltiger biometrischer Reisepass mit Fingerabdruck und die elektronische Einreisegenehmigung (ESTA \u2013 Electronic System for Travel Authorization) sind jedenfalls erforderlich.<\/p>\n<\/div>\n","protected":false},"excerpt":{"rendered":"WAS IST EIN EMERGENCY TRAVEL DOCUMENT (ETD)? Das ETD ist ein Ausweisdokument mit kurzer G\u00fcltigkeit und\u00a0ausschlie\u00dflich\u00a0f\u00fcr die einfache R\u00fcckreise nach Italien bzw. zum Wohnort im Ausland geeignet. Das ETD kann auch f\u00fcr Minderj\u00e4hrige ausgestellt werden, allerdings nur unter Vorlage der von beiden Eltern unterschriebenen Einwilligungserkl\u00e4rung sowie dem Nachweis der Elternschaft. Die Beantragung des ETDs erfolgt [&hellip;]","protected":false},"author":5,"featured_media":0,"parent":226,"menu_order":0,"comment_status":"closed","ping_status":"closed","template":"","meta":{"footnotes":""},"class_list":["post-364","page","type-page","status-publish","hentry"],"_links":{"self":[{"href":"https:\/\/consmonacodibaviera.esteri.it\/de\/wp-json\/wp\/v2\/pages\/364","targetHints":{"allow":["GET"]}}],"collection":[{"href":"https:\/\/consmonacodibaviera.esteri.it\/de\/wp-json\/wp\/v2\/pages"}],"about":[{"href":"https:\/\/consmonacodibaviera.esteri.it\/de\/wp-json\/wp\/v2\/types\/page"}],"author":[{"embeddable":true,"href":"https:\/\/consmonacodibaviera.esteri.it\/de\/wp-json\/wp\/v2\/users\/5"}],"replies":[{"embeddable":true,"href":"https:\/\/consmonacodibaviera.esteri.it\/de\/wp-json\/wp\/v2\/comments?post=364"}],"version-history":[{"count":0,"href":"https:\/\/consmonacodibaviera.esteri.it\/de\/wp-json\/wp\/v2\/pages\/364\/revisions"}],"up":[{"embeddable":true,"href":"https:\/\/consmonacodibaviera.esteri.it\/de\/wp-json\/wp\/v2\/pages\/226"}],"wp:attachment":[{"href":"https:\/\/consmonacodibaviera.esteri.it\/de\/wp-json\/wp\/v2\/media?parent=364"}],"curies":[{"name":"wp","href":"https:\/\/api.w.org\/{rel}","templated":true}]}}