{"id":353,"date":"2023-06-03T23:47:30","date_gmt":"2023-06-03T21:47:30","guid":{"rendered":"https:\/\/consmonacodibaviera.esteri.it\/?page_id=353"},"modified":"2023-06-04T01:06:59","modified_gmt":"2023-06-03T23:06:59","slug":"ausweisdokumente-und-sonstige-konsularische-dienste","status":"publish","type":"page","link":"https:\/\/consmonacodibaviera.esteri.it\/de\/servizi-consolari-e-visti\/servizi-per-il-cittadino-italiano\/altri-servizi\/ausweisdokumente-und-sonstige-konsularische-dienste\/","title":{"rendered":"Ausweisdokumente und sonstige konsularische Dienste"},"content":{"rendered":"<div class=\"entry-content\">\n<p>Um direkt und schnell zu den Informationsseiten und Formularen der verschiedenen konsularischen Dienste zu gelangen, klicken Sie einfach auf die einzelnen Stichworte<\/p>\n<p>\u2013 <a href=\"https:\/\/consmonacodibaviera.esteri.it\/de\/servizi-consolari-e-visti\/servizi-per-il-cittadino-italiano\/formulare-antraege\/\">Formulare und Antr\u00e4ge<\/a><\/p>\n<p>\u2013 <a href=\"https:\/\/consmonacodibaviera.esteri.it\/de\/servizi-consolari-e-visti\/servizi-per-il-cittadino-italiano\/reisepass\/\">Reisepass<\/a><\/p>\n<p>\u2013 <a href=\"https:\/\/consmonacodibaviera.esteri.it\/de\/servizi-consolari-e-visti\/servizi-per-il-cittadino-italiano\/personalausweis\/\">Elektronischer Personalausweis<\/a><\/p>\n<p>\u2013 <a href=\"https:\/\/consmonacodibaviera.esteri.it\/de\/servizi-consolari-e-visti\/servizi-per-il-cittadino-italiano\/emergency-travel-documents-etd\/\">ETD<\/a><\/p>\n<p>\u2013 <a href=\"https:\/\/consmonacodibaviera.esteri.it\/de\/servizi-consolari-e-visti\/servizi-per-il-cittadino-italiano\/personenregister-meldeamt\/\">Meldeamt (AIRE)<\/a><\/p>\n<p>\u2013 <a href=\"https:\/\/consmonacodibaviera.esteri.it\/de\/servizi-consolari-e-visti\/servizi-per-il-cittadino-italiano\/stato-civile\/\">Standesamt<\/a><\/p>\n<p>\u2013 <a href=\"https:\/\/consmonacodibaviera.esteri.it\/de\/servizi-consolari-e-visti\/servizi-per-il-cittadino-italiano\/altri-servizi\/albo-consolare\/\">Konsularischer Register<\/a><\/p>\n<p>\u2013 <a href=\"https:\/\/consmonacodibaviera.esteri.it\/de\/servizi-consolari-e-visti\/servizi-per-il-cittadino-italiano\/italienische-steuernummer\/\">Italienische Steuernummer<\/a><\/p>\n<p>\u2013 <a href=\"https:\/\/consmonacodibaviera.esteri.it\/de\/servizi-consolari-e-visti\/servizi-per-il-cittadino-italiano\/nuetzliche-verzeichnisse-und-links\/\">N\u00fctzliche Listen und Adresse<\/a><\/p>\n<p><strong>Zus\u00e4tzliche Informationen \u00fcber<\/strong> konsularische Dienstleistungen finden Sie <a href=\"https:\/\/consmonacodibaviera.esteri.it\/de\/servizi-consolari-e-visti\/servizi-per-il-cittadino-italiano\/\">auf dieser Seite<\/a><\/p>\n<\/div>\n","protected":false},"excerpt":{"rendered":"Um direkt und schnell zu den Informationsseiten und Formularen der verschiedenen konsularischen Dienste zu gelangen, klicken Sie einfach auf die einzelnen Stichworte \u2013 Formulare und Antr\u00e4ge \u2013 Reisepass \u2013 Elektronischer Personalausweis \u2013 ETD \u2013 Meldeamt (AIRE) \u2013 Standesamt \u2013 Konsularischer Register \u2013 Italienische Steuernummer \u2013 N\u00fctzliche Listen und Adresse Zus\u00e4tzliche Informationen \u00fcber konsularische Dienstleistungen finden [&hellip;]","protected":false},"author":5,"featured_media":0,"parent":226,"menu_order":0,"comment_status":"closed","ping_status":"closed","template":"","meta":{"footnotes":""},"class_list":["post-353","page","type-page","status-publish","hentry"],"_links":{"self":[{"href":"https:\/\/consmonacodibaviera.esteri.it\/de\/wp-json\/wp\/v2\/pages\/353","targetHints":{"allow":["GET"]}}],"collection":[{"href":"https:\/\/consmonacodibaviera.esteri.it\/de\/wp-json\/wp\/v2\/pages"}],"about":[{"href":"https:\/\/consmonacodibaviera.esteri.it\/de\/wp-json\/wp\/v2\/types\/page"}],"author":[{"embeddable":true,"href":"https:\/\/consmonacodibaviera.esteri.it\/de\/wp-json\/wp\/v2\/users\/5"}],"replies":[{"embeddable":true,"href":"https:\/\/consmonacodibaviera.esteri.it\/de\/wp-json\/wp\/v2\/comments?post=353"}],"version-history":[{"count":0,"href":"https:\/\/consmonacodibaviera.esteri.it\/de\/wp-json\/wp\/v2\/pages\/353\/revisions"}],"up":[{"embeddable":true,"href":"https:\/\/consmonacodibaviera.esteri.it\/de\/wp-json\/wp\/v2\/pages\/226"}],"wp:attachment":[{"href":"https:\/\/consmonacodibaviera.esteri.it\/de\/wp-json\/wp\/v2\/media?parent=353"}],"curies":[{"name":"wp","href":"https:\/\/api.w.org\/{rel}","templated":true}]}}