{"id":347,"date":"2023-06-04T00:00:02","date_gmt":"2023-06-03T22:00:02","guid":{"rendered":"https:\/\/consmonacodibaviera.esteri.it\/?page_id=347"},"modified":"2026-02-25T17:31:02","modified_gmt":"2026-02-25T16:31:02","slug":"nuetzliche-verzeichnisse-und-links","status":"publish","type":"page","link":"https:\/\/consmonacodibaviera.esteri.it\/de\/servizi-consolari-e-visti\/servizi-per-il-cittadino-italiano\/nuetzliche-verzeichnisse-und-links\/","title":{"rendered":"N\u00fctzliche Verzeichnisse und Links"},"content":{"rendered":"<p><strong>N\u00fctzliche Verzaichnisse und Links<br \/>\n<\/strong><\/p>\n<ul>\n<li><a title=\"Corrispondenti Consolari\" href=\"https:\/\/consmonacodibaviera.esteri.it\/wp-content\/uploads\/2023\/06\/201602_corrispondenti_consolari.pdf\">Liste der konsularischen Korrespondenten<\/a><\/li>\n<li><a href=\"https:\/\/consmonacodibaviera.esteri.it\/wp-content\/uploads\/2026\/02\/Traduttori_PLZ_2026-02-25.pdf\">Liste der beeidigten \u00dcbersetzer bzw. Dolmetscher<\/a><\/li>\n<li><a href=\"https:\/\/consmonacodibaviera.esteri.it\/wp-content\/uploads\/2026\/02\/Traduttori_PLZ_2026-02-25.pdf\">Liste der beeidigten \u00dcbersetzer bzw. Dolmetscher (sortiert nach PLZ)<\/a><\/li>\n<li><a href=\"https:\/\/consmonacodibaviera.esteri.it\/wp-content\/uploads\/2025\/05\/Avvocati_2025-05-21.pdf\" target=\"_blank\" rel=\"noopener\">Liste der Rechtsanw\u00e4lte in Bayern (Unterfranken ausgeschlossen)<\/a><\/li>\n<li><a href=\"https:\/\/consmonacodibaviera.esteri.it\/wp-content\/uploads\/2026\/02\/Patronati_2026-02-12.pdf\">Italienische Fuersorgewerke in Bayern<\/a><\/li>\n<li><a href=\"https:\/\/consmonacodibaviera.esteri.it\/wp-content\/uploads\/2025\/07\/Notai_2025-07-10.pdf\" target=\"_blank\" rel=\"noopener\">Notare<\/a><a href=\"https:\/\/consmonacodibaviera.esteri.it\/wp-content\/uploads\/2025\/05\/Notai_2025-05-21.pdf\" target=\"_blank\" rel=\"noopener\"> in Bayern (Unterfranken ausgeschlossen)<\/a><\/li>\n<li><a href=\"https:\/\/consmonacodibaviera.esteri.it\/wp-content\/uploads\/2023\/10\/associaz_ita_baviera_update_26102023.pdf\">Italienische Vereine in Bayern<\/a><\/li>\n<li><a href=\"https:\/\/consmonacodibaviera.esteri.it\/wp-content\/uploads\/2024\/03\/Enti_gestori.pdf\">Albo Enti Gestori\/Promotori di corsi di lingua e cultura italiana<\/a><\/li>\n<\/ul>\n<p><strong>Links<\/strong><\/p>\n<ul>\n<li><a href=\"http:\/\/www.muenchen.de\">Muenchen.de &#8211; Das offizielle Stadtportal<\/a><\/li>\n<li><a title=\"Italbaviera\" href=\"http:\/\/www.pag-ital-baviera.com\/\">Italienische Seiten in Bayern<\/a><\/li>\n<li><a href=\"http:\/\/www.expatclic.com\/eofi\/rubrique.php3?id_rubrique=9\">Expatclic<\/a><\/li>\n<li><a title=\"Dizionario di Ortografia e Pronuncia\" href=\"http:\/\/www.dizionario.rai.it\" target=\"_blank\" rel=\"noopener\">Dizionario di ortografia e pronuncia &#8211; Edizioni RAI<\/a><\/li>\n<li><a title=\"Italienische Handelskammer M\u00fcnchen-Stuttgart\" href=\"http:\/\/www.italcam.de\/de\/home\" target=\"_blank\" rel=\"noopener\">Italienische Handelskammer M\u00fcnchen-Stuttgart<\/a><\/li>\n<li><a title=\"Liste italienisch sprechender \u00c4rzte\" href=\"https:\/\/www.amsit.net\/images\/Flyer\/Amsit_flyer_2019.pdf\" target=\"_blank\" rel=\"noopener\">Liste italienisch sprechender \u00c4rzte (AMSIT)<\/a><\/li>\n<li><a href=\"https:\/\/comites-monaco.de\/\">Com.It.Es. Monaco di Baviera<\/a><\/li>\n<li><a href=\"https:\/\/comites-norimberga.com\/\">Com.It.Es. Norimberga<\/a><\/li>\n<\/ul>\n","protected":false},"excerpt":{"rendered":"N\u00fctzliche Verzaichnisse und Links Liste der konsularischen Korrespondenten Liste der beeidigten \u00dcbersetzer bzw. Dolmetscher Liste der beeidigten \u00dcbersetzer bzw. Dolmetscher (sortiert nach PLZ) Liste der Rechtsanw\u00e4lte in Bayern (Unterfranken ausgeschlossen) Italienische Fuersorgewerke in Bayern Notare in Bayern (Unterfranken ausgeschlossen) Italienische Vereine in Bayern Albo Enti Gestori\/Promotori di corsi di lingua e cultura italiana Links Muenchen.de [&hellip;]","protected":false},"author":5,"featured_media":0,"parent":224,"menu_order":12,"comment_status":"closed","ping_status":"closed","template":"","meta":{"footnotes":""},"class_list":["post-347","page","type-page","status-publish","hentry"],"_links":{"self":[{"href":"https:\/\/consmonacodibaviera.esteri.it\/de\/wp-json\/wp\/v2\/pages\/347","targetHints":{"allow":["GET"]}}],"collection":[{"href":"https:\/\/consmonacodibaviera.esteri.it\/de\/wp-json\/wp\/v2\/pages"}],"about":[{"href":"https:\/\/consmonacodibaviera.esteri.it\/de\/wp-json\/wp\/v2\/types\/page"}],"author":[{"embeddable":true,"href":"https:\/\/consmonacodibaviera.esteri.it\/de\/wp-json\/wp\/v2\/users\/5"}],"replies":[{"embeddable":true,"href":"https:\/\/consmonacodibaviera.esteri.it\/de\/wp-json\/wp\/v2\/comments?post=347"}],"version-history":[{"count":6,"href":"https:\/\/consmonacodibaviera.esteri.it\/de\/wp-json\/wp\/v2\/pages\/347\/revisions"}],"predecessor-version":[{"id":4175,"href":"https:\/\/consmonacodibaviera.esteri.it\/de\/wp-json\/wp\/v2\/pages\/347\/revisions\/4175"}],"up":[{"embeddable":true,"href":"https:\/\/consmonacodibaviera.esteri.it\/de\/wp-json\/wp\/v2\/pages\/224"}],"wp:attachment":[{"href":"https:\/\/consmonacodibaviera.esteri.it\/de\/wp-json\/wp\/v2\/media?parent=347"}],"curies":[{"name":"wp","href":"https:\/\/api.w.org\/{rel}","templated":true}]}}