{"id":342,"date":"2023-06-03T23:58:22","date_gmt":"2023-06-03T21:58:22","guid":{"rendered":"https:\/\/consmonacodibaviera.esteri.it\/?page_id=342"},"modified":"2023-11-16T20:33:33","modified_gmt":"2023-11-16T19:33:33","slug":"formulare-antraege","status":"publish","type":"page","link":"https:\/\/consmonacodibaviera.esteri.it\/de\/servizi-consolari-e-visti\/servizi-per-il-cittadino-italiano\/formulare-antraege\/","title":{"rendered":"Formulare &#8211; Antr\u00e4ge"},"content":{"rendered":"<p><strong>Personenregister und Personenstandsabteilung<\/strong><\/p>\n<ul>\n<li><a title=\"Ersatzerklaerung fuer Scheidungen bis 10.03.2001\" href=\"https:\/\/consmonacodibaviera.esteri.it\/wp-content\/uploads\/2023\/06\/13676_f_cons97divorziprimadel10032001.pdf\" target=\"_blank\" rel=\"noopener\">Ersatzerkl\u00e4rung f\u00fcr Scheidungen bis 10.03.2001<\/a><\/li>\n<li><a title=\"Ersatzerklaerung fuer Scheidungen ab dem 10.03.2001\" href=\"https:\/\/consmonacodibaviera.esteri.it\/wp-content\/uploads\/2023\/06\/13677_f_cons97divorzidopoil10032001.pdf\" target=\"_blank\" rel=\"noopener\">Ersatzerkl\u00e4rung f\u00fcr Scheidungen ab dem 10.03.2001<\/a><\/li>\n<li><a title=\"Verpflichtungserklaerung\" href=\"https:\/\/consmonacodibaviera.esteri.it\/wp-content\/uploads\/2023\/06\/2332_f_cons97Verpflichtungserklaerung.pdf\" target=\"_blank\" rel=\"noopener\">Verpflichtungserkl\u00e4rung<\/a><\/li>\n<li><a href=\"https:\/\/consmonacodibaviera.esteri.it\/wp-content\/uploads\/2023\/06\/20201120_modulo_richiesta_certificato_capacit_matrimoniale.pdf\" target=\"_blank\" rel=\"noopener\">Antragsformular f\u00fcr die Ausstellung des Ehef\u00e4higkeitszeugnisses<\/a><\/li>\n<li><a title=\"Erkl\u00e4rung betreffend einer Partnerschaft\" href=\"https:\/\/consmonacodibaviera.esteri.it\/wp-content\/uploads\/2023\/06\/20170905_dichiarazione_instaurazione_convivenza.pdf\" target=\"_blank\" rel=\"noopener\">Erkl\u00e4rung betreffend einer Partnerschaft<\/a><\/li>\n<li><a href=\"https:\/\/consmonacodibaviera.esteri.it\/wp-content\/uploads\/2023\/06\/20201113_dichiarazione_di_volont_doppio_cognome.pdf\" target=\"_blank\" rel=\"noopener\">Willenserkl\u00e4rung zur Erteilung des doppelten Nachnamens<\/a><\/li>\n<\/ul>\n<p><strong> Pa\u00dfabteilung<\/strong><\/p>\n<ul>\n<li><a title=\"Anzeige wegen Verlust- oder Diebstahls\" href=\"https:\/\/consmonacodibaviera.esteri.it\/wp-content\/uploads\/2023\/06\/2177_f_cons97DenunciadifurtoosmarrimentodelPassaporto.pdf\" target=\"_blank\" rel=\"noopener\">Anzeige wegen Verlust- oder Diebstahls<\/a><\/li>\n<li><a href=\"https:\/\/consmonacodibaviera.esteri.it\/wp-content\/uploads\/2023\/06\/2208_f_cons97Dichiarazionesostitutivaattodinotorieta.pdf\">Erkl\u00e4rung anstelle \u00f6ffentlicher Beweisurkunde<\/a><\/li>\n<li><a href=\"https:\/\/consmonacodibaviera.esteri.it\/wp-content\/uploads\/2023\/06\/201602_rich_spediz_passaporto_de.pdf\">Antrag auf \u00dcbersendung des Reisepasses per Post<\/a><\/li>\n<li><a title=\"Einverst\u00e4ndniserkl\u00e4rung zur ausstellung eines Reisepasses f\u00fcr ein minderj\u00e4hrige kind\" href=\"https:\/\/consmonacodibaviera.esteri.it\/wp-content\/uploads\/2023\/06\/Atto-dassenso-per-figlio-MINORE_pass.pdf\" target=\"_blank\" rel=\"noopener\">Einverst\u00e4ndniserkl\u00e4rung zur Ausstellung eines Reisepasses f\u00fcr ein minderj\u00e4hriges kind<\/a><\/li>\n<li><a href=\"https:\/\/consmonacodibaviera.esteri.it\/wp-content\/uploads\/2023\/06\/Dichiarazione_assenza_inibitoria_giudiziale.pdf\">Erkl\u00e4rung zur Ausstellung eines Reisepasses<\/a><\/li>\n<li>Kinder unter 14 j., die nicht in begleitung der Eltern verreisen. Sie werden gebeten, mit der Passabteilung entweder telefonisch oder per E-Mail <a href=\"mailto:passaporti.monacobaviera@esteri.it\">passaporti.monacobaviera@esteri.it<\/a>\u00a0Kontakt aufzunehmen<\/li>\n<\/ul>\n<p><strong> <a name=\"Personalausweis\"><\/a>Personalausweis-Abteilung<\/strong><\/p>\n<ul>\n<li><a title=\"Einverst\u00e4ndniserkl\u00e4rung zur ausstellung eines Reisepasses f\u00fcr ein minderj\u00e4hrige kind\" href=\"https:\/\/consmonacodibaviera.esteri.it\/wp-content\/uploads\/2023\/06\/Atto-dassenso-per-figlio-MINORE_pass.pdf\" target=\"_blank\" rel=\"noopener\">Einverst\u00e4ndniserkl\u00e4rung zur Ausstellung eines Personalausweisses f\u00fcr ein minderj\u00e4hriges kind<\/a><\/li>\n<li><a href=\"https:\/\/consmonacodibaviera.esteri.it\/wp-content\/uploads\/2023\/06\/Dichiarazione_assenza_inibitoria_giudiziale.pdf\">Erkl\u00e4rung zur Ausstellung eines Personalausweisses<\/a><\/li>\n<li><a href=\"https:\/\/consmonacodibaviera.esteri.it\/wp-content\/uploads\/2023\/10\/Dichiarazione-sostitutiva-nuova-1.pdf\">Erkl\u00e4rung anstelle \u00f6ffentlicher Beweisurkunde<\/a><\/li>\n<\/ul>\n<p><strong> Schulabteilung<\/strong><\/p>\n<ul>\n<li>\u00a0<a title=\"Konsularischer Erg\u00e4nzungsunterricht\" href=\"https:\/\/consmonacodibaviera.esteri.it\/de\/servizi-consolari-e-visti\/servizi-per-il-cittadino-italiano\/schulabteilung-muenchen\/sprachkurse\/\" target=\"_blank\" rel=\"noopener\">Konsularischer Erg\u00e4nzungsunterricht<\/a><\/li>\n<\/ul>\n","protected":false},"excerpt":{"rendered":"Personenregister und Personenstandsabteilung Ersatzerkl\u00e4rung f\u00fcr Scheidungen bis 10.03.2001 Ersatzerkl\u00e4rung f\u00fcr Scheidungen ab dem 10.03.2001 Verpflichtungserkl\u00e4rung Antragsformular f\u00fcr die Ausstellung des Ehef\u00e4higkeitszeugnisses Erkl\u00e4rung betreffend einer Partnerschaft Willenserkl\u00e4rung zur Erteilung des doppelten Nachnamens Pa\u00dfabteilung Anzeige wegen Verlust- oder Diebstahls Erkl\u00e4rung anstelle \u00f6ffentlicher Beweisurkunde Antrag auf \u00dcbersendung des Reisepasses per Post Einverst\u00e4ndniserkl\u00e4rung zur Ausstellung eines Reisepasses f\u00fcr ein [&hellip;]","protected":false},"author":5,"featured_media":0,"parent":224,"menu_order":9,"comment_status":"closed","ping_status":"closed","template":"","meta":{"footnotes":""},"class_list":["post-342","page","type-page","status-publish","hentry"],"_links":{"self":[{"href":"https:\/\/consmonacodibaviera.esteri.it\/de\/wp-json\/wp\/v2\/pages\/342","targetHints":{"allow":["GET"]}}],"collection":[{"href":"https:\/\/consmonacodibaviera.esteri.it\/de\/wp-json\/wp\/v2\/pages"}],"about":[{"href":"https:\/\/consmonacodibaviera.esteri.it\/de\/wp-json\/wp\/v2\/types\/page"}],"author":[{"embeddable":true,"href":"https:\/\/consmonacodibaviera.esteri.it\/de\/wp-json\/wp\/v2\/users\/5"}],"replies":[{"embeddable":true,"href":"https:\/\/consmonacodibaviera.esteri.it\/de\/wp-json\/wp\/v2\/comments?post=342"}],"version-history":[{"count":4,"href":"https:\/\/consmonacodibaviera.esteri.it\/de\/wp-json\/wp\/v2\/pages\/342\/revisions"}],"predecessor-version":[{"id":1247,"href":"https:\/\/consmonacodibaviera.esteri.it\/de\/wp-json\/wp\/v2\/pages\/342\/revisions\/1247"}],"up":[{"embeddable":true,"href":"https:\/\/consmonacodibaviera.esteri.it\/de\/wp-json\/wp\/v2\/pages\/224"}],"wp:attachment":[{"href":"https:\/\/consmonacodibaviera.esteri.it\/de\/wp-json\/wp\/v2\/media?parent=342"}],"curies":[{"name":"wp","href":"https:\/\/api.w.org\/{rel}","templated":true}]}}