{"id":337,"date":"2023-06-03T23:57:09","date_gmt":"2023-06-03T21:57:09","guid":{"rendered":"https:\/\/consmonacodibaviera.esteri.it\/?page_id=337"},"modified":"2024-12-09T18:39:04","modified_gmt":"2024-12-09T17:39:04","slug":"personalausweis","status":"publish","type":"page","link":"https:\/\/consmonacodibaviera.esteri.it\/de\/servizi-consolari-e-visti\/servizi-per-il-cittadino-italiano\/personalausweis\/","title":{"rendered":"Personalausweis"},"content":{"rendered":"<p><strong>Elektronische Identit\u00e4tskarte (CIE)<\/strong><\/p>\n<p>Ab dem 1. Oktober 2020 stellt das Generalkonsulat der Republik Italien in M\u00fcnchen den elektronischen Personalausweis oder CIE (Plastikkartenformat) aus.<\/p>\n<p>&#8212;&#8212;&#8212;&#8212;&#8212;&#8212;<\/p>\n<ol>\n<li><strong>Was ist der elektronische Personalausweis?<\/strong> Der Personalausweis ist ein pers\u00f6nliches Ausweisdokument, mit dem man sich innerhalb der Europ\u00e4ischen Union, in einigen Schengen-Mitgliedstaaten (z. B. Island, Norwegen und der Schweiz) und in anderen Staaten, mit denen bilaterale Abkommen geschlossen wurden, ausweisen und frei bewegen kann (siehe die einzelnen &#8222;L\u00e4nderdossier&#8220; unter <a href=\"http:\/\/www.viaggiaresicuri.it\">viaggiaresicuri.it<\/a>).<\/li>\n<\/ol>\n<p><strong>Der elektronische Personalausweis (CIE) ist der neue Personalausweis im Kartenformat.<\/strong> Dieser erf\u00fcllt nicht nur die gleichen Funktionen wie der Papierausweis, sondern erm\u00f6glicht auch den Zugang zu den Online-Diensten der italienischen \u00f6ffentlichen Verwaltungen.<\/p>\n<p>&nbsp;<\/p>\n<ol start=\"2\">\n<li><strong>An wen kann der elektronische Personalausweis ausgestellt werden?<\/strong> Das italienische Generalkonsulat in M\u00fcnchen kann den Personalausweis nur <strong>an italienische Staatsangeh\u00f6rige ausstellen, die ihren gew\u00f6hnlichen Wohnsitz im zust\u00e4ndigen Konsularbezirk haben<\/strong>, die im Konsularregister eingetragen sind und <strong>deren Personalien bereits im A.I.R.E.-Register<\/strong> (Anagrafe degli Italiani Residenti all&#8217;Estero) des italienischen Innenministeriums eingetragen sind.<\/li>\n<\/ol>\n<p>Von Ausnahmef\u00e4llen abgesehen, <strong>wird die CIE nur denjenigen ausgestellt, die nicht im Besitz eines anderen g\u00fcltigen Personalausweises sind, deren Personalausweis demn\u00e4chst abl\u00e4uft (ab 6 Monaten vor dem Ablaufdatum) oder bei Diebstahl, Verlust oder Besch\u00e4digung<\/strong> des vorherigen Ausweises.<\/p>\n<p><strong>Diejenigen, die nicht im A.I.R.E. registriert sind, m\u00fcssen zun\u00e4chst ihre meldeamtliche Eintragung \u00fcber das FAST IT-Portal t\u00e4tigen<\/strong> und warten, bis sie von der zust\u00e4ndigen italienischen Gemeinde in dieses Register eingetragen werden (f\u00fcr B\u00fcrger, die nicht im A.I.R.E. registriert sind, bleibt die Zust\u00e4ndigkeit f\u00fcr die Ausstellung von Personalausweisen bei der Wohnsitzgemeinde), bevor sie einen Antrag stellen k\u00f6nnen.<\/p>\n<p>Zwecks Eintragung in die A.I.R.E.-Datenbank ist es f\u00fcr im Ausland geborene italienische Staatsb\u00fcrger unabdingbar, dass die Geburtsurkunde bereits in den Personenstandsregistern der Bezugsgemeinde umgeschrieben wurde.<\/p>\n<p><strong>Wenn sich die Wohnanschrift ge\u00e4ndert hat und noch nicht der konsularischen Vertretung mitgeteilt worden ist, ist die Adress\u00e4nderung \u00fcber das Portal FAST IT zu t\u00e4tigen.<\/strong><\/p>\n<p>Um die CIE zu erhalten, ist es au\u00dferdem unerl\u00e4sslich, eine von der Agenzia delle Entrate validierte Steuernummer zu haben. Wenn der Staatsangeh\u00f6rige nicht im Besitz einer Steuernummer ist oder diese nicht validiert wurde, wird das Generalkonsulat diese \u00fcber die Steuerbeh\u00f6rde anfordern.<\/p>\n<ol start=\"3\">\n<li><strong>Ab wann kann man einen elektronischen Personalausweis (CIE) beantragen? <\/strong>Man kann ab dem 10. September 2020 einen Termin f\u00fcr die Ausstellung eines elektronischen Personalausweises beantragen.<\/li>\n<li><strong>Wie beantrage ich den elektronischen Personalausweis (CIE)?<\/strong> Der Antrag auf den elektronischen Personalausweis ist nur \u00fcber das Portal <a href=\"https:\/\/prenotami.esteri.it\">Prenot@mi<\/a> [<a href=\"https:\/\/prenotami.esteri.it]\">https:\/\/prenotami.esteri.it]<\/a> gestellt werden. Ab Vollendung des 70. Lebensjahres ist es m\u00f6glich, <strong>Montags zwischen 09:00 und 11:00 Uhr<\/strong> telefonisch unter der Nummer 0162 4578821 einen Termin f\u00fcr die Ausstellung eines Personalausweises zu vereinbaren.<\/li>\n<li><strong>Wie kann ich einen Termin \u00fcber das Portal Booking online vereinbaren?<\/strong> Wenn Sie bereits auf dem Portal Booking online registriert sind, m\u00fcssen Sie auf das Feld &#8222;bereits registrierter Benutzer-Login&#8220; klicken und Ihre Anmeldedaten wie folgt eingeben:<\/li>\n<\/ol>\n<p>Benutzername: Ihre E-Mail-Adresse<\/p>\n<p>Passwort: dasjenige, das Sie bei der Registrierung angegeben haben. Zugang zur Seite &#8222;Aktivierte Dienste&#8220;, Auswahl des Dienstes &#8222;Personalausweis&#8220; und Ausf\u00fcllen der Seite durch Eingabe der Daten der Person, die den Ausweis erhalten soll (die sogenannte &#8222;Antragstellende Person&#8220;). Wenn es also um die Neuausstellung eines Kinderausweises geht, sind die Daten des Kindes in die Termindaten einzugeben, auch wenn die Person, die den Termin bucht, ein Elternteil ist.<\/p>\n<p>Sie haben dann Zugriff auf den Terminkalender und k\u00f6nnen einen passenden Termin ausw\u00e4hlen.<\/p>\n<p>Bitte beachten Sie: Wenn Sie bereits registriert sind, aber in einem anderen Konsulat, m\u00fcssen Sie, bevor Sie mit der Terminanfrage fortfahren, Ihren Standort \u00e4ndern, indem Sie den Befehl <strong>&#8222;Standort \u00e4ndern<\/strong>&#8220; auf der ersten Seite links w\u00e4hlen, nachdem Sie sich mit Ihrem Konto angemeldet haben.<\/p>\n<p>Wenn Sie ein <strong>neuer Benutzer<\/strong> sind, m\u00fcssen Sie sich zun\u00e4chst auf dem Portal registrieren, indem Sie auf &#8222;Registrierung neuer Benutzer&#8220; klicken. Nach Abschluss der Registrierung m\u00fcssen Sie sich erneut in das Buchungssystem einloggen und k\u00f6nnen nach Eingabe Ihrer Anmeldedaten auf die Seite mit den angebotenen Dienstleistungen zugreifen und wie oben beschrieben vorgehen. Vom Zeitpunkt des Antrags bis zum Termin <strong>vergehen mindestens f\u00fcnfzehn Tage<\/strong>, die notwendig sind, damit das Generalkonsulat Ihre pers\u00f6nlichen Daten \u00fcberpr\u00fcfen, eventuelle Abweichungen zwischen den Daten in der Konsulatsdatei und denen in der italienischen Gemeindedatei beheben und \u00fcberpr\u00fcfen kann, ob es keine Gr\u00fcnde gibt, die die Ausstellung des Dokuments verhindern. <strong>BITTE BEACHTEN SIE: Sollten sich bei den \u00dcberpr\u00fcfungen Anhaltspunkte ergeben, die die Ausstellung der CIE (vor\u00fcbergehend oder anderweitig) verhindern, wird der Staatsangeh\u00f6rige vom Konsulat kontaktiert, um den Termin zu stornieren<\/strong>.<\/p>\n<ol start=\"6\">\n<li><strong>Ist es m\u00f6glich, einen Termin f\u00fcr eine andere Person zu beantragen?<\/strong> Ja, das ist m\u00f6glich. Um die notwendigen \u00dcberpr\u00fcfungen zu erm\u00f6glichen, ist es jedoch erforderlich, dass bei der Beantragung des Termins die Daten aller Personen, die die CIE erhalten sollen (Antragsteller), angegeben werden. Erscheinen am Schalter Personen, deren Daten bei der Buchung des Termins nicht in das System eingegeben wurden, kann der CIE-Antrag nicht bearbeitet werden. Bei minderj\u00e4hrigen Kindern kann der Elternteil von seinem Konto aus einen Termin f\u00fcr das Kind beantragen. In diesem Fall muss er\/sie in dem Formular, das f\u00fcr den Termin auszuf\u00fcllen ist, die erste Frage <em>&#8222;Der Termin ist f\u00fcr&#8220;<\/em> mit <em>&#8222;mein Kind&#8220;<\/em> beantworten und dann die Daten des Kindes und nicht die des Elternteils, der das Formular ausf\u00fcllt, eintragen.<\/li>\n<\/ol>\n<p>Wenn Sie einen Termin f\u00fcr ein anderes Familienmitglied buchen m\u00f6chten, k\u00f6nnen Sie sich mit Ihrem Konto anmelden, im Feld <em>&#8222;Der Termin ist f\u00fcr&#8220; &#8222;ein anderes Familienmitglied&#8220;<\/em> ausw\u00e4hlen und dann alle Daten zu diesem Familienmitglied (das der Antragsteller sein wird) eingeben.<\/p>\n<p>Das System erm\u00f6glicht es Ihnen auch, einen Termin f\u00fcr mehrere Personen zu buchen, d. h. f\u00fcr sich selbst und f\u00fcr andere Personen am selben Tag. In diesem Fall besteht das auszuf\u00fcllende Formular aus mehreren Teilen (Sie m\u00fcssen auf dem Bildschirm nach unten scrollen) und Sie m\u00fcssen f\u00fcr jede Person, die einen Termin zum selben Datum w\u00fcnscht, ein Formular ausf\u00fcllen, d. h. f\u00fcr den ersten Antragsteller und dann f\u00fcr jeden weiteren Antragsteller.<\/p>\n<ol start=\"7\">\n<li><strong>Welche Unterlagen m\u00fcssen Sie zum Termin f\u00fcr die Beantragung der CIE mitbringen?<\/strong>Der Antragsteller wird gebeten, mit allen erforderlichen Unterlagen am Termintag zu erscheinen. F\u00fcr eine rasche Abwicklung des Antrags wird empfohlen, die eigenen Personendaten im Vorhinein auf dem FAST-IT Portal zu \u00fcberpr\u00fcfen und gegebenenfalls zu aktualisieren (AIRE-Registrierung, Adresse \u00c4nderung usw.).\n<ul>\n<li><strong>Ein (1) biometrisches<\/strong>,farbiges auf wei\u00dfen Hintergrund, Frontalaufnahme, aktuelles (nicht \u00e4lter als 6 Monate), biometrisches\u00a0<strong>Passbild<\/strong>\u00a0(ICAO-Standard &#8211; 3,5 cm x 4,5 cm).<\/li>\n<li><strong>Den fr\u00fcheren Personalausweis und\/oder Reisepass im Original und Kopie<\/strong>; falls Sie keinen haben, ein anderes Ausweisdokument, auch von einer ausl\u00e4ndischen Beh\u00f6rde ausgestellt.<\/li>\n<\/ul>\n<p>Im Falle einer Besch\u00e4digung ist es auch erforderlich, den besch\u00e4digten Personalausweis mitzubringen.<\/p>\n<p>Ist der Antragsteller aufgrund von Diebstahl oder Verlust nicht mehr im Besitz des vorherigen Personalausweises und\/oder Reisepasses, muss beim Termin die\u00a0<strong>Diebstahl- oder Verlustanzeige<\/strong>, die bei der zust\u00e4ndigen Beh\u00f6rde (Polizei) erstattet wurde, vorlegen und mit zwei weiteren aktuellen Passfotos und in Begleitung zweier Zeugen\/*innen mit g\u00fcltigen Ausweisdokumenten und entsprechenden Fotokopien zur Identifizierung erscheinen.<\/p>\n<ul>\n<li><strong><a href=\"https:\/\/consmonacodibaviera.esteri.it\/wp-content\/uploads\/2023\/10\/Dichiarazione-sostitutiva-nuova-1.pdf\">Erkl\u00e4rung Anstelle Oeffentlicher Beweisurkunde<\/a><\/strong><\/li>\n<li><strong>Zahlungsbeleg<\/strong>von 21,95 Euro f\u00fcr die Erstausgabe.<\/li>\n<\/ul>\n<p>Liegt der bisherige Personalausweis in Papierform vor, wird immer der Betrag f\u00fcr die Erstausgabe f\u00e4llig, d.h. 21,95 Euro.<\/p>\n<p>Zahlungsbeleg von 27,11 Euro im Falle eines Duplikats (falls die Ausstellung des neuen elektronischen Personalausweises 180 Tage vor Ablaufdatum wegen Diebstahl, Verlust oder Besch\u00e4digung erfolgt).<\/p>\n<p>Die Zahlung muss mindestens\u00a0<strong>5 Tage vor dem Termin<\/strong>\u00a0per \u00dcberweisung auf das Girokonto get\u00e4tigt werden, wie folgt:<\/p>\n<p>Consolato Generale d\u2019Italia Monaco di Baviera<\/p>\n<p>Hypovereinsbank<\/p>\n<p>IBAN: DE86700202700010177870<\/p>\n<p>SWIFT: HYVEDEMMXXX<\/p>\n<p>Verwendungszweck: Carta d\u2019Identit\u00e0 \u2026\u2026\u2026.. (Name, Nachname e Geburtsdatum);<\/p>\n<ul>\n<li>Fotokopie der<strong>Meldebest\u00e4tigung<\/strong>\u00a0der gesamten Familieneinheit.<\/li>\n<li>Falls der elektronische Personalausweis f\u00fcr einen Minderj\u00e4hrigen beantragt wird, ist unbedingt die von beiden Elternteilen unterschriebenen<strong>EINVERST\u00c4NDNISERKL\u00c4RUNG ZUR AUSSTELLUNG EINES PERSONALAUSWEISES F\u00dcR DAS MINDERJ\u00c4HRIGE KIND\u00a0<\/strong>beizuf\u00fcgen:\u00a0<a href=\"https:\/\/consmonacodibaviera.esteri.it\/wp-content\/uploads\/2023\/06\/Atto-dassenso-per-figlio-MINORE_pass.pdf\">hierherunterladen<\/a><\/li>\n<\/ul>\n<p>Am Termintag ist die Anwesenheit mindestens eines der beiden Elternteile und des Minderj\u00e4hrigen erforderlich. Bei der Erstausstellung des Dokuments ist jedoch die Anwesenheit beider Elternteile mit einem g\u00fcltigen Ausweis zur Identifizierung des Minderj\u00e4hrigen erforderlich.<\/li>\n<li><strong>Wie verl\u00e4uft der Termin?<\/strong> Am Tag des Termins nimmt der Konsularbeamte die im vorigen Punkt genannten Unterlagen entgegen, f\u00fchrt die Erkennungspr\u00fcfung und die Lichtbildpr\u00fcfung durch und nimmt die Fingerabdr\u00fccke und die Unterschrift entgegen (au\u00dfer bei Minderj\u00e4hrigen unter 12 Jahren).<\/li>\n<\/ol>\n<p>Minderj\u00e4hrige unter 12 Jahren m\u00fcssen ebenfalls anwesend sein, da ihre Identifizierung durch den Beamten erforderlich ist. Minderj\u00e4hrige m\u00fcssen immer von einem Elternteil oder dem Inhaber der elterlichen Verantwortung begleitet werden.<\/p>\n<ol start=\"9\">\n<li><strong>Wie erh\u00e4lt man den elektronischen Personalausweis?<\/strong> Die elektronische Identit\u00e4tskarte wird vom Innenministerium ausgestellt und vom Istituto Poligrafico e Zecca dello Stato hergestellt, die per Einschreiben an die vom Antragsteller angegebene Wohnanschrift (oder Adresse) verschickt wird. Au\u00dfer in besonderen F\u00e4llen sollte diese <strong>innerhalb von 15 Tagen<\/strong> ab dem Tag des Termins per Post eintreffen (der italienische Staatsb\u00fcrger kann die Zustellung des Einschreibens selbst\u00e4ndig online \u00fcber den Tracking-Code verfolgen).<\/li>\n<\/ol>\n<p>Bei Nichtzustellung wird der Umschlag nach Ablauf der Frist f\u00fcr die Zustellung bei der Post f\u00fcr weitere Zustellungsversuche an die Konsularabteilung zur\u00fcckgeschickt.<\/p>\n<ol start=\"10\">\n<li><strong>Wie lange ist der Personalausweis g\u00fcltig? Die G\u00fcltigkeitsdauer des Personalausweises richtet sich nach dem Alter des Inhabers und betr\u00e4gt<\/strong><\/li>\n<\/ol>\n<p>&#8211; 3 Jahre f\u00fcr Minderj\u00e4hrige zwischen 0 und 3 Jahren;<\/p>\n<p>&#8211; 5 Jahre f\u00fcr Minderj\u00e4hrige im Alter von 3 Jahren bis zum Erreichen der Vollj\u00e4hrigkeit (18 Jahre);<\/p>\n<p>&#8211; 10 Jahre ab dem Alter von 18 Jahren.<\/p>\n<ol start=\"11\">\n<li>11<strong>. Was ist die Zustimmungserkl\u00e4rung?<\/strong> Bei der Zustimmungserkl\u00e4rung handelt es sich um eine in der italienischen Rechtsprechung vorgesehene pers\u00f6nliche Erkl\u00e4rung, die der Elternteil unter Verwendung des speziellen Formulars f\u00fcr die Zustimmungserkl\u00e4rung oder durch Abfassung einer Erkl\u00e4rung anstelle einer Beglaubigung unterzeichnen kann. Der Zustimmungserkl\u00e4rung ist eine Fotokopie des Personalausweises beizuf\u00fcgen. Ist der andere Elternteil nicht EU-Staatsb\u00fcrger, ist seine Unterschrift pers\u00f6nlich von der konsularischen Vertretung oder der deutschen Wohnsitzgemeinde oder einer anderen zust\u00e4ndigen Beh\u00f6rde (Notar) beglaubigen zu lassen.<\/li>\n<\/ol>\n<p>Um die Richtigkeit der vorgelegten Zustimmungserkl\u00e4rung zu \u00fcberpr\u00fcfen, muss das Kind im Melderegister eingetragen sein oder das Original der Geburtsurkunde, aus der die Mutterschaft und Vaterschaft des Kindes hervorgeht, vorgelegt werden.<\/p>\n<p>Im Falle des Todes eines Elternteils ist die Sterbeurkunde vorzulegen.<\/p>\n<ol start=\"12\">\n<li><strong> Ist es m\u00f6glich, meinen Personalausweis zu \u00e4ndern?<\/strong> Nein. Der Personalausweis ist ein Identit\u00e4tsdokument und kein Aufenthalts- oder Personenstandsdokument. Es ist nicht m\u00f6glich, die Adresse auf dem Ausweis zu \u00e4ndern. Im Falle einer Adress\u00e4nderung kann der Landsmann eine Kopie der von den deutschen Beh\u00f6rden ausgestellten Aufenthaltsbescheinigung (Anmeldebest\u00e4tigung oder Meldebescheinigung) mitbringen.<\/li>\n<li><strong> Ist es m\u00f6glich, dass verheiratete Frauen den Nachnamen ihres Mannes angeben?<\/strong> Nein, das ist leider nicht m\u00f6glich.<\/li>\n<\/ol>\n<p>Die Personalausweisabteilung ist unter dieser E-Mail-Adresse zu erreichen:<\/p>\n<p><a href=\"mailto:ci_conmoba@esteri.it\">ci_conmoba@esteri.it<\/a><\/p>\n","protected":false},"excerpt":{"rendered":"Elektronische Identit\u00e4tskarte (CIE) Ab dem 1. Oktober 2020 stellt das Generalkonsulat der Republik Italien in M\u00fcnchen den elektronischen Personalausweis oder CIE (Plastikkartenformat) aus. &#8212;&#8212;&#8212;&#8212;&#8212;&#8212; Was ist der elektronische Personalausweis? Der Personalausweis ist ein pers\u00f6nliches Ausweisdokument, mit dem man sich innerhalb der Europ\u00e4ischen Union, in einigen Schengen-Mitgliedstaaten (z. B. Island, Norwegen und der Schweiz) und in [&hellip;]","protected":false},"author":5,"featured_media":0,"parent":224,"menu_order":4,"comment_status":"closed","ping_status":"closed","template":"","meta":{"footnotes":""},"class_list":["post-337","page","type-page","status-publish","hentry"],"_links":{"self":[{"href":"https:\/\/consmonacodibaviera.esteri.it\/de\/wp-json\/wp\/v2\/pages\/337","targetHints":{"allow":["GET"]}}],"collection":[{"href":"https:\/\/consmonacodibaviera.esteri.it\/de\/wp-json\/wp\/v2\/pages"}],"about":[{"href":"https:\/\/consmonacodibaviera.esteri.it\/de\/wp-json\/wp\/v2\/types\/page"}],"author":[{"embeddable":true,"href":"https:\/\/consmonacodibaviera.esteri.it\/de\/wp-json\/wp\/v2\/users\/5"}],"replies":[{"embeddable":true,"href":"https:\/\/consmonacodibaviera.esteri.it\/de\/wp-json\/wp\/v2\/comments?post=337"}],"version-history":[{"count":6,"href":"https:\/\/consmonacodibaviera.esteri.it\/de\/wp-json\/wp\/v2\/pages\/337\/revisions"}],"predecessor-version":[{"id":2398,"href":"https:\/\/consmonacodibaviera.esteri.it\/de\/wp-json\/wp\/v2\/pages\/337\/revisions\/2398"}],"up":[{"embeddable":true,"href":"https:\/\/consmonacodibaviera.esteri.it\/de\/wp-json\/wp\/v2\/pages\/224"}],"wp:attachment":[{"href":"https:\/\/consmonacodibaviera.esteri.it\/de\/wp-json\/wp\/v2\/media?parent=337"}],"curies":[{"name":"wp","href":"https:\/\/api.w.org\/{rel}","templated":true}]}}