{"id":332,"date":"2023-06-03T23:55:28","date_gmt":"2023-06-03T21:55:28","guid":{"rendered":"https:\/\/consmonacodibaviera.esteri.it\/?page_id=332"},"modified":"2025-11-21T11:23:05","modified_gmt":"2025-11-21T10:23:05","slug":"reisepass","status":"publish","type":"page","link":"https:\/\/consmonacodibaviera.esteri.it\/de\/servizi-consolari-e-visti\/servizi-per-il-cittadino-italiano\/reisepass\/","title":{"rendered":"Reisepass"},"content":{"rendered":"<p>Das Generalkonsulat Italiens in M\u00fcnchen stellt Reisep\u00e4sse<strong> f\u00fcr italienische Staatsb\u00fcrger aus, die ihren ordnungsgem\u00e4\u00dfen Wohnsitz im Konsulatsbezirk haben und im Register der im Ausland lebenden Italiener (<a href=\"https:\/\/consmonacodibaviera.esteri.it\/it\/servizi-consolari-e-visti\/servizi-per-il-cittadino-italiano\/anagrafe-a-i-r-e\/\">AIRE<\/a>) eingetragen sind<\/strong>.<\/p>\n<p>&nbsp;<\/p>\n<h3><strong>Terminvereinbarung<\/strong><\/h3>\n<p>Das B\u00fcro nimmt Antr\u00e4ge auf Ausstellung eines Reisepasses nur nach Terminvereinbarung entgegen. Um einen Termin zu erhalten, m\u00fcssen sich Landsleute selbstst\u00e4ndig \u00fcber das Portal <a href=\"https:\/\/prenotami.esteri.it\/\">Prenot@mi<\/a> [<a href=\"https:\/\/prenotami.esteri.it\/\">https:\/\/prenotami.esteri.it<\/a>] anmelden.<\/p>\n<p>Mitb\u00fcrger, die das 70. Lebensjahr vollendet haben, k\u00f6nnen alternativ einen Termin f\u00fcr die Ausstellung eines Reisepasses vereinbaren, indem sie <span style=\"color: #000080;\"><strong>montags von 09:00 bis 11:00 Uhr<\/strong><\/span> unter der Nummer 0162 4578821 anrufen<\/p>\n<p><span style=\"color: #000080;\"><strong>Terminanfragen per Post, E-Mail, Fax oder pers\u00f6nlich werden nicht akzeptiert<\/strong><\/span><\/p>\n<blockquote><p><em>Bitte beachten Sie, dass der Reisepass nur ausgestellt werden kann, wenn die Angaben in den Personalien des Antragstellers mit den Angaben \u00fcbereinstimmen, die der Antragsteller beim pers\u00f6nlichen Termin vorgelegt\/gemacht hat. Etwaige Unstimmigkeiten m\u00fcssen \u00fcber die konsularischen Dienste des <a href=\"https:\/\/consmonacodibaviera.esteri.it\/de\/servizi-consolari-e-visti\/servizi-per-il-cittadino-italiano\/anagrafe-a-i-r-e\/\">Melderegisters<\/a> oder des <a href=\"https:\/\/consmonacodibaviera.esteri.it\/de\/?page_id=325\">Standesamtes<\/a> gekl\u00e4rt werden. Es wird daher empfohlen, <strong>die eigene Melderegistersituation<\/strong> (Eintragung im AIRE, \u00c4nderungen des Familienstands, Adress\u00e4nderungen usw.) <strong>vor der Beantragung des Dokuments zu aktualisieren<\/strong>.<\/em><\/p><\/blockquote>\n<p>Der Nutzer, der die E-Mail mit der Terminbest\u00e4tigung erh\u00e4lt, muss zur angegebenen Uhrzeit und am angegebenen Tag mit allen erforderlichen Unterlagen erscheinen. Wenn er verhindert ist, muss er den Termin \u00fcber das Portal <a href=\"https:\/\/prenotami.esteri.it\/\">Prenot@mi<\/a> stornieren (w\u00e4hlen Sie im Men\u00fc \u201eMeine Termine\u201d und klicken Sie dann auf \u201eReservierung stornieren\u201d).<\/p>\n<p>Die G\u00fcltigkeit des Reisepasses (f\u00fcr Vollj\u00e4hrige) betr\u00e4gt 10 Jahre ab Ausstellungsdatum.<\/p>\n<p>&nbsp;<\/p>\n<h3><\/h3>\n<h3>F\u00fcr die Ausstellung des Reisepasses vorzulegende Unterlagen<\/h3>\n<p>Zum Termin m\u00fcssen Sie folgende Unterlagen mitbringen:<\/p>\n<ol>\n<li>Den bisherigen <strong>Reisepass oder auch den Original-Personalauswei<\/strong>s, falls nicht vorhanden, ein anderes Ausweisdokument, auch ausl\u00e4ndisches, ebenfalls im Original (z. B. F\u00fchrerschein). Bei Verlust oder Diebstahl des Reisepasses oder auch des Personalausweises (der noch g\u00fcltig ist) muss eine Kopie der bei der \u00f6rtlichen Polizeibeh\u00f6rde erstatteten Anzeige vorgelegt werden;<br \/>\n<blockquote><p><em>Nur wenn Sie \u00fcber keinerlei Ausweisdokumente verf\u00fcgen, bringen Sie bitte zwei (2) zus\u00e4tzliche Fotos mit und lassen Sie sich von zwei Zeugen begleiten, die \u00fcber g\u00fcltige Ausweisdokumente und entsprechende Fotokopien verf\u00fcgen, um die Identit\u00e4t des Antragstellers zu best\u00e4tigen<\/em><\/p><\/blockquote>\n<\/li>\n<li><strong>Ein (1) aktuelles Farbfoto im Passformat<\/strong> mit wei\u00dfem Hintergrund (nicht \u00e4lter als sechs Monate) und biometrischen Merkmalen (ICAO-Standard \u2013 3,5 cm x 4,5 cm);<\/li>\n<li>Fotokopie der <strong>Meldebescheinigung<\/strong> der gesamten Familie;<\/li>\n<li><strong>Quittung \u00fcber die Zahlung<\/strong> des Betrags von <strong>116,20 Euro ab dem 01.12.2025 <\/strong>(116,00 Euro bis zum 30.11.2025), der unbedingt per <strong>Bank\u00fcberweisung<\/strong> <strong>mindestens drei (3) Tage vor dem Termin<\/strong> auf das folgende Konto zu \u00fcberweisen ist:<\/li>\n<\/ol>\n<p style=\"margin-left: 30px; padding-left: 40px;\"><strong>Consolato Generale d\u2019Italia Monaco di Baviera<\/strong><br \/>\nHypovereinsbank<br \/>\nIBAN: <strong>DE86700202700010177870<\/strong><br \/>\nSWIFT: HYVEDEMMXXX<br \/>\nVerwendungszweck: <strong>Passaporto \u00ab<em>Nachname\u00bb<\/em> \u00ab<em>Vorname\u00bb<\/em> \u00ab<em>Geburtsdatum\u00bb<\/em><\/strong><\/p>\n<blockquote>\n<p style=\"margin-left: 30px;\"><span style=\"color: #000000;\"><em>Nur bei Reisepassantr\u00e4gen, <strong>die zwei Werktage vor dem Termin vereinbart wurden<\/strong>, erfolgt die Zahlung vor Ort mit EC-Karte oder bar an der Kasse im Konsulat.<\/em><\/span><\/p>\n<\/blockquote>\n<hr \/>\n<h3><\/h3>\n<h3><strong>Zus\u00e4tzliche Informationen f\u00fcr Minderj\u00e4hrige<\/strong><\/h3>\n<h5><strong>Passantrag<\/strong><\/h5>\n<p>Der Passantrag f\u00fcr Minderj\u00e4hrige muss von beiden (*) Elternteilen unterschrieben und mit allen erforderlichen Unterlagen in Bezug auf den Minderj\u00e4hrigen, die in den Punkten 1 bis 4 des vorstehenden Absatzes aufgef\u00fchrt sind, eingereicht werden<\/p>\n<blockquote><p><em>Wenn der Antrag auf die Ausstellung des ersten Passes f\u00fcr den Minderj\u00e4hrigen der Erste ist und daher <strong>kein vorheriger Ausweisvorliegt<\/strong>, muss seine Identit\u00e4t durch zwei Zeugen mit g\u00fcltigem Ausweis (im Original) best\u00e4tigt werden, die beim Termin anwesend sein m\u00fcssen (dies k\u00f6nnen die Eltern selbst oder auch Dritte sein)<\/em><em>\u00a0<\/em><\/p><\/blockquote>\n<p>Die G\u00fcltigkeitsdauer des Reisepasses f\u00fcr Minderj\u00e4hrige betr\u00e4gt<br \/>\n\u2022 3 Jahre (bis zum Alter von 3 Jahren)<br \/>\n\u2022 5 Jahre (vom Alter von 3 bis 18 Jahren)<br \/>\nab dem Ausstellungsdatum.<\/p>\n<p>&nbsp;<\/p>\n<h5><\/h5>\n<h5><strong>Einreichungsmodalit\u00e4ten und Sonderf\u00e4lle<\/strong><\/h5>\n<p>Zum Termin m\u00fcssen der Minderj\u00e4hrige und beide (*) Elternteile (jeweils mit ihrem eigenen Ausweisdokument im Original) anwesend sein.<\/p>\n<p style=\"padding-left: 40px;\">(*) Wenn zum Termin der Minderj\u00e4hrige und nur ein Elternteil (mit seinem eigenen Ausweisdokument im Original) anwesend ist, muss zur Annahme des Antrags am Schalter auch die <a href=\"https:\/\/consmonacodibaviera.esteri.it\/wp-content\/uploads\/2023\/06\/Atto-dassenso-per-figlio-MINORE_pass.pdf\">Einverst\u00e4ndniserkl\u00e4rung<\/a> vorgelegt werden, die vom abwesenden Elternteil bereits ausgef\u00fcllt und unterzeichnet wurde, und zwar auf eine der folgenden Weisen:<\/p>\n<ul>\n<li style=\"list-style-type: none;\">\n<ul>\n<li>Wenn der abwesende Elternteil <strong>Staatsangeh\u00f6riger<\/strong> eines Staates der <strong>Europ\u00e4ischen Union<\/strong> ist, reicht es aus, eine <strong>Kopie eines Ausweisdokuments<\/strong> beizuf\u00fcgen.<\/li>\n<li>Wenn der abwesende Elternteil <strong>kein Staatsangeh\u00f6riger<\/strong> eines Staates der <strong>Europ\u00e4ischen Union<\/strong> ist, muss die <strong>Unterschrift <\/strong>auf der Einverst\u00e4ndniserkl\u00e4rung von einem Notar oder einem Standesbeamten in Deutschland <strong>beglaubigt <\/strong>werden.<\/li>\n<\/ul>\n<\/li>\n<\/ul>\n<blockquote><p><em>Falls die <strong>Einverst\u00e4ndniserkl\u00e4rung des anderen Elternteils fehlt<\/strong>, muss gem\u00e4\u00df den geltenden italienischen Rechtsvorschriften von je dem nach Wohnsitz des Minderj\u00e4hrigen zust\u00e4ndigen Vormundschaftsgericht ein Antrag <strong>zusammen mit allen im Antragsverfahren genannten Unterlagen<\/strong> gestellt werden. F\u00fcr die eventuelle sp\u00e4tere Ausstellung des entsprechenden Konsulatsbeschlusses ist eine Geb\u00fchr in H\u00f6he von 11,00 Euro zu entrichten.<\/em><br \/>\n<em>Wir weisen darauf hin, dass in diesem Fall die Bearbeitung des Antrags erheblich l\u00e4nger dauern wird.<\/em><\/p><\/blockquote>\n<p>&nbsp;<\/p>\n","protected":false},"excerpt":{"rendered":"Das Generalkonsulat Italiens in M\u00fcnchen stellt Reisep\u00e4sse f\u00fcr italienische Staatsb\u00fcrger aus, die ihren ordnungsgem\u00e4\u00dfen Wohnsitz im Konsulatsbezirk haben und im Register der im Ausland lebenden Italiener (AIRE) eingetragen sind. &nbsp; Terminvereinbarung Das B\u00fcro nimmt Antr\u00e4ge auf Ausstellung eines Reisepasses nur nach Terminvereinbarung entgegen. Um einen Termin zu erhalten, m\u00fcssen sich Landsleute selbstst\u00e4ndig \u00fcber das Portal [&hellip;]","protected":false},"author":5,"featured_media":0,"parent":224,"menu_order":3,"comment_status":"closed","ping_status":"closed","template":"","meta":{"footnotes":""},"class_list":["post-332","page","type-page","status-publish","hentry"],"_links":{"self":[{"href":"https:\/\/consmonacodibaviera.esteri.it\/de\/wp-json\/wp\/v2\/pages\/332","targetHints":{"allow":["GET"]}}],"collection":[{"href":"https:\/\/consmonacodibaviera.esteri.it\/de\/wp-json\/wp\/v2\/pages"}],"about":[{"href":"https:\/\/consmonacodibaviera.esteri.it\/de\/wp-json\/wp\/v2\/types\/page"}],"author":[{"embeddable":true,"href":"https:\/\/consmonacodibaviera.esteri.it\/de\/wp-json\/wp\/v2\/users\/5"}],"replies":[{"embeddable":true,"href":"https:\/\/consmonacodibaviera.esteri.it\/de\/wp-json\/wp\/v2\/comments?post=332"}],"version-history":[{"count":6,"href":"https:\/\/consmonacodibaviera.esteri.it\/de\/wp-json\/wp\/v2\/pages\/332\/revisions"}],"predecessor-version":[{"id":3732,"href":"https:\/\/consmonacodibaviera.esteri.it\/de\/wp-json\/wp\/v2\/pages\/332\/revisions\/3732"}],"up":[{"embeddable":true,"href":"https:\/\/consmonacodibaviera.esteri.it\/de\/wp-json\/wp\/v2\/pages\/224"}],"wp:attachment":[{"href":"https:\/\/consmonacodibaviera.esteri.it\/de\/wp-json\/wp\/v2\/media?parent=332"}],"curies":[{"name":"wp","href":"https:\/\/api.w.org\/{rel}","templated":true}]}}