{"id":323,"date":"2023-06-03T23:49:03","date_gmt":"2023-06-03T21:49:03","guid":{"rendered":"https:\/\/consmonacodibaviera.esteri.it\/?page_id=323"},"modified":"2024-11-05T09:54:38","modified_gmt":"2024-11-05T08:54:38","slug":"personenregister-meldeamt","status":"publish","type":"page","link":"https:\/\/consmonacodibaviera.esteri.it\/de\/servizi-consolari-e-visti\/servizi-per-il-cittadino-italiano\/personenregister-meldeamt\/","title":{"rendered":"Personenregister \/ Meldeamt"},"content":{"rendered":"<p>Jeder italienische Staatsb\u00fcrger, der seinen Wohnsitz <strong>dauerhaft<\/strong> ins Ausland verlegt, ist verpflichtet, sich <strong>innerhalb einer Frist von 90 Tagen<\/strong>, bzw. ab dem Tag der Einreise, beim zust\u00e4ndigen Konsulat anzumelden. Dies dient zur Eintragung ins <strong>AIRE-Register<\/strong> der Heimatgemeinde (Register der im Ausland ans\u00e4ssigen Italiener).<\/p>\n<p class=\"AlignLeft\"><strong>Wichtiger Hinweis<\/strong>: Folgen der Eintragung ins AIRE-Register: Es wird daran hingewiesen, dass die italienische gesetzliche Krankenversicherung nach erfolgter Eintragung ins AIRE-Verzeichnis nicht mehr in Anspruch genommen werden kann, Notf\u00e4lle, wie Erste Hilfe, ausgenommen. Vor der Beantragung Ihrer Eintragung ins AIRE-Verzeichnis, w\u00e4gen Sie bitte sorgf\u00e4ltig ab, ob Ihre Auswanderung ins Ausland dauerhaft ist und, somit, ob Sie eine deutsche Krankenversicherung schon abgeschlossen haben.<\/p>\n<p class=\"AlignLeft\"><strong>ANMELDUNG \u2013 AIRE EINTRAGUNG<\/strong><\/p>\n<p class=\"AlignLeft\">Der Antrag kann kann durch die Registrierung auf dem <a title=\"Fast-it Portal\" href=\"https:\/\/serviziconsolarionline.esteri.it\/ScoFE\/index.sco\" target=\"_blank\" rel=\"noopener\">Fast-it Portal<\/a> eingereicht werden. Es ist also nicht notwendig, beim Generalkonsulat vorzusprechen.<\/p>\n<p class=\"AlignLeft\">Ben\u00f6tigte Unterlagen:<\/p>\n<ol>\n<li>\n<div class=\"AlignLeft\">Kopie eines g\u00fcltigen Ausweises oder Reisepasses;<\/div>\n<\/li>\n<li>\n<div class=\"AlignLeft\">Kopie der Anmeldung oder Meldebescheinigung.<\/div>\n<\/li>\n<\/ol>\n<p class=\"AlignLeft\">Der Antrag wird vom Generalkonsulat an die zust\u00e4ndige Meldegemeinde nach\u00a0 Italien zur Bearbeitung weitergeleitet. Der betroffene Antragsteller wird direkt von der Heimatgemeinde \u00fcber das Ergebnis des Antrage benachrichtigt.<\/p>\n<p class=\"AlignLeft\"><strong>UMMELDUNG \u2013 ADRESSEN\u00c4NDERUNG<\/strong><\/p>\n<p class=\"AlignLeft\">Der Antrag kann kann durch die Registrierung auf dem <a title=\"Fast-it Portal\" href=\"https:\/\/serviziconsolarionline.esteri.it\/ScoFE\/index.sco\" target=\"_blank\" rel=\"noopener\">Fast-it Portal<\/a> eingereicht werden. Es ist also nicht notwendig, beim Generalkonsulat vorzusprechen.<\/p>\n<p class=\"AlignLeft\">Ben\u00f6tigte Unterlagen:<\/p>\n<ol>\n<li>\n<div class=\"AlignLeft\">Kopie eines g\u00fcltigen Ausweises oder Reisepasses;<\/div>\n<\/li>\n<li>\n<div class=\"AlignLeft\">eine Kopie von Anmeldung bzw. Meldebestaetigung.<\/div>\n<\/li>\n<\/ol>\n<p class=\"AlignLeft\">Der Antrag wird vom Generalkonsulat an die zust\u00e4ndige Meldegemeinde nach\u00a0 Italien zur Bearbeitung weitergeleitet. Der betroffene Antragsteller wird direkt von der Heimatgemeinde \u00fcber das Ergebnis des Antrages benachrichtigt.<\/p>\n<p class=\"AlignLeft\"><strong>ABMELDUNG \u2013 R\u00dcCKKEHR NACH ITALIEN<\/strong><\/p>\n<p class=\"AlignLeft\">Der Antrag kann auch <span style=\"text-decoration: underline;\">per Post oder per E-mail<\/span> eingereicht werden. Es ist also nicht notwendig, beim Generalkonsulat vorzusprechen.<\/p>\n<p class=\"AlignLeft\">Ben\u00f6tigte Unterlagen:<\/p>\n<ol>\n<li>\n<div class=\"AlignLeft\">dazugeh\u00f6riger Antrag;<\/div>\n<\/li>\n<li>\n<div class=\"AlignLeft\">Kopie eines g\u00fcltigen Ausweises oder des Reisepasses.<\/div>\n<\/li>\n<\/ol>\n<p class=\"AlignLeft\">Kopie der Abmeldung, erh\u00e4ltlich bei der deutschen Meldegemeide<\/p>\n<p class=\"AlignLeft\">Der Antrag wird vom Generalkonsulat an die zust\u00e4ndige Meldegemeinde nach\u00a0 Italien zur Bearbeitung weitergeleitet. Der betroffene Antragsteller wird direkt von der Heimatgemeinde \u00fcber das Ergebnis des Antrages benachrichtigt.<\/p>\n<p>&nbsp;<\/p>\n","protected":false},"excerpt":{"rendered":"Jeder italienische Staatsb\u00fcrger, der seinen Wohnsitz dauerhaft ins Ausland verlegt, ist verpflichtet, sich innerhalb einer Frist von 90 Tagen, bzw. ab dem Tag der Einreise, beim zust\u00e4ndigen Konsulat anzumelden. Dies dient zur Eintragung ins AIRE-Register der Heimatgemeinde (Register der im Ausland ans\u00e4ssigen Italiener). Wichtiger Hinweis: Folgen der Eintragung ins AIRE-Register: Es wird daran hingewiesen, dass [&hellip;]","protected":false},"author":5,"featured_media":0,"parent":224,"menu_order":1,"comment_status":"closed","ping_status":"closed","template":"","meta":{"footnotes":""},"class_list":["post-323","page","type-page","status-publish","hentry"],"_links":{"self":[{"href":"https:\/\/consmonacodibaviera.esteri.it\/de\/wp-json\/wp\/v2\/pages\/323","targetHints":{"allow":["GET"]}}],"collection":[{"href":"https:\/\/consmonacodibaviera.esteri.it\/de\/wp-json\/wp\/v2\/pages"}],"about":[{"href":"https:\/\/consmonacodibaviera.esteri.it\/de\/wp-json\/wp\/v2\/types\/page"}],"author":[{"embeddable":true,"href":"https:\/\/consmonacodibaviera.esteri.it\/de\/wp-json\/wp\/v2\/users\/5"}],"replies":[{"embeddable":true,"href":"https:\/\/consmonacodibaviera.esteri.it\/de\/wp-json\/wp\/v2\/comments?post=323"}],"version-history":[{"count":2,"href":"https:\/\/consmonacodibaviera.esteri.it\/de\/wp-json\/wp\/v2\/pages\/323\/revisions"}],"predecessor-version":[{"id":2271,"href":"https:\/\/consmonacodibaviera.esteri.it\/de\/wp-json\/wp\/v2\/pages\/323\/revisions\/2271"}],"up":[{"embeddable":true,"href":"https:\/\/consmonacodibaviera.esteri.it\/de\/wp-json\/wp\/v2\/pages\/224"}],"wp:attachment":[{"href":"https:\/\/consmonacodibaviera.esteri.it\/de\/wp-json\/wp\/v2\/media?parent=323"}],"curies":[{"name":"wp","href":"https:\/\/api.w.org\/{rel}","templated":true}]}}