{"id":3152,"date":"2025-07-02T16:11:54","date_gmt":"2025-07-02T14:11:54","guid":{"rendered":"https:\/\/consmonacodibaviera.esteri.it\/?page_id=3152"},"modified":"2025-08-13T12:41:35","modified_gmt":"2025-08-13T10:41:35","slug":"geburt","status":"publish","type":"page","link":"https:\/\/consmonacodibaviera.esteri.it\/de\/servizi-consolari-e-visti\/servizi-per-il-cittadino-italiano\/stato-civile-2\/geburt\/","title":{"rendered":"Geburt"},"content":{"rendered":"<h3>\u00dcbertragung der Staatsb\u00fcrgerschaft \u201ciure sanguinis\u201d f\u00fcr im Ausland geborene Kinder<\/h3>\n<p>Nach Umwandlung des Gesetzesdekrets Nr. 36\/2025 in ein Gesetz wird die italienische Staatsb\u00fcrgerschaft <strong>nicht mehr automatisch<\/strong> an im Ausland geborene Minderj\u00e4hrige <strong>\u00fcbertragen<\/strong>. Eine solche \u00dcbertragung erfolgt nur noch, wenn eine der folgenden Bedingungen erf\u00fcllt ist.<\/p>\n<p>Ein <strong><u>im Ausland<\/u><\/strong><u> <strong>geborenes<\/strong><\/u> Kind mit italienischen Eltern bzw. einem italienischen Elternteil <strong>ist italienischer Staatsangeh\u00f6riger, wenn<\/strong>:<\/p>\n<ul>\n<li><strong>es keine andere Staatsangeh\u00f6rigkeit besitzt, also <u>ausschlie\u00dflich italienischer Staatsangeh\u00f6riger<\/u> ist<\/strong>.<br \/>\nIn diesem Fall m\u00fcssen die Eltern zusammen mit der internationalen, mehrsprachigen Geburtsurkunde im Original einen Antrag auf Nachbeurkundung der Geburtsurkunde stellen. Dem Antrag sind entsprechende <u>Unterlagen<\/u> beizuf\u00fcgen, <u>aus denen hervorgeht, dass das Kind keine andere Staatsangeh\u00f6rigkeit besitzt, die beispielsweise ein oder beide Elternteile besitzen<\/u> (z. B. deutscher Vater und italienische Mutter). Ein Kind gilt als im Besitz einer anderen Staatsangeh\u00f6rigkeit, wenn es diese <em>iure sanguinis<\/em> von einem Elternteil erwirbt, oder <em>iure soli<\/em>, weil es nach f\u00fcnfj\u00e4hrigem ordnungsgem\u00e4\u00dfen Aufenthalt eines oder beider Elternteile in Deutschland geboren wurde. Ebenso gilt dies, wenn es die Staatsangeh\u00f6rigkeit durch eine einfache Erkl\u00e4rung ohne M\u00f6glichkeit der Ablehnung durch die zust\u00e4ndige ausl\u00e4ndische Beh\u00f6rde erwirbt (z. B. durch die \u201eStaatsangeh\u00f6rigkeit durch Option\u201d f\u00fcr im Ausland geborene Kinder).<br \/>\n<span style=\"color: #ffffff;\">.<\/span><br \/>\n<u>Jeder Elternteil<\/u> muss dem Antrag auf Nachbeurkundung daher eine von den deutschen Beh\u00f6rden ausgestellte Meldebescheinigung beif\u00fcgen. Auf dieser m\u00fcssen neben dem Vor- und Nachnamen, dem Geburtsort und dem Geburtsdatum der betreffenden Person auch die Staatsangeh\u00f6rigkeit(en) und das Datum der Auswanderung nach Deutschland ausdr\u00fccklich angegeben sein (<strong>Erweiterte Melderegisterauskunft gem\u00e4\u00df \u00a7 45 BMG<\/strong>). Diese Bescheinigung ist auch f\u00fcr Neugeborene erforderlich.<u>Eigenerkl\u00e4rungen \u00fcber den Nichtbesitz einer anderen Staatsangeh\u00f6rigkeit werden nicht als g\u00fcltig betrachtet<\/u>&#8230;<br \/>\n<span style=\"color: #ffffff;\">.<\/span><\/li>\n<li><strong>ein Elternteil (auch Adoptivelternteil) oder ein Gro\u00dfelternteil zum Zeitpunkt der Geburt des Kindes ausschlie\u00dflich die italienische Staatsangeh\u00f6rigkeit besitzt oder zum Zeitpunkt seines Todes besa\u00df.<br \/>\n<\/strong>Auch in diesem Fall m\u00fcssen der internationalen, mehrsprachigen Geburtsurkunde im Original und dem Antrag auf Nachbeurkundung der Geburtsurkunde durch die Eltern entsprechende <u>Unterlagen<\/u> beigef\u00fcgt werden (<strong>Erweiterte Melderegisterauskunft gem\u00e4\u00df \u00a7 45 BMG<\/strong>), <u>aus denen hervorgeht, dass mindestens ein Elternteil (auch Adoptivelternteil) oder ein Gro\u00dfelternteil zum Zeitpunkt der Geburt des Kindes ausschlie\u00dflich die italienische Staatsangeh\u00f6rigkeit besitzt bzw. zum Todeszeitpunkt besa\u00df<\/u>. Eigenerkl\u00e4rungen \u00fcber den Nichtbesitz einer anderen Staatsangeh\u00f6rigkeit werden auch in diesem Fall nicht anerkannt.<br \/>\n<span style=\"color: #ffffff;\">.<\/span><br \/>\n<span style=\"color: #ffffff;\">.<\/span><\/li>\n<li><strong>der italienische Elternteil vor der Geburt des Kindes mindestens zwei Jahre lang ununterbrochen in Italien wohnhaft war.<br \/>\n<\/strong>Der italienische Elternteil, der die Staatsangeh\u00f6rigkeit durch Eheschlie\u00dfung oder Wohnsitz erworben hat, muss nachweisen, dass er <u>nach dem Erwerb der italienischen Staatsangeh\u00f6rigkeit und vor der Geburt des Kindes<\/u> mindestens zwei Jahre lang ununterbrochen in Italien ans\u00e4ssig war. Der Wohnsitz des italienischen Staatsangeh\u00f6rigen in Italien vor dem Erwerb der italienischen Staatsb\u00fcrgerschaft sowie der Wohnsitz des ausl\u00e4ndischen Elternteils in Italien sind nicht relevant. Elternteile, die aufgrund Ihrer Abstammung italienische Staatsb\u00fcrger sind, k\u00f6nnen diese Ausnahme ebenfalls in Anspruch nehmen, wenn sie mindestens 2 Jahre ununterbrochen in Italien wohnhaft sind.<\/p>\n<p><u>In diesem Fall m\u00fcssen der Meldebescheinigung gem\u00e4\u00df \u00a7 18 oder 45 Bundesmeldegesetz (BMG) auch die <strong>Staatsangeh\u00f6rigkeitsbescheinigung<\/strong> und die <strong>historische Wohnsitzbescheinigung<\/strong><\/u> des italienischen Elternteils <u>beigef\u00fcgt werden<\/u>. Diese ist bei der italienischen Gemeinde bzw. den italienischen Gemeinden zu beantragen, in der bzw. denen der eingeb\u00fcrgerte italienische Elternteil nach dem Erwerb der italienischen Staatsangeh\u00f6rigkeit, oder nach der Geburt, f\u00fcr Staatsb\u00fcrger nach dem Abstammungsprinzip (<em>iure sanguinis<\/em>), mindestens zwei Jahre ununterbrochen gewohnt hat.<br \/>\n<span style=\"color: #ffffff;\">.<\/span><span style=\"color: #ffffff;\">.<\/span><\/li>\n<\/ul>\n<blockquote><p>Es wird erneut darauf hingewiesen, dass die gesetzlichen \u00c4nderungen im Bereich der Staatsangeh\u00f6rigkeit die Weitergabe der italienischen Staatsangeh\u00f6rigkeit ausschlie\u00dfen, wenn das im Ausland geborene minderj\u00e4hrige Kind mit italienischem Elternteil nicht unter eine der oben genannten Kategorien f\u00e4llt.<\/p><\/blockquote>\n<h5><\/h5>\n<h5><\/h5>\n<h5><strong>Antrag auf Eintrag im italienischen Geburtenregister: erforderliche Unterlagen und Einreichungsvorgaben<\/strong><\/h5>\n<p>Der Antrag erfolgt auf dem Postweg an das<\/p>\n<p style=\"padding-left: 40px;\">Italienische Generalkonsulat<br \/>\nUfficio Stato Civile<em><br \/>\n<\/em>M\u00f6hlstr. 3<br \/>\n81675 M\u00fcnchen<\/p>\n<p>und muss folgende Unterlagen vorweisen:<\/p>\n<ol>\n<li>ordnungsgem\u00e4\u00df ausgef\u00fclltes und von beiden Elternteilen des Kindes unterzeichnetes Antragsformular<\/li>\n<li>Fotokopie der Ausweisdokumente der Eltern<\/li>\n<li>Begr\u00fcndung f\u00fcr den Nachbeurkundungsantrag je nach Fall (siehe obenstehende F\u00e4lle)<\/li>\n<li>Original der Geburtsurkunde des Kindes im mehrsprachigen internationalen Format (<em>Internationale Geburtsurkunde<\/em>);<\/li>\n<\/ol>\n<p>f\u00fcr <strong>au\u00dferehelich geborene Kinder<\/strong> zus\u00e4tzlich zu den oben genannten Unterlagen:<\/p>\n<ul>\n<li>Mutterschaftsanerkennung<strong> im Original<\/strong> oder <strong>beglaubigte Kopie mit beigef\u00fcgter \u00dcbersetzung ins Italienische<\/strong><\/li>\n<li>Vaterschaftsanerkennung <strong>im Original <\/strong>oder <strong>beglaubigte Kopie mit beigef\u00fcgter \u00dcbersetzung ins Italienische<br \/>\n<\/strong><em>Eine Datenbank der beeidigten \u00dcbersetzerInnen finden ist auf unsere <a href=\"https:\/\/consmonacodibaviera.esteri.it\/de\/servizi-consolari-e-visti\/servizi-per-il-cittadino-italiano\/nuetzliche-verzeichnisse-und-links\/\" target=\"_blank\" rel=\"noopener\">Webseite<\/a> verzeichnet\u00a0<\/em><\/li>\n<\/ul>\n<blockquote><p>Es wird empfohlen, den Antrag auf Nachbeurkundung der Geburtsurkunde des minderj\u00e4hrigen Kindes <strong>nur<\/strong> zu stellen, <strong>wenn die erforderlichen Unterlagen<\/strong> zur \u00dcberpr\u00fcfung der \u00dcbertragbarkeit der italienischen Staatsangeh\u00f6rigkeit <strong>vorliegen<\/strong>. Bei unvollst\u00e4ndigen Antr\u00e4gen wird das Generalkonsulat, die Urkunde nicht an die zust\u00e4ndige italienische Gemeinde, zur Nachbeurkundung (Eintagung im italienischen Geburtenregister) weiterleiten.<\/p><\/blockquote>\n<p><strong><br \/>\n<\/strong>F\u00fcr weitere Informationen, wenden Sie sich bitte per E-Mail an <a href=\"mailto:cgmonacodibaviera.statocivile@esteri.it\">cgmonacodibaviera.statocivile@esteri.it<\/a><\/p>\n<p>&nbsp;<\/p>\n<hr \/>\n<p>&nbsp;<\/p>\n<h3><strong>Neue F\u00e4lle des Erwerbs der Staatsangeh\u00f6rigkeit im Ausland (Minderj\u00e4hrige Kinder von Staatsangeh\u00f6rigen, welche die Staatsb\u00fcrgerschaft nicht automatisch \u00fcbertragen)<\/strong><\/h3>\n<p>In F\u00e4llen, in denen die Eltern die italienische Staatsangeh\u00f6rigkeit nicht automatisch an ihre Kinder \u00fcbertragen (z. B. Staatsangeh\u00f6rige, welche die Staatsangeh\u00f6rigkeit <em>iure sanguinis<\/em> von einem italienischen Urgro\u00dfelternteil erworben haben), kommt der <strong>Erwerb der Staatsangeh\u00f6rigkeit durch Gesetz<\/strong> in Betracht.<\/p>\n<p>In diesem Fall m\u00fcssen beide Elternteile <strong><u>innerhalb eines Jahres nach der Geburt des Kindes<\/u><\/strong> eine <u>Willenserkl\u00e4rung zum Erwerb der Staatsb\u00fcrgerschaft<\/u> einreichen, <strong><u>sofern das Kind nach dem 24. Mai 2025 geboren wurde<\/u><\/strong>.<\/p>\n<p><strong><u>F\u00fcr Kinder, die zum Zeitpunkt des Inkrafttretens des Gesetzes (24. Mai 2025) minderj\u00e4hrig sind<\/u><\/strong><u>, muss die Willenserkl\u00e4rung zum Erwerb der Staatsb\u00fcrgerschaft von beiden Elternteilen bis sp\u00e4testens <strong>31. Mai 2026<\/strong> eingereicht werden.<\/u><\/p>\n<p>Die Willenserkl\u00e4rung zum Erwerb der italienischen Staatsb\u00fcrgerschaft muss von beiden Elternteilen pers\u00f6nlich in Anwesenheit eines f\u00fcr Personenstandswesen zust\u00e4ndigen Konsularbeamten unterzeichnet werden. Der Erkl\u00e4rung sind folgende Unterlagen beizuf\u00fcgen:<\/p>\n<ol>\n<li>Geburtsurkunde des Kindes (internationale Geburtsurkunde im Original)<\/li>\n<li>Bescheinigung \u00fcber die ausl\u00e4ndische Staatsangeh\u00f6rigkeit des Kindes<\/li>\n<li>vollst\u00e4ndige Geburtsurkunde des Vaters oder der Mutter, die Staatsangeh\u00f6rige durch Geburt sind, ausgestellt von der italienischen Gemeinde<\/li>\n<li>Meldebescheinigung gem\u00e4\u00df \u00a7 45 Bundesmeldegesetz (BMG) f\u00fcr jeden Elternteil und f\u00fcr das Neugeborene. Diese wird von der deutschen Wohnsitzgemeinde ausgestellt und muss die Staatsangeh\u00f6rigkeiten sowie das Datum der Zuwanderung nach Deutschland enthalten.<\/li>\n<\/ol>\n<p>Das Generalkonsulat beh\u00e4lt sich das Recht vor, weitere Unterlagen anzufordern, wenn sie dies f\u00fcr erforderlich h\u00e4lt.<\/p>\n<p>F\u00fcr den Erwerb der Staatsangeh\u00f6rigkeit nach einer Willenserkl\u00e4rung ist eine Geb\u00fchr von <strong>250,00 Euro<\/strong> pro Kind zu entrichten.<\/p>\n<p>Bitte beachten Sie, dass <strong>das Kind in diesem Fall die Staatsangeh\u00f6rigkeit nicht mit der Geburt, sondern erst am Tag nach der Erkl\u00e4rung der Eltern erwirbt.<\/strong><\/p>\n<p><u>Bitte beachten Sie Folgendes: Wenn sich die Eltern des minderj\u00e4hrigen Kindes gegen die Abgabe der oben genannten Erkl\u00e4rung entscheiden, wird das minderj\u00e4hrige Kind als Inhaber einer anderen Staatsangeh\u00f6rigkeit betrachtet und hat somit keinen Anspruch auf die Weitergabe der italienischen Staatsangeh\u00f6rigkeit nach diesem Kriterium.<\/u><\/p>\n<p>&nbsp;<\/p>\n<p>F\u00fcr weitere Informationen, wenden Sie sich bitte per E-Mail an: <a href=\"mailto:cittadinanza.monacobaviera@esteri.it\">cittadinanza.monacobaviera@esteri.it<\/a><\/p>\n<p>&nbsp;<\/p>\n<p>&nbsp;<\/p>\n","protected":false},"excerpt":{"rendered":"\u00dcbertragung der Staatsb\u00fcrgerschaft \u201ciure sanguinis\u201d f\u00fcr im Ausland geborene Kinder Nach Umwandlung des Gesetzesdekrets Nr. 36\/2025 in ein Gesetz wird die italienische Staatsb\u00fcrgerschaft nicht mehr automatisch an im Ausland geborene Minderj\u00e4hrige \u00fcbertragen. Eine solche \u00dcbertragung erfolgt nur noch, wenn eine der folgenden Bedingungen erf\u00fcllt ist. Ein im Ausland geborenes Kind mit italienischen Eltern bzw. einem [&hellip;]","protected":false},"author":8,"featured_media":0,"parent":2277,"menu_order":10,"comment_status":"closed","ping_status":"closed","template":"","meta":{"footnotes":""},"class_list":["post-3152","page","type-page","status-publish","hentry"],"_links":{"self":[{"href":"https:\/\/consmonacodibaviera.esteri.it\/de\/wp-json\/wp\/v2\/pages\/3152","targetHints":{"allow":["GET"]}}],"collection":[{"href":"https:\/\/consmonacodibaviera.esteri.it\/de\/wp-json\/wp\/v2\/pages"}],"about":[{"href":"https:\/\/consmonacodibaviera.esteri.it\/de\/wp-json\/wp\/v2\/types\/page"}],"author":[{"embeddable":true,"href":"https:\/\/consmonacodibaviera.esteri.it\/de\/wp-json\/wp\/v2\/users\/8"}],"replies":[{"embeddable":true,"href":"https:\/\/consmonacodibaviera.esteri.it\/de\/wp-json\/wp\/v2\/comments?post=3152"}],"version-history":[{"count":6,"href":"https:\/\/consmonacodibaviera.esteri.it\/de\/wp-json\/wp\/v2\/pages\/3152\/revisions"}],"predecessor-version":[{"id":3274,"href":"https:\/\/consmonacodibaviera.esteri.it\/de\/wp-json\/wp\/v2\/pages\/3152\/revisions\/3274"}],"up":[{"embeddable":true,"href":"https:\/\/consmonacodibaviera.esteri.it\/de\/wp-json\/wp\/v2\/pages\/2277"}],"wp:attachment":[{"href":"https:\/\/consmonacodibaviera.esteri.it\/de\/wp-json\/wp\/v2\/media?parent=3152"}],"curies":[{"name":"wp","href":"https:\/\/api.w.org\/{rel}","templated":true}]}}