{"id":314,"date":"2023-06-03T23:29:04","date_gmt":"2023-06-03T21:29:04","guid":{"rendered":"https:\/\/consmonacodibaviera.esteri.it\/?page_id=314"},"modified":"2024-09-25T12:29:36","modified_gmt":"2024-09-25T10:29:36","slug":"das-generalkonsulat-kontaktiern","status":"publish","type":"page","link":"https:\/\/consmonacodibaviera.esteri.it\/de\/servizi-consolari-e-visti\/servizi-per-il-cittadino-italiano\/altri-servizi\/das-generalkonsulat-kontaktiern\/","title":{"rendered":"Das Generalkonsulat kontaktiern"},"content":{"rendered":"<div>\n<p>Es wird uns h\u00e4ufig \u00fcber Schwierigkeiten, das Generalkonsulat <strong>telefonisch zu erreichen<\/strong>, berichtet.<\/p>\n<p>Das Generalkonsulat erh\u00e4lt t\u00e4glich hunderte von Anrufen zu den unterschiedlichsten Themen. Von deutschen B\u00fcrgern und Einrichtungen, die Fragen aller Art stellen, \u00fcber italienische B\u00fcrger, die allgemeine Fragen stellen, bis hin zu Personen, die sich nach dem Bearbeitungsstand ihrer Antr\u00e4ge erkundigen oder danach, wann sie ein Ausweisdokument abholen k\u00f6nnen. <strong>Es ist zu bedenken, dass das Generalkonsulat eine Gemeinschaft von mehr als 130.000 Italienern betreut, die st\u00e4ndig zunimmt und zus\u00e4tzlich Tausende von nicht ans\u00e4ssigen Italienern<\/strong>, sowie von Nicht-EU-B\u00fcrger, die Papiere f\u00fcr Italien ben\u00f6tigen.<\/p>\n<p>Um diesen Ansturm von Anrufen bew\u00e4ltigen zu k\u00f6nnen, m\u00fcsste sich das Generalkonsulat in ein Callcenter verwandeln. <strong>Dies ist<\/strong> aufgrund des Mangels an Personal und Ressourcen <strong>nicht m\u00f6glich<\/strong>. Jeder Mitarbeiter, der am Telefon ist, w\u00fcrde von den operativen konsularischen Diensten abgezogen werden, was zu l\u00e4ngeren Wartezeiten und Ineffizienz f\u00fchren w\u00fcrde. Kein Konsulat der Welt (weder in Italien, noch in Deutschland, noch in einem anderen Land) fungiert als Callcenter. Stattdessen sind unsere Mitarbeiter in der Lage, Anfragen, die per E-Mail eingehen, schneller und einfacher zu beantworten.<\/p>\n<p><strong>Alle Informationen \u00fcber die konsularischen Dienstleistungen, die vorzubereitenden Unterlagen und die \u00d6ffnungszeiten sind bereits auf der Website zu finden, die 24 Stunden am Tag zug\u00e4nglich ist.<\/strong><\/p>\n<p><strong>Bevor<\/strong> Sie das Generalkonsulat <strong>anrufen<\/strong>, empfehlen wir Ihnen daher, wie folgt vorzugehen:<\/p>\n<p><strong>BESUCHEN SIE UNSERE WEBSITE<\/strong>, auf der Sie die meisten Antworten auf Ihre Fragen finden werden. \u00dcber die Website k\u00f6nnen Sie auch online einen Termin buchen, wenn Sie pers\u00f6nlich im Generalkonsulat vorstellig werden m\u00fcssen.<\/p>\n<p><strong>SENDEN SIE EINE E-MAIL<\/strong>. Dies ist der schnellste Weg, um einen R\u00fcckruf zu erhalten, wenn Sie dies w\u00fcnschen, oder, um eine schnelle Antwort zu bekommen. Die Mitarbeiter werden sich bem\u00fchen, so schnell wie m\u00f6glich zu antworten.<\/p>\n<p>\u00b0\u00b0\u00b0\u00b0\u00b0 \u00b0\u00b0\u00b0\u00b0\u00b0<\/p>\n<p><strong>WENN ALLE DIESE M\u00d6GLICHKEITEN AUSGESCH\u00d6PFT SIND, K\u00d6NNEN SIE ANRUFEN<\/strong>. Unser Personal und unsere Telefonzentrale fungieren jedoch nicht als Callcenter. In den B\u00fcros des Generalkonsulats ist t\u00e4glich ein Zeitfenster f\u00fcr die telefonische Erreichbarkeit reserviert. Aufgrund des hohen Anrufaufkommens kann die Leitung oft besetzt sein. Wenn das Telefon w\u00e4hrend der Telefonsprechzeiten von Anrufen klingelt, ohne das der Anruf entgegen genommen wird, bedeutet dies, dass alle verf\u00fcgbaren Mitarbeiter besetzt sind.<\/p>\n<p>Bitte vermeiden Sie Telefonanrufe f\u00fcr Anfragen, deren Antwort bereits auf der Internetseite zu finden ist.<\/p>\n<p>Wenn Sie nicht weit entfernt wohnen, k\u00f6nnen Sie sich auch direkt an das Generalkonsulat wenden, um w\u00e4hrend der \u00d6ffnungszeiten Informationen einzuholen, es besteht jedoch die Gefahr, dass Sie ein zweites Mal kommen m\u00fcssen.<\/p>\n<p>Denken Sie auch daran, dass es neun konsularische Korrespondenten gibt, die Ihnen helfen k\u00f6nnen, Ihre ben\u00f6tigten Unterlagen vorzubereiten.<\/p>\n<\/div>\n","protected":false},"excerpt":{"rendered":"Es wird uns h\u00e4ufig \u00fcber Schwierigkeiten, das Generalkonsulat telefonisch zu erreichen, berichtet. Das Generalkonsulat erh\u00e4lt t\u00e4glich hunderte von Anrufen zu den unterschiedlichsten Themen. Von deutschen B\u00fcrgern und Einrichtungen, die Fragen aller Art stellen, \u00fcber italienische B\u00fcrger, die allgemeine Fragen stellen, bis hin zu Personen, die sich nach dem Bearbeitungsstand ihrer Antr\u00e4ge erkundigen oder danach, wann [&hellip;]","protected":false},"author":5,"featured_media":0,"parent":226,"menu_order":0,"comment_status":"closed","ping_status":"closed","template":"","meta":{"footnotes":""},"class_list":["post-314","page","type-page","status-publish","hentry"],"_links":{"self":[{"href":"https:\/\/consmonacodibaviera.esteri.it\/de\/wp-json\/wp\/v2\/pages\/314","targetHints":{"allow":["GET"]}}],"collection":[{"href":"https:\/\/consmonacodibaviera.esteri.it\/de\/wp-json\/wp\/v2\/pages"}],"about":[{"href":"https:\/\/consmonacodibaviera.esteri.it\/de\/wp-json\/wp\/v2\/types\/page"}],"author":[{"embeddable":true,"href":"https:\/\/consmonacodibaviera.esteri.it\/de\/wp-json\/wp\/v2\/users\/5"}],"replies":[{"embeddable":true,"href":"https:\/\/consmonacodibaviera.esteri.it\/de\/wp-json\/wp\/v2\/comments?post=314"}],"version-history":[{"count":1,"href":"https:\/\/consmonacodibaviera.esteri.it\/de\/wp-json\/wp\/v2\/pages\/314\/revisions"}],"predecessor-version":[{"id":2086,"href":"https:\/\/consmonacodibaviera.esteri.it\/de\/wp-json\/wp\/v2\/pages\/314\/revisions\/2086"}],"up":[{"embeddable":true,"href":"https:\/\/consmonacodibaviera.esteri.it\/de\/wp-json\/wp\/v2\/pages\/226"}],"wp:attachment":[{"href":"https:\/\/consmonacodibaviera.esteri.it\/de\/wp-json\/wp\/v2\/media?parent=314"}],"curies":[{"name":"wp","href":"https:\/\/api.w.org\/{rel}","templated":true}]}}