{"id":2642,"date":"2025-03-21T14:58:45","date_gmt":"2025-03-21T13:58:45","guid":{"rendered":"https:\/\/consmonacodibaviera.esteri.it\/?page_id=2642"},"modified":"2025-06-13T14:49:34","modified_gmt":"2025-06-13T12:49:34","slug":"codice-fiscale","status":"publish","type":"page","link":"https:\/\/consmonacodibaviera.esteri.it\/de\/servizi-consolari-e-visti\/servizi-per-il-cittadino-straniero\/codice-fiscale\/","title":{"rendered":"Codice Fiscale (Italienische Steueridentifikationsnummer)"},"content":{"rendered":"<h5><em>Informationen zur Beantragung einer italienischen Codice Fiscale <strong>f\u00fcr ausl\u00e4ndische Staatsb\u00fcrger ohne Wohnsitz in Italien<\/strong><\/em><\/h5>\n<h6><em>(Italienische Staatsb\u00fcrger werden auf die entsprechende <a href=\"https:\/\/consmonacodibaviera.esteri.it\/de\/servizi-consolari-e-visti\/servizi-per-il-cittadino-italiano\/italienische-steuernummer\/\" target=\"_blank\" rel=\"noopener\">Seite<\/a> im Abschnitt <\/em>Dienstleistungen f\u00fcr italienische Staatsb\u00fcrger<em> verwiesen)<\/em><\/h6>\n<hr \/>\n<p>&nbsp;<\/p>\n<h4>Antrag auf Zuweisung eines Codice Fiscale <strong>f\u00fcr Immobilienk\u00e4ufe und sonstige Rechtsgesch\u00e4fte<\/strong><\/h4>\n<p>Der Antrag muss pers\u00f6nlich oder durch eine bevollm\u00e4chtigte Person (Notar, Anwalt, Steuerberater, Immobilienmakler, \u2026) bei einer beliebigen <a href=\"https:\/\/www.agenziaentrate.gov.it\/portale\/lista-uffici\">Dienststelle der<\/a> <a href=\"https:\/\/www.agenziaentrate.gov.it\/portale\/lista-uffici\" target=\"_blank\" rel=\"noopener\">Agenzia delle Entrate<\/a> (Amt f\u00fcr Steuer) gestellt\u00a0 werden.<\/p>\n<hr \/>\n<p>&nbsp;<\/p>\n<h4>Antrag auf Zuweisung eines Codice Fiscale zu Studienzwecken<\/h4>\n<p>Ausl\u00e4ndische Studierende aus EU-Staaten und dem Europ\u00e4ischen Wirtschaftsraum ben\u00f6tigen keinen codice fiscale, wenn sie in Italien studieren m\u00f6chten. EU-\/EWR-Studierende, die zu anderen Zwecken einen codice fiscale ben\u00f6tigen, k\u00f6nnen Sie diesen pers\u00f6nlich bei einer beliebigen <a href=\"https:\/\/www.agenziaentrate.gov.it\/portale\/lista-uffici\" target=\"_blank\" rel=\"noopener\">Dienststelle der Agenzia delle Entrate<\/a> beantragen.<\/p>\n<p>Hinweis: Studierende ohne Hauptwohnsitz in Italien ben\u00f6tigen keinen codice fiscale zur Registrierung eines Mietvertrages oder sonstiger Privaturkunden. Dies hat die Agenzia delle Entrate mit Entschlie\u00dfung Nr. 5\/E vom 14.02.2023 klargestellt.<\/p>\n<p>Studierenden aus Nicht-EU-\/EWR-Staaten wird der codice fiscale von Amts wegen, im Rahmen des Verfahrens zur Erteilung der Aufenthaltserlaubnis zum Zweck des Studiums, zugewiesen.<\/p>\n<hr \/>\n<p>&nbsp;<\/p>\n<h4>Antrag auf Zuweisung eines Codice Fiscale und Ausstellung des Certificato del Codice Fiscale (Steuernummer-Bescheinigung) zum Zwecke eines Online-Verfahrens oder zu Rentenangelegenheiten<\/h4>\n<p>Ausl\u00e4ndische Staatsb\u00fcrger, die in Bayern (Unterfranken ausgeschlossen*) wohnhaft sind und <strong>ausschlie\u00dflich<\/strong> zu o.g. Zwecken einen Codice Fiscale ben\u00f6tigen, k\u00f6nnen sie ihn bei diesem Generalkonsulat beantragen. Hierf\u00fcr sind folgende Unterlagen:<\/p>\n<ol>\n<li>Ausgef\u00fclltes und unterschriebenes <strong><a href=\"https:\/\/consmonacodibaviera.esteri.it\/wp-content\/uploads\/2025\/06\/modulo-rich.-cert.-CF.pdf\" target=\"_blank\" rel=\"noopener\">Antragsformular<\/a><\/strong>;<\/li>\n<li><strong>Belege<\/strong> zum Grund des Antrages;<\/li>\n<li><strong>Kopie der Vorder- und R\u00fcckseite des Ausweises des Antragsstellers<\/strong>. Wird der Antrag f\u00fcr einen Dritten (minderj\u00e4hrige bzw. nicht gesch\u00e4ftsf\u00e4hige Person) gestellt, so ist eine Kopie des Ausweises des Antragsstellers (Elternteil\/Vormund\/Betreuer) sowie eine des Dritten beizuf\u00fcgen;<\/li>\n<li><strong>Kopie der Meldebescheinigung<\/strong>;<\/li>\n<li><strong>Ein voradressierter und ausreichend frankierter Briefumschlag<\/strong> (0,95 Euro, Standardbrief) f\u00fcr die Zusendung der Steuernummer-Bescheinigung\/Certificato del Codice Fiscale.<\/li>\n<\/ol>\n<p>an<\/p>\n<p style=\"padding-left: 40px;\">Consolato Generale d&#8217;Italia<br \/>\nUfficio codici fiscali<br \/>\nM\u00f6hlstr. 3<br \/>\n81675 M\u00fcnchen<\/p>\n<p>zu senden.<\/p>\n<p>Der Antrag ist <strong>ausschlie\u00dflich per Post einzureichen<\/strong>.<\/p>\n<p><strong>Hinweis: <\/strong><\/p>\n<ul>\n<li>Bearbeitungszeiten zur Erteilung einer steuerlichen Identifikationsnummer und Ausstellung der Steuernummer-Bescheinigung: 4-6 Wochen.<\/li>\n<li>Unvollst\u00e4ndige bzw. nicht in unserem Zust\u00e4ndigkeitsbereich liegende Antr\u00e4ge werden nicht ber\u00fccksichtigt.<\/li>\n<\/ul>\n<hr \/>\n<p><em>*F\u00fcr Anwohner:innen in Unterfranken ist das Generalkonsulat der Italienischen Republik in Frankfurt am Main zust\u00e4ndig<\/em><\/p>\n","protected":false},"excerpt":{"rendered":"Informationen zur Beantragung einer italienischen Codice Fiscale f\u00fcr ausl\u00e4ndische Staatsb\u00fcrger ohne Wohnsitz in Italien (Italienische Staatsb\u00fcrger werden auf die entsprechende Seite im Abschnitt Dienstleistungen f\u00fcr italienische Staatsb\u00fcrger verwiesen) &nbsp; Antrag auf Zuweisung eines Codice Fiscale f\u00fcr Immobilienk\u00e4ufe und sonstige Rechtsgesch\u00e4fte Der Antrag muss pers\u00f6nlich oder durch eine bevollm\u00e4chtigte Person (Notar, Anwalt, Steuerberater, Immobilienmakler, \u2026) bei [&hellip;]","protected":false},"author":8,"featured_media":0,"parent":245,"menu_order":2,"comment_status":"closed","ping_status":"closed","template":"","meta":{"footnotes":""},"class_list":["post-2642","page","type-page","status-publish","hentry"],"_links":{"self":[{"href":"https:\/\/consmonacodibaviera.esteri.it\/de\/wp-json\/wp\/v2\/pages\/2642","targetHints":{"allow":["GET"]}}],"collection":[{"href":"https:\/\/consmonacodibaviera.esteri.it\/de\/wp-json\/wp\/v2\/pages"}],"about":[{"href":"https:\/\/consmonacodibaviera.esteri.it\/de\/wp-json\/wp\/v2\/types\/page"}],"author":[{"embeddable":true,"href":"https:\/\/consmonacodibaviera.esteri.it\/de\/wp-json\/wp\/v2\/users\/8"}],"replies":[{"embeddable":true,"href":"https:\/\/consmonacodibaviera.esteri.it\/de\/wp-json\/wp\/v2\/comments?post=2642"}],"version-history":[{"count":6,"href":"https:\/\/consmonacodibaviera.esteri.it\/de\/wp-json\/wp\/v2\/pages\/2642\/revisions"}],"predecessor-version":[{"id":3074,"href":"https:\/\/consmonacodibaviera.esteri.it\/de\/wp-json\/wp\/v2\/pages\/2642\/revisions\/3074"}],"up":[{"embeddable":true,"href":"https:\/\/consmonacodibaviera.esteri.it\/de\/wp-json\/wp\/v2\/pages\/245"}],"wp:attachment":[{"href":"https:\/\/consmonacodibaviera.esteri.it\/de\/wp-json\/wp\/v2\/media?parent=2642"}],"curies":[{"name":"wp","href":"https:\/\/api.w.org\/{rel}","templated":true}]}}