{"id":221,"date":"2023-02-06T12:46:21","date_gmt":"2023-02-06T11:46:21","guid":{"rendered":"https:\/\/consmonacodibaviera.esteri.it\/italia-e-germania\/diplomazia-culturale\/"},"modified":"2023-06-06T09:50:34","modified_gmt":"2023-06-06T07:50:34","slug":"diplomazia-culturale","status":"publish","type":"page","link":"https:\/\/consmonacodibaviera.esteri.it\/de\/italia-e-germania\/diplomazia-culturale\/","title":{"rendered":"Kulturdiplomatie"},"content":{"rendered":"<div class=\"entry-content\">\n<p>Kultur ist f\u00fcr Italien \u201cMarkenzeichen\u201d, Unterscheidungsmerkmal und weltweit der Stolz des Landes. Dar\u00fcber hinaus stellt sie ein unverzichtbares Instrument der Au\u00dfenpolitik unseres Landes dar.<br \/>\nIn diesem Zusammenhang wird deutlich, dass die Kultur auch in den bilateralen deutsch-italienischen Beziehungen eine Schl\u00fcsselrolle spielt. Die Italienische Botschaft in Berlin setzt sich regelm\u00e4\u00dfig f\u00fcr Aktivit\u00e4ten zur F\u00f6rderung der italienischen Kultur und Sprache, des nationalen Musik-, Kunst-, Theater- und Filmerbes sowie des Designs ein. Das in diesem Zusammenhang wichtigste Rechtsinstrument ist das am 8. Februar 1956 in Bonn unterzeichnete Rahmenabkommen \u00fcber kulturelle Zusammenarbeit zwischen Italien und Deutschland.<\/p>\n<p>In diesem Bereich nimmt die Botschaft insbesondere folgende Aufgaben wahr:<\/p>\n<ul>\n<li>Koordinierung der <a href=\"https:\/\/ambberlino.esteri.it\/de\/italia-e-germania\/diplomazia-culturale\/istituti-italiani-di-cultura\/\" target=\"_blank\" rel=\"noopener\">Italienischen Kulturinstitute in Deutschland<\/a>, mit denen sie jedes Jahr die Leitlinien der kulturellen Programmplanung festgelegt<\/li>\n<li>F\u00f6rderung des italienischen Sprachunterrichts an deutschen Schulen und Universit\u00e4ten im Einvernehmen mit dem <a href=\"https:\/\/ambberlino.esteri.it\/de\/chi-siamo\/la-rete-consolare\/\">italienischen Konsulatsnetz in Deutschland<\/a><\/li>\n<li>Erleichterung der Verbindung zwischen in beiden L\u00e4ndern t\u00e4tigen \u00f6ffentlichen Kultureinrichtungen in Zusammenarbeit mit dem <a href=\"https:\/\/ambberlino.esteri.it\/de\/italia-e-germania\/diplomazia-scientifica\/\">B\u00fcro des Wissenschaftsattach\u00e9s<\/a> und unter besonderer Ber\u00fccksichtigung der Ministerien f\u00fcr Kultur und f\u00fcr Bildung<\/li>\n<li>Pflege der kulturellen Kooperationsbeziehung und des Austauschs mit den anderen kulturell orientierten italienischen Institutionen in Deutschland, wie beispielsweise dem <a href=\"https:\/\/ambberlino.esteri.it\/de\/italia-e-germania\/diplomazia-culturale\/lettori-ministeriali\/\">Netz der Lektoren<\/a> an den wichtigsten deutschen Universit\u00e4ten sowie den Italienischabteilungen in deutschen und internationalen Schulen<\/li>\n<li>Kontinuit\u00e4t in den bilateralen Beziehungen der \u00f6ffentlichen wie privaten Kultur- und Bildungseinrichtungen beider L\u00e4nder<\/li>\n<\/ul>\n<p>Zur sprachlichen und kulturellen F\u00f6rderungsarbeit tragen dar\u00fcber hinaus die Komitees der <a href=\"http:\/\/www.ladante.it\/index.php?q=it\/page\/chi-siamo\/sedi\" target=\"_blank\" rel=\"noopener\">Dante-Alighieri-Gesellschaft<\/a> (auf Italienisch), die in der <a href=\"http:\/\/www.italien-freunde.de\/\" target=\"_blank\" rel=\"noopener\">\u201cVDIG\u201d<\/a>\u00a0zusammengeschlossenen Kulturgesellschaften und die \u00a0<a href=\"https:\/\/ambberlino.esteri.it\/de\/italia-e-germania\/diplomazia-culturale\/scuole-e-universita\/scuole\/\">zweisprachigen Schulen<\/a> bei.<\/p>\n<p><strong>Auszeichnungen:<\/strong><\/p>\n<ul>\n<li><a href=\"https:\/\/www.heidelberg.de\/hd,Lde\/HD\/Rathaus\/Clemens+Brentano+Preis.html\" target=\"_blank\" rel=\"noopener\">Clemens Brentano Preis<\/a><\/li>\n<li><a href=\"https:\/\/lcb.de\/deutsch-italienischer-uebersetzerpreis-de\" target=\"_blank\" rel=\"noopener\">Deutsch-Italienischer \u00dcbersetzerpreis<\/a><\/li>\n<li><a href=\"https:\/\/www.esteri.it\/it\/diplomazia-culturale-e-diplomazia-scientifica\/cultura\/sostegno-alleditoria\/\" target=\"_blank\" rel=\"noopener\">\u00dcbersetzungsf\u00f6rderungen und -preise des Ministeriums f\u00fcr Ausw\u00e4rtige Angelegenheiten und Internationale Zusammenarbeit<\/a> (auf Italienisch)<\/li>\n<\/ul>\n<\/div>\n","protected":false},"excerpt":{"rendered":"Kultur ist f\u00fcr Italien \u201cMarkenzeichen\u201d, Unterscheidungsmerkmal und weltweit der Stolz des Landes. Dar\u00fcber hinaus stellt sie ein unverzichtbares Instrument der Au\u00dfenpolitik unseres Landes dar. In diesem Zusammenhang wird deutlich, dass die Kultur auch in den bilateralen deutsch-italienischen Beziehungen eine Schl\u00fcsselrolle spielt. Die Italienische Botschaft in Berlin setzt sich regelm\u00e4\u00dfig f\u00fcr Aktivit\u00e4ten zur F\u00f6rderung der italienischen [&hellip;]","protected":false},"author":3,"featured_media":0,"parent":140,"menu_order":2,"comment_status":"closed","ping_status":"closed","template":"","meta":{"footnotes":""},"class_list":["post-221","page","type-page","status-publish","hentry"],"_links":{"self":[{"href":"https:\/\/consmonacodibaviera.esteri.it\/de\/wp-json\/wp\/v2\/pages\/221","targetHints":{"allow":["GET"]}}],"collection":[{"href":"https:\/\/consmonacodibaviera.esteri.it\/de\/wp-json\/wp\/v2\/pages"}],"about":[{"href":"https:\/\/consmonacodibaviera.esteri.it\/de\/wp-json\/wp\/v2\/types\/page"}],"author":[{"embeddable":true,"href":"https:\/\/consmonacodibaviera.esteri.it\/de\/wp-json\/wp\/v2\/users\/3"}],"replies":[{"embeddable":true,"href":"https:\/\/consmonacodibaviera.esteri.it\/de\/wp-json\/wp\/v2\/comments?post=221"}],"version-history":[{"count":0,"href":"https:\/\/consmonacodibaviera.esteri.it\/de\/wp-json\/wp\/v2\/pages\/221\/revisions"}],"up":[{"embeddable":true,"href":"https:\/\/consmonacodibaviera.esteri.it\/de\/wp-json\/wp\/v2\/pages\/140"}],"wp:attachment":[{"href":"https:\/\/consmonacodibaviera.esteri.it\/de\/wp-json\/wp\/v2\/media?parent=221"}],"curies":[{"name":"wp","href":"https:\/\/api.w.org\/{rel}","templated":true}]}}