{"id":220,"date":"2023-02-06T12:47:17","date_gmt":"2023-02-06T11:47:17","guid":{"rendered":"https:\/\/consmonacodibaviera.esteri.it\/italia-e-germania\/diplomazia-economica\/"},"modified":"2023-06-04T09:21:28","modified_gmt":"2023-06-04T07:21:28","slug":"diplomazia-economica","status":"publish","type":"page","link":"https:\/\/consmonacodibaviera.esteri.it\/de\/italia-e-germania\/diplomazia-economica\/","title":{"rendered":"Wirtschaftsdiplomatie"},"content":{"rendered":"<p style=\"text-align: justify;\">Italien und Deutschland sind beide Gr\u00fcndungsmitglieder der Europ\u00e4ischen Union und geh\u00f6ren gemeinsam der Eurozone an. Die transatlantische Verbindung der NATO hat in der Vergangenheit weitere wichtige Gr\u00fcnde f\u00fcr die Zusammenarbeit geliefert. Die Treffen und die Zusammenarbeit zwischen den Regierungen beider L\u00e4nder und ihren Institutionen sind sehr intensiv und zeigen eine weitgehende \u00dcbereinstimmung der Ansichten in zahlreichen Fragen.<br \/>Aus wirtschaftlicher Sicht ist Deutschland sowohl als Absatzmarkt f\u00fcr italienische Exporte als auch als Herkunftsland f\u00fcr italienische Importe der wichtigste Handelspartner f\u00fcr unser Land. F\u00fcr Deutschland steht Italien bei den Zielm\u00e4rkten f\u00fcr deutsche Exporte wie auch unter den Lieferanten an sechster Stelle.<br \/>Die wichtigsten Branchen f\u00fcr italienische Exporte nach Deutschland sind, in dieser Reihenfolge: Stahl, Maschinen, Chemie\/Pharma, Transportmittel und Lebensmittel. Die wichtigsten Bereiche f\u00fcr deutsche Exporte nach Italien sind: Chemie\/Pharma, Automotive, Elektrotechnik und Elektronik, Maschinen sowie Eisen und Stahl.<\/p>\n<p style=\"text-align: justify;\">Laut ISTAT belief sich das deutsche Handelsvolumen mit Italien im Jahr 2021 auf rund 142,5 Mrd. EUR, wovon 66,90 Mrd. EUR auf Exporte und 75,67 Mrd. EUR auf Importe entfielen.<br \/>Die Zahlen f\u00fcr das erste Halbjahr 2022 zeigen einen Handelsaustausch mit Italien von 85,75 Mrd. EUR, mit Exporten von 39,53 Mrd. EUR und Importen von 46,21 Mrd. EUR. Verglichen mit den Werten des ersten Halbjahres 2021 zeigt das erste Halbjahr 2022 ein Wachstum von 23,3 %.<br \/>Die bilateralen Beziehungen im Bereich der beiden Zivilgesellschaften sind ebenfalls sehr intensiv und werden von einer gro\u00dfen und gut integrierten italienischen Gemeinschaft in Deutschland sowie durch sehr bedeutende Kontakte und Beziehungen sowohl auf kultureller als auch auf akademischer Ebene gepr\u00e4gt.<br \/>Italienische Unternehmen, die an der Entwicklung solider und langfristiger Gesch\u00e4ftsbeziehungen mit Deutschland interessiert sind, haben daher \u00e4u\u00dferst g\u00fcnstige Rahmenbedingungen. Dies gilt auch f\u00fcr etablierte Unternehmen und italienische Start-ups, die zunehmend auf dem deutschen Markt pr\u00e4sent sind.<\/p>\n<p style=\"text-align: justify;\">Weitere Informationen finden Sie auf der Seite von <a href=\"https:\/\/www.infomercatiesteri.it\/paese.php?id_paesi=69\" target=\"_blank\" rel=\"noopener\">Info MercatiEsteri<\/a> (auf Italienisch)<br \/><a href=\"https:\/\/www.mef.gov.it\/en\/index.html\" target=\"_blank\" rel=\"noopener\">Wichtigste volkswirtschaftliche Struktur- und Eckdaten von der Website des italienischen Ministeriums f\u00fcr Wirtschaft und Finanzen<\/a> (auf Englisch)<\/p>\n","protected":false},"excerpt":{"rendered":"Italien und Deutschland sind beide Gr\u00fcndungsmitglieder der Europ\u00e4ischen Union und geh\u00f6ren gemeinsam der Eurozone an. Die transatlantische Verbindung der NATO hat in der Vergangenheit weitere wichtige Gr\u00fcnde f\u00fcr die Zusammenarbeit geliefert. Die Treffen und die Zusammenarbeit zwischen den Regierungen beider L\u00e4nder und ihren Institutionen sind sehr intensiv und zeigen eine weitgehende \u00dcbereinstimmung der Ansichten in [&hellip;]","protected":false},"author":3,"featured_media":0,"parent":140,"menu_order":0,"comment_status":"closed","ping_status":"closed","template":"","meta":{"footnotes":""},"class_list":["post-220","page","type-page","status-publish","hentry"],"_links":{"self":[{"href":"https:\/\/consmonacodibaviera.esteri.it\/de\/wp-json\/wp\/v2\/pages\/220","targetHints":{"allow":["GET"]}}],"collection":[{"href":"https:\/\/consmonacodibaviera.esteri.it\/de\/wp-json\/wp\/v2\/pages"}],"about":[{"href":"https:\/\/consmonacodibaviera.esteri.it\/de\/wp-json\/wp\/v2\/types\/page"}],"author":[{"embeddable":true,"href":"https:\/\/consmonacodibaviera.esteri.it\/de\/wp-json\/wp\/v2\/users\/3"}],"replies":[{"embeddable":true,"href":"https:\/\/consmonacodibaviera.esteri.it\/de\/wp-json\/wp\/v2\/comments?post=220"}],"version-history":[{"count":0,"href":"https:\/\/consmonacodibaviera.esteri.it\/de\/wp-json\/wp\/v2\/pages\/220\/revisions"}],"up":[{"embeddable":true,"href":"https:\/\/consmonacodibaviera.esteri.it\/de\/wp-json\/wp\/v2\/pages\/140"}],"wp:attachment":[{"href":"https:\/\/consmonacodibaviera.esteri.it\/de\/wp-json\/wp\/v2\/media?parent=220"}],"curies":[{"name":"wp","href":"https:\/\/api.w.org\/{rel}","templated":true}]}}