{"id":218,"date":"2023-02-06T12:46:16","date_gmt":"2023-02-06T11:46:16","guid":{"rendered":"https:\/\/consmonacodibaviera.esteri.it\/chi-siamo\/numeri-di-emergenza\/"},"modified":"2023-06-03T23:11:56","modified_gmt":"2023-06-03T21:11:56","slug":"numeri-di-emergenza","status":"publish","type":"page","link":"https:\/\/consmonacodibaviera.esteri.it\/de\/chi-siamo\/numeri-di-emergenza\/","title":{"rendered":"Notfallnummer"},"content":{"rendered":"<div class=\"entry-content\">\n<p><span lang=\"DE\"><strong>Rufbereitschaftsdienst<br \/>\n<\/strong><\/span><span lang=\"DE\">Der Rufbereitschaftsdienst der Konsularkanzlei der Italienischen Botschaft in Berlin gilt nur f\u00fcr Notf\u00e4lle in den Bundesl\u00e4ndern Berlin, Brandenburg, Sachsen, Sachsen-Anhalt und Th\u00fcringen, die keinen Aufschub bis zu den normalen B\u00fcro\u00f6ffnungszeiten dulden.<br \/>\n<\/span><span lang=\"DE\">Den Bereitschaftsdienst erreichen Sie telefonisch unter der folgenden deutschen Festnetznummer: <strong>T +49 (0)1728332099<\/strong>.<br \/>\nEr ist zu folgenden Zeiten aktiv:<br \/>\n<\/span><span lang=\"DE\">\u2013\u00a0<\/span><span lang=\"DE\">An Werktagen von <strong>18:00 bis 22:00 Uhr<\/strong><br \/>\n<\/span><span lang=\"DE\">\u2013\u00a0<\/span><span lang=\"DE\">An Wochenenden und Feiertagen von <strong>09:00 bis 22:00 Uhr<\/strong>.<\/span><\/p>\n<p><span lang=\"DE\"><strong>ACHTUNG<\/strong>: Bei Notf\u00e4llen in anderen Bundesl\u00e4ndern wenden Sie sich bitte direkt an die entsprechenden italienischen Konsulate. Die Kontaktdaten finden Sie unter nachstehendem Link:<br \/>\n<\/span><a id=\"ANDERE BUNDESL\u00c4NDER\" href=\"https:\/\/ambberlino.esteri.it\/de\/chi-siamo\/la-rete-consolare\/\" name=\"ANDERE BUNDESL\u00c4NDER\">ANDERE BUNDESL\u00c4NDER<\/a><br \/>\n<a href=\"https:\/\/serviziconsolari.esteri.it\/ScoFE\/services\/consulate\/find-consulate.sco\" target=\"_blank\" rel=\"noopener\">SUCHE NACH DEM ZUST\u00c4NDIGEN KONSULAT<\/a><\/p>\n<p lang=\"DE\">Bei\u00a0<strong>absoluten Notf\u00e4llen<\/strong> au\u00dferhalb der \u00d6ffnungszeiten der Konsularb\u00fcros oder des Rufbereitschaftsdienstes k\u00f6nnen Sie sich an folgende Nummer des Italienischen Ministeriums f\u00fcr Ausw\u00e4rtige Angelegenheiten und Internationale Kooperation (Ministero degli Affari Esteri e della Cooperazione Internazionale) wenden:<br \/>\nT +39 06 3691-2666<br \/>\n<span lang=\"DE\">T +39 06 36225<\/span><\/p>\n<p><a href=\"https:\/\/ambberlino.esteri.it\/wp-content\/uploads\/2023\/03\/numeri_emergenze_pagina_web-deu2.docx\" target=\"_blank\" rel=\"noopener\">N\u00fctzliche Informationen, Kontakte und Ansprechpartner<\/a><br \/>\n<a href=\"https:\/\/ambberlino.esteri.it\/wp-content\/uploads\/2023\/03\/diebstahl_oder_verlust_von_ausweisdokumenten-de_-_versione_novembre_2018.pdf\" target=\"_blank\" rel=\"noopener\">Diebstahl oder Verlust von Ausweisdokumenten<\/a><a href=\"https:\/\/ambberlino.esteri.it\/ambasciata_berlino\/resource\/doc\/2018\/11\/diebstahl_oder_verlust_von_ausweisdokumenten-de.pdf\"><br \/>\n<\/a><a href=\"https:\/\/ambberlino.esteri.it\/wp-content\/uploads\/2023\/03\/polizeiabschnitteweb.pdf\" target=\"_blank\" rel=\"noopener\">Die wichtigsten Polizeidienststellen im Konsularbezirk Berlin<\/a><\/p>\n<\/div>\n","protected":false},"excerpt":{"rendered":"Rufbereitschaftsdienst Der Rufbereitschaftsdienst der Konsularkanzlei der Italienischen Botschaft in Berlin gilt nur f\u00fcr Notf\u00e4lle in den Bundesl\u00e4ndern Berlin, Brandenburg, Sachsen, Sachsen-Anhalt und Th\u00fcringen, die keinen Aufschub bis zu den normalen B\u00fcro\u00f6ffnungszeiten dulden. Den Bereitschaftsdienst erreichen Sie telefonisch unter der folgenden deutschen Festnetznummer: T +49 (0)1728332099. Er ist zu folgenden Zeiten aktiv: \u2013\u00a0An Werktagen von 18:00 [&hellip;]","protected":false},"author":3,"featured_media":0,"parent":138,"menu_order":8,"comment_status":"closed","ping_status":"closed","template":"","meta":{"footnotes":""},"class_list":["post-218","page","type-page","status-publish","hentry"],"_links":{"self":[{"href":"https:\/\/consmonacodibaviera.esteri.it\/de\/wp-json\/wp\/v2\/pages\/218","targetHints":{"allow":["GET"]}}],"collection":[{"href":"https:\/\/consmonacodibaviera.esteri.it\/de\/wp-json\/wp\/v2\/pages"}],"about":[{"href":"https:\/\/consmonacodibaviera.esteri.it\/de\/wp-json\/wp\/v2\/types\/page"}],"author":[{"embeddable":true,"href":"https:\/\/consmonacodibaviera.esteri.it\/de\/wp-json\/wp\/v2\/users\/3"}],"replies":[{"embeddable":true,"href":"https:\/\/consmonacodibaviera.esteri.it\/de\/wp-json\/wp\/v2\/comments?post=218"}],"version-history":[{"count":0,"href":"https:\/\/consmonacodibaviera.esteri.it\/de\/wp-json\/wp\/v2\/pages\/218\/revisions"}],"up":[{"embeddable":true,"href":"https:\/\/consmonacodibaviera.esteri.it\/de\/wp-json\/wp\/v2\/pages\/138"}],"wp:attachment":[{"href":"https:\/\/consmonacodibaviera.esteri.it\/de\/wp-json\/wp\/v2\/media?parent=218"}],"curies":[{"name":"wp","href":"https:\/\/api.w.org\/{rel}","templated":true}]}}