{"id":217,"date":"2023-02-06T12:45:20","date_gmt":"2023-02-06T11:45:20","guid":{"rendered":"https:\/\/consmonacodibaviera.esteri.it\/chi-siamo\/gli-uffici\/"},"modified":"2023-06-01T16:45:54","modified_gmt":"2023-06-01T14:45:54","slug":"gli-uffici","status":"publish","type":"page","link":"https:\/\/consmonacodibaviera.esteri.it\/de\/chi-siamo\/gli-uffici\/","title":{"rendered":"Unsere Abteilungen"},"content":{"rendered":"<p>\u00d6ffnungszeiten des italienischen Generalkonsulats in M\u00fcnchen<\/p>\n<p>Montag: 9:00 &#8211; 13:00<br \/>\nDienstag: 9:00 &#8211; 12:00 ; 13:30 &#8211; 16:00<br \/>\nMittwoch: 9:00 &#8211; 13:00<br \/>\nDonnerstag: 9:00 &#8211; 12:00 ; 13:30 &#8211; 16:00<br \/>\nFreitag: 9:00 &#8211; 12:30<\/p>\n<p>&nbsp;<\/p>\n<p><strong>Im Folgenden die konsularischen Abteilungen und deren Zust\u00e4ndigkeitsbereiche<\/strong><\/p>\n<p><strong>ABTEILUNG<\/strong><\/p>\n<p><strong>B\u00fcro des Generalkonsuls<\/strong><br \/>\nLeiter der Mission<\/p>\n<p><strong>B\u00fcro des Vizekonsuls<\/strong><br \/>\nStellvertreter des Generalkonsuls, Personalleiter und Verwaltungsdirektor<\/p>\n<p><strong>Sekreteriat des Generalkonsuls<\/strong><br \/>\nTerminvereinbarung f\u00fcr den Konsul und Beaufsichtigung der Dienstleistungen des Konsulats<\/p>\n<p><strong>Verwaltungsabteilung<\/strong><br \/>\nBuchhaltung, Personal, Bestandsverzeichnis<\/p>\n<p><strong>Abteilung f\u00fcr Ausweispapiere: Einheitliches B\u00fcro<\/strong><br \/>\nReisep\u00e4sse: Ausstellung von Reisep\u00e4ssen, ETD (Emergency travel document), Begleiterkl\u00e4rungen<br \/>\nPersonalausweise: Ausstellung\/Erneuerung von Personalausweisen<\/p>\n<p><strong>Abteilung f\u00fcr Staatsb\u00fcrgerschaft<\/strong><br \/>\nErwerb, Annerkennung, Verzicht<\/p>\n<p><strong>Demographische Abteilung<\/strong><br \/>\nMeldewesen: Eintragung in das Melderegister AIRE, Adressen\u00e4nderung, Wahlamt<br \/>\nStandesamtliche Angelegenheiten: Registrierung von Geburtem, Eheschliessungen, Scheidungen, Sterbef\u00e4lle, Registrierung von Adoptionsurteilen, Vor- und Nachnamens\u00e4nderung<\/p>\n<p><strong>Abteilung f\u00fcr Arbeit und Soziales<\/strong><br \/>\nCodice fiscale: Beantragung der italienischen Steuernummer (codice fiscale)<br \/>\nSozialhilfe: Unterst\u00fctzung von mittellosen Staatsb\u00fcrgern, Rente und Arbeit, R\u00fcckwanderungen, Sterbef\u00e4lle<br \/>\nNotarielle Angelegenheiten: Vollmachten, Beglaubigungen von \u00dcbersetzungen, Sorgerechtsangelegenheiten, Annahme \/Ausschlagung von Erbschaften, Anerkennung nichtehelicher Kinder, Beglaubigung von Fotografien,Testamente, Adoptionen, usw.<\/p>\n<p><strong>Archiv<\/strong><br \/>\nPostsortierung und Archivierung von Urkunden<\/p>\n<p><strong>Schulabteilung<\/strong><br \/>\nStudienangebot: Italienischkurse, insbesondere f\u00fcr Sch\u00fcler italienischer Herkunft<\/p>\n<p>Abschl\u00fcsse: Anerkennungen und konsularische Erkl\u00e4rungen<\/p>\n<p><strong>Italienisches Kulturinstitut<\/strong><br \/>\nItalienischkurse, Ausstellungen, Konzerte, Theaterauff\u00fchrungen, Filmvorf\u00fchrungen, Literaturtreffen<\/p>\n<p>Konsularische Vertretungen empfangen nach Terminvereinbarung.<\/p>\n<p>&gt;\u00a0<a href=\"https:\/\/prenotami.esteri.it\/\">Online Terminvereinbarung<\/a><\/p>\n","protected":false},"excerpt":{"rendered":"\u00d6ffnungszeiten des italienischen Generalkonsulats in M\u00fcnchen Montag: 9:00 &#8211; 13:00 Dienstag: 9:00 &#8211; 12:00 ; 13:30 &#8211; 16:00 Mittwoch: 9:00 &#8211; 13:00 Donnerstag: 9:00 &#8211; 12:00 ; 13:30 &#8211; 16:00 Freitag: 9:00 &#8211; 12:30 &nbsp; Im Folgenden die konsularischen Abteilungen und deren Zust\u00e4ndigkeitsbereiche ABTEILUNG B\u00fcro des Generalkonsuls Leiter der Mission B\u00fcro des Vizekonsuls Stellvertreter des [&hellip;]","protected":false},"author":3,"featured_media":0,"parent":138,"menu_order":4,"comment_status":"closed","ping_status":"closed","template":"","meta":{"footnotes":""},"class_list":["post-217","page","type-page","status-publish","hentry"],"_links":{"self":[{"href":"https:\/\/consmonacodibaviera.esteri.it\/de\/wp-json\/wp\/v2\/pages\/217","targetHints":{"allow":["GET"]}}],"collection":[{"href":"https:\/\/consmonacodibaviera.esteri.it\/de\/wp-json\/wp\/v2\/pages"}],"about":[{"href":"https:\/\/consmonacodibaviera.esteri.it\/de\/wp-json\/wp\/v2\/types\/page"}],"author":[{"embeddable":true,"href":"https:\/\/consmonacodibaviera.esteri.it\/de\/wp-json\/wp\/v2\/users\/3"}],"replies":[{"embeddable":true,"href":"https:\/\/consmonacodibaviera.esteri.it\/de\/wp-json\/wp\/v2\/comments?post=217"}],"version-history":[{"count":0,"href":"https:\/\/consmonacodibaviera.esteri.it\/de\/wp-json\/wp\/v2\/pages\/217\/revisions"}],"up":[{"embeddable":true,"href":"https:\/\/consmonacodibaviera.esteri.it\/de\/wp-json\/wp\/v2\/pages\/138"}],"wp:attachment":[{"href":"https:\/\/consmonacodibaviera.esteri.it\/de\/wp-json\/wp\/v2\/media?parent=217"}],"curies":[{"name":"wp","href":"https:\/\/api.w.org\/{rel}","templated":true}]}}