{"id":216,"date":"2023-02-06T12:45:35","date_gmt":"2023-02-06T11:45:35","guid":{"rendered":"https:\/\/consmonacodibaviera.esteri.it\/chi-siamo\/contatti\/"},"modified":"2024-05-21T16:02:40","modified_gmt":"2024-05-21T14:02:40","slug":"contatti","status":"publish","type":"page","link":"https:\/\/consmonacodibaviera.esteri.it\/de\/chi-siamo\/contatti\/","title":{"rendered":"Kontakte"},"content":{"rendered":"<p>Bitte rufen Sie erst an, nachdem Sie die Informationen auf der Website des Generalkonsulats konsultiert haben.<\/p>\n<p>Telefonzentrale: +49.(0)89.4180030<\/p>\n<p>Konsularische Vertretungen empfangen nach Terminvereinbarung.<\/p>\n<p>&gt;<a href=\"https:\/\/prenotami.esteri.it\/\">Online Terminvereinbarung<\/a><\/p>\n<p><strong>TELEFON \u2013 UND EMAILKONTAKTE DER ABTEILUNGEN<\/strong><\/p>\n<p><strong>AIRE-Abteilung<\/strong><br \/>\nTel. +49.(0)89.4180030<br \/>\nE-Mail: <a href=\"mailto:aire.monacobaviera@esteri.it\">aire.monacobaviera@esteri.it<\/a><br \/>\nPEC: <a href=\"mailto:con.monacodibaviera.anagrafe@cert.esteri.it\">con.monacodibaviera.anagrafe@cert.esteri.it<\/a> Adresse, die ausschlie\u00dflich zum Empfang von zertifizierter elektronischer Post (PEC) berechtigt ist<\/p>\n<p><strong>Verwaltung<\/strong><br \/>\nFax +49.(0)89-473134<br \/>\nE-Mail: <a href=\"mailto:amministrazione.monacobaviera@esteri.it\">amministrazione.monacobaviera@esteri.it<\/a><br \/>\nPEC: <a href=\"mailto:con.monacodibaviera@cert.esteri.it\">con.monacodibaviera@cert.esteri.it<\/a> &#8211; Adresse, die ausschlie\u00dflich zum Empfang von zertifizierter elektronischer Post (PEC) berechtigt ist<\/p>\n<p><strong>Personalausweisabteilung<\/strong><br \/>\nTel. +49.(0)89.4180030<br \/>\nE-Mail: <a href=\"mailto:ci_conmoba@esteri.it\">ci_conmoba@esteri.it<\/a><br \/>\nPEC: <a href=\"mailto:con.monacodibaviera.pass@cert.esteri.it\">con.monacodibaviera.pass@cert.esteri.it<\/a> &#8211; Adresse, die ausschlie\u00dflich zum Empfang von zertifizierter elektronischer Post (PEC) berechtigt ist<\/p>\n<p><strong>Staatsb\u00fcrgerschaftsabteilung<\/strong><br \/>\nTel. +49.(0)89.4180030<br \/>\nE-Mail: <a href=\"mailto:cittadinanza.monacobaviera@esteri.it\">cittadinanza.monacobaviera@esteri.it<\/a><br \/>\nPEC: <a href=\"mailto:con.monacodibaviera.anagrafe@cert.esteri.it\">con.monacodibaviera.anagrafe@cert.esteri.it<\/a> Adresse, die ausschlie\u00dflich zum Empfang von zertifizierter elektronischer Post (PEC) berechtigt ist<\/p>\n<p><strong>Wahlabteilung<\/strong><br \/>\nTel. +49.(0)89.4180030<br \/>\nEmail: <a href=\"mailto:monacobaviera.elettorale@esteri.it\">monacobaviera.elettorale@esteri.it<\/a><br \/>\nPEC: <a href=\"mailto:con.monacodibaviera.anagrafe@cert.esteri.it\">con.monacodibaviera.anagrafe@cert.esteri.it<\/a> Adresse, die ausschlie\u00dflich zum Empfang von zertifizierter elektronischer Post (PEC) berechtigt ist<\/p>\n<p><strong>Reisepassabteilung<\/strong><br \/>\nTel. +49.(0)89.4180030<br \/>\nE-Mail: <a href=\"mailto:passaporti.monacobaviera@esteri.it\">passaporti.monacobaviera@esteri.it<\/a><br \/>\nPEC: <a href=\"mailto:con.monacodibaviera.pass@cert.esteri.it\">con.monacodibaviera.pass@cert.esteri.it<\/a> &#8211; Adresse, die ausschlie\u00dflich zum Empfang von zertifizierter elektronischer Post (PEC) berechtigt ist<\/p>\n<p><strong>Schulabteilung<\/strong><br \/>\nDirektorin Prof.ssa Maria Andreina Le Foche<br \/>\nInformazionen bez\u00fcglich italienischer Sprach- und Kulturkurse, Schulberatung, schulische Orientierung<br \/>\nTel. +49.(0)89.4180030 (orario telefonico: marted\u00ec, mercoled\u00ec e venerd\u00ec dalle ore 9:30 alle ore 12:00)<br \/>\nEmail: <a href=\"mailto:scuola.monacobaviera@esteri.it\">scuola.monacobaviera@esteri.it<\/a><br \/>\nPEC: <a href=\"mailto:con.monacodibaviera@cert.esteri.it\">con.monacodibaviera@cert.esteri.it<\/a> &#8211; Adresse, die ausschlie\u00dflich zum Empfang von zertifizierter elektronischer Post (PEC) berechtigt ist<br \/>\n<em>Empfang nach Terminvereinbarung per E-Mail<\/em><\/p>\n<p><strong>Abteilung f\u00fcr Soziale Angelegenheiten<\/strong><br \/>\nTel +49.(0)89.4180030 (an allen Werktagen von 09:00 bis 13:00 Uhr)<br \/>\nE-Mail: <a href=\"mailto:sociale.monacobaviera@esteri.it\">sociale.monacobaviera@esteri.it<\/a><br \/>\nPEC: <a href=\"mailto:con.monacodibaviera@cert.esteri.it\">con.monacodibaviera@cert.esteri.it<\/a> Adresse, die ausschlie\u00dflich zum Empfang von zertifizierter elektronischer Post (PEC) berechtigt ist<\/p>\n<p><strong>Standesamtliche Abteilung<\/strong><br \/>\nTel. +49.(0)89.4180030<br \/>\nE-Mail: <a href=\"mailto:monacobaviera.statocivile@esteri.it\">monacobaviera.statocivile@esteri.it<\/a><br \/>\nPEC: <a href=\"mailto:con.monacodibaviera.statocivile@cert.esteri.it\">con.monacodibaviera.statocivile@cert.esteri.it<\/a>\u00a0 &#8211; Adresse, die ausschlie\u00dflich zum Empfang von zertifizierter elektronischer Post (PEC) berechtigt ist<\/p>\n<p><strong>Sekreteriat des Generalkonsuls<br \/>\n<\/strong>E-Mail: <a href=\"mailto:segreteria.monacobaviera@esteri.it\">segreteria.monacobaviera@esteri.it<\/a><\/p>\n<p>&nbsp;<\/p>\n<p><strong>Kulturinstitut<br \/>\n<\/strong>Tel. +49.(0)89.7463210<br \/>\nFax. +49.(0)89.74632130<br \/>\nE-Mail: <a href=\"mailto:info.iicmonaco@esteri.it\">info.iicmonaco@esteri.it<\/a><\/p>\n","protected":false},"excerpt":{"rendered":"Bitte rufen Sie erst an, nachdem Sie die Informationen auf der Website des Generalkonsulats konsultiert haben. Telefonzentrale: +49.(0)89.4180030 Konsularische Vertretungen empfangen nach Terminvereinbarung. &gt;Online Terminvereinbarung TELEFON \u2013 UND EMAILKONTAKTE DER ABTEILUNGEN AIRE-Abteilung Tel. +49.(0)89.4180030 E-Mail: aire.monacobaviera@esteri.it PEC: con.monacodibaviera.anagrafe@cert.esteri.it Adresse, die ausschlie\u00dflich zum Empfang von zertifizierter elektronischer Post (PEC) berechtigt ist Verwaltung Fax +49.(0)89-473134 E-Mail: amministrazione.monacobaviera@esteri.it [&hellip;]","protected":false},"author":3,"featured_media":0,"parent":138,"menu_order":6,"comment_status":"closed","ping_status":"closed","template":"","meta":{"footnotes":""},"class_list":["post-216","page","type-page","status-publish","hentry"],"_links":{"self":[{"href":"https:\/\/consmonacodibaviera.esteri.it\/de\/wp-json\/wp\/v2\/pages\/216","targetHints":{"allow":["GET"]}}],"collection":[{"href":"https:\/\/consmonacodibaviera.esteri.it\/de\/wp-json\/wp\/v2\/pages"}],"about":[{"href":"https:\/\/consmonacodibaviera.esteri.it\/de\/wp-json\/wp\/v2\/types\/page"}],"author":[{"embeddable":true,"href":"https:\/\/consmonacodibaviera.esteri.it\/de\/wp-json\/wp\/v2\/users\/3"}],"replies":[{"embeddable":true,"href":"https:\/\/consmonacodibaviera.esteri.it\/de\/wp-json\/wp\/v2\/comments?post=216"}],"version-history":[{"count":5,"href":"https:\/\/consmonacodibaviera.esteri.it\/de\/wp-json\/wp\/v2\/pages\/216\/revisions"}],"predecessor-version":[{"id":1846,"href":"https:\/\/consmonacodibaviera.esteri.it\/de\/wp-json\/wp\/v2\/pages\/216\/revisions\/1846"}],"up":[{"embeddable":true,"href":"https:\/\/consmonacodibaviera.esteri.it\/de\/wp-json\/wp\/v2\/pages\/138"}],"wp:attachment":[{"href":"https:\/\/consmonacodibaviera.esteri.it\/de\/wp-json\/wp\/v2\/media?parent=216"}],"curies":[{"name":"wp","href":"https:\/\/api.w.org\/{rel}","templated":true}]}}