{"id":215,"date":"2023-02-06T12:45:01","date_gmt":"2023-02-06T11:45:01","guid":{"rendered":"https:\/\/consmonacodibaviera.esteri.it\/chi-siamo\/la-sede\/"},"modified":"2023-06-01T16:08:14","modified_gmt":"2023-06-01T14:08:14","slug":"la-sede","status":"publish","type":"page","link":"https:\/\/consmonacodibaviera.esteri.it\/de\/chi-siamo\/la-sede\/","title":{"rendered":"Hauptquartier"},"content":{"rendered":"<p>Italienisches Generalkonsulat in M\u00fcnchen, M\u00f6hlstra\u00dfe 3<\/p>\n<p>&#8211; U4 oder U5, Haltstelle Max-Weber-Platz<br \/>\n&#8211;\u00a0Tram 16\u00a0oder Bus\u00a0100, Haltstelle Friedensengel\/Villa Stuck<\/p>\n<p>&gt;\u00a0<a href=\"http:\/\/www.mvv-muenchen.de\/de\/startseite\/index.html\">Mvv Muenchen<\/a><\/p>\n<p>&gt;\u00a0<a title=\"der plan\" href=\"http:\/\/maps.google.it\/maps?f=q&amp;hl=de&amp;geocode=&amp;time=&amp;date=&amp;ttype=&amp;q=moehlstrasse+3,+muenchen&amp;sll=41.442726,12.392578&amp;sspn=15.011845,29.619141&amp;ie=UTF8&amp;ll=48.141907,11.59888&amp;spn=0.006529,0.014462&amp;z=16&amp;om=0\" target=\"_blank\" rel=\"noopener\">Karte<\/a><\/p>\n<p>F\u00fcr genauere Informationen \u00fcber die Geschichte des Sitzes des Generalkonsulats verweisen wir auf die italienische Version der Webseite:<\/p>\n<p><a href=\"https:\/\/consmonacodibaviera.esteri.it\/consolato_monacodibaviera\/it\/il_consolato\/la_sede\">https:\/\/consmonacodibaviera.esteri.it\/consolato_monacodibaviera\/it\/il_consolato\/la_sede<\/a><\/p>\n<p>Auf die folgenden Quellen in Deutscher Sprache wird besonders hingewiesen:<\/p>\n<p><a href=\"http:\/\/www.nordostkultur-muenchen.de\/architektur\/moehlstrasse_nummer3.htm\">http:\/\/www.nordostkultur-muenchen.de\/architektur\/moehlstrasse_nummer3.htm<\/a><\/p>\n<p><a href=\"http:\/\/www.nordostkultur-muenchen.de\/architektur\/Moehlstrasse_3_2.htm\">http:\/\/www.nordostkultur-muenchen.de\/architektur\/Moehlstrasse_3_2.htm<\/a><\/p>\n<p>Karl, Scola: \u201cDie M\u00f6hlstrasse\u201d, 1998.<\/p>\n<p>Dorle Gribl: \u201cProminenz in Bogenhausen\u201d, M\u00fcnchen 2009.<\/p>\n","protected":false},"excerpt":{"rendered":"Italienisches Generalkonsulat in M\u00fcnchen, M\u00f6hlstra\u00dfe 3 &#8211; U4 oder U5, Haltstelle Max-Weber-Platz &#8211;\u00a0Tram 16\u00a0oder Bus\u00a0100, Haltstelle Friedensengel\/Villa Stuck &gt;\u00a0Mvv Muenchen &gt;\u00a0Karte F\u00fcr genauere Informationen \u00fcber die Geschichte des Sitzes des Generalkonsulats verweisen wir auf die italienische Version der Webseite: https:\/\/consmonacodibaviera.esteri.it\/consolato_monacodibaviera\/it\/il_consolato\/la_sede Auf die folgenden Quellen in Deutscher Sprache wird besonders hingewiesen: http:\/\/www.nordostkultur-muenchen.de\/architektur\/moehlstrasse_nummer3.htm http:\/\/www.nordostkultur-muenchen.de\/architektur\/Moehlstrasse_3_2.htm Karl, Scola: \u201cDie [&hellip;]","protected":false},"author":3,"featured_media":0,"parent":138,"menu_order":2,"comment_status":"closed","ping_status":"closed","template":"","meta":{"footnotes":""},"class_list":["post-215","page","type-page","status-publish","hentry"],"_links":{"self":[{"href":"https:\/\/consmonacodibaviera.esteri.it\/de\/wp-json\/wp\/v2\/pages\/215","targetHints":{"allow":["GET"]}}],"collection":[{"href":"https:\/\/consmonacodibaviera.esteri.it\/de\/wp-json\/wp\/v2\/pages"}],"about":[{"href":"https:\/\/consmonacodibaviera.esteri.it\/de\/wp-json\/wp\/v2\/types\/page"}],"author":[{"embeddable":true,"href":"https:\/\/consmonacodibaviera.esteri.it\/de\/wp-json\/wp\/v2\/users\/3"}],"replies":[{"embeddable":true,"href":"https:\/\/consmonacodibaviera.esteri.it\/de\/wp-json\/wp\/v2\/comments?post=215"}],"version-history":[{"count":0,"href":"https:\/\/consmonacodibaviera.esteri.it\/de\/wp-json\/wp\/v2\/pages\/215\/revisions"}],"up":[{"embeddable":true,"href":"https:\/\/consmonacodibaviera.esteri.it\/de\/wp-json\/wp\/v2\/pages\/138"}],"wp:attachment":[{"href":"https:\/\/consmonacodibaviera.esteri.it\/de\/wp-json\/wp\/v2\/media?parent=215"}],"curies":[{"name":"wp","href":"https:\/\/api.w.org\/{rel}","templated":true}]}}